{"id":30,"date":"2014-09-18T12:30:23","date_gmt":"2014-09-18T11:30:23","guid":{"rendered":"http:\/\/agora.xtec.cat\/escolajoanmaragall\/?page_id=30"},"modified":"2021-02-02T16:03:46","modified_gmt":"2021-02-02T15:03:46","slug":"instal%c2%b7lacions","status":"publish","type":"page","link":"https:\/\/agora.xtec.cat\/escolajoanmaragall\/lescola\/instal%c2%b7lacions\/","title":{"rendered":"Instal\u00b7lacions"},"content":{"rendered":"<h3>Si voleu veure els espais cliqueu LES FOTOGRAFIES:<\/h3>\n<table>\n<tbody>\n<tr>\n<td>ENTRADA<\/td>\n<td>PATI PRIM\u00c0RIA<\/td>\n<td>GIMN\u00c0S<\/td>\n<td>AULA PRIM\u00c0RIA<\/td>\n<\/tr>\n<tr>\n<td><a href=\"https:\/\/goo.gl\/maps\/U1BXJmR9bUparTYU9\" target=\"_blank\" rel=\"noopener noreferrer\"><img loading=\"lazy\" decoding=\"async\" class=\"alignnone size-medium wp-image-10817\" src=\"https:\/\/agora.xtec.cat\/escolajoanmaragall\/wp-content\/uploads\/usu1452\/2021\/02\/www.kizoa_.com_img-20200404-wa0018-300x200.jpg\" alt=\"\" width=\"300\" height=\"200\" srcset=\"https:\/\/agora.xtec.cat\/escolajoanmaragall\/wp-content\/uploads\/usu1452\/2021\/02\/www.kizoa_.com_img-20200404-wa0018-300x200.jpg 300w, https:\/\/agora.xtec.cat\/escolajoanmaragall\/wp-content\/uploads\/usu1452\/2021\/02\/www.kizoa_.com_img-20200404-wa0018.jpg 500w\" sizes=\"auto, (max-width: 300px) 100vw, 300px\" \/><\/a><\/td>\n<td><a href=\"https:\/\/goo.gl\/maps\/jm4d1QhV2aXHiJPa7\" target=\"_blank\" rel=\"noopener noreferrer\"><img loading=\"lazy\" decoding=\"async\" class=\"alignnone size-medium wp-image-10821\" src=\"https:\/\/agora.xtec.cat\/escolajoanmaragall\/wp-content\/uploads\/usu1452\/2021\/02\/IMG_5694-300x225.jpeg\" alt=\"\" width=\"300\" height=\"225\" srcset=\"https:\/\/agora.xtec.cat\/escolajoanmaragall\/wp-content\/uploads\/usu1452\/2021\/02\/IMG_5694-300x225.jpeg 300w, https:\/\/agora.xtec.cat\/escolajoanmaragall\/wp-content\/uploads\/usu1452\/2021\/02\/IMG_5694-768x576.jpeg 768w, https:\/\/agora.xtec.cat\/escolajoanmaragall\/wp-content\/uploads\/usu1452\/2021\/02\/IMG_5694-1024x768.jpeg 1024w, https:\/\/agora.xtec.cat\/escolajoanmaragall\/wp-content\/uploads\/usu1452\/2021\/02\/IMG_5694-200x150.jpeg 200w, https:\/\/agora.xtec.cat\/escolajoanmaragall\/wp-content\/uploads\/usu1452\/2021\/02\/IMG_5694.jpeg 2048w\" sizes=\"auto, (max-width: 300px) 100vw, 300px\" \/><\/a><\/td>\n<td><a href=\"https:\/\/goo.gl\/maps\/yz5xPZkerFip9TCY8\" target=\"_blank\" rel=\"noopener noreferrer\"><img loading=\"lazy\" decoding=\"async\" class=\"alignnone size-medium wp-image-10815\" src=\"https:\/\/agora.xtec.cat\/escolajoanmaragall\/wp-content\/uploads\/usu1452\/2021\/02\/IMG_5695-1-300x225.jpeg\" alt=\"\" width=\"300\" height=\"225\" srcset=\"https:\/\/agora.xtec.cat\/escolajoanmaragall\/wp-content\/uploads\/usu1452\/2021\/02\/IMG_5695-1-300x225.jpeg 300w, https:\/\/agora.xtec.cat\/escolajoanmaragall\/wp-content\/uploads\/usu1452\/2021\/02\/IMG_5695-1-768x576.jpeg 768w, https:\/\/agora.xtec.cat\/escolajoanmaragall\/wp-content\/uploads\/usu1452\/2021\/02\/IMG_5695-1-1024x768.jpeg 1024w, https:\/\/agora.xtec.cat\/escolajoanmaragall\/wp-content\/uploads\/usu1452\/2021\/02\/IMG_5695-1-200x150.jpeg 200w, https:\/\/agora.xtec.cat\/escolajoanmaragall\/wp-content\/uploads\/usu1452\/2021\/02\/IMG_5695-1.jpeg 2048w\" sizes=\"auto, (max-width: 300px) 100vw, 300px\" \/><\/a><\/td>\n<td><a href=\"https:\/\/goo.gl\/maps\/APZbsHetfRCE9Uw28\" target=\"_blank\" rel=\"noopener noreferrer\"><img loading=\"lazy\" decoding=\"async\" class=\"alignnone size-medium wp-image-10818\" src=\"https:\/\/agora.xtec.cat\/escolajoanmaragall\/wp-content\/uploads\/usu1452\/2021\/02\/www.kizoa_.com_IMG-20200404-WA0030-300x169.jpg\" alt=\"\" width=\"300\" height=\"169\" srcset=\"https:\/\/agora.xtec.cat\/escolajoanmaragall\/wp-content\/uploads\/usu1452\/2021\/02\/www.kizoa_.com_IMG-20200404-WA0030-300x169.jpg 300w, https:\/\/agora.xtec.cat\/escolajoanmaragall\/wp-content\/uploads\/usu1452\/2021\/02\/www.kizoa_.com_IMG-20200404-WA0030-768x432.jpg 768w, https:\/\/agora.xtec.cat\/escolajoanmaragall\/wp-content\/uploads\/usu1452\/2021\/02\/www.kizoa_.com_IMG-20200404-WA0030-1024x576.jpg 1024w, https:\/\/agora.xtec.cat\/escolajoanmaragall\/wp-content\/uploads\/usu1452\/2021\/02\/www.kizoa_.com_IMG-20200404-WA0030.jpg 1600w\" sizes=\"auto, (max-width: 300px) 100vw, 300px\" \/><\/a><\/td>\n<\/tr>\n<tr>\n<td>MENJADOR<\/td>\n<td>PATI INFANTIL<\/td>\n<td><\/td>\n<td>AULA INFANTIL<\/td>\n<\/tr>\n<tr>\n<td><a href=\"https:\/\/goo.gl\/maps\/pZyc2T1Lb1NYuJRq6\" target=\"_blank\" rel=\"noopener noreferrer\"><img loading=\"lazy\" decoding=\"async\" class=\"alignnone size-medium wp-image-10816\" src=\"https:\/\/agora.xtec.cat\/escolajoanmaragall\/wp-content\/uploads\/usu1452\/2021\/02\/IMG_5697-300x225.jpeg\" alt=\"\" width=\"300\" height=\"225\" srcset=\"https:\/\/agora.xtec.cat\/escolajoanmaragall\/wp-content\/uploads\/usu1452\/2021\/02\/IMG_5697-300x225.jpeg 300w, https:\/\/agora.xtec.cat\/escolajoanmaragall\/wp-content\/uploads\/usu1452\/2021\/02\/IMG_5697-768x576.jpeg 768w, https:\/\/agora.xtec.cat\/escolajoanmaragall\/wp-content\/uploads\/usu1452\/2021\/02\/IMG_5697-1024x768.jpeg 1024w, https:\/\/agora.xtec.cat\/escolajoanmaragall\/wp-content\/uploads\/usu1452\/2021\/02\/IMG_5697-200x150.jpeg 200w, https:\/\/agora.xtec.cat\/escolajoanmaragall\/wp-content\/uploads\/usu1452\/2021\/02\/IMG_5697.jpeg 2048w\" sizes=\"auto, (max-width: 300px) 100vw, 300px\" \/><\/a><\/td>\n<td><a href=\"https:\/\/goo.gl\/maps\/byvn4KHjGwfE4zpEA\" target=\"_blank\" rel=\"noopener noreferrer\"><img loading=\"lazy\" decoding=\"async\" class=\"alignnone size-medium wp-image-10819\" src=\"https:\/\/agora.xtec.cat\/escolajoanmaragall\/wp-content\/uploads\/usu1452\/2021\/02\/www.kizoa_.com_pati-infantil-300x225.jpg\" alt=\"\" width=\"300\" height=\"225\" srcset=\"https:\/\/agora.xtec.cat\/escolajoanmaragall\/wp-content\/uploads\/usu1452\/2021\/02\/www.kizoa_.com_pati-infantil-300x225.jpg 300w, https:\/\/agora.xtec.cat\/escolajoanmaragall\/wp-content\/uploads\/usu1452\/2021\/02\/www.kizoa_.com_pati-infantil-768x576.jpg 768w, https:\/\/agora.xtec.cat\/escolajoanmaragall\/wp-content\/uploads\/usu1452\/2021\/02\/www.kizoa_.com_pati-infantil.jpg 1024w, https:\/\/agora.xtec.cat\/escolajoanmaragall\/wp-content\/uploads\/usu1452\/2021\/02\/www.kizoa_.com_pati-infantil-200x150.jpg 200w\" sizes=\"auto, (max-width: 300px) 100vw, 300px\" \/><\/a><\/td>\n<td><a href=\"https:\/\/goo.gl\/maps\/y4YvHyPdZtX8Hnsi6\" target=\"_blank\" rel=\"noopener noreferrer\"><img loading=\"lazy\" decoding=\"async\" class=\"alignnone size-medium wp-image-10828\" src=\"https:\/\/agora.xtec.cat\/escolajoanmaragall\/wp-content\/uploads\/usu1452\/2021\/02\/IMG_5706-300x225.jpeg\" alt=\"\" width=\"300\" height=\"225\" srcset=\"https:\/\/agora.xtec.cat\/escolajoanmaragall\/wp-content\/uploads\/usu1452\/2021\/02\/IMG_5706-300x225.jpeg 300w, https:\/\/agora.xtec.cat\/escolajoanmaragall\/wp-content\/uploads\/usu1452\/2021\/02\/IMG_5706-768x576.jpeg 768w, https:\/\/agora.xtec.cat\/escolajoanmaragall\/wp-content\/uploads\/usu1452\/2021\/02\/IMG_5706-1024x768.jpeg 1024w, https:\/\/agora.xtec.cat\/escolajoanmaragall\/wp-content\/uploads\/usu1452\/2021\/02\/IMG_5706-200x150.jpeg 200w, https:\/\/agora.xtec.cat\/escolajoanmaragall\/wp-content\/uploads\/usu1452\/2021\/02\/IMG_5706.jpeg 2048w\" sizes=\"auto, (max-width: 300px) 100vw, 300px\" \/><\/a><\/td>\n<td><a href=\"https:\/\/goo.gl\/maps\/KDtxj8GN7n7W2ijP8\" target=\"_blank\" rel=\"noopener noreferrer\"><img loading=\"lazy\" decoding=\"async\" class=\"alignnone size-medium wp-image-10820\" src=\"https:\/\/agora.xtec.cat\/escolajoanmaragall\/wp-content\/uploads\/usu1452\/2021\/02\/IMG_5600-300x225.jpeg\" alt=\"\" width=\"300\" height=\"225\" srcset=\"https:\/\/agora.xtec.cat\/escolajoanmaragall\/wp-content\/uploads\/usu1452\/2021\/02\/IMG_5600-300x225.jpeg 300w, https:\/\/agora.xtec.cat\/escolajoanmaragall\/wp-content\/uploads\/usu1452\/2021\/02\/IMG_5600-768x576.jpeg 768w, https:\/\/agora.xtec.cat\/escolajoanmaragall\/wp-content\/uploads\/usu1452\/2021\/02\/IMG_5600-1024x768.jpeg 1024w, https:\/\/agora.xtec.cat\/escolajoanmaragall\/wp-content\/uploads\/usu1452\/2021\/02\/IMG_5600-200x150.jpeg 200w, https:\/\/agora.xtec.cat\/escolajoanmaragall\/wp-content\/uploads\/usu1452\/2021\/02\/IMG_5600.jpeg 2048w\" sizes=\"auto, (max-width: 300px) 100vw, 300px\" \/><\/a><\/td>\n<\/tr>\n<\/tbody>\n<\/table>\n<p>Les aules i les altres depend\u00e8ncies estan distribu\u00efdes en tres plantes segons els nivells i les necessitats educatives. Sense barreres arquitect\u00f2niques.<\/p>\n<p><strong>Disposem de:<\/strong><\/p>\n<p>6 aules d&#8217; educaci\u00f3 infantil.<\/p>\n<p>12 aules d\u2019educaci\u00f3 prim\u00e0ria.<\/p>\n<p>Una aula per fer psicomotricitat i altres activitats.<\/p>\n<p>Pati exclusiu per alumnes d&#8217; Educaci\u00f3 Infantil. Pati per alumnes de prim\u00e0ria.<\/p>\n<p>Una aula d&#8217; inform\u00e0tica.<\/p>\n<p>Aula de m\u00fasica.<\/p>\n<p>Aula de pl\u00e0stica.<\/p>\n<p>Aula d\u2019audiovisuals\/angl\u00e8s.<\/p>\n<p>Biblioteca(actualment habilitada com a aula d\u2019angl\u00e8s i audiovisuals)<\/p>\n<p>Gimn\u00e0s<\/p>\n<p>Cinc aules petites: ci\u00e8ncies, acollida, ed. Especial, desdoblament prim\u00e0ria i desdoblament infantil<\/p>\n<p>Menjador amb cuina pr\u00f2pia<\/p>\n<p>&nbsp;<\/p>\n<p>&nbsp;<\/p>\n","protected":false},"excerpt":{"rendered":"<p>Si voleu veure els espais cliqueu LES FOTOGRAFIES: ENTRADA PATI PRIM\u00c0RIA GIMN\u00c0S AULA PRIM\u00c0RIA MENJADOR PATI INFANTIL AULA INFANTIL Les aules i les altres depend\u00e8ncies estan distribu\u00efdes en tres plantes segons els nivells i les necessitats educatives. Sense barreres arquitect\u00f2niques. Disposem de: 6 aules d&#8217; educaci\u00f3 infantil. 12 aules d\u2019educaci\u00f3 prim\u00e0ria. Una aula per fer [&hellip;]<\/p>\n","protected":false},"author":1,"featured_media":0,"parent":22,"menu_order":40,"comment_status":"closed","ping_status":"closed","template":"page-templates\/side-menu.php","meta":{"_bbp_topic_count":0,"_bbp_reply_count":0,"_bbp_total_topic_count":0,"_bbp_total_reply_count":0,"_bbp_voice_count":0,"_bbp_anonymous_reply_count":0,"_bbp_topic_count_hidden":0,"_bbp_reply_count_hidden":0,"_bbp_forum_subforum_count":0,"site-sidebar-layout":"default","site-content-layout":"","ast-site-content-layout":"","site-content-style":"default","site-sidebar-style":"default","ast-global-header-display":"","ast-banner-title-visibility":"","ast-main-header-display":"","ast-hfb-above-header-display":"","ast-hfb-below-header-display":"","ast-hfb-mobile-header-display":"","site-post-title":"","ast-breadcrumbs-content":"","ast-featured-img":"","footer-sml-layout":"","theme-transparent-header-meta":"","adv-header-id-meta":"","stick-header-meta":"","header-above-stick-meta":"","header-main-stick-meta":"","header-below-stick-meta":"","astra-migrate-meta-layouts":"default","ast-page-background-enabled":"default","ast-page-background-meta":{"desktop":{"background-color":"var(--ast-global-color-4)","background-image":"","background-repeat":"repeat","background-position":"center center","background-size":"auto","background-attachment":"scroll","background-type":"","background-media":"","overlay-type":"","overlay-color":"","overlay-opacity":"","overlay-gradient":""},"tablet":{"background-color":"","background-image":"","background-repeat":"repeat","background-position":"center center","background-size":"auto","background-attachment":"scroll","background-type":"","background-media":"","overlay-type":"","overlay-color":"","overlay-opacity":"","overlay-gradient":""},"mobile":{"background-color":"","background-image":"","background-repeat":"repeat","background-position":"center center","background-size":"auto","background-attachment":"scroll","background-type":"","background-media":"","overlay-type":"","overlay-color":"","overlay-opacity":"","overlay-gradient":""}},"ast-content-background-meta":{"desktop":{"background-color":"var(--ast-global-color-5)","background-image":"","background-repeat":"repeat","background-position":"center center","background-size":"auto","background-attachment":"scroll","background-type":"","background-media":"","overlay-type":"","overlay-color":"","overlay-opacity":"","overlay-gradient":""},"tablet":{"background-color":"var(--ast-global-color-5)","background-image":"","background-repeat":"repeat","background-position":"center center","background-size":"auto","background-attachment":"scroll","background-type":"","background-media":"","overlay-type":"","overlay-color":"","overlay-opacity":"","overlay-gradient":""},"mobile":{"background-color":"var(--ast-global-color-5)","background-image":"","background-repeat":"repeat","background-position":"center center","background-size":"auto","background-attachment":"scroll","background-type":"","background-media":"","overlay-type":"","overlay-color":"","overlay-opacity":"","overlay-gradient":""}},"footnotes":""},"class_list":["post-30","page","type-page","status-publish","hentry"],"post_mailing_queue_ids":[],"_links":{"self":[{"href":"https:\/\/agora.xtec.cat\/escolajoanmaragall\/wp-json\/wp\/v2\/pages\/30","targetHints":{"allow":["GET"]}}],"collection":[{"href":"https:\/\/agora.xtec.cat\/escolajoanmaragall\/wp-json\/wp\/v2\/pages"}],"about":[{"href":"https:\/\/agora.xtec.cat\/escolajoanmaragall\/wp-json\/wp\/v2\/types\/page"}],"author":[{"embeddable":true,"href":"https:\/\/agora.xtec.cat\/escolajoanmaragall\/wp-json\/wp\/v2\/users\/1"}],"replies":[{"embeddable":true,"href":"https:\/\/agora.xtec.cat\/escolajoanmaragall\/wp-json\/wp\/v2\/comments?post=30"}],"version-history":[{"count":4,"href":"https:\/\/agora.xtec.cat\/escolajoanmaragall\/wp-json\/wp\/v2\/pages\/30\/revisions"}],"predecessor-version":[{"id":10830,"href":"https:\/\/agora.xtec.cat\/escolajoanmaragall\/wp-json\/wp\/v2\/pages\/30\/revisions\/10830"}],"up":[{"embeddable":true,"href":"https:\/\/agora.xtec.cat\/escolajoanmaragall\/wp-json\/wp\/v2\/pages\/22"}],"wp:attachment":[{"href":"https:\/\/agora.xtec.cat\/escolajoanmaragall\/wp-json\/wp\/v2\/media?parent=30"}],"curies":[{"name":"wp","href":"https:\/\/api.w.org\/{rel}","templated":true}]}}