{"id":26,"date":"2014-09-18T12:24:32","date_gmt":"2014-09-18T11:24:32","guid":{"rendered":"http:\/\/agora.xtec.cat\/escolajoanmaragall\/?page_id=26"},"modified":"2016-12-12T15:49:24","modified_gmt":"2016-12-12T14:49:24","slug":"historia","status":"publish","type":"page","link":"https:\/\/agora.xtec.cat\/escolajoanmaragall\/lescola\/historia\/","title":{"rendered":"Hist\u00f2ria"},"content":{"rendered":"<p>L\u2019escola Joan\u00a0 Maragall de la Llagosta neix per una necessitat imperiosa d\u2019escolaritzar una poblaci\u00f3 infantil en vertigin\u00f3s increment que sobrepassava les possibilitats educatives que oferia l\u2019any 1974 l\u2019escola p\u00fablica Sagrada Fam\u00edlia (SAFA) i les dues privades Balmes i GILPE.<\/p>\n<p>El poble de la Llagosta des del comen\u00e7ament de la d\u00e8cada dels 60, i degut a la formaci\u00f3 i creixement del pol\u00edgon industrial, es multiplicava de tal manera que cap servei podia atendre tal empenta. Els serveis, en general, van ser deficitaris fins a la darrera d\u00e8cada del segle XX.<\/p>\n<p>En aquest context neix l\u2019escola Joan Maragall al setembre de 1974. Despr\u00e9s de treballar a corre-cuita tot l\u2019estiu en un tipus de construcci\u00f3 r\u00e0pida amb la pretensi\u00f3 que al setembre l\u2019escola entr\u00e9s en funcionament. Aix\u00ed apareix l\u2019edifici amb l\u2019objectiu de mantenir-lo \u00a0nom\u00e9s 11 anys.<\/p>\n<p>Aquesta escola encara \u00e9s coneguda entre la gent madura com escola Carrero Blanco (Almirant i president del govern amb Franco i mort en atemptat d\u2019ETA\u00a0 l\u2019any 1973). Aquesta denominaci\u00f3 es va canviar per la de Joan Maragall l\u2019any 1981 a petici\u00f3 de la comunitat escolar i l\u2019Ajuntament.<\/p>\n<p>L\u2019edifici de l\u2019escola va estar en funcionament durant 35 anys i encara avui continua funcionant com escola d\u2019adults, caserna de la policia municipal i oficines de l\u2019ajuntament.<\/p>\n<p>Es va construir per atendre 8 unitats, per\u00f2 el primer any va quedar petit i a l\u2019estiu seg\u00fcent es van fer obres de remodelaci\u00f3 per a convertir-lo en escola de 16 unitats. L\u2019any 1980 va arribar a funcionar amb 24 unitats i r\u00e0tio de 35 alumnes per aula; aix\u00f2 s\u00ed, contant amb les aules de sobre del mercat municipal, que quan van quedar buides es van convertir en la primera escola de formaci\u00f3 professional del municipi.<\/p>\n<p>Aquesta va ser una ra\u00f3 m\u00e9s per la construcci\u00f3 d\u2019una nova escola p\u00fablica: Les Planes.<\/p>\n<p>L\u2019inici del servei d\u2019aquesta escola va coincidir amb una forta davallada dels naixements i va comen\u00e7ar al 1988 una llarga \u00e8poca de baixada de matr\u00edcula que va obligar any rere any\u00a0 a tancar aules i convertir l\u2019escola Joan Maragall en escola d\u2019una l\u00ednia.<\/p>\n<p>En aquest per\u00edode va comen\u00e7ar una activitat extraescolar nova: el casal dels dissabtes, que estava\u00a0 organitzat sota el patrocini de l\u2019AMPA pel grup Dijoc.<\/p>\n<p>Igualment, l\u2019escola Joan Maragall va acollir en horari de tarda-nit l\u2019escola d\u2019adults fins l\u2019any 1997.<\/p>\n<p>Curiosament, quan l\u2019escola estrena el nou edifici del passeig Pintor Sert, l\u2019edifici vell es converteix en seu permanent de l\u2019escola d\u2019adults.<\/p>\n<p>L\u2019any 1983 es construeix el parvulari (ja estava prevista la baixada d\u2019edat d\u2019escolaritzaci\u00f3 a l\u2019educaci\u00f3 infantil). El curs 1991-1992 es comen\u00e7a a atendre al parvulari els nens de 3 anys en aplicaci\u00f3 de la LOGSE.<\/p>\n<p>L\u2019edifici de preescolar ocupava el terreny que fa cantonada entre els carrers Estaci\u00f3 i Pintor Sert; pastilla, que passat el temps ser\u00e0 ocupada per tres institucions escolars: escola bressol Cucu-tras, IES Marina i el nou Joan Maragall.<\/p>\n<p>Curiosament, l\u2019antic edifici del parvulari \u00e9s l\u2019espai no constru\u00eft ja que ocupava exactament l\u2019espai que avui \u00e9s el pati de l\u2019escola.<\/p>\n<p>El canvi de l\u2019activitat escolar al nou edifici es va fer l\u2019any 2009.<\/p>\n<p>La fluctuaci\u00f3 del volum de la demanda s\u2019ha anat movent ja que aquella baixada iniciada al 82 torna a pujar als finals del 90 amb l\u2019arribada de la poblaci\u00f3 emigrant i t\u00e9 el punt m\u00e9s alt al 2011 en qu\u00e8 es va haver de triplicar un P-3. El curs 2016-2017, segurament per efecte de la crisi, torna a baixar la demanda de llocs escolars i la Llagosta tanca un aula de P-3.<\/p>\n<p>L\u2019escola Joan Maragall mant\u00e9 orgullosament el record d\u2019haver estat la primera escola del municipi en matricular un alumne amb discapacitat quan a Espanya es comen\u00e7a a escolaritzar aquests nens dintre de les aules ordin\u00e0ries.<\/p>\n<p>Igualment va ser la primera escola que va matricular el primer alumne nouvingut procedent de Marroc.<\/p>\n<p>En aquestes breus l\u00ednees no es parla, encara que en s\u00f3n moltes, les viv\u00e8ncies, emocions, records i an\u00e8cdotes que la tasca escolar i la conviv\u00e8ncia ha produ\u00eft en la comunitat escolar des del seu naixement.<\/p>\n<p>Jose Luis Mediavilla (mestre jubilat i actual col\u00b7laborador)<\/p>\n<p><a href=\"http:\/\/agora.xtec.cat\/escolajoanmaragall\/wp-content\/uploads\/usu1452\/2016\/12\/Imagen2-1.jpg\"><img loading=\"lazy\" decoding=\"async\" class=\"wp-image-658 alignleft\" src=\"http:\/\/agora.xtec.cat\/escolajoanmaragall\/wp-content\/uploads\/usu1452\/2016\/12\/Imagen2-1-1024x740.jpg\" alt=\"imagen2\" width=\"329\" height=\"238\" srcset=\"https:\/\/agora.xtec.cat\/escolajoanmaragall\/wp-content\/uploads\/usu1452\/2016\/12\/Imagen2-1-1024x740.jpg 1024w, https:\/\/agora.xtec.cat\/escolajoanmaragall\/wp-content\/uploads\/usu1452\/2016\/12\/Imagen2-1-300x217.jpg 300w, https:\/\/agora.xtec.cat\/escolajoanmaragall\/wp-content\/uploads\/usu1452\/2016\/12\/Imagen2-1-768x555.jpg 768w, https:\/\/agora.xtec.cat\/escolajoanmaragall\/wp-content\/uploads\/usu1452\/2016\/12\/Imagen2-1.jpg 1646w\" sizes=\"auto, (max-width: 329px) 100vw, 329px\" \/><\/a><a href=\"http:\/\/agora.xtec.cat\/escolajoanmaragall\/wp-content\/uploads\/usu1452\/2016\/12\/Imagen1-1.jpg\"><img loading=\"lazy\" decoding=\"async\" class=\"wp-image-659 alignright\" src=\"http:\/\/agora.xtec.cat\/escolajoanmaragall\/wp-content\/uploads\/usu1452\/2016\/12\/Imagen1-1-1024x736.jpg\" alt=\"imagen1\" width=\"331\" height=\"238\" srcset=\"https:\/\/agora.xtec.cat\/escolajoanmaragall\/wp-content\/uploads\/usu1452\/2016\/12\/Imagen1-1-1024x736.jpg 1024w, https:\/\/agora.xtec.cat\/escolajoanmaragall\/wp-content\/uploads\/usu1452\/2016\/12\/Imagen1-1-300x216.jpg 300w, https:\/\/agora.xtec.cat\/escolajoanmaragall\/wp-content\/uploads\/usu1452\/2016\/12\/Imagen1-1-768x552.jpg 768w, https:\/\/agora.xtec.cat\/escolajoanmaragall\/wp-content\/uploads\/usu1452\/2016\/12\/Imagen1-1.jpg 1620w\" sizes=\"auto, (max-width: 331px) 100vw, 331px\" \/><\/a><\/p>\n","protected":false},"excerpt":{"rendered":"<p>L\u2019escola Joan\u00a0 Maragall de la Llagosta neix per una necessitat imperiosa d\u2019escolaritzar una poblaci\u00f3 infantil en vertigin\u00f3s increment que sobrepassava les possibilitats educatives que oferia l\u2019any 1974 l\u2019escola p\u00fablica Sagrada Fam\u00edlia (SAFA) i les dues privades Balmes i GILPE. El poble de la Llagosta des del comen\u00e7ament de la d\u00e8cada dels 60, i degut a [&hellip;]<\/p>\n","protected":false},"author":1,"featured_media":0,"parent":22,"menu_order":20,"comment_status":"closed","ping_status":"closed","template":"","meta":{"_bbp_topic_count":0,"_bbp_reply_count":0,"_bbp_total_topic_count":0,"_bbp_total_reply_count":0,"_bbp_voice_count":0,"_bbp_anonymous_reply_count":0,"_bbp_topic_count_hidden":0,"_bbp_reply_count_hidden":0,"_bbp_forum_subforum_count":0,"site-sidebar-layout":"default","site-content-layout":"","ast-site-content-layout":"","site-content-style":"default","site-sidebar-style":"default","ast-global-header-display":"","ast-banner-title-visibility":"","ast-main-header-display":"","ast-hfb-above-header-display":"","ast-hfb-below-header-display":"","ast-hfb-mobile-header-display":"","site-post-title":"","ast-breadcrumbs-content":"","ast-featured-img":"","footer-sml-layout":"","theme-transparent-header-meta":"","adv-header-id-meta":"","stick-header-meta":"","header-above-stick-meta":"","header-main-stick-meta":"","header-below-stick-meta":"","astra-migrate-meta-layouts":"default","ast-page-background-enabled":"default","ast-page-background-meta":{"desktop":{"background-color":"var(--ast-global-color-4)","background-image":"","background-repeat":"repeat","background-position":"center center","background-size":"auto","background-attachment":"scroll","background-type":"","background-media":"","overlay-type":"","overlay-color":"","overlay-opacity":"","overlay-gradient":""},"tablet":{"background-color":"","background-image":"","background-repeat":"repeat","background-position":"center center","background-size":"auto","background-attachment":"scroll","background-type":"","background-media":"","overlay-type":"","overlay-color":"","overlay-opacity":"","overlay-gradient":""},"mobile":{"background-color":"","background-image":"","background-repeat":"repeat","background-position":"center center","background-size":"auto","background-attachment":"scroll","background-type":"","background-media":"","overlay-type":"","overlay-color":"","overlay-opacity":"","overlay-gradient":""}},"ast-content-background-meta":{"desktop":{"background-color":"var(--ast-global-color-5)","background-image":"","background-repeat":"repeat","background-position":"center center","background-size":"auto","background-attachment":"scroll","background-type":"","background-media":"","overlay-type":"","overlay-color":"","overlay-opacity":"","overlay-gradient":""},"tablet":{"background-color":"var(--ast-global-color-5)","background-image":"","background-repeat":"repeat","background-position":"center center","background-size":"auto","background-attachment":"scroll","background-type":"","background-media":"","overlay-type":"","overlay-color":"","overlay-opacity":"","overlay-gradient":""},"mobile":{"background-color":"var(--ast-global-color-5)","background-image":"","background-repeat":"repeat","background-position":"center center","background-size":"auto","background-attachment":"scroll","background-type":"","background-media":"","overlay-type":"","overlay-color":"","overlay-opacity":"","overlay-gradient":""}},"footnotes":""},"class_list":["post-26","page","type-page","status-publish","hentry"],"post_mailing_queue_ids":[],"_links":{"self":[{"href":"https:\/\/agora.xtec.cat\/escolajoanmaragall\/wp-json\/wp\/v2\/pages\/26","targetHints":{"allow":["GET"]}}],"collection":[{"href":"https:\/\/agora.xtec.cat\/escolajoanmaragall\/wp-json\/wp\/v2\/pages"}],"about":[{"href":"https:\/\/agora.xtec.cat\/escolajoanmaragall\/wp-json\/wp\/v2\/types\/page"}],"author":[{"embeddable":true,"href":"https:\/\/agora.xtec.cat\/escolajoanmaragall\/wp-json\/wp\/v2\/users\/1"}],"replies":[{"embeddable":true,"href":"https:\/\/agora.xtec.cat\/escolajoanmaragall\/wp-json\/wp\/v2\/comments?post=26"}],"version-history":[{"count":3,"href":"https:\/\/agora.xtec.cat\/escolajoanmaragall\/wp-json\/wp\/v2\/pages\/26\/revisions"}],"predecessor-version":[{"id":660,"href":"https:\/\/agora.xtec.cat\/escolajoanmaragall\/wp-json\/wp\/v2\/pages\/26\/revisions\/660"}],"up":[{"embeddable":true,"href":"https:\/\/agora.xtec.cat\/escolajoanmaragall\/wp-json\/wp\/v2\/pages\/22"}],"wp:attachment":[{"href":"https:\/\/agora.xtec.cat\/escolajoanmaragall\/wp-json\/wp\/v2\/media?parent=26"}],"curies":[{"name":"wp","href":"https:\/\/api.w.org\/{rel}","templated":true}]}}