{"id":506,"date":"2015-10-01T08:34:04","date_gmt":"2015-10-01T07:34:04","guid":{"rendered":"http:\/\/agora.xtec.cat\/escolajmciurana\/?page_id=506"},"modified":"2015-10-01T08:34:04","modified_gmt":"2015-10-01T07:34:04","slug":"la-biblioteca-de-lescola","status":"publish","type":"page","link":"https:\/\/agora.xtec.cat\/escolajmciurana\/lescola\/la-biblioteca-de-lescola\/","title":{"rendered":"La Biblioteca de l&#8217;Escola"},"content":{"rendered":"<p><b><span style=\"color: #000000;\">La biblioteca, un espai per gaudir i aprendre.<\/span><\/b><\/p>\n<p align=\"JUSTIFY\">La biblioteca del Ciurana \u00e9s un centre de recursos pet tot l&#8217;alumnat, des de P3 a 6\u00e9.<\/p>\n<p align=\"JUSTIFY\"><span style=\"color: #000000;\"><span style=\"font-family: arial, helvetica, sans-serif;\">Ajuda a fomentar l&#8217;<\/span><\/span><span style=\"color: #000000;\"><span style=\"font-family: arial, helvetica, sans-serif;\"><b>h\u00e0bit lector<\/b><\/span><\/span><span style=\"color: #000000;\"><span style=\"font-family: arial, helvetica, sans-serif;\"> amb pr\u00e9stec de biblioteques d&#8217;aula adequades amb cada nivell, realitza hores del conte per fomentar el <\/span><\/span><span style=\"color: #000000;\"><span style=\"font-family: arial, helvetica, sans-serif;\"><b>gust a la lectura<\/b><\/span><\/span><span style=\"color: #000000;\"><span style=\"font-family: arial, helvetica, sans-serif;\"> i en el pati l&#8217;alumnat de prim\u00e0ria pot utilitzar el bibliopati.<\/span><\/span><\/p>\n<p align=\"JUSTIFY\">Tamb\u00e9 \u00e9s un espai per la <b>recerca de informaci\u00f3<\/b>, on en especial, l&#8217;alumnat de 4art, investiga i recull la informaci\u00f3 necess\u00e0ria per realitzar el projecte interdisciplinar.<\/p>\n<p align=\"JUSTIFY\"><span style=\"color: #000000;\"><b><\/b><\/span><\/p>\n","protected":false},"excerpt":{"rendered":"<p>La biblioteca, un espai per gaudir i aprendre. La biblioteca del Ciurana \u00e9s un centre de recursos pet tot l&#8217;alumnat, des de P3 a 6\u00e9. Ajuda a fomentar l&#8217;h\u00e0bit lector amb pr\u00e9stec de biblioteques d&#8217;aula adequades amb cada nivell, realitza hores del conte per fomentar el gust a la lectura i en el pati l&#8217;alumnat [&hellip;]<\/p>\n","protected":false},"author":1,"featured_media":0,"parent":22,"menu_order":0,"comment_status":"closed","ping_status":"closed","template":"page-templates\/side-menu.php","meta":{"_bbp_topic_count":0,"_bbp_reply_count":0,"_bbp_total_topic_count":0,"_bbp_total_reply_count":0,"_bbp_voice_count":0,"_bbp_anonymous_reply_count":0,"_bbp_topic_count_hidden":0,"_bbp_reply_count_hidden":0,"_bbp_forum_subforum_count":0,"site-sidebar-layout":"default","site-content-layout":"","ast-site-content-layout":"","site-content-style":"default","site-sidebar-style":"default","ast-global-header-display":"","ast-banner-title-visibility":"","ast-main-header-display":"","ast-hfb-above-header-display":"","ast-hfb-below-header-display":"","ast-hfb-mobile-header-display":"","site-post-title":"","ast-breadcrumbs-content":"","ast-featured-img":"","footer-sml-layout":"","theme-transparent-header-meta":"","adv-header-id-meta":"","stick-header-meta":"","header-above-stick-meta":"","header-main-stick-meta":"","header-below-stick-meta":"","astra-migrate-meta-layouts":"default","ast-page-background-enabled":"default","ast-page-background-meta":{"desktop":{"background-color":"var(--ast-global-color-4)","background-image":"","background-repeat":"repeat","background-position":"center center","background-size":"auto","background-attachment":"scroll","background-type":"","background-media":"","overlay-type":"","overlay-color":"","overlay-opacity":"","overlay-gradient":""},"tablet":{"background-color":"","background-image":"","background-repeat":"repeat","background-position":"center center","background-size":"auto","background-attachment":"scroll","background-type":"","background-media":"","overlay-type":"","overlay-color":"","overlay-opacity":"","overlay-gradient":""},"mobile":{"background-color":"","background-image":"","background-repeat":"repeat","background-position":"center center","background-size":"auto","background-attachment":"scroll","background-type":"","background-media":"","overlay-type":"","overlay-color":"","overlay-opacity":"","overlay-gradient":""}},"ast-content-background-meta":{"desktop":{"background-color":"var(--ast-global-color-5)","background-image":"","background-repeat":"repeat","background-position":"center center","background-size":"auto","background-attachment":"scroll","background-type":"","background-media":"","overlay-type":"","overlay-color":"","overlay-opacity":"","overlay-gradient":""},"tablet":{"background-color":"var(--ast-global-color-5)","background-image":"","background-repeat":"repeat","background-position":"center center","background-size":"auto","background-attachment":"scroll","background-type":"","background-media":"","overlay-type":"","overlay-color":"","overlay-opacity":"","overlay-gradient":""},"mobile":{"background-color":"var(--ast-global-color-5)","background-image":"","background-repeat":"repeat","background-position":"center center","background-size":"auto","background-attachment":"scroll","background-type":"","background-media":"","overlay-type":"","overlay-color":"","overlay-opacity":"","overlay-gradient":""}},"footnotes":""},"class_list":["post-506","page","type-page","status-publish","hentry"],"post_mailing_queue_ids":[],"_links":{"self":[{"href":"https:\/\/agora.xtec.cat\/escolajmciurana\/wp-json\/wp\/v2\/pages\/506","targetHints":{"allow":["GET"]}}],"collection":[{"href":"https:\/\/agora.xtec.cat\/escolajmciurana\/wp-json\/wp\/v2\/pages"}],"about":[{"href":"https:\/\/agora.xtec.cat\/escolajmciurana\/wp-json\/wp\/v2\/types\/page"}],"author":[{"embeddable":true,"href":"https:\/\/agora.xtec.cat\/escolajmciurana\/wp-json\/wp\/v2\/users\/1"}],"replies":[{"embeddable":true,"href":"https:\/\/agora.xtec.cat\/escolajmciurana\/wp-json\/wp\/v2\/comments?post=506"}],"version-history":[{"count":3,"href":"https:\/\/agora.xtec.cat\/escolajmciurana\/wp-json\/wp\/v2\/pages\/506\/revisions"}],"predecessor-version":[{"id":511,"href":"https:\/\/agora.xtec.cat\/escolajmciurana\/wp-json\/wp\/v2\/pages\/506\/revisions\/511"}],"up":[{"embeddable":true,"href":"https:\/\/agora.xtec.cat\/escolajmciurana\/wp-json\/wp\/v2\/pages\/22"}],"wp:attachment":[{"href":"https:\/\/agora.xtec.cat\/escolajmciurana\/wp-json\/wp\/v2\/media?parent=506"}],"curies":[{"name":"wp","href":"https:\/\/api.w.org\/{rel}","templated":true}]}}