{"id":413,"date":"2021-07-09T18:30:13","date_gmt":"2021-07-09T16:30:13","guid":{"rendered":"http:\/\/agora.xtec.cat\/escolajmciurana\/?page_id=413"},"modified":"2025-09-26T10:33:58","modified_gmt":"2025-09-26T08:33:58","slug":"horari-datencio-de-lequip-directiu","status":"publish","type":"page","link":"https:\/\/agora.xtec.cat\/escolajmciurana\/informacio-curs-22-23\/horari-datencio-de-lequip-directiu\/","title":{"rendered":"Comuniquem-nos!"},"content":{"rendered":"<p>Des de l&#8217;escola considerem que \u00e9s imprescindible que els diversos contextos dels infants estiguin\u00a0<strong>constantment<\/strong> en contacte per tal de garantir un bon funcionament i una bona estada escolar a l&#8217;alumnat. Per tal d&#8217;assolir aquest objectiu, l&#8217;entorn escolar utilitza diversos recursos i\/o medis de comunicaci\u00f3 per tal de poder mantenir una bona relaci\u00f3 entre l&#8217;escola i les fam\u00edlies.<\/p>\n<p><strong><em>Equip Directiu:<\/em><\/strong><\/p>\n<p>Per tal de poder fer gestions de centre o per reunir-se amb l&#8217;equip directiu del centre, cal demanar una <strong>cita pr\u00e8via<\/strong> trucant al <span style=\"color: #333333;\"><strong>936542035.<\/strong><\/span><\/p>\n<p><em><strong>Equip docent:<\/strong><\/em><\/p>\n<ul>\n<li>Dinantia: Aplicaci\u00f3 m\u00f2bil de comunicacions generals d&#8217;escola o grup classe i de justificaci\u00f3 de faltes d&#8217;assist\u00e8ncia.<\/li>\n<li>Email: Cada membre del professorat t\u00e9 un correu propi escolar per tal que pogueu comunicar-vos <strong>de manera urgent<\/strong> amb ells o elles.<\/li>\n<li>Agenda escolar: Mitjan\u00e7ant aquesta podeu fer consultes, comunicar qualsevol mena d&#8217;esdeveniments i justificar faltes d&#8217;assist\u00e8ncia dels infants.<\/li>\n<\/ul>\n","protected":false},"excerpt":{"rendered":"<p>Des de l&#8217;escola considerem que \u00e9s imprescindible que els diversos contextos dels infants estiguin\u00a0constantment en contacte per tal de garantir un bon funcionament i una bona estada escolar a l&#8217;alumnat. Per tal d&#8217;assolir aquest objectiu, l&#8217;entorn escolar utilitza diversos recursos i\/o medis de comunicaci\u00f3 per tal de poder mantenir una bona relaci\u00f3 entre l&#8217;escola i [&hellip;]<\/p>\n","protected":false},"author":1,"featured_media":0,"parent":5145,"menu_order":2,"comment_status":"closed","ping_status":"closed","template":"page-templates\/side-menu.php","meta":{"_bbp_topic_count":0,"_bbp_reply_count":0,"_bbp_total_topic_count":0,"_bbp_total_reply_count":0,"_bbp_voice_count":0,"_bbp_anonymous_reply_count":0,"_bbp_topic_count_hidden":0,"_bbp_reply_count_hidden":0,"_bbp_forum_subforum_count":0,"site-sidebar-layout":"default","site-content-layout":"","ast-site-content-layout":"","site-content-style":"default","site-sidebar-style":"default","ast-global-header-display":"","ast-banner-title-visibility":"","ast-main-header-display":"","ast-hfb-above-header-display":"","ast-hfb-below-header-display":"","ast-hfb-mobile-header-display":"","site-post-title":"","ast-breadcrumbs-content":"","ast-featured-img":"","footer-sml-layout":"","theme-transparent-header-meta":"","adv-header-id-meta":"","stick-header-meta":"","header-above-stick-meta":"","header-main-stick-meta":"","header-below-stick-meta":"","astra-migrate-meta-layouts":"default","ast-page-background-enabled":"default","ast-page-background-meta":{"desktop":{"background-color":"var(--ast-global-color-4)","background-image":"","background-repeat":"repeat","background-position":"center center","background-size":"auto","background-attachment":"scroll","background-type":"","background-media":"","overlay-type":"","overlay-color":"","overlay-opacity":"","overlay-gradient":""},"tablet":{"background-color":"","background-image":"","background-repeat":"repeat","background-position":"center center","background-size":"auto","background-attachment":"scroll","background-type":"","background-media":"","overlay-type":"","overlay-color":"","overlay-opacity":"","overlay-gradient":""},"mobile":{"background-color":"","background-image":"","background-repeat":"repeat","background-position":"center center","background-size":"auto","background-attachment":"scroll","background-type":"","background-media":"","overlay-type":"","overlay-color":"","overlay-opacity":"","overlay-gradient":""}},"ast-content-background-meta":{"desktop":{"background-color":"var(--ast-global-color-5)","background-image":"","background-repeat":"repeat","background-position":"center center","background-size":"auto","background-attachment":"scroll","background-type":"","background-media":"","overlay-type":"","overlay-color":"","overlay-opacity":"","overlay-gradient":""},"tablet":{"background-color":"var(--ast-global-color-5)","background-image":"","background-repeat":"repeat","background-position":"center center","background-size":"auto","background-attachment":"scroll","background-type":"","background-media":"","overlay-type":"","overlay-color":"","overlay-opacity":"","overlay-gradient":""},"mobile":{"background-color":"var(--ast-global-color-5)","background-image":"","background-repeat":"repeat","background-position":"center center","background-size":"auto","background-attachment":"scroll","background-type":"","background-media":"","overlay-type":"","overlay-color":"","overlay-opacity":"","overlay-gradient":""}},"footnotes":""},"class_list":["post-413","page","type-page","status-publish","hentry"],"post_mailing_queue_ids":[],"_links":{"self":[{"href":"https:\/\/agora.xtec.cat\/escolajmciurana\/wp-json\/wp\/v2\/pages\/413","targetHints":{"allow":["GET"]}}],"collection":[{"href":"https:\/\/agora.xtec.cat\/escolajmciurana\/wp-json\/wp\/v2\/pages"}],"about":[{"href":"https:\/\/agora.xtec.cat\/escolajmciurana\/wp-json\/wp\/v2\/types\/page"}],"author":[{"embeddable":true,"href":"https:\/\/agora.xtec.cat\/escolajmciurana\/wp-json\/wp\/v2\/users\/1"}],"replies":[{"embeddable":true,"href":"https:\/\/agora.xtec.cat\/escolajmciurana\/wp-json\/wp\/v2\/comments?post=413"}],"version-history":[{"count":5,"href":"https:\/\/agora.xtec.cat\/escolajmciurana\/wp-json\/wp\/v2\/pages\/413\/revisions"}],"predecessor-version":[{"id":7192,"href":"https:\/\/agora.xtec.cat\/escolajmciurana\/wp-json\/wp\/v2\/pages\/413\/revisions\/7192"}],"up":[{"embeddable":true,"href":"https:\/\/agora.xtec.cat\/escolajmciurana\/wp-json\/wp\/v2\/pages\/5145"}],"wp:attachment":[{"href":"https:\/\/agora.xtec.cat\/escolajmciurana\/wp-json\/wp\/v2\/media?parent=413"}],"curies":[{"name":"wp","href":"https:\/\/api.w.org\/{rel}","templated":true}]}}