{"id":28,"date":"2014-09-18T12:29:35","date_gmt":"2014-09-18T12:29:35","guid":{"rendered":"http:\/\/agora.xtec.cat\/escolajmciurana\/?page_id=28"},"modified":"2023-02-03T15:48:24","modified_gmt":"2023-02-03T14:48:24","slug":"consell-escolar","status":"publish","type":"page","link":"https:\/\/agora.xtec.cat\/escolajmciurana\/lescola\/consell-escolar\/","title":{"rendered":"Consell escolar"},"content":{"rendered":"<h3 style=\"text-align: left;\"><span style=\"text-decoration: underline;\"><b>Comissi\u00f3 Permanent<a href=\"https:\/\/agora.xtec.cat\/escolajmciurana\/wp-content\/uploads\/usu341\/2023\/02\/20120126_cocreacio.jpg\"><img loading=\"lazy\" decoding=\"async\" class=\" wp-image-7027 alignright\" src=\"https:\/\/agora.xtec.cat\/escolajmciurana\/wp-content\/uploads\/usu341\/2023\/02\/20120126_cocreacio.jpg\" alt=\"\" width=\"380\" height=\"314\" \/><\/a><\/b><\/span><\/h3>\n<div style=\"text-align: left;\" align=\"JUSTIFY\">\n<p><strong><span style=\"font-family: inherit;\">Est\u00e0 formada per:<\/span><\/strong><\/p>\n<\/div>\n<div style=\"text-align: left;\" align=\"JUSTIFY\">\n<p><span style=\"color: #000000;\">Equip directiu<\/span><\/p>\n<\/div>\n<div style=\"text-align: left;\" align=\"JUSTIFY\">\n<p><span style=\"color: #000000; font-family: inherit;\">Un representant del sector docent<\/span><\/p>\n<\/div>\n<div style=\"text-align: left;\" align=\"JUSTIFY\">\n<p><span style=\"color: #000000; font-family: inherit;\">Una persona del sector familiar<\/span><\/p>\n<p><b style=\"font-size: 1.6875em;\"><span style=\"font-family: inherit;\"><span style=\"text-decoration: underline;\">Comissi\u00f3 Econ\u00f2mica<\/span><\/span><\/b><\/p>\n<p><span style=\"font-family: inherit; font-size: 1em;\">Supervisa l&#8217;execuci\u00f3 pressupost\u00e0ria de l&#8217;escola i la liquidaci\u00f3 anual.<\/span><\/p>\n<\/div>\n<div style=\"text-align: left;\" align=\"JUSTIFY\">\n<p><strong><span style=\"font-family: inherit;\">Est\u00e0 formada per:<\/span><\/strong><\/p>\n<\/div>\n<div style=\"text-align: left;\" align=\"JUSTIFY\">\n<p><span style=\"color: #000000; font-family: inherit;\">El president: directora del centre<\/span><\/p>\n<\/div>\n<div style=\"text-align: left;\" align=\"JUSTIFY\">\n<p><span style=\"color: #000000; font-family: inherit;\">La secret\u00e0ria de l&#8217;escola<\/span><\/p>\n<\/div>\n<div style=\"text-align: left;\" align=\"JUSTIFY\">\n<div style=\"text-align: left;\" align=\"JUSTIFY\">\n<p><span style=\"color: #000000; font-family: inherit;\">Un representant del sector docent<\/span><\/p>\n<\/div>\n<div style=\"text-align: left;\" align=\"JUSTIFY\">\n<p><span style=\"color: #000000; font-family: inherit;\">Una persona del sector familiar<\/span><\/p>\n<\/div>\n<\/div>\n<div style=\"text-align: left;\" align=\"JUSTIFY\">\n<p><span style=\"font-family: inherit;\">Una representant de l\u2019Ajuntament<\/span><\/p>\n<\/div>\n<h3 class=\"western\" style=\"text-align: left;\"><span style=\"text-decoration: underline;\"><strong><span style=\"font-family: inherit;\">Comissi\u00f3 de Conviv\u00e8ncia<\/span><\/strong><\/span><\/h3>\n<div style=\"text-align: left;\" align=\"JUSTIFY\">\n<p style=\"text-align: left;\"><span style=\"color: #000000; font-family: inherit;\">El seu objectiu \u00e9s vetllar per la conviv\u00e8ncia i la cohesi\u00f3 social al centre.<\/span><\/p>\n<\/div>\n<div style=\"text-align: left;\" align=\"JUSTIFY\">\n<p><span style=\"color: #000000; font-family: inherit;\">Col\u00b7laborar en l&#8217;elaboraci\u00f3 i el desenvolupament del projecte de conviv\u00e8ncia del centre.<\/span><\/p>\n<\/div>\n<div style=\"text-align: left;\" align=\"JUSTIFY\"><\/div>\n<div style=\"text-align: left;\" align=\"JUSTIFY\">\n<p><strong><span style=\"color: #000000; font-family: inherit;\">Est\u00e0 formada per:<\/span><\/strong><\/p>\n<\/div>\n<div style=\"text-align: left;\" align=\"JUSTIFY\">\n<p><span style=\"color: #000000; font-family: inherit;\">El president: director del centre<\/span><\/p>\n<\/div>\n<div style=\"text-align: left;\" align=\"JUSTIFY\">\n<p><span style=\"color: #000000; font-family: inherit;\">La cap d\u2019estudis de l&#8217;escola<\/span><\/p>\n<\/div>\n<div style=\"text-align: left;\" align=\"JUSTIFY\">\n<div style=\"text-align: left;\" align=\"JUSTIFY\">\n<p><span style=\"color: #000000; font-family: inherit;\">Dos representants del sector docent<\/span><\/p>\n<p><span style=\"color: #000000; font-family: inherit; font-size: 1em;\">Dues persones del sector fam\u00edlies<\/span><\/p>\n<\/div>\n<p><span style=\"font-family: inherit; font-size: 1em;\">Un representat del PAS<\/span><\/p>\n<\/div>\n<h3 style=\"text-align: left;\" align=\"JUSTIFY\"><span style=\"text-decoration: underline;\"><b><span style=\"font-family: inherit;\">Comissi\u00f3 de Coeducaci\u00f3<\/span><\/b><\/span><\/h3>\n<div style=\"text-align: left;\" align=\"JUSTIFY\"><\/div>\n<div style=\"text-align: left;\" align=\"JUSTIFY\">\n<p><strong><span style=\"color: #000000; font-family: inherit;\">La seva funci\u00f3 \u00e9s:<\/span><\/strong><\/p>\n<\/div>\n<div style=\"text-align: left;\" align=\"JUSTIFY\">\n<p><span style=\"color: #000000; font-family: inherit;\">Promoure la igualtat d\u2019oportunitats de nenes i nens.<\/span><\/p>\n<\/div>\n<div style=\"text-align: left;\" align=\"JUSTIFY\">\n<p><span style=\"color: #000000; font-family: inherit;\">Incorporar la perspectiva de g\u00e8nere a l\u2019acci\u00f3 educativa.<\/span><\/p>\n<\/div>\n<div style=\"text-align: left;\" align=\"JUSTIFY\">\n<p><span style=\"font-family: inherit;\">Prevenir i gestionar comporament i actictuds discriminatoris per ra\u00f3 de g\u00e8nere.<\/span><\/p>\n<\/div>\n<div style=\"text-align: left;\" align=\"JUSTIFY\">\n<p><span style=\"color: #000000; font-family: inherit;\">Potenciar el reconeixement, la cooperaci\u00f3 i el respecte mutu.<\/span><\/p>\n<\/div>\n<div style=\"text-align: left;\" align=\"JUSTIFY\">\n<p><span style=\"color: #000000; font-family: inherit;\">Generar nous i millors models identitaris de masculinitat i feminitat.<\/span><\/p>\n<\/div>\n<div style=\"text-align: left;\" align=\"JUSTIFY\"><\/div>\n<div style=\"text-align: left;\" align=\"JUSTIFY\">\n<p><strong><span style=\"color: #000000; font-family: inherit;\">Est\u00e0 formada per:<\/span><\/strong><\/p>\n<\/div>\n<div style=\"text-align: left;\" align=\"JUSTIFY\">\n<p><span style=\"color: #000000; font-family: inherit;\">El president: director del centre<\/span><\/p>\n<\/div>\n<div style=\"text-align: left;\" align=\"JUSTIFY\">\n<p><span style=\"color: #000000; font-family: inherit;\">La cap d\u2019estudis de l&#8217;escola<\/span><\/p>\n<\/div>\n<div style=\"text-align: left;\" align=\"JUSTIFY\">\n<p><span style=\"color: #000000; font-family: inherit;\">Una representant del sector docent<\/span><\/p>\n<p><span style=\"color: #000000; font-family: inherit; font-size: 1em;\">Dues persones del sector fam\u00edlies<\/span><\/p>\n<\/div>\n<div style=\"text-align: left;\" align=\"JUSTIFY\">\n<h3><span style=\"text-decoration: underline;\"><b><span style=\"font-family: inherit;\">Comissi\u00f3 Reutilitzaci\u00f3 Llibres de Text<\/span><\/b><\/span><\/h3>\n<\/div>\n<div style=\"text-align: left;\" align=\"JUSTIFY\"><strong>\u00a0<\/strong><\/div>\n<div style=\"text-align: left;\" align=\"JUSTIFY\">\n<p><strong><span style=\"font-family: inherit;\">La seva funci\u00f3 \u00e9s:<\/span><\/strong><\/p>\n<\/div>\n<div style=\"text-align: left;\" align=\"JUSTIFY\">\n<p><span style=\"font-family: inherit;\">a) Supervisar l\u2019estat dels llibres a final de cada curs i de que el projecte plantejat es porti a terme adequadament.<\/span><\/p>\n<\/div>\n<div style=\"text-align: left;\" align=\"JUSTIFY\">\n<p><strong style=\"font-family: inherit; font-size: 1em;\"><span style=\"color: #000000; font-family: inherit;\">Est\u00e0 formada per:<\/span><\/strong><\/p>\n<\/div>\n<div style=\"text-align: left;\" align=\"JUSTIFY\">\n<p><span style=\"color: #000000; font-family: inherit;\">El president: director del centre<\/span><\/p>\n<\/div>\n<div style=\"text-align: left;\" align=\"JUSTIFY\">\n<p><span style=\"color: #000000; font-family: inherit;\">La secret\u00e0ria de l&#8217;escola<\/span><\/p>\n<\/div>\n<div style=\"text-align: left;\" align=\"JUSTIFY\">\n<p><span style=\"color: #000000; font-family: inherit;\">Dos representants del sector docent<\/span><\/p>\n<p><span style=\"color: #000000; font-family: inherit; font-size: 1em;\">Dues persones del sector fam\u00edlies<\/span><\/p>\n<\/div>\n<div style=\"text-align: left;\" align=\"JUSTIFY\">\n<p><span style=\"color: #000000; font-family: inherit; font-size: 1em;\">Un membre del PAE<\/span><\/p>\n<\/div>\n<div style=\"text-align: left;\" align=\"JUSTIFY\"><\/div>\n<div style=\"text-align: left;\" align=\"JUSTIFY\"><\/div>\n<div style=\"text-align: left;\" align=\"JUSTIFY\"><\/div>\n<div align=\"JUSTIFY\"><\/div>\n","protected":false},"excerpt":{"rendered":"<p>Comissi\u00f3 Permanent Est\u00e0 formada per: Equip directiu Un representant del sector docent Una persona del sector familiar Comissi\u00f3 Econ\u00f2mica Supervisa l&#8217;execuci\u00f3 pressupost\u00e0ria de l&#8217;escola i la liquidaci\u00f3 anual. Est\u00e0 formada per: El president: directora del centre La secret\u00e0ria de l&#8217;escola Un representant del sector docent Una persona del sector familiar Una representant de l\u2019Ajuntament Comissi\u00f3 [&hellip;]<\/p>\n","protected":false},"author":2,"featured_media":0,"parent":22,"menu_order":30,"comment_status":"closed","ping_status":"closed","template":"page-templates\/side-menu.php","meta":{"_bbp_topic_count":0,"_bbp_reply_count":0,"_bbp_total_topic_count":0,"_bbp_total_reply_count":0,"_bbp_voice_count":0,"_bbp_anonymous_reply_count":0,"_bbp_topic_count_hidden":0,"_bbp_reply_count_hidden":0,"_bbp_forum_subforum_count":0,"site-sidebar-layout":"default","site-content-layout":"","ast-site-content-layout":"","site-content-style":"default","site-sidebar-style":"default","ast-global-header-display":"","ast-banner-title-visibility":"","ast-main-header-display":"","ast-hfb-above-header-display":"","ast-hfb-below-header-display":"","ast-hfb-mobile-header-display":"","site-post-title":"","ast-breadcrumbs-content":"","ast-featured-img":"","footer-sml-layout":"","theme-transparent-header-meta":"","adv-header-id-meta":"","stick-header-meta":"","header-above-stick-meta":"","header-main-stick-meta":"","header-below-stick-meta":"","astra-migrate-meta-layouts":"default","ast-page-background-enabled":"default","ast-page-background-meta":{"desktop":{"background-color":"var(--ast-global-color-4)","background-image":"","background-repeat":"repeat","background-position":"center center","background-size":"auto","background-attachment":"scroll","background-type":"","background-media":"","overlay-type":"","overlay-color":"","overlay-opacity":"","overlay-gradient":""},"tablet":{"background-color":"","background-image":"","background-repeat":"repeat","background-position":"center center","background-size":"auto","background-attachment":"scroll","background-type":"","background-media":"","overlay-type":"","overlay-color":"","overlay-opacity":"","overlay-gradient":""},"mobile":{"background-color":"","background-image":"","background-repeat":"repeat","background-position":"center center","background-size":"auto","background-attachment":"scroll","background-type":"","background-media":"","overlay-type":"","overlay-color":"","overlay-opacity":"","overlay-gradient":""}},"ast-content-background-meta":{"desktop":{"background-color":"var(--ast-global-color-5)","background-image":"","background-repeat":"repeat","background-position":"center center","background-size":"auto","background-attachment":"scroll","background-type":"","background-media":"","overlay-type":"","overlay-color":"","overlay-opacity":"","overlay-gradient":""},"tablet":{"background-color":"var(--ast-global-color-5)","background-image":"","background-repeat":"repeat","background-position":"center center","background-size":"auto","background-attachment":"scroll","background-type":"","background-media":"","overlay-type":"","overlay-color":"","overlay-opacity":"","overlay-gradient":""},"mobile":{"background-color":"var(--ast-global-color-5)","background-image":"","background-repeat":"repeat","background-position":"center center","background-size":"auto","background-attachment":"scroll","background-type":"","background-media":"","overlay-type":"","overlay-color":"","overlay-opacity":"","overlay-gradient":""}},"footnotes":""},"class_list":["post-28","page","type-page","status-publish","hentry"],"post_mailing_queue_ids":[],"_links":{"self":[{"href":"https:\/\/agora.xtec.cat\/escolajmciurana\/wp-json\/wp\/v2\/pages\/28","targetHints":{"allow":["GET"]}}],"collection":[{"href":"https:\/\/agora.xtec.cat\/escolajmciurana\/wp-json\/wp\/v2\/pages"}],"about":[{"href":"https:\/\/agora.xtec.cat\/escolajmciurana\/wp-json\/wp\/v2\/types\/page"}],"author":[{"embeddable":true,"href":"https:\/\/agora.xtec.cat\/escolajmciurana\/wp-json\/wp\/v2\/users\/2"}],"replies":[{"embeddable":true,"href":"https:\/\/agora.xtec.cat\/escolajmciurana\/wp-json\/wp\/v2\/comments?post=28"}],"version-history":[{"count":4,"href":"https:\/\/agora.xtec.cat\/escolajmciurana\/wp-json\/wp\/v2\/pages\/28\/revisions"}],"predecessor-version":[{"id":7029,"href":"https:\/\/agora.xtec.cat\/escolajmciurana\/wp-json\/wp\/v2\/pages\/28\/revisions\/7029"}],"up":[{"embeddable":true,"href":"https:\/\/agora.xtec.cat\/escolajmciurana\/wp-json\/wp\/v2\/pages\/22"}],"wp:attachment":[{"href":"https:\/\/agora.xtec.cat\/escolajmciurana\/wp-json\/wp\/v2\/media?parent=28"}],"curies":[{"name":"wp","href":"https:\/\/api.w.org\/{rel}","templated":true}]}}