{"id":212,"date":"2015-04-22T11:03:45","date_gmt":"2015-04-22T10:03:45","guid":{"rendered":"http:\/\/agora.xtec.cat\/escolajmciurana\/?page_id=212"},"modified":"2021-09-10T13:08:30","modified_gmt":"2021-09-10T11:08:30","slug":"documentsdescarregables","status":"publish","type":"page","link":"https:\/\/agora.xtec.cat\/escolajmciurana\/documentsdescarregables\/","title":{"rendered":"Documents descarregables"},"content":{"rendered":"<h5 style=\"text-align: left;\"><span style=\"color: #000000;\">En aquest apartat teniu els documents del centre que poden ser d&#8217;utilitat per a tothom.<\/span><\/h5>\n<p><a href=\"https:\/\/drive.google.com\/file\/d\/11Qv1-52V2862oK9aKxj7k_yjNOAltgJP\/view?usp=sharing\">CARTA DE COMPROM\u00cdS <\/a><\/p>\n<p><a href=\"https:\/\/drive.google.com\/file\/d\/0B_N82540Mr2ybGJDdmd2Sk85S00\/view?usp=sharing\">ACTUALITZACI\u00d3 DE\u00a0DADES FAMILIARS<\/a><\/p>\n<p style=\"text-align: left;\"><a href=\"https:\/\/drive.google.com\/file\/d\/1R6iLpwprtGBzTwL-HZnDT7Otr6-_qPwI\/view?usp=sharing\">AUTORITZACI\u00d3 ADMINISTRACI\u00d3 DE MEDICAMENTS<\/a><\/p>\n<p style=\"text-align: left;\"><a href=\"https:\/\/drive.google.com\/file\/d\/1T9YN5rnY70jytS5HNZjWZPTtPm3UkY1z\/view?usp=sharing\">AUTORITZACI\u00d3 ADMINISTRACI\u00d3 PARACETAMOL<\/a><\/p>\n<p style=\"text-align: left;\"><a href=\"https:\/\/drive.google.com\/file\/d\/0B_N82540Mr2yMG1sSjZnSFlLOUE\/view?usp=sharing\">AUTORITZACI\u00d3 \u00a0SORTIDES (MARXAR SOLS)<\/a><\/p>\n<p><a href=\"https:\/\/drive.google.com\/file\/d\/1aq-aZ2u6Ic2fLzkGPUnh3nvtBMLA38-O\/view?usp=sharing\">DECLARACI\u00d3 DE L&#8217;ESTAT DE SALUT<\/a><\/p>\n<p><a href=\"https:\/\/docs.google.com\/document\/d\/1eF55JJlnOoreRPCBHgUc1e3gV-Z-xhmB\/edit?usp=sharing&amp;ouid=117241572981425039918&amp;rtpof=true&amp;sd=true\">ACC\u00c9S CONNECTIVITAT<\/a><\/p>\n","protected":false},"excerpt":{"rendered":"<p>En aquest apartat teniu els documents del centre que poden ser d&#8217;utilitat per a tothom. CARTA DE COMPROM\u00cdS ACTUALITZACI\u00d3 DE\u00a0DADES FAMILIARS AUTORITZACI\u00d3 ADMINISTRACI\u00d3 DE MEDICAMENTS AUTORITZACI\u00d3 ADMINISTRACI\u00d3 PARACETAMOL AUTORITZACI\u00d3 \u00a0SORTIDES (MARXAR SOLS) DECLARACI\u00d3 DE L&#8217;ESTAT DE SALUT ACC\u00c9S CONNECTIVITAT<\/p>\n","protected":false},"author":1,"featured_media":0,"parent":0,"menu_order":0,"comment_status":"closed","ping_status":"closed","template":"","meta":{"_bbp_topic_count":0,"_bbp_reply_count":0,"_bbp_total_topic_count":0,"_bbp_total_reply_count":0,"_bbp_voice_count":0,"_bbp_anonymous_reply_count":0,"_bbp_topic_count_hidden":0,"_bbp_reply_count_hidden":0,"_bbp_forum_subforum_count":0,"site-sidebar-layout":"default","site-content-layout":"","ast-site-content-layout":"","site-content-style":"default","site-sidebar-style":"default","ast-global-header-display":"","ast-banner-title-visibility":"","ast-main-header-display":"","ast-hfb-above-header-display":"","ast-hfb-below-header-display":"","ast-hfb-mobile-header-display":"","site-post-title":"","ast-breadcrumbs-content":"","ast-featured-img":"","footer-sml-layout":"","theme-transparent-header-meta":"","adv-header-id-meta":"","stick-header-meta":"","header-above-stick-meta":"","header-main-stick-meta":"","header-below-stick-meta":"","astra-migrate-meta-layouts":"default","ast-page-background-enabled":"default","ast-page-background-meta":{"desktop":{"background-color":"var(--ast-global-color-4)","background-image":"","background-repeat":"repeat","background-position":"center center","background-size":"auto","background-attachment":"scroll","background-type":"","background-media":"","overlay-type":"","overlay-color":"","overlay-opacity":"","overlay-gradient":""},"tablet":{"background-color":"","background-image":"","background-repeat":"repeat","background-position":"center center","background-size":"auto","background-attachment":"scroll","background-type":"","background-media":"","overlay-type":"","overlay-color":"","overlay-opacity":"","overlay-gradient":""},"mobile":{"background-color":"","background-image":"","background-repeat":"repeat","background-position":"center center","background-size":"auto","background-attachment":"scroll","background-type":"","background-media":"","overlay-type":"","overlay-color":"","overlay-opacity":"","overlay-gradient":""}},"ast-content-background-meta":{"desktop":{"background-color":"var(--ast-global-color-5)","background-image":"","background-repeat":"repeat","background-position":"center center","background-size":"auto","background-attachment":"scroll","background-type":"","background-media":"","overlay-type":"","overlay-color":"","overlay-opacity":"","overlay-gradient":""},"tablet":{"background-color":"var(--ast-global-color-5)","background-image":"","background-repeat":"repeat","background-position":"center center","background-size":"auto","background-attachment":"scroll","background-type":"","background-media":"","overlay-type":"","overlay-color":"","overlay-opacity":"","overlay-gradient":""},"mobile":{"background-color":"var(--ast-global-color-5)","background-image":"","background-repeat":"repeat","background-position":"center center","background-size":"auto","background-attachment":"scroll","background-type":"","background-media":"","overlay-type":"","overlay-color":"","overlay-opacity":"","overlay-gradient":""}},"footnotes":""},"class_list":["post-212","page","type-page","status-publish","hentry"],"post_mailing_queue_ids":[],"_links":{"self":[{"href":"https:\/\/agora.xtec.cat\/escolajmciurana\/wp-json\/wp\/v2\/pages\/212","targetHints":{"allow":["GET"]}}],"collection":[{"href":"https:\/\/agora.xtec.cat\/escolajmciurana\/wp-json\/wp\/v2\/pages"}],"about":[{"href":"https:\/\/agora.xtec.cat\/escolajmciurana\/wp-json\/wp\/v2\/types\/page"}],"author":[{"embeddable":true,"href":"https:\/\/agora.xtec.cat\/escolajmciurana\/wp-json\/wp\/v2\/users\/1"}],"replies":[{"embeddable":true,"href":"https:\/\/agora.xtec.cat\/escolajmciurana\/wp-json\/wp\/v2\/comments?post=212"}],"version-history":[{"count":4,"href":"https:\/\/agora.xtec.cat\/escolajmciurana\/wp-json\/wp\/v2\/pages\/212\/revisions"}],"predecessor-version":[{"id":6188,"href":"https:\/\/agora.xtec.cat\/escolajmciurana\/wp-json\/wp\/v2\/pages\/212\/revisions\/6188"}],"wp:attachment":[{"href":"https:\/\/agora.xtec.cat\/escolajmciurana\/wp-json\/wp\/v2\/media?parent=212"}],"curies":[{"name":"wp","href":"https:\/\/api.w.org\/{rel}","templated":true}]}}