{"id":534,"date":"2018-04-17T16:00:20","date_gmt":"2018-04-17T14:00:20","guid":{"rendered":"http:\/\/agora.xtec.cat\/escolajjrafols\/?page_id=534"},"modified":"2023-12-15T12:05:26","modified_gmt":"2023-12-15T11:05:26","slug":"projecte-educatiu-de-centre","status":"publish","type":"page","link":"https:\/\/agora.xtec.cat\/escolajjrafols\/projecte-educatiu-2\/projecte-educatiu-de-centre\/","title":{"rendered":"Projecte Ling\u00fc\u00edstic"},"content":{"rendered":"<div style=\"text-align: center;\">\n<div style=\"margin: 8px 0px 4px;\">A l&#8217;enlla\u00e7 seg\u00fcent trobareu el Projecte Ling\u00fc\u00edstic de l&#8217;escola:<\/div>\n<\/div>\n<div><\/div>\n<div><\/div>\n<div><\/div>\n<div style=\"text-align: center;\"><a href=\"https:\/\/agora.xtec.cat\/escolajjrafols\/wp-content\/uploads\/usu1828\/2023\/12\/PROJECTE-LINGU\u0308I\u0301STIC.pdf\" target=\"_blank\" rel=\"noopener\">Projecte ling\u00fc\u00edstic<\/a><\/div>\n<div><\/div>\n<div>\n<div style=\"text-align: center;\">\n<div style=\"margin: 4px 0px 8px;\">\n<div style=\"text-align: center;\">\n<div style=\"margin: 4px 0px 8px;\"><\/div>\n<\/div>\n<\/div>\n<\/div>\n<\/div>\n<div style=\"text-align: center;\">\n<div style=\"margin: 8px 0px 4px;\"><\/div>\n<\/div>\n<div><\/div>\n<div><\/div>\n","protected":false},"excerpt":{"rendered":"<p>A l&#8217;enlla\u00e7 seg\u00fcent trobareu el Projecte Ling\u00fc\u00edstic de l&#8217;escola:<\/p>\n<p><a href=\"https:\/\/agora.xtec.cat\/escolajjrafols\/wp-content\/uploads\/usu1828\/2023\/12\/PROJECTE-LINGU\u0308I\u0301STIC.pdf\" target=\"_blank\" rel=\"noopener\">Projecte ling\u00fc\u00edstic<\/a><\/p>\n","protected":false},"author":1,"featured_media":0,"parent":857,"menu_order":1,"comment_status":"closed","ping_status":"closed","template":"page-templates\/side-menu.php","meta":{"_bbp_topic_count":0,"_bbp_reply_count":0,"_bbp_total_topic_count":0,"_bbp_total_reply_count":0,"_bbp_voice_count":0,"_bbp_anonymous_reply_count":0,"_bbp_topic_count_hidden":0,"_bbp_reply_count_hidden":0,"_bbp_forum_subforum_count":0,"footnotes":""},"class_list":["post-534","page","type-page","status-publish","hentry"],"post_mailing_queue_ids":[],"_links":{"self":[{"href":"https:\/\/agora.xtec.cat\/escolajjrafols\/wp-json\/wp\/v2\/pages\/534","targetHints":{"allow":["GET"]}}],"collection":[{"href":"https:\/\/agora.xtec.cat\/escolajjrafols\/wp-json\/wp\/v2\/pages"}],"about":[{"href":"https:\/\/agora.xtec.cat\/escolajjrafols\/wp-json\/wp\/v2\/types\/page"}],"author":[{"embeddable":true,"href":"https:\/\/agora.xtec.cat\/escolajjrafols\/wp-json\/wp\/v2\/users\/1"}],"replies":[{"embeddable":true,"href":"https:\/\/agora.xtec.cat\/escolajjrafols\/wp-json\/wp\/v2\/comments?post=534"}],"version-history":[{"count":6,"href":"https:\/\/agora.xtec.cat\/escolajjrafols\/wp-json\/wp\/v2\/pages\/534\/revisions"}],"predecessor-version":[{"id":2868,"href":"https:\/\/agora.xtec.cat\/escolajjrafols\/wp-json\/wp\/v2\/pages\/534\/revisions\/2868"}],"up":[{"embeddable":true,"href":"https:\/\/agora.xtec.cat\/escolajjrafols\/wp-json\/wp\/v2\/pages\/857"}],"wp:attachment":[{"href":"https:\/\/agora.xtec.cat\/escolajjrafols\/wp-json\/wp\/v2\/media?parent=534"}],"curies":[{"name":"wp","href":"https:\/\/api.w.org\/{rel}","templated":true}]}}