{"id":2985,"date":"2024-01-30T16:23:09","date_gmt":"2024-01-30T15:23:09","guid":{"rendered":"https:\/\/agora.xtec.cat\/escolajjrafols\/?page_id=2985"},"modified":"2024-01-30T16:28:55","modified_gmt":"2024-01-30T15:28:55","slug":"concurs-del-logo-cete","status":"publish","type":"page","link":"https:\/\/agora.xtec.cat\/escolajjrafols\/concurs-del-logo-cete\/","title":{"rendered":"Concurs del Logo CETE+"},"content":{"rendered":"<p>Els infants i els docents de l\u2019escola han participat en la votaci\u00f3 del logotip Erasmus+ del nostre centre. Per majoria hem triat el nostre representant. El logotip guanyador ha estat el de la Merc\u00e8 Mariages. Moltes felicitats a la guanyadora! Aquest logotip ara passa a formar part d&#8217;un concurs m\u00e9s gran per ser escollit com a Logotip del Projecte Erasmus+ a nivell de Catalunya.<\/p>\n<p><img loading=\"lazy\" decoding=\"async\" class=\"aligncenter size-large wp-image-2989\" src=\"https:\/\/agora.xtec.cat\/escolajjrafols\/wp-content\/uploads\/usu1828\/2024\/01\/LOGO-CETE-ESCOLA-J.J.-RAFOLS-1024x1024.jpg\" alt=\"\" width=\"1024\" height=\"1024\" srcset=\"https:\/\/agora.xtec.cat\/escolajjrafols\/wp-content\/uploads\/usu1828\/2024\/01\/LOGO-CETE-ESCOLA-J.J.-RAFOLS-1024x1024.jpg 1024w, https:\/\/agora.xtec.cat\/escolajjrafols\/wp-content\/uploads\/usu1828\/2024\/01\/LOGO-CETE-ESCOLA-J.J.-RAFOLS-300x300.jpg 300w, https:\/\/agora.xtec.cat\/escolajjrafols\/wp-content\/uploads\/usu1828\/2024\/01\/LOGO-CETE-ESCOLA-J.J.-RAFOLS-150x150.jpg 150w, https:\/\/agora.xtec.cat\/escolajjrafols\/wp-content\/uploads\/usu1828\/2024\/01\/LOGO-CETE-ESCOLA-J.J.-RAFOLS-768x768.jpg 768w, https:\/\/agora.xtec.cat\/escolajjrafols\/wp-content\/uploads\/usu1828\/2024\/01\/LOGO-CETE-ESCOLA-J.J.-RAFOLS.jpg 1200w\" sizes=\"auto, (max-width: 1024px) 100vw, 1024px\" \/><\/p>\n<p>&nbsp;<\/p>\n<p><i>El projecte Erasmus est\u00e0 cofinan\u00e7at\u00a0pel programa Erasmus+ de la Uni\u00f3 Europea. El contingut d\u2019aquestes publicacions \u00e9s responsabilitat exclusiva de l\u2019escola J.J. R\u00e0fols i ni la Comissi\u00f3 Europea, ni el Servei Espanyol per a la Internacionalitzaci\u00f3 de l\u2019Educaci\u00f3 (SEPIE) s\u00f3n responsables de l\u2019\u00fas que es pugui fer de la informaci\u00f3 aqu\u00ed difosa.\u00a0<\/i><\/p>\n<p><img loading=\"lazy\" decoding=\"async\" class=\"aligncenter size-large wp-image-2978\" src=\"https:\/\/agora.xtec.cat\/escolajjrafols\/wp-content\/uploads\/usu1828\/2024\/01\/logos-1024x96.jpg\" alt=\"\" width=\"1024\" height=\"96\" srcset=\"https:\/\/agora.xtec.cat\/escolajjrafols\/wp-content\/uploads\/usu1828\/2024\/01\/logos-1024x96.jpg 1024w, https:\/\/agora.xtec.cat\/escolajjrafols\/wp-content\/uploads\/usu1828\/2024\/01\/logos-300x28.jpg 300w, https:\/\/agora.xtec.cat\/escolajjrafols\/wp-content\/uploads\/usu1828\/2024\/01\/logos-768x72.jpg 768w, https:\/\/agora.xtec.cat\/escolajjrafols\/wp-content\/uploads\/usu1828\/2024\/01\/logos.jpg 1331w\" sizes=\"auto, (max-width: 1024px) 100vw, 1024px\" \/><\/p>\n","protected":false},"excerpt":{"rendered":"<p>Els infants i els docents de l\u2019escola han participat en la votaci\u00f3 del logotip Erasmus+ del nostre centre. Per majoria hem triat el nostre representant. El logotip guanyador ha estat el de la Merc\u00e8 Mariages. Moltes felicitats a la guanyadora! Aquest logotip ara passa a&hellip;  <a href=\"https:\/\/agora.xtec.cat\/escolajjrafols\/concurs-del-logo-cete\/\" title=\"Read Concurs del Logo CETE+\">Llegeix m\u00e9s\u00bb<\/a><\/p>\n","protected":false},"author":1,"featured_media":0,"parent":0,"menu_order":0,"comment_status":"closed","ping_status":"closed","template":"","meta":{"_bbp_topic_count":0,"_bbp_reply_count":0,"_bbp_total_topic_count":0,"_bbp_total_reply_count":0,"_bbp_voice_count":0,"_bbp_anonymous_reply_count":0,"_bbp_topic_count_hidden":0,"_bbp_reply_count_hidden":0,"_bbp_forum_subforum_count":0,"footnotes":""},"class_list":["post-2985","page","type-page","status-publish","hentry"],"post_mailing_queue_ids":[],"_links":{"self":[{"href":"https:\/\/agora.xtec.cat\/escolajjrafols\/wp-json\/wp\/v2\/pages\/2985","targetHints":{"allow":["GET"]}}],"collection":[{"href":"https:\/\/agora.xtec.cat\/escolajjrafols\/wp-json\/wp\/v2\/pages"}],"about":[{"href":"https:\/\/agora.xtec.cat\/escolajjrafols\/wp-json\/wp\/v2\/types\/page"}],"author":[{"embeddable":true,"href":"https:\/\/agora.xtec.cat\/escolajjrafols\/wp-json\/wp\/v2\/users\/1"}],"replies":[{"embeddable":true,"href":"https:\/\/agora.xtec.cat\/escolajjrafols\/wp-json\/wp\/v2\/comments?post=2985"}],"version-history":[{"count":2,"href":"https:\/\/agora.xtec.cat\/escolajjrafols\/wp-json\/wp\/v2\/pages\/2985\/revisions"}],"predecessor-version":[{"id":2990,"href":"https:\/\/agora.xtec.cat\/escolajjrafols\/wp-json\/wp\/v2\/pages\/2985\/revisions\/2990"}],"wp:attachment":[{"href":"https:\/\/agora.xtec.cat\/escolajjrafols\/wp-json\/wp\/v2\/media?parent=2985"}],"curies":[{"name":"wp","href":"https:\/\/api.w.org\/{rel}","templated":true}]}}