{"id":2968,"date":"2024-01-30T15:50:25","date_gmt":"2024-01-30T14:50:25","guid":{"rendered":"https:\/\/agora.xtec.cat\/escolajjrafols\/?page_id=2968"},"modified":"2024-01-30T16:16:28","modified_gmt":"2024-01-30T15:16:28","slug":"mobilitats-3","status":"publish","type":"page","link":"https:\/\/agora.xtec.cat\/escolajjrafols\/mobilitats-3\/","title":{"rendered":"Mobilitats"},"content":{"rendered":"<h5>Al llarg d\u2019aquest projecte diferents docents participaran en mobilitats en altres escoles europees, per tal de realitzar els anomenats \u201cjob shadowing\u201d. La finalitat d\u2019aquestes s\u00f3n assolir els objectius plantejats, tot refor\u00e7ant la internacionalitzaci\u00f3 dels centres permetent la transformaci\u00f3 educativa i millora que busquem.<\/h5>\n<p>&nbsp;<\/p>\n<p><i>El projecte Erasmus est\u00e0 cofinan\u00e7at\u00a0pel programa Erasmus+ de la Uni\u00f3 Europea. El contingut d&#8217;aquestes publicacions \u00e9s responsabilitat exclusiva de l&#8217;escola J.J. R\u00e0fols i ni la Comissi\u00f3 Europea, ni el Servei Espanyol per a la Internacionalitzaci\u00f3 de l&#8217;Educaci\u00f3 (SEPIE) s\u00f3n responsables de l&#8217;\u00fas que es pugui fer de la informaci\u00f3 aqu\u00ed difosa.\u00a0<\/i><\/p>\n<p><img loading=\"lazy\" decoding=\"async\" class=\"aligncenter size-large wp-image-2978\" src=\"https:\/\/agora.xtec.cat\/escolajjrafols\/wp-content\/uploads\/usu1828\/2024\/01\/logos-1024x96.jpg\" alt=\"\" width=\"1024\" height=\"96\" srcset=\"https:\/\/agora.xtec.cat\/escolajjrafols\/wp-content\/uploads\/usu1828\/2024\/01\/logos-1024x96.jpg 1024w, https:\/\/agora.xtec.cat\/escolajjrafols\/wp-content\/uploads\/usu1828\/2024\/01\/logos-300x28.jpg 300w, https:\/\/agora.xtec.cat\/escolajjrafols\/wp-content\/uploads\/usu1828\/2024\/01\/logos-768x72.jpg 768w, https:\/\/agora.xtec.cat\/escolajjrafols\/wp-content\/uploads\/usu1828\/2024\/01\/logos.jpg 1331w\" sizes=\"auto, (max-width: 1024px) 100vw, 1024px\" \/><\/p>\n","protected":false},"excerpt":{"rendered":"<p>Al llarg d\u2019aquest projecte diferents docents participaran en mobilitats en altres escoles europees, per tal de realitzar els anomenats \u201cjob shadowing\u201d. La finalitat d\u2019aquestes s\u00f3n assolir els objectius plantejats, tot refor\u00e7ant la internacionalitzaci\u00f3 dels centres permetent la transformaci\u00f3 educativa i millora que busquem.<br \/>\n&nbsp;<br \/>\nEl projecte Erasmus&hellip;  <a href=\"https:\/\/agora.xtec.cat\/escolajjrafols\/mobilitats-3\/\" title=\"Read Mobilitats\">Llegeix m\u00e9s\u00bb<\/a><\/p>\n","protected":false},"author":1,"featured_media":0,"parent":0,"menu_order":0,"comment_status":"closed","ping_status":"closed","template":"","meta":{"_bbp_topic_count":0,"_bbp_reply_count":0,"_bbp_total_topic_count":0,"_bbp_total_reply_count":0,"_bbp_voice_count":0,"_bbp_anonymous_reply_count":0,"_bbp_topic_count_hidden":0,"_bbp_reply_count_hidden":0,"_bbp_forum_subforum_count":0,"footnotes":""},"class_list":["post-2968","page","type-page","status-publish","hentry"],"post_mailing_queue_ids":[],"_links":{"self":[{"href":"https:\/\/agora.xtec.cat\/escolajjrafols\/wp-json\/wp\/v2\/pages\/2968","targetHints":{"allow":["GET"]}}],"collection":[{"href":"https:\/\/agora.xtec.cat\/escolajjrafols\/wp-json\/wp\/v2\/pages"}],"about":[{"href":"https:\/\/agora.xtec.cat\/escolajjrafols\/wp-json\/wp\/v2\/types\/page"}],"author":[{"embeddable":true,"href":"https:\/\/agora.xtec.cat\/escolajjrafols\/wp-json\/wp\/v2\/users\/1"}],"replies":[{"embeddable":true,"href":"https:\/\/agora.xtec.cat\/escolajjrafols\/wp-json\/wp\/v2\/comments?post=2968"}],"version-history":[{"count":3,"href":"https:\/\/agora.xtec.cat\/escolajjrafols\/wp-json\/wp\/v2\/pages\/2968\/revisions"}],"predecessor-version":[{"id":2982,"href":"https:\/\/agora.xtec.cat\/escolajjrafols\/wp-json\/wp\/v2\/pages\/2968\/revisions\/2982"}],"wp:attachment":[{"href":"https:\/\/agora.xtec.cat\/escolajjrafols\/wp-json\/wp\/v2\/media?parent=2968"}],"curies":[{"name":"wp","href":"https:\/\/api.w.org\/{rel}","templated":true}]}}