{"id":2932,"date":"2024-01-30T13:18:11","date_gmt":"2024-01-30T12:18:11","guid":{"rendered":"https:\/\/agora.xtec.cat\/escolajjrafols\/?page_id=2932"},"modified":"2024-06-27T10:37:12","modified_gmt":"2024-06-27T08:37:12","slug":"transferencia-de-les-mobilitats","status":"publish","type":"page","link":"https:\/\/agora.xtec.cat\/escolajjrafols\/transferencia-de-les-mobilitats\/","title":{"rendered":"Transfer\u00e8ncia de les mobilitats"},"content":{"rendered":"<ul>\n<li>\n<h3>Transfer\u00e8ncia al claustre:<\/h3>\n<\/li>\n<li>Cro\u00e0cia<\/li>\n<\/ul>\n<p style=\"text-align: center;\"><a href=\"https:\/\/agora.xtec.cat\/escolajjrafols\/wp-content\/uploads\/usu1828\/2022\/06\/ERASMUS-.pdf\" target=\"_blank\" rel=\"noopener\">ERASMUS +<\/a><\/p>\n<p style=\"text-align: center;\"><a href=\"https:\/\/www.calameo.com\/books\/005552675734378c17165\" target=\"_blank\" rel=\"noopener\">Presentaci\u00f3<\/a><\/p>\n<p><img loading=\"lazy\" decoding=\"async\" class=\"aligncenter size-full wp-image-2507\" src=\"https:\/\/agora.xtec.cat\/escolajjrafols\/wp-content\/uploads\/usu1828\/2022\/06\/IMG-20220629-WA0008-1.jpg\" alt=\"\" width=\"1012\" height=\"768\" srcset=\"https:\/\/agora.xtec.cat\/escolajjrafols\/wp-content\/uploads\/usu1828\/2022\/06\/IMG-20220629-WA0008-1.jpg 1012w, https:\/\/agora.xtec.cat\/escolajjrafols\/wp-content\/uploads\/usu1828\/2022\/06\/IMG-20220629-WA0008-1-300x228.jpg 300w, https:\/\/agora.xtec.cat\/escolajjrafols\/wp-content\/uploads\/usu1828\/2022\/06\/IMG-20220629-WA0008-1-768x583.jpg 768w\" sizes=\"auto, (max-width: 1012px) 100vw, 1012px\" \/><\/p>\n<p>&nbsp;<\/p>\n<p><img loading=\"lazy\" decoding=\"async\" class=\"aligncenter size-full wp-image-2508\" src=\"https:\/\/agora.xtec.cat\/escolajjrafols\/wp-content\/uploads\/usu1828\/2022\/06\/IMG-20220629-WA0019-1.jpg\" alt=\"\" width=\"658\" height=\"688\" srcset=\"https:\/\/agora.xtec.cat\/escolajjrafols\/wp-content\/uploads\/usu1828\/2022\/06\/IMG-20220629-WA0019-1.jpg 658w, https:\/\/agora.xtec.cat\/escolajjrafols\/wp-content\/uploads\/usu1828\/2022\/06\/IMG-20220629-WA0019-1-287x300.jpg 287w\" sizes=\"auto, (max-width: 658px) 100vw, 658px\" \/><\/p>\n<h3>Transfer\u00e8ncia de cap d&#8217;estudis a centres de l&#8217;Alt Pened\u00e8s:<\/h3>\n<p style=\"text-align: center;\"><a href=\"https:\/\/agora.xtec.cat\/escolajjrafols\/wp-content\/uploads\/usu1828\/2024\/01\/EXPERIENCIES-ERASMUS_compressed.pdf\">EXPERI\u00c8NCIES ERASMUS<\/a><\/p>\n<ul>\n<li>It\u00e0lia i Finl\u00e0ndia<\/li>\n<\/ul>\n<p><img loading=\"lazy\" decoding=\"async\" class=\"aligncenter wp-image-3156 size-large\" src=\"https:\/\/agora.xtec.cat\/escolajjrafols\/wp-content\/uploads\/usu1828\/2024\/06\/unnamed-1-768x1024.jpg\" alt=\"\" width=\"768\" height=\"1024\" srcset=\"https:\/\/agora.xtec.cat\/escolajjrafols\/wp-content\/uploads\/usu1828\/2024\/06\/unnamed-1-768x1024.jpg 768w, https:\/\/agora.xtec.cat\/escolajjrafols\/wp-content\/uploads\/usu1828\/2024\/06\/unnamed-1-225x300.jpg 225w, https:\/\/agora.xtec.cat\/escolajjrafols\/wp-content\/uploads\/usu1828\/2024\/06\/unnamed-1-1152x1536.jpg 1152w, https:\/\/agora.xtec.cat\/escolajjrafols\/wp-content\/uploads\/usu1828\/2024\/06\/unnamed-1-1536x2048.jpg 1536w, https:\/\/agora.xtec.cat\/escolajjrafols\/wp-content\/uploads\/usu1828\/2024\/06\/unnamed-1-scaled.jpg 1920w\" sizes=\"auto, (max-width: 768px) 100vw, 768px\" \/><\/p>\n<p>&nbsp;<\/p>\n<p><img loading=\"lazy\" decoding=\"async\" class=\"aligncenter size-large wp-image-3157\" src=\"https:\/\/agora.xtec.cat\/escolajjrafols\/wp-content\/uploads\/usu1828\/2024\/06\/unnamed-2-1024x768.jpg\" alt=\"\" width=\"1024\" height=\"768\" srcset=\"https:\/\/agora.xtec.cat\/escolajjrafols\/wp-content\/uploads\/usu1828\/2024\/06\/unnamed-2-1024x768.jpg 1024w, https:\/\/agora.xtec.cat\/escolajjrafols\/wp-content\/uploads\/usu1828\/2024\/06\/unnamed-2-300x225.jpg 300w, https:\/\/agora.xtec.cat\/escolajjrafols\/wp-content\/uploads\/usu1828\/2024\/06\/unnamed-2-768x576.jpg 768w, https:\/\/agora.xtec.cat\/escolajjrafols\/wp-content\/uploads\/usu1828\/2024\/06\/unnamed-2-1536x1152.jpg 1536w, https:\/\/agora.xtec.cat\/escolajjrafols\/wp-content\/uploads\/usu1828\/2024\/06\/unnamed-2-2048x1536.jpg 2048w, https:\/\/agora.xtec.cat\/escolajjrafols\/wp-content\/uploads\/usu1828\/2024\/06\/unnamed-2-200x150.jpg 200w\" sizes=\"auto, (max-width: 1024px) 100vw, 1024px\" \/><\/p>\n<p>&nbsp;<\/p>\n<p><img loading=\"lazy\" decoding=\"async\" class=\"aligncenter size-large wp-image-3158\" src=\"https:\/\/agora.xtec.cat\/escolajjrafols\/wp-content\/uploads\/usu1828\/2024\/06\/unnamed-3-1024x768.jpg\" alt=\"\" width=\"1024\" height=\"768\" srcset=\"https:\/\/agora.xtec.cat\/escolajjrafols\/wp-content\/uploads\/usu1828\/2024\/06\/unnamed-3-1024x768.jpg 1024w, https:\/\/agora.xtec.cat\/escolajjrafols\/wp-content\/uploads\/usu1828\/2024\/06\/unnamed-3-300x225.jpg 300w, https:\/\/agora.xtec.cat\/escolajjrafols\/wp-content\/uploads\/usu1828\/2024\/06\/unnamed-3-768x576.jpg 768w, https:\/\/agora.xtec.cat\/escolajjrafols\/wp-content\/uploads\/usu1828\/2024\/06\/unnamed-3-1536x1152.jpg 1536w, https:\/\/agora.xtec.cat\/escolajjrafols\/wp-content\/uploads\/usu1828\/2024\/06\/unnamed-3-2048x1536.jpg 2048w, https:\/\/agora.xtec.cat\/escolajjrafols\/wp-content\/uploads\/usu1828\/2024\/06\/unnamed-3-200x150.jpg 200w\" sizes=\"auto, (max-width: 1024px) 100vw, 1024px\" \/><\/p>\n<p>&nbsp;<\/p>\n<p><img loading=\"lazy\" decoding=\"async\" class=\"aligncenter size-large wp-image-3159\" src=\"https:\/\/agora.xtec.cat\/escolajjrafols\/wp-content\/uploads\/usu1828\/2024\/06\/unnamed-1024x768.jpg\" alt=\"\" width=\"1024\" height=\"768\" srcset=\"https:\/\/agora.xtec.cat\/escolajjrafols\/wp-content\/uploads\/usu1828\/2024\/06\/unnamed-1024x768.jpg 1024w, https:\/\/agora.xtec.cat\/escolajjrafols\/wp-content\/uploads\/usu1828\/2024\/06\/unnamed-300x225.jpg 300w, https:\/\/agora.xtec.cat\/escolajjrafols\/wp-content\/uploads\/usu1828\/2024\/06\/unnamed-768x576.jpg 768w, https:\/\/agora.xtec.cat\/escolajjrafols\/wp-content\/uploads\/usu1828\/2024\/06\/unnamed-1536x1152.jpg 1536w, https:\/\/agora.xtec.cat\/escolajjrafols\/wp-content\/uploads\/usu1828\/2024\/06\/unnamed-2048x1536.jpg 2048w, https:\/\/agora.xtec.cat\/escolajjrafols\/wp-content\/uploads\/usu1828\/2024\/06\/unnamed-200x150.jpg 200w\" sizes=\"auto, (max-width: 1024px) 100vw, 1024px\" \/><\/p>\n<p><i>El projecte Erasmus est\u00e0 cofinan\u00e7at\u00a0pel programa Erasmus+ de la Uni\u00f3 Europea. El contingut d&#8217;aquestes publicacions \u00e9s responsabilitat exclusiva de l&#8217;escola J.J. R\u00e0fols i ni la Comissi\u00f3 Europea, ni el Servei Espanyol per a la Internacionalitzaci\u00f3 de l&#8217;Educaci\u00f3 (SEPIE) s\u00f3n responsables de l&#8217;\u00fas que es pugui fer de la informaci\u00f3 aqu\u00ed difosa.\u00a0<\/i><\/p>\n<p><img loading=\"lazy\" decoding=\"async\" class=\"aligncenter size-large wp-image-2978\" src=\"https:\/\/agora.xtec.cat\/escolajjrafols\/wp-content\/uploads\/usu1828\/2024\/01\/logos-1024x96.jpg\" alt=\"\" width=\"1024\" height=\"96\" srcset=\"https:\/\/agora.xtec.cat\/escolajjrafols\/wp-content\/uploads\/usu1828\/2024\/01\/logos-1024x96.jpg 1024w, https:\/\/agora.xtec.cat\/escolajjrafols\/wp-content\/uploads\/usu1828\/2024\/01\/logos-300x28.jpg 300w, https:\/\/agora.xtec.cat\/escolajjrafols\/wp-content\/uploads\/usu1828\/2024\/01\/logos-768x72.jpg 768w, https:\/\/agora.xtec.cat\/escolajjrafols\/wp-content\/uploads\/usu1828\/2024\/01\/logos.jpg 1331w\" sizes=\"auto, (max-width: 1024px) 100vw, 1024px\" \/><\/p>\n","protected":false},"excerpt":{"rendered":"<ul>\n<li>\nTransfer\u00e8ncia al claustre:\n<\/li>\n<li>Cro\u00e0cia<\/li>\n<\/ul>\n<p><a href=\"https:\/\/agora.xtec.cat\/escolajjrafols\/wp-content\/uploads\/usu1828\/2022\/06\/ERASMUS-.pdf\" target=\"_blank\" rel=\"noopener\">ERASMUS +<\/a><br \/>\n<a href=\"https:\/\/www.calameo.com\/books\/005552675734378c17165\" target=\"_blank\" rel=\"noopener\">Presentaci\u00f3<\/a><\/p>\n<p>&nbsp;<\/p>\n<p>Transfer\u00e8ncia de cap d&#8217;estudis a centres de l&#8217;Alt Pened\u00e8s:<br \/>\n<a href=\"https:\/\/agora.xtec.cat\/escolajjrafols\/wp-content\/uploads\/usu1828\/2024\/01\/EXPERIENCIES-ERASMUS_compressed.pdf\">EXPERI\u00c8NCIES ERASMUS<\/a><\/p>\n<ul>\n<li>It\u00e0lia i Finl\u00e0ndia<\/li>\n<\/ul>\n<p>&nbsp;<\/p>\n<p>&nbsp;<\/p>\n<p>&nbsp;<\/p>\n<p>El projecte Erasmus est\u00e0 cofinan\u00e7at\u00a0pel programa Erasmus+ de la Uni\u00f3 Europea. El contingut d&#8217;aquestes publicacions \u00e9s responsabilitat exclusiva de l&#8217;escola J.J. R\u00e0fols i ni&hellip;  <a href=\"https:\/\/agora.xtec.cat\/escolajjrafols\/transferencia-de-les-mobilitats\/\" title=\"Read Transfer\u00e8ncia de les mobilitats\">Llegeix m\u00e9s\u00bb<\/a><\/p>\n","protected":false},"author":1,"featured_media":0,"parent":0,"menu_order":0,"comment_status":"closed","ping_status":"closed","template":"","meta":{"_bbp_topic_count":0,"_bbp_reply_count":0,"_bbp_total_topic_count":0,"_bbp_total_reply_count":0,"_bbp_voice_count":0,"_bbp_anonymous_reply_count":0,"_bbp_topic_count_hidden":0,"_bbp_reply_count_hidden":0,"_bbp_forum_subforum_count":0,"footnotes":""},"class_list":["post-2932","page","type-page","status-publish","hentry"],"post_mailing_queue_ids":[],"_links":{"self":[{"href":"https:\/\/agora.xtec.cat\/escolajjrafols\/wp-json\/wp\/v2\/pages\/2932","targetHints":{"allow":["GET"]}}],"collection":[{"href":"https:\/\/agora.xtec.cat\/escolajjrafols\/wp-json\/wp\/v2\/pages"}],"about":[{"href":"https:\/\/agora.xtec.cat\/escolajjrafols\/wp-json\/wp\/v2\/types\/page"}],"author":[{"embeddable":true,"href":"https:\/\/agora.xtec.cat\/escolajjrafols\/wp-json\/wp\/v2\/users\/1"}],"replies":[{"embeddable":true,"href":"https:\/\/agora.xtec.cat\/escolajjrafols\/wp-json\/wp\/v2\/comments?post=2932"}],"version-history":[{"count":6,"href":"https:\/\/agora.xtec.cat\/escolajjrafols\/wp-json\/wp\/v2\/pages\/2932\/revisions"}],"predecessor-version":[{"id":3161,"href":"https:\/\/agora.xtec.cat\/escolajjrafols\/wp-json\/wp\/v2\/pages\/2932\/revisions\/3161"}],"wp:attachment":[{"href":"https:\/\/agora.xtec.cat\/escolajjrafols\/wp-json\/wp\/v2\/media?parent=2932"}],"curies":[{"name":"wp","href":"https:\/\/api.w.org\/{rel}","templated":true}]}}