{"id":2930,"date":"2024-01-30T13:18:11","date_gmt":"2024-01-30T12:18:11","guid":{"rendered":"https:\/\/agora.xtec.cat\/escolajjrafols\/?page_id=2930"},"modified":"2024-01-30T16:17:13","modified_gmt":"2024-01-30T15:17:13","slug":"presentacio-i-objectius","status":"publish","type":"page","link":"https:\/\/agora.xtec.cat\/escolajjrafols\/presentacio-i-objectius\/","title":{"rendered":"Presentaci\u00f3 i Objectius"},"content":{"rendered":"<h1 class=\"western\">QU\u00c8 \u00c9S?<\/h1>\n<h5>\u00c9s un programa de la Uni\u00f3 Europea que t\u00e9 com a objectiu millorar l\u2019aprenentatge de l\u2019alumnat i dels centres educatius mitjan\u00e7ant la internacionalitzaci\u00f3 d\u2019aquests, a trav\u00e9s de les mobilitats de docents.<\/h5>\n<h1><\/h1>\n<h1 class=\"western\">OBJECTIUS<\/h1>\n<ul>\n<li>\n<h5>Enfortir i potenciar el sentiment de pertinen\u00e7a a la natura, al poble, al cam\u00ed del riu i en concret al Riu de Bitlles.<\/h5>\n<\/li>\n<li>\n<h5>Incentivar la motivaci\u00f3 per aprendre del cam\u00ed del riu, aix\u00ed com de l\u2019aprenentatge com a eina per al propi desenvolupament.<\/h5>\n<\/li>\n<li>\n<h5>Oferir a l\u2019alumnat una visi\u00f3 oberta de les relacions que s\u2019estableixin amb la Uni\u00f3 Europea amb l\u2019objectiu d\u2019obrir-nos al coneixement.<\/h5>\n<\/li>\n<li>\n<h5>Desenvolupar en els infants la capacitat d\u2019aprendre a aprendre de manera aut\u00f2noma i amb iniciativa personal, tot essent capa\u00e7os d\u2019incorporar l\u2019adaptaci\u00f3 als canvis constants de la societat.<\/h5>\n<\/li>\n<li>\n<h5>Oferir formaci\u00f3 a tot l\u2019equip docent en relaci\u00f3 al context educatiu per tal de veure pr\u00e0ctiques educatives que ens ajudin a millorar les nostres compet\u00e8ncies professionals i, per tant, arribar a una educaci\u00f3 de qualitat.<\/h5>\n<\/li>\n<li>\n<h5>Incentivar la comunicaci\u00f3 amb altres centres tant de l\u2019entorn m\u00e9s proper com de la Uni\u00f3 Europea, amb l\u2019objectiu de compartir experi\u00e8ncies i arribar a un coneixement com\u00fa.<\/h5>\n<\/li>\n<li>\n<h5>Crear situacions d\u2019aprenentatge inclusives basant-nos en: walking curriculum, escola de bosc, place-based learning i outdoor learning.<\/h5>\n<\/li>\n<li>\n<h5>Fer extensiu l\u2019aprenentatge inclusiu a tota la comunitat educativa, tot implicant als agents en el proc\u00e9s d\u2019ensenyament-aprenentatge.<\/h5>\n<\/li>\n<li>\n<h5>Donar l\u2019oportunitat a qu\u00e8 la resta de la comunitat educativa pugui extrapolar els aprenentatges de l\u2019aula (horari lectiu) a fora de l\u2019aula (horari no lectiu).<\/h5>\n<\/li>\n<li>\n<h5>Fer difusi\u00f3 a trav\u00e9s de les xarxes socials del centre, la p\u00e0gina web, la revista del poble i de les entitats municipal sobre el projecte.<\/h5>\n<\/li>\n<li>\n<h5>Obrir el canal a trav\u00e9s de la GEO localitzaci\u00f3 dels diferents punts del poble i del cam\u00ed del riu, per obrir-ho de manera local i internacional.<\/h5>\n<\/li>\n<\/ul>\n<h1><\/h1>\n<h1 class=\"western\">TEM\u00c0TIQUES DE LES MOBILITATS<\/h1>\n<ul>\n<li>\n<h5>Walking curr\u00edculum<\/h5>\n<\/li>\n<li>\n<h5>Outdoor learning<\/h5>\n<\/li>\n<li>\n<h5>Escola de bosc<\/h5>\n<\/li>\n<li>\n<h5>Place-based learning<\/h5>\n<\/li>\n<\/ul>\n<p><i>El projecte Erasmus est\u00e0 cofinan\u00e7at\u00a0pel programa Erasmus+ de la Uni\u00f3 Europea. El contingut d&#8217;aquestes publicacions \u00e9s responsabilitat exclusiva de l&#8217;escola J.J. R\u00e0fols i ni la Comissi\u00f3 Europea, ni el Servei Espanyol per a la Internacionalitzaci\u00f3 de l&#8217;Educaci\u00f3 (SEPIE) s\u00f3n responsables de l&#8217;\u00fas que es pugui fer de la informaci\u00f3 aqu\u00ed difosa.\u00a0<\/i><\/p>\n<p><img loading=\"lazy\" decoding=\"async\" class=\"aligncenter size-large wp-image-2978\" src=\"https:\/\/agora.xtec.cat\/escolajjrafols\/wp-content\/uploads\/usu1828\/2024\/01\/logos-1024x96.jpg\" alt=\"\" width=\"1024\" height=\"96\" srcset=\"https:\/\/agora.xtec.cat\/escolajjrafols\/wp-content\/uploads\/usu1828\/2024\/01\/logos-1024x96.jpg 1024w, https:\/\/agora.xtec.cat\/escolajjrafols\/wp-content\/uploads\/usu1828\/2024\/01\/logos-300x28.jpg 300w, https:\/\/agora.xtec.cat\/escolajjrafols\/wp-content\/uploads\/usu1828\/2024\/01\/logos-768x72.jpg 768w, https:\/\/agora.xtec.cat\/escolajjrafols\/wp-content\/uploads\/usu1828\/2024\/01\/logos.jpg 1331w\" sizes=\"auto, (max-width: 1024px) 100vw, 1024px\" \/><\/p>\n","protected":false},"excerpt":{"rendered":"<p>QU\u00c8 \u00c9S?<br \/>\n\u00c9s un programa de la Uni\u00f3 Europea que t\u00e9 com a objectiu millorar l\u2019aprenentatge de l\u2019alumnat i dels centres educatius mitjan\u00e7ant la internacionalitzaci\u00f3 d\u2019aquests, a trav\u00e9s de les mobilitats de docents.<\/p>\n<p>OBJECTIUS<\/p>\n<ul>\n<li>\nEnfortir i potenciar el sentiment de pertinen\u00e7a a la natura, al poble, al cam\u00ed&hellip;  <a href=\"https:\/\/agora.xtec.cat\/escolajjrafols\/presentacio-i-objectius\/\" title=\"Read Presentaci\u00f3 i Objectius\">Llegeix m\u00e9s\u00bb<\/a><\/p>\n","protected":false},"author":1,"featured_media":0,"parent":0,"menu_order":0,"comment_status":"closed","ping_status":"closed","template":"","meta":{"_bbp_topic_count":0,"_bbp_reply_count":0,"_bbp_total_topic_count":0,"_bbp_total_reply_count":0,"_bbp_voice_count":0,"_bbp_anonymous_reply_count":0,"_bbp_topic_count_hidden":0,"_bbp_reply_count_hidden":0,"_bbp_forum_subforum_count":0,"footnotes":""},"class_list":["post-2930","page","type-page","status-publish","hentry"],"post_mailing_queue_ids":[],"_links":{"self":[{"href":"https:\/\/agora.xtec.cat\/escolajjrafols\/wp-json\/wp\/v2\/pages\/2930","targetHints":{"allow":["GET"]}}],"collection":[{"href":"https:\/\/agora.xtec.cat\/escolajjrafols\/wp-json\/wp\/v2\/pages"}],"about":[{"href":"https:\/\/agora.xtec.cat\/escolajjrafols\/wp-json\/wp\/v2\/types\/page"}],"author":[{"embeddable":true,"href":"https:\/\/agora.xtec.cat\/escolajjrafols\/wp-json\/wp\/v2\/users\/1"}],"replies":[{"embeddable":true,"href":"https:\/\/agora.xtec.cat\/escolajjrafols\/wp-json\/wp\/v2\/comments?post=2930"}],"version-history":[{"count":5,"href":"https:\/\/agora.xtec.cat\/escolajjrafols\/wp-json\/wp\/v2\/pages\/2930\/revisions"}],"predecessor-version":[{"id":2983,"href":"https:\/\/agora.xtec.cat\/escolajjrafols\/wp-json\/wp\/v2\/pages\/2930\/revisions\/2983"}],"wp:attachment":[{"href":"https:\/\/agora.xtec.cat\/escolajjrafols\/wp-json\/wp\/v2\/media?parent=2930"}],"curies":[{"name":"wp","href":"https:\/\/api.w.org\/{rel}","templated":true}]}}