{"id":2777,"date":"2023-10-30T10:15:24","date_gmt":"2023-10-30T09:15:24","guid":{"rendered":"https:\/\/agora.xtec.cat\/escolajjrafols\/?page_id=2777"},"modified":"2023-10-30T10:19:33","modified_gmt":"2023-10-30T09:19:33","slug":"informes-de-valoracio","status":"publish","type":"page","link":"https:\/\/agora.xtec.cat\/escolajjrafols\/informes-de-valoracio\/","title":{"rendered":"Informes de valoraci\u00f3"},"content":{"rendered":"<p><strong>Informe de valoraci\u00f3 de la programaci\u00f3 de men\u00fas<\/strong><\/p>\n<p>Curs 2022\/2023<\/p>\n<p><a href=\"https:\/\/agora.xtec.cat\/escolajjrafols\/wp-content\/uploads\/usu1828\/2023\/10\/Informe-valoracio-novembre.pdf\">Informe de valoraci\u00f3 del mes de novembre<\/a><\/p>\n<p><a href=\"https:\/\/agora.xtec.cat\/escolajjrafols\/wp-content\/uploads\/usu1828\/2023\/10\/Informe-valoracio-marc.pdf\">Informe de valoraci\u00f3 del mes de mar\u00e7<\/a><\/p>\n","protected":false},"excerpt":{"rendered":"<p>Informe de valoraci\u00f3 de la programaci\u00f3 de men\u00fas<br \/>\nCurs 2022\/2023<br \/>\n<a href=\"https:\/\/agora.xtec.cat\/escolajjrafols\/wp-content\/uploads\/usu1828\/2023\/10\/Informe-valoracio-novembre.pdf\">Informe de valoraci\u00f3 del mes de novembre<\/a><br \/>\n<a href=\"https:\/\/agora.xtec.cat\/escolajjrafols\/wp-content\/uploads\/usu1828\/2023\/10\/Informe-valoracio-marc.pdf\">Informe de valoraci\u00f3 del mes de mar\u00e7<\/a><\/p>\n","protected":false},"author":1,"featured_media":0,"parent":0,"menu_order":0,"comment_status":"closed","ping_status":"closed","template":"","meta":{"_bbp_topic_count":0,"_bbp_reply_count":0,"_bbp_total_topic_count":0,"_bbp_total_reply_count":0,"_bbp_voice_count":0,"_bbp_anonymous_reply_count":0,"_bbp_topic_count_hidden":0,"_bbp_reply_count_hidden":0,"_bbp_forum_subforum_count":0,"footnotes":""},"class_list":["post-2777","page","type-page","status-publish","hentry"],"post_mailing_queue_ids":[],"_links":{"self":[{"href":"https:\/\/agora.xtec.cat\/escolajjrafols\/wp-json\/wp\/v2\/pages\/2777","targetHints":{"allow":["GET"]}}],"collection":[{"href":"https:\/\/agora.xtec.cat\/escolajjrafols\/wp-json\/wp\/v2\/pages"}],"about":[{"href":"https:\/\/agora.xtec.cat\/escolajjrafols\/wp-json\/wp\/v2\/types\/page"}],"author":[{"embeddable":true,"href":"https:\/\/agora.xtec.cat\/escolajjrafols\/wp-json\/wp\/v2\/users\/1"}],"replies":[{"embeddable":true,"href":"https:\/\/agora.xtec.cat\/escolajjrafols\/wp-json\/wp\/v2\/comments?post=2777"}],"version-history":[{"count":2,"href":"https:\/\/agora.xtec.cat\/escolajjrafols\/wp-json\/wp\/v2\/pages\/2777\/revisions"}],"predecessor-version":[{"id":2789,"href":"https:\/\/agora.xtec.cat\/escolajjrafols\/wp-json\/wp\/v2\/pages\/2777\/revisions\/2789"}],"wp:attachment":[{"href":"https:\/\/agora.xtec.cat\/escolajjrafols\/wp-json\/wp\/v2\/media?parent=2777"}],"curies":[{"name":"wp","href":"https:\/\/api.w.org\/{rel}","templated":true}]}}