{"id":2704,"date":"2023-10-17T13:29:26","date_gmt":"2023-10-17T11:29:26","guid":{"rendered":"https:\/\/agora.xtec.cat\/escolajjrafols\/?page_id=2704"},"modified":"2023-12-14T17:20:05","modified_gmt":"2023-12-14T16:20:05","slug":"curs-23-24-5","status":"publish","type":"page","link":"https:\/\/agora.xtec.cat\/escolajjrafols\/curs-23-24-5\/","title":{"rendered":"Curs 23\/24"},"content":{"rendered":"<p>Aquest primer trimestre <strong>la classe de les onades<\/strong> i <strong>la classe dels peixos\u00a0<\/strong>s&#8217;han proposat fer \u00e8mfasi en l&#8217;\u00fas d&#8217;elements naturals amb colors neutres durant les activitats d&#8217;aula. Aqu\u00ed us deixem un recull de la feina feta:<\/p>\n<p><img loading=\"lazy\" decoding=\"async\" class=\"aligncenter wp-image-2849 size-full\" src=\"https:\/\/agora.xtec.cat\/escolajjrafols\/wp-content\/uploads\/usu1828\/2023\/12\/Natualitzem-les-aules.jpg\" alt=\"\" width=\"1414\" height=\"2000\" srcset=\"https:\/\/agora.xtec.cat\/escolajjrafols\/wp-content\/uploads\/usu1828\/2023\/12\/Natualitzem-les-aules.jpg 1414w, https:\/\/agora.xtec.cat\/escolajjrafols\/wp-content\/uploads\/usu1828\/2023\/12\/Natualitzem-les-aules-212x300.jpg 212w, https:\/\/agora.xtec.cat\/escolajjrafols\/wp-content\/uploads\/usu1828\/2023\/12\/Natualitzem-les-aules-724x1024.jpg 724w, https:\/\/agora.xtec.cat\/escolajjrafols\/wp-content\/uploads\/usu1828\/2023\/12\/Natualitzem-les-aules-768x1086.jpg 768w, https:\/\/agora.xtec.cat\/escolajjrafols\/wp-content\/uploads\/usu1828\/2023\/12\/Natualitzem-les-aules-1086x1536.jpg 1086w\" sizes=\"auto, (max-width: 1414px) 100vw, 1414px\" \/><\/p>\n","protected":false},"excerpt":{"rendered":"<p>Aquest primer trimestre la classe de les onades i la classe dels peixos\u00a0s&#8217;han proposat fer \u00e8mfasi en l&#8217;\u00fas d&#8217;elements naturals amb colors neutres durant les activitats d&#8217;aula. Aqu\u00ed us deixem un recull de la feina feta:<\/p>\n","protected":false},"author":1,"featured_media":0,"parent":0,"menu_order":0,"comment_status":"closed","ping_status":"closed","template":"","meta":{"_bbp_topic_count":0,"_bbp_reply_count":0,"_bbp_total_topic_count":0,"_bbp_total_reply_count":0,"_bbp_voice_count":0,"_bbp_anonymous_reply_count":0,"_bbp_topic_count_hidden":0,"_bbp_reply_count_hidden":0,"_bbp_forum_subforum_count":0,"footnotes":""},"class_list":["post-2704","page","type-page","status-publish","hentry"],"post_mailing_queue_ids":[],"_links":{"self":[{"href":"https:\/\/agora.xtec.cat\/escolajjrafols\/wp-json\/wp\/v2\/pages\/2704","targetHints":{"allow":["GET"]}}],"collection":[{"href":"https:\/\/agora.xtec.cat\/escolajjrafols\/wp-json\/wp\/v2\/pages"}],"about":[{"href":"https:\/\/agora.xtec.cat\/escolajjrafols\/wp-json\/wp\/v2\/types\/page"}],"author":[{"embeddable":true,"href":"https:\/\/agora.xtec.cat\/escolajjrafols\/wp-json\/wp\/v2\/users\/1"}],"replies":[{"embeddable":true,"href":"https:\/\/agora.xtec.cat\/escolajjrafols\/wp-json\/wp\/v2\/comments?post=2704"}],"version-history":[{"count":3,"href":"https:\/\/agora.xtec.cat\/escolajjrafols\/wp-json\/wp\/v2\/pages\/2704\/revisions"}],"predecessor-version":[{"id":2850,"href":"https:\/\/agora.xtec.cat\/escolajjrafols\/wp-json\/wp\/v2\/pages\/2704\/revisions\/2850"}],"wp:attachment":[{"href":"https:\/\/agora.xtec.cat\/escolajjrafols\/wp-json\/wp\/v2\/media?parent=2704"}],"curies":[{"name":"wp","href":"https:\/\/api.w.org\/{rel}","templated":true}]}}