{"id":2347,"date":"2022-03-28T10:34:41","date_gmt":"2022-03-28T08:34:41","guid":{"rendered":"https:\/\/agora.xtec.cat\/escolajjrafols\/?page_id=2347"},"modified":"2024-06-11T13:02:50","modified_gmt":"2024-06-11T11:02:50","slug":"estrategia-digital-i-cultura-digital","status":"publish","type":"page","link":"https:\/\/agora.xtec.cat\/escolajjrafols\/estrategia-digital-i-cultura-digital\/","title":{"rendered":"Estrat\u00e8gia Digital de Centre (EDC)"},"content":{"rendered":"<p>L\u2019Estrat\u00e8gia Digital de Centre (EDC) l&#8217;hem reunit tota en el <strong><em>sites<\/em> <\/strong>que us adjuntem a continuaci\u00f3, el qual\u00a0 recull totes les accions que es realitzen a l&#8217;escola, i les que es realitzaran a mitj\u00e0 termini, per aconseguir la m\u00e0xima compet\u00e8ncia digital de l\u2019alumnat, del professorat i del centre educatiu.<\/p>\n<p style=\"font-family: 'Helvetica Neue', Helvetica, Helvetica, Arial, sans-serif; font-size: 16px;\"><img loading=\"lazy\" decoding=\"async\" class=\"wp-image-3150  alignright\" src=\"https:\/\/agora.xtec.cat\/escolajjrafols\/wp-content\/uploads\/usu1828\/2024\/06\/Sense-titol-300x156.jpg\" alt=\"\" width=\"286\" height=\"149\" srcset=\"https:\/\/agora.xtec.cat\/escolajjrafols\/wp-content\/uploads\/usu1828\/2024\/06\/Sense-titol-300x156.jpg 300w, https:\/\/agora.xtec.cat\/escolajjrafols\/wp-content\/uploads\/usu1828\/2024\/06\/Sense-titol-768x399.jpg 768w, https:\/\/agora.xtec.cat\/escolajjrafols\/wp-content\/uploads\/usu1828\/2024\/06\/Sense-titol.jpg 960w\" sizes=\"auto, (max-width: 286px) 100vw, 286px\" \/>El document t\u00e9 com a referent el Pla d\u2019educaci\u00f3 digital de Catalunya (PEDC), on s\u2019indica la necessitat d\u2019assolir la fita d\u2019una societat digitalment competent, fent \u00e8mfasi en l\u2019equitat i tenint en compte l\u2019evoluci\u00f3 del context social i tecnol\u00f2gic.<\/p>\n<p><strong><em>Sites<\/em> <\/strong>de l&#8217;Estrat\u00e8gia Digital de Centre (EDC):<\/p>\n<p><a href=\"https:\/\/sites.google.com\/xtec.cat\/escolajjrafols\/p%C3%A0gina-principal\" target=\"_blank\" rel=\"noopener\">https:\/\/sites.google.com\/xtec.cat\/escolajjrafols\/p%C3%A0gina-principal<\/a><\/p>\n","protected":false},"excerpt":{"rendered":"<p>L\u2019Estrat\u00e8gia Digital de Centre (EDC) l&#8217;hem reunit tota en el sites que us adjuntem a continuaci\u00f3, el qual\u00a0 recull totes les accions que es realitzen a l&#8217;escola, i les que es realitzaran a mitj\u00e0 termini, per aconseguir la m\u00e0xima compet\u00e8ncia digital de l\u2019alumnat, del professorat&hellip;  <a href=\"https:\/\/agora.xtec.cat\/escolajjrafols\/estrategia-digital-i-cultura-digital\/\" title=\"Read Estrat\u00e8gia Digital de Centre (EDC)\">Llegeix m\u00e9s\u00bb<\/a><\/p>\n","protected":false},"author":1,"featured_media":0,"parent":0,"menu_order":0,"comment_status":"closed","ping_status":"closed","template":"","meta":{"_bbp_topic_count":0,"_bbp_reply_count":0,"_bbp_total_topic_count":0,"_bbp_total_reply_count":0,"_bbp_voice_count":0,"_bbp_anonymous_reply_count":0,"_bbp_topic_count_hidden":0,"_bbp_reply_count_hidden":0,"_bbp_forum_subforum_count":0,"footnotes":""},"class_list":["post-2347","page","type-page","status-publish","hentry"],"post_mailing_queue_ids":[],"_links":{"self":[{"href":"https:\/\/agora.xtec.cat\/escolajjrafols\/wp-json\/wp\/v2\/pages\/2347","targetHints":{"allow":["GET"]}}],"collection":[{"href":"https:\/\/agora.xtec.cat\/escolajjrafols\/wp-json\/wp\/v2\/pages"}],"about":[{"href":"https:\/\/agora.xtec.cat\/escolajjrafols\/wp-json\/wp\/v2\/types\/page"}],"author":[{"embeddable":true,"href":"https:\/\/agora.xtec.cat\/escolajjrafols\/wp-json\/wp\/v2\/users\/1"}],"replies":[{"embeddable":true,"href":"https:\/\/agora.xtec.cat\/escolajjrafols\/wp-json\/wp\/v2\/comments?post=2347"}],"version-history":[{"count":6,"href":"https:\/\/agora.xtec.cat\/escolajjrafols\/wp-json\/wp\/v2\/pages\/2347\/revisions"}],"predecessor-version":[{"id":3153,"href":"https:\/\/agora.xtec.cat\/escolajjrafols\/wp-json\/wp\/v2\/pages\/2347\/revisions\/3153"}],"wp:attachment":[{"href":"https:\/\/agora.xtec.cat\/escolajjrafols\/wp-json\/wp\/v2\/media?parent=2347"}],"curies":[{"name":"wp","href":"https:\/\/api.w.org\/{rel}","templated":true}]}}