{"id":2022,"date":"2021-04-21T13:28:22","date_gmt":"2021-04-21T11:28:22","guid":{"rendered":"http:\/\/agora.xtec.cat\/escolajjrafols\/?page_id=2022"},"modified":"2024-02-01T13:23:05","modified_gmt":"2024-02-01T12:23:05","slug":"erasmus-plus","status":"publish","type":"page","link":"https:\/\/agora.xtec.cat\/escolajjrafols\/erasmus-plus\/","title":{"rendered":"ERASMUS+"},"content":{"rendered":"<h5 style=\"text-align: justify;\"><img loading=\"lazy\" decoding=\"async\" class=\"wp-image-3010 alignleft\" src=\"https:\/\/agora.xtec.cat\/escolajjrafols\/wp-content\/uploads\/usu1828\/2024\/02\/baixa-150x147.png\" alt=\"\" width=\"35\" height=\"23\" \/>Des del curs 2020-2021, la nostra escola va ser convidada a participar en el\u00a0programa Erasmus+ KA121, gr\u00e0cies al nostre projecte \u201cApadrinem el nostre Patrimoni\u201d. La participaci\u00f3 en aquest pla s\u2019est\u00e9n des de l\u2019any 2021 fins al 2027.<\/h5>\n<p>&nbsp;<\/p>\n<h5 style=\"text-align: justify;\"><img loading=\"lazy\" decoding=\"async\" class=\"alignleft wp-image-3011\" src=\"https:\/\/agora.xtec.cat\/escolajjrafols\/wp-content\/uploads\/usu1828\/2024\/02\/baixa-1-150x150.png\" alt=\"\" width=\"35\" height=\"23\" \/>Desde el curso 2020-2021, nuestra escuela fue invitada a participar en el programa Erasmus+ KA121, gracias a nuestro proyecto &#8220;Apadrinamos nuestro Patrimonio&#8221;. La participaci\u00f3n en este plan se extiende desde 2021 hasta 2027.<\/h5>\n<pre class=\"tw-data-text tw-text-large tw-ta\" dir=\"ltr\" data-placeholder=\"Traducci\u00f3\" data-ved=\"2ahUKEwiVnYXhjoqEAxUOQfEDHYdrCtMQ3ewLegQIDBAQ\"><span class=\"Y2IQFc\" lang=\"es\">\r\n\r\n<\/span><\/pre>\n<h5 style=\"text-align: justify;\"><img loading=\"lazy\" decoding=\"async\" class=\"wp-image-3012 alignleft\" src=\"https:\/\/agora.xtec.cat\/escolajjrafols\/wp-content\/uploads\/usu1828\/2024\/02\/baixa-2-150x150.png\" alt=\"\" width=\"35\" height=\"21\" \/>Since the academic year 2020-2021, our school was invited to participate in the Erasmus+ KA121 program, thanks to our project &#8220;We support our Heritage&#8221;. Participation in this plan extends from 2021 to 2027.<\/h5>\n<pre id=\"tw-target-text\" class=\"tw-data-text tw-text-large tw-ta\" dir=\"ltr\" data-placeholder=\"Traducci\u00f3\" data-ved=\"2ahUKEwiVnYXhjoqEAxUOQfEDHYdrCtMQ3ewLegQIDBAQ\"><span class=\"Y2IQFc\" lang=\"es\">\u00a0<\/span><\/pre>\n<p>&nbsp;<\/p>\n<p><!--more--><\/p>\n<p><img loading=\"lazy\" decoding=\"async\" class=\"alignleft wp-image-2928 \" src=\"https:\/\/agora.xtec.cat\/escolajjrafols\/wp-content\/uploads\/usu1828\/2024\/01\/Sin-titulo-1-300x98.jpg\" alt=\"\" width=\"180\" height=\"59\" srcset=\"https:\/\/agora.xtec.cat\/escolajjrafols\/wp-content\/uploads\/usu1828\/2024\/01\/Sin-titulo-1-300x98.jpg 300w, https:\/\/agora.xtec.cat\/escolajjrafols\/wp-content\/uploads\/usu1828\/2024\/01\/Sin-titulo-1.jpg 378w\" sizes=\"auto, (max-width: 180px) 100vw, 180px\" \/><img loading=\"lazy\" decoding=\"async\" class=\"alignnone wp-image-2395\" src=\"https:\/\/agora.xtec.cat\/escolajjrafols\/wp-content\/uploads\/usu1828\/2022\/05\/erasmusplus-logo-all-en-300dpi-1024x415.jpg\" alt=\"\" width=\"159\" height=\"64\" srcset=\"https:\/\/agora.xtec.cat\/escolajjrafols\/wp-content\/uploads\/usu1828\/2022\/05\/erasmusplus-logo-all-en-300dpi-1024x415.jpg 1024w, https:\/\/agora.xtec.cat\/escolajjrafols\/wp-content\/uploads\/usu1828\/2022\/05\/erasmusplus-logo-all-en-300dpi-300x121.jpg 300w, https:\/\/agora.xtec.cat\/escolajjrafols\/wp-content\/uploads\/usu1828\/2022\/05\/erasmusplus-logo-all-en-300dpi-768x311.jpg 768w, https:\/\/agora.xtec.cat\/escolajjrafols\/wp-content\/uploads\/usu1828\/2022\/05\/erasmusplus-logo-all-en-300dpi.jpg 1042w\" sizes=\"auto, (max-width: 159px) 100vw, 159px\" \/> <img loading=\"lazy\" decoding=\"async\" class=\"alignnone wp-image-2396\" src=\"https:\/\/agora.xtec.cat\/escolajjrafols\/wp-content\/uploads\/usu1828\/2022\/05\/descarga.png\" alt=\"\" width=\"191\" height=\"54\" srcset=\"https:\/\/agora.xtec.cat\/escolajjrafols\/wp-content\/uploads\/usu1828\/2022\/05\/descarga.png 421w, https:\/\/agora.xtec.cat\/escolajjrafols\/wp-content\/uploads\/usu1828\/2022\/05\/descarga-300x86.png 300w\" sizes=\"auto, (max-width: 191px) 100vw, 191px\" \/>\u00a0 <img loading=\"lazy\" decoding=\"async\" class=\"alignnone wp-image-2397\" src=\"https:\/\/agora.xtec.cat\/escolajjrafols\/wp-content\/uploads\/usu1828\/2022\/05\/CETE-ALEJANDRO-TERUEL-VIDAL-1.png\" alt=\"\" width=\"51\" height=\"51\" srcset=\"https:\/\/agora.xtec.cat\/escolajjrafols\/wp-content\/uploads\/usu1828\/2022\/05\/CETE-ALEJANDRO-TERUEL-VIDAL-1.png 820w, https:\/\/agora.xtec.cat\/escolajjrafols\/wp-content\/uploads\/usu1828\/2022\/05\/CETE-ALEJANDRO-TERUEL-VIDAL-1-300x300.png 300w, https:\/\/agora.xtec.cat\/escolajjrafols\/wp-content\/uploads\/usu1828\/2022\/05\/CETE-ALEJANDRO-TERUEL-VIDAL-1-150x150.png 150w, https:\/\/agora.xtec.cat\/escolajjrafols\/wp-content\/uploads\/usu1828\/2022\/05\/CETE-ALEJANDRO-TERUEL-VIDAL-1-768x768.png 768w\" sizes=\"auto, (max-width: 51px) 100vw, 51px\" \/><a href=\"http:\/\/sepie.es\/\" target=\"_blank\" rel=\"noopener\"><img loading=\"lazy\" decoding=\"async\" class=\"alignleft wp-image-2924\" src=\"https:\/\/agora.xtec.cat\/escolajjrafols\/wp-content\/uploads\/usu1828\/2024\/01\/sepie-300x111.gif\" alt=\"\" width=\"170\" height=\"63\" \/><\/a><\/p>\n<p><i>El projecte Erasmus est\u00e0 cofinan\u00e7at\u00a0pel programa Erasmus+ de la Uni\u00f3 Europea. El contingut d&#8217;aquestes publicacions \u00e9s responsabilitat exclusiva de l&#8217;escola J.J. R\u00e0fols i ni la Comissi\u00f3 Europea, ni el Servei Espanyol per a la Internacionalitzaci\u00f3 de l&#8217;Educaci\u00f3 (SEPIE) s\u00f3n responsables de l&#8217;\u00fas que es pugui fer de la informaci\u00f3 aqu\u00ed difosa.\u00a0<\/i><\/p>\n<p>&nbsp;<\/p>\n<p>&nbsp;<\/p>\n","protected":false},"excerpt":{"rendered":"<p>Des del curs 2020-2021, la nostra escola va ser convidada a participar en el\u00a0programa Erasmus+ KA121, gr\u00e0cies al nostre projecte \u201cApadrinem el nostre Patrimoni\u201d. La participaci\u00f3 en aquest pla s\u2019est\u00e9n des de l\u2019any 2021 fins al 2027.<br \/>\n&nbsp;<br \/>\nDesde el curso 2020-2021, nuestra escuela fue invitada a&hellip;  <a href=\"https:\/\/agora.xtec.cat\/escolajjrafols\/erasmus-plus\/\" title=\"Read ERASMUS+\">Llegeix m\u00e9s\u00bb<\/a><\/p>\n","protected":false},"author":1,"featured_media":0,"parent":0,"menu_order":0,"comment_status":"closed","ping_status":"closed","template":"","meta":{"_bbp_topic_count":0,"_bbp_reply_count":0,"_bbp_total_topic_count":0,"_bbp_total_reply_count":0,"_bbp_voice_count":0,"_bbp_anonymous_reply_count":0,"_bbp_topic_count_hidden":0,"_bbp_reply_count_hidden":0,"_bbp_forum_subforum_count":0,"footnotes":""},"class_list":["post-2022","page","type-page","status-publish","hentry"],"post_mailing_queue_ids":[],"_links":{"self":[{"href":"https:\/\/agora.xtec.cat\/escolajjrafols\/wp-json\/wp\/v2\/pages\/2022","targetHints":{"allow":["GET"]}}],"collection":[{"href":"https:\/\/agora.xtec.cat\/escolajjrafols\/wp-json\/wp\/v2\/pages"}],"about":[{"href":"https:\/\/agora.xtec.cat\/escolajjrafols\/wp-json\/wp\/v2\/types\/page"}],"author":[{"embeddable":true,"href":"https:\/\/agora.xtec.cat\/escolajjrafols\/wp-json\/wp\/v2\/users\/1"}],"replies":[{"embeddable":true,"href":"https:\/\/agora.xtec.cat\/escolajjrafols\/wp-json\/wp\/v2\/comments?post=2022"}],"version-history":[{"count":6,"href":"https:\/\/agora.xtec.cat\/escolajjrafols\/wp-json\/wp\/v2\/pages\/2022\/revisions"}],"predecessor-version":[{"id":3013,"href":"https:\/\/agora.xtec.cat\/escolajjrafols\/wp-json\/wp\/v2\/pages\/2022\/revisions\/3013"}],"wp:attachment":[{"href":"https:\/\/agora.xtec.cat\/escolajjrafols\/wp-json\/wp\/v2\/media?parent=2022"}],"curies":[{"name":"wp","href":"https:\/\/api.w.org\/{rel}","templated":true}]}}