{"id":26,"date":"2014-09-18T12:24:32","date_gmt":"2014-09-18T11:24:32","guid":{"rendered":"http:\/\/agora.xtec.cat\/escolajeronidemoragas\/?page_id=26"},"modified":"2022-06-01T12:46:48","modified_gmt":"2022-06-01T10:46:48","slug":"historia","status":"publish","type":"page","link":"https:\/\/agora.xtec.cat\/escolajeronidemoragas\/lescola\/historia\/","title":{"rendered":"Hist\u00f2ria"},"content":{"rendered":"<p><a href=\"https:\/\/agora.xtec.cat\/escolajeronidemoragas\/wp-content\/uploads\/usu2509\/2022\/06\/hisroria-escola_page-0001.jpg\"><img loading=\"lazy\" decoding=\"async\" class=\"wp-image-1155 alignleft\" src=\"https:\/\/agora.xtec.cat\/escolajeronidemoragas\/wp-content\/uploads\/usu2509\/2022\/06\/hisroria-escola_page-0001-1024x967.jpg\" alt=\"\" width=\"436\" height=\"412\" srcset=\"https:\/\/agora.xtec.cat\/escolajeronidemoragas\/wp-content\/uploads\/usu2509\/2022\/06\/hisroria-escola_page-0001-1024x967.jpg 1024w, https:\/\/agora.xtec.cat\/escolajeronidemoragas\/wp-content\/uploads\/usu2509\/2022\/06\/hisroria-escola_page-0001-300x283.jpg 300w, https:\/\/agora.xtec.cat\/escolajeronidemoragas\/wp-content\/uploads\/usu2509\/2022\/06\/hisroria-escola_page-0001-768x726.jpg 768w, https:\/\/agora.xtec.cat\/escolajeronidemoragas\/wp-content\/uploads\/usu2509\/2022\/06\/hisroria-escola_page-0001.jpg 1140w\" sizes=\"auto, (max-width: 436px) 100vw, 436px\" \/><\/a>Una bona idea sempre neix de la pr\u00f2pia experi\u00e8ncia. El 1965 un grup de pares i mares de fills amb discapacitat intel\u00b7lectual es van unir per defensar els drets dels seus fills. Amb la finalitat de visibilitzar-los i lluitar per a la seva plena integraci\u00f3, va n\u00e9ixer l\u2019Associaci\u00f3 Manresana de Pares de Nens Subdotats, (des del 2010, Fundaci\u00f3 AMPANS). Aquell mateix any ja es posa en marxa a Manresa la primera aula per a alumnes amb necessitats educatives especials.<\/p>\n<p>El 1966 neix l\u2019escola La Llum que m\u00e9s tard canviar\u00e0 de nom i es dir\u00e0 <strong>Escola d\u2019Educaci\u00f3 Especial Jeroni de Moragas<\/strong>. Es tracta d&#8217;un centre pioner que obre cam\u00ed vers un nou model educatiu i una nova sensibilitat social.<\/p>\n<p>L&#8217;escola ha experimentat un creixement constant any rere any, i ens hem anat creixent per tal de donar cabuda a totes les necessitats.<\/p>\n<p>Actualment, l\u2019escola Jeroni de Moragas te com a missi\u00f3 principal atendre a l\u2019alumnat amb discapacitat i a les seves fam\u00edlies, en el context educatiu.<br \/>\nEl claustre d\u2019acord als seus valors i a la seva visi\u00f3 actua responsablement d\u2019acord als principis de la qualitat pedag\u00f2gica acordat i estandarditzats, donant valor a la diversitat, generant oportunitats d\u2019aprenentatge, cercant al implicaci\u00f3 de les fam\u00edlies, tot des d\u2019un projecte de centre i pla de direcci\u00f3 que camina capa a l\u2019excel\u00b7l\u00e8ncia educativa.<\/p>\n<p>I, finalment, pel qu\u00e8 fa a la visi\u00f3, treballem per tenir una escola que ofereixi serveis de qualitat i volem seguir millorant i fent propostes m\u00e9s globalitzades que potenci\u00efn: entorns d\u2019aprenentatge, habilitats socials, benestar emocional, inter\u00e8s per l\u2019entorn, habilitats art\u00edstiques i creatives i la participaci\u00f3 activa de l\u2019alumnat en el proc\u00e9s d\u2019aprendre. D&#8217;aquesta manera, aconseguim afavorir i garantir la seva autonomia, participaci\u00f3 i apoderament social, personal i emocional.<\/p>\n<p>&nbsp;<\/p>\n<p>&nbsp;<\/p>\n","protected":false},"excerpt":{"rendered":"<p><a href=\"https:\/\/agora.xtec.cat\/escolajeronidemoragas\/wp-content\/uploads\/usu2509\/2022\/06\/hisroria-escola_page-0001.jpg\"><\/a>Una bona idea sempre neix de la pr\u00f2pia experi\u00e8ncia. El 1965 un grup de pares i mares de fills amb discapacitat intel\u00b7lectual es van unir per defensar els drets dels seus fills. Amb la finalitat de visibilitzar-los i lluitar per a la seva plena&hellip;  <a href=\"https:\/\/agora.xtec.cat\/escolajeronidemoragas\/lescola\/historia\/\" title=\"Read Hist\u00f2ria\">Llegeix m\u00e9s\u00bb<\/a><\/p>\n","protected":false},"author":1,"featured_media":0,"parent":22,"menu_order":20,"comment_status":"closed","ping_status":"closed","template":"page-templates\/side-menu.php","meta":{"_bbp_topic_count":0,"_bbp_reply_count":0,"_bbp_total_topic_count":0,"_bbp_total_reply_count":0,"_bbp_voice_count":0,"_bbp_anonymous_reply_count":0,"_bbp_topic_count_hidden":0,"_bbp_reply_count_hidden":0,"_bbp_forum_subforum_count":0,"footnotes":""},"class_list":["post-26","page","type-page","status-publish","hentry"],"post_mailing_queue_ids":[],"_links":{"self":[{"href":"https:\/\/agora.xtec.cat\/escolajeronidemoragas\/wp-json\/wp\/v2\/pages\/26","targetHints":{"allow":["GET"]}}],"collection":[{"href":"https:\/\/agora.xtec.cat\/escolajeronidemoragas\/wp-json\/wp\/v2\/pages"}],"about":[{"href":"https:\/\/agora.xtec.cat\/escolajeronidemoragas\/wp-json\/wp\/v2\/types\/page"}],"author":[{"embeddable":true,"href":"https:\/\/agora.xtec.cat\/escolajeronidemoragas\/wp-json\/wp\/v2\/users\/1"}],"replies":[{"embeddable":true,"href":"https:\/\/agora.xtec.cat\/escolajeronidemoragas\/wp-json\/wp\/v2\/comments?post=26"}],"version-history":[{"count":3,"href":"https:\/\/agora.xtec.cat\/escolajeronidemoragas\/wp-json\/wp\/v2\/pages\/26\/revisions"}],"predecessor-version":[{"id":1156,"href":"https:\/\/agora.xtec.cat\/escolajeronidemoragas\/wp-json\/wp\/v2\/pages\/26\/revisions\/1156"}],"up":[{"embeddable":true,"href":"https:\/\/agora.xtec.cat\/escolajeronidemoragas\/wp-json\/wp\/v2\/pages\/22"}],"wp:attachment":[{"href":"https:\/\/agora.xtec.cat\/escolajeronidemoragas\/wp-json\/wp\/v2\/media?parent=26"}],"curies":[{"name":"wp","href":"https:\/\/api.w.org\/{rel}","templated":true}]}}