{"id":66,"date":"2014-09-18T12:40:47","date_gmt":"2014-09-18T11:40:47","guid":{"rendered":"http:\/\/agora.xtec.cat\/escolajave\/?page_id=66"},"modified":"2021-11-09T10:07:50","modified_gmt":"2021-11-09T09:07:50","slug":"serveis","status":"publish","type":"page","link":"https:\/\/agora.xtec.cat\/escolajave\/serveis\/","title":{"rendered":"AFA i Serveis"},"content":{"rendered":"<p>L\u2019AFA (Associaci\u00f3 de Fam\u00edlies d\u2019Alumnes) de l\u2019Escola Jacint Verdaguer de La Granada \u00e9s una associaci\u00f3 sense \u00e0nim de lucre, formada per fam\u00edlies de l\u2019escola.<\/p>\n<p>L\u2019Associaci\u00f3 es forma per una Junta i els seus socis. La Junta la composen un grup de mares i pares voluntaris i escollits en assemblea de socis\/s\u00f2cies que vetllen per al seu bon funcionament i procuren ajudar\/col\u00b7laborar amb l\u2019escola en all\u00f2 que aquesta pugui necessitar. L\u2019AFA s\u2019encarrega de la gesti\u00f3 de diferents serveis de l\u2019escola: menjador i acollides, activitats extraescolars, venda de llibres i roba esportiva\u2026 aix\u00ed com de l\u2019organitzaci\u00f3 d\u2019activitats d\u2019inter\u00e8s per a les fam\u00edlies: tallers, xerrades, festes\u2026<\/p>\n<p>El correu de l\u2019AFA \u00e9s el seg\u00fcent: <strong><span style=\"color: #0000ff;\">ampalagranada@hotmail.es<\/span><\/strong><\/p>\n","protected":false},"excerpt":{"rendered":"<p>L\u2019AFA (Associaci\u00f3 de Fam\u00edlies d\u2019Alumnes) de l\u2019Escola Jacint Verdaguer de La Granada \u00e9s una associaci\u00f3 sense \u00e0nim de lucre, formada per fam\u00edlies de l\u2019escola.<br \/>\nL\u2019Associaci\u00f3 es forma per una Junta i els seus socis. La Junta la composen un grup de mares i pares voluntaris i&hellip;  <a href=\"https:\/\/agora.xtec.cat\/escolajave\/serveis\/\" title=\"Read AFA i Serveis\">Llegeix m\u00e9s\u00bb<\/a><\/p>\n","protected":false},"author":1,"featured_media":0,"parent":0,"menu_order":0,"comment_status":"closed","ping_status":"closed","template":"","meta":{"_bbp_topic_count":0,"_bbp_reply_count":0,"_bbp_total_topic_count":0,"_bbp_total_reply_count":0,"_bbp_voice_count":0,"_bbp_anonymous_reply_count":0,"_bbp_topic_count_hidden":0,"_bbp_reply_count_hidden":0,"_bbp_forum_subforum_count":0,"footnotes":""},"class_list":["post-66","page","type-page","status-publish","hentry"],"post_mailing_queue_ids":[],"_links":{"self":[{"href":"https:\/\/agora.xtec.cat\/escolajave\/wp-json\/wp\/v2\/pages\/66","targetHints":{"allow":["GET"]}}],"collection":[{"href":"https:\/\/agora.xtec.cat\/escolajave\/wp-json\/wp\/v2\/pages"}],"about":[{"href":"https:\/\/agora.xtec.cat\/escolajave\/wp-json\/wp\/v2\/types\/page"}],"author":[{"embeddable":true,"href":"https:\/\/agora.xtec.cat\/escolajave\/wp-json\/wp\/v2\/users\/1"}],"replies":[{"embeddable":true,"href":"https:\/\/agora.xtec.cat\/escolajave\/wp-json\/wp\/v2\/comments?post=66"}],"version-history":[{"count":3,"href":"https:\/\/agora.xtec.cat\/escolajave\/wp-json\/wp\/v2\/pages\/66\/revisions"}],"predecessor-version":[{"id":4570,"href":"https:\/\/agora.xtec.cat\/escolajave\/wp-json\/wp\/v2\/pages\/66\/revisions\/4570"}],"wp:attachment":[{"href":"https:\/\/agora.xtec.cat\/escolajave\/wp-json\/wp\/v2\/media?parent=66"}],"curies":[{"name":"wp","href":"https:\/\/api.w.org\/{rel}","templated":true}]}}