{"id":5958,"date":"2026-01-26T10:13:30","date_gmt":"2026-01-26T09:13:30","guid":{"rendered":"https:\/\/agora.xtec.cat\/escolajave\/?page_id=5958"},"modified":"2026-01-26T10:13:30","modified_gmt":"2026-01-26T09:13:30","slug":"casting-intern-xxii-certamen-de-lectura-en-veu-alta","status":"publish","type":"page","link":"https:\/\/agora.xtec.cat\/escolajave\/casting-intern-xxii-certamen-de-lectura-en-veu-alta\/","title":{"rendered":"C\u00c0STING INTERN XXII CERTAMEN DE LECTURA EN VEU ALTA"},"content":{"rendered":"<p dir=\"ltr\">\n<p dir=\"ltr\"><img loading=\"lazy\" decoding=\"async\" class=\"aligncenter size-full wp-image-5959\" src=\"https:\/\/agora.xtec.cat\/escolajave\/wp-content\/uploads\/usu825\/2026\/01\/unnamed.png\" alt=\"\" width=\"399\" height=\"126\" srcset=\"https:\/\/agora.xtec.cat\/escolajave\/wp-content\/uploads\/usu825\/2026\/01\/unnamed.png 399w, https:\/\/agora.xtec.cat\/escolajave\/wp-content\/uploads\/usu825\/2026\/01\/unnamed-300x95.png 300w\" sizes=\"auto, (max-width: 399px) 100vw, 399px\" \/><\/p>\n<p dir=\"ltr\">Benvolgudes fam\u00edlies,<\/p>\n<p dir=\"ltr\">Divendres a la tarda, 23 de gener de 2026, vam fer el c\u00e0sting intern per decidir qui representar\u00e0 la nostra escola a la semifinal del XXII Certamen de Lectura en veu Alta, el 5 de mar\u00e7 al Teatre Cal Bolet de Vilafranca.<\/p>\n<p dir=\"ltr\">Primer de tot, cal fer un agra\u00efment a tots i totes els i les participants.<\/p>\n<p dir=\"ltr\">Finalment, aquest ha estat el resultat:<\/p>\n<p dir=\"ltr\">Grumets vermells<\/p>\n<ul>\n<li dir=\"ltr\">\n<p dir=\"ltr\" role=\"presentation\">ITZEL (4t): lectora<\/p>\n<\/li>\n<li dir=\"ltr\">\n<p dir=\"ltr\" role=\"presentation\">RAF (3r): suplent<\/p>\n<\/li>\n<\/ul>\n<p dir=\"ltr\">Grumets verds<\/p>\n<ul>\n<li dir=\"ltr\">\n<p dir=\"ltr\" role=\"presentation\">ARLET (5\u00e8): lectora<\/p>\n<\/li>\n<li dir=\"ltr\">\n<p dir=\"ltr\" role=\"presentation\">SOFIA (6\u00e8): suplent<\/p>\n<\/li>\n<\/ul>\n<p dir=\"ltr\">Felicitem als representants per la seva bona lectura i tamb\u00e9 a les fam\u00edlies.<\/p>\n<p dir=\"ltr\">Els prepararem internament a l\u2019escola perqu\u00e8 gaudeixin al m\u00e0xim aquell dia.<\/p>\n<p dir=\"ltr\">Moltes gr\u00e0cies<\/p>\n<p dir=\"ltr\">Jurat del c\u00e0sting<\/p>\n","protected":false},"excerpt":{"rendered":"<p>Benvolgudes fam\u00edlies,<br \/>\nDivendres a la tarda, 23 de gener de 2026, vam fer el c\u00e0sting intern per decidir qui representar\u00e0 la nostra escola a la semifinal del XXII Certamen de Lectura en veu Alta, el 5 de mar\u00e7 al Teatre Cal Bolet de Vilafranca.<br \/>\nPrimer de tot,&hellip;  <a href=\"https:\/\/agora.xtec.cat\/escolajave\/casting-intern-xxii-certamen-de-lectura-en-veu-alta\/\" title=\"Read C\u00c0STING INTERN XXII CERTAMEN DE LECTURA EN VEU ALTA\">Llegeix m\u00e9s\u00bb<\/a><\/p>\n","protected":false},"author":1,"featured_media":0,"parent":0,"menu_order":0,"comment_status":"closed","ping_status":"closed","template":"","meta":{"_bbp_topic_count":0,"_bbp_reply_count":0,"_bbp_total_topic_count":0,"_bbp_total_reply_count":0,"_bbp_voice_count":0,"_bbp_anonymous_reply_count":0,"_bbp_topic_count_hidden":0,"_bbp_reply_count_hidden":0,"_bbp_forum_subforum_count":0,"footnotes":""},"class_list":["post-5958","page","type-page","status-publish","hentry"],"post_mailing_queue_ids":[],"_links":{"self":[{"href":"https:\/\/agora.xtec.cat\/escolajave\/wp-json\/wp\/v2\/pages\/5958","targetHints":{"allow":["GET"]}}],"collection":[{"href":"https:\/\/agora.xtec.cat\/escolajave\/wp-json\/wp\/v2\/pages"}],"about":[{"href":"https:\/\/agora.xtec.cat\/escolajave\/wp-json\/wp\/v2\/types\/page"}],"author":[{"embeddable":true,"href":"https:\/\/agora.xtec.cat\/escolajave\/wp-json\/wp\/v2\/users\/1"}],"replies":[{"embeddable":true,"href":"https:\/\/agora.xtec.cat\/escolajave\/wp-json\/wp\/v2\/comments?post=5958"}],"version-history":[{"count":2,"href":"https:\/\/agora.xtec.cat\/escolajave\/wp-json\/wp\/v2\/pages\/5958\/revisions"}],"predecessor-version":[{"id":5964,"href":"https:\/\/agora.xtec.cat\/escolajave\/wp-json\/wp\/v2\/pages\/5958\/revisions\/5964"}],"wp:attachment":[{"href":"https:\/\/agora.xtec.cat\/escolajave\/wp-json\/wp\/v2\/media?parent=5958"}],"curies":[{"name":"wp","href":"https:\/\/api.w.org\/{rel}","templated":true}]}}