{"id":5543,"date":"2024-03-22T10:25:47","date_gmt":"2024-03-22T09:25:47","guid":{"rendered":"https:\/\/agora.xtec.cat\/escolajave\/?page_id=5543"},"modified":"2024-04-16T13:00:06","modified_gmt":"2024-04-16T11:00:06","slug":"pla-de-comunicacio-del-centre","status":"publish","type":"page","link":"https:\/\/agora.xtec.cat\/escolajave\/pla-de-comunicacio-del-centre\/","title":{"rendered":"Pla de comunicaci\u00f3 del centre"},"content":{"rendered":"<p>El Pla de Comunicaci\u00f3 a les escoles \u00e9s molt important. Serveixen per a donar a con\u00e8ixer el que l&#8217;escola \u00e9s, la qual cosa la fa \u00fanica i les activitats que realitza. A m\u00e9s, permeten establir una comunicaci\u00f3 d&#8217;anada i tornada amb la Comunitat Educativa.<\/p>\n<p>L&#8217;objectiu del Pla de Comunicaci\u00f3 \u00e9s organitzar com l&#8217;escola es comunica amb els diferents agents que conformen la Comunitat Educativa. Ha de definir quins canals usar i quines accions prendre per a comunicar-se de manera efectiva.<\/p>\n<p>Podem dividir als qui reben la informaci\u00f3 en tres grups diferents.<\/p>\n<p><img loading=\"lazy\" decoding=\"async\" src=\"https:\/\/agora.xtec.cat\/escolajave\/wp-content\/uploads\/usu825\/2024\/04\/Captura.png\" alt=\"\" width=\"279\" height=\"279\" class=\"aligncenter size-full wp-image-5603\" srcset=\"https:\/\/agora.xtec.cat\/escolajave\/wp-content\/uploads\/usu825\/2024\/04\/Captura.png 279w, https:\/\/agora.xtec.cat\/escolajave\/wp-content\/uploads\/usu825\/2024\/04\/Captura-150x150.png 150w\" sizes=\"auto, (max-width: 279px) 100vw, 279px\" \/><\/p>\n<p><img loading=\"lazy\" decoding=\"async\" src=\"https:\/\/agora.xtec.cat\/escolajave\/wp-content\/uploads\/usu825\/2024\/04\/WEB-cole.png\" alt=\"\" width=\"1414\" height=\"2000\" class=\"aligncenter size-full wp-image-5602\" srcset=\"https:\/\/agora.xtec.cat\/escolajave\/wp-content\/uploads\/usu825\/2024\/04\/WEB-cole.png 1414w, https:\/\/agora.xtec.cat\/escolajave\/wp-content\/uploads\/usu825\/2024\/04\/WEB-cole-212x300.png 212w, https:\/\/agora.xtec.cat\/escolajave\/wp-content\/uploads\/usu825\/2024\/04\/WEB-cole-724x1024.png 724w, https:\/\/agora.xtec.cat\/escolajave\/wp-content\/uploads\/usu825\/2024\/04\/WEB-cole-768x1086.png 768w, https:\/\/agora.xtec.cat\/escolajave\/wp-content\/uploads\/usu825\/2024\/04\/WEB-cole-1086x1536.png 1086w\" sizes=\"auto, (max-width: 1414px) 100vw, 1414px\" \/><\/p>\n","protected":false},"excerpt":{"rendered":"<p>El Pla de Comunicaci\u00f3 a les escoles \u00e9s molt important. Serveixen per a donar a con\u00e8ixer el que l&#8217;escola \u00e9s, la qual cosa la fa \u00fanica i les activitats que realitza. A m\u00e9s, permeten establir una comunicaci\u00f3 d&#8217;anada i tornada amb la Comunitat Educativa.<br \/>\nL&#8217;objectiu del&hellip;  <a href=\"https:\/\/agora.xtec.cat\/escolajave\/pla-de-comunicacio-del-centre\/\" title=\"Read Pla de comunicaci\u00f3 del centre\">Llegeix m\u00e9s\u00bb<\/a><\/p>\n","protected":false},"author":1,"featured_media":0,"parent":0,"menu_order":0,"comment_status":"closed","ping_status":"closed","template":"","meta":{"_bbp_topic_count":0,"_bbp_reply_count":0,"_bbp_total_topic_count":0,"_bbp_total_reply_count":0,"_bbp_voice_count":0,"_bbp_anonymous_reply_count":0,"_bbp_topic_count_hidden":0,"_bbp_reply_count_hidden":0,"_bbp_forum_subforum_count":0,"footnotes":""},"class_list":["post-5543","page","type-page","status-publish","hentry"],"post_mailing_queue_ids":[],"_links":{"self":[{"href":"https:\/\/agora.xtec.cat\/escolajave\/wp-json\/wp\/v2\/pages\/5543","targetHints":{"allow":["GET"]}}],"collection":[{"href":"https:\/\/agora.xtec.cat\/escolajave\/wp-json\/wp\/v2\/pages"}],"about":[{"href":"https:\/\/agora.xtec.cat\/escolajave\/wp-json\/wp\/v2\/types\/page"}],"author":[{"embeddable":true,"href":"https:\/\/agora.xtec.cat\/escolajave\/wp-json\/wp\/v2\/users\/1"}],"replies":[{"embeddable":true,"href":"https:\/\/agora.xtec.cat\/escolajave\/wp-json\/wp\/v2\/comments?post=5543"}],"version-history":[{"count":3,"href":"https:\/\/agora.xtec.cat\/escolajave\/wp-json\/wp\/v2\/pages\/5543\/revisions"}],"predecessor-version":[{"id":5604,"href":"https:\/\/agora.xtec.cat\/escolajave\/wp-json\/wp\/v2\/pages\/5543\/revisions\/5604"}],"wp:attachment":[{"href":"https:\/\/agora.xtec.cat\/escolajave\/wp-json\/wp\/v2\/media?parent=5543"}],"curies":[{"name":"wp","href":"https:\/\/api.w.org\/{rel}","templated":true}]}}