{"id":5034,"date":"2022-11-02T16:32:43","date_gmt":"2022-11-02T15:32:43","guid":{"rendered":"https:\/\/agora.xtec.cat\/escolajave\/?page_id=5034"},"modified":"2024-07-22T14:35:18","modified_gmt":"2024-07-22T12:35:18","slug":"escola-familia","status":"publish","type":"page","link":"https:\/\/agora.xtec.cat\/escolajave\/projecte-educatiu\/escola-familia\/","title":{"rendered":"Escola de fam\u00edlies"},"content":{"rendered":"<p>Un dels objectius estrat\u00e8gics del Departament d\u2019Educaci\u00f3 \u00e9s facilitar i promoure la implicaci\u00f3 de la fam\u00edlia en el seguiment de l\u2019evoluci\u00f3 acad\u00e8mica i personal dels seus fills i filles.<\/p>\n<p>Amb aquesta finalitat, el Departament d\u2019Educaci\u00f3 posa a l\u2019abast dels centres el document i l\u2019aplicaci\u00f3 inform\u00e0tica \u201cEscola i fam\u00edlies\u201d, amb orientacions i recursos per promoure la implicaci\u00f3 de les fam\u00edlies en el proc\u00e9s escolar i educatiu dels seus fills i filles i la participaci\u00f3 en el funcionament del centre.<\/p>\n<p>El document consta de les seg\u00fcents l\u00ednies d\u2019intervenci\u00f3: acollida per a les fam\u00edlies, carta de comprom\u00eds educatiu, acci\u00f3 tutorial compartida, informaci\u00f3 i comunicaci\u00f3, participaci\u00f3 en el seguiment escolar dels fills i filles, en el funcionament del centre i en projectes compartits i formaci\u00f3 per a les fam\u00edlies.<\/p>\n<p>Si necessiteu consultar m\u00e9s informaci\u00f3 podeu accedir als seg\u00fcents enlla\u00e7os o a la imatge.<\/p>\n<blockquote class=\"wp-embedded-content\" data-secret=\"aoRNmFvO4q\"><p><a href=\"https:\/\/projectes.xtec.cat\/families-digitals\/recursos\/\">Recursos<\/a><\/p><\/blockquote>\n<p><iframe loading=\"lazy\" class=\"wp-embedded-content\" sandbox=\"allow-scripts\" security=\"restricted\" style=\"position: absolute; clip: rect(1px, 1px, 1px, 1px);\" title=\"&#8220;Recursos&#8221; &#8212; Fam\u00edlies digitals\" src=\"https:\/\/projectes.xtec.cat\/families-digitals\/recursos\/embed\/#?secret=DmHUSGgSQD#?secret=aoRNmFvO4q\" data-secret=\"aoRNmFvO4q\" width=\"500\" height=\"282\" frameborder=\"0\" marginwidth=\"0\" marginheight=\"0\" scrolling=\"no\"><\/iframe><\/p>\n<p><a href=\"https:\/\/educacio.gencat.cat\/ca\/arees-actuacio\/families\/\">https:\/\/educacio.gencat.cat\/ca\/arees-actuacio\/families\/<\/a><\/p>\n<p><img loading=\"lazy\" decoding=\"async\" class=\"size-full wp-image-5056 aligncenter\" src=\"https:\/\/agora.xtec.cat\/escolajave\/wp-content\/uploads\/usu825\/2022\/11\/enllac-1.jpg\" alt=\"\" width=\"368\" height=\"346\" srcset=\"https:\/\/agora.xtec.cat\/escolajave\/wp-content\/uploads\/usu825\/2022\/11\/enllac-1.jpg 368w, https:\/\/agora.xtec.cat\/escolajave\/wp-content\/uploads\/usu825\/2022\/11\/enllac-1-300x282.jpg 300w\" sizes=\"auto, (max-width: 368px) 100vw, 368px\" \/><\/p>\n<p><a href=\"https:\/\/educacio.gencat.cat\/ca\/arees-actuacio\/families\/recursos\/\">https:\/\/educacio.gencat.cat\/ca\/arees-actuacio\/families\/recursos\/<\/a><\/p>\n<p><a href=\"https:\/\/educacio.gencat.cat\/ca\/arees-actuacio\/families\/recursos\/\"><img loading=\"lazy\" decoding=\"async\" class=\"wp-image-5057 aligncenter\" src=\"https:\/\/agora.xtec.cat\/escolajave\/wp-content\/uploads\/usu825\/2022\/11\/enllac-2.jpg\" alt=\"\" width=\"862\" height=\"245\" srcset=\"https:\/\/agora.xtec.cat\/escolajave\/wp-content\/uploads\/usu825\/2022\/11\/enllac-2.jpg 1158w, https:\/\/agora.xtec.cat\/escolajave\/wp-content\/uploads\/usu825\/2022\/11\/enllac-2-300x85.jpg 300w, https:\/\/agora.xtec.cat\/escolajave\/wp-content\/uploads\/usu825\/2022\/11\/enllac-2-1024x291.jpg 1024w, https:\/\/agora.xtec.cat\/escolajave\/wp-content\/uploads\/usu825\/2022\/11\/enllac-2-768x218.jpg 768w\" sizes=\"auto, (max-width: 862px) 100vw, 862px\" \/><\/a><\/p>\n<p><a href=\"https:\/\/educacio.gencat.cat\/ca\/arees-actuacio\/families\/recursos\/recomanacions\/\">https:\/\/educacio.gencat.cat\/ca\/arees-actuacio\/families\/recursos\/recomanacions\/<\/a><\/p>\n<p><a href=\"https:\/\/educacio.gencat.cat\/ca\/arees-actuacio\/families\/recursos\/recomanacions\/\"><img loading=\"lazy\" decoding=\"async\" class=\"aligncenter size-full wp-image-5058\" src=\"https:\/\/agora.xtec.cat\/escolajave\/wp-content\/uploads\/usu825\/2022\/11\/enllac-3.jpg\" alt=\"\" width=\"866\" height=\"427\" srcset=\"https:\/\/agora.xtec.cat\/escolajave\/wp-content\/uploads\/usu825\/2022\/11\/enllac-3.jpg 866w, https:\/\/agora.xtec.cat\/escolajave\/wp-content\/uploads\/usu825\/2022\/11\/enllac-3-300x148.jpg 300w, https:\/\/agora.xtec.cat\/escolajave\/wp-content\/uploads\/usu825\/2022\/11\/enllac-3-768x379.jpg 768w\" sizes=\"auto, (max-width: 866px) 100vw, 866px\" \/><\/a><\/p>\n<p><a href=\"https:\/\/triaeducativa.gencat.cat\/ca\/inici\">https:\/\/triaeducativa.gencat.cat\/ca\/inici<\/a><\/p>\n<p><a href=\"https:\/\/triaeducativa.gencat.cat\/ca\/inici\"><img loading=\"lazy\" decoding=\"async\" class=\"aligncenter wp-image-5059\" src=\"https:\/\/agora.xtec.cat\/escolajave\/wp-content\/uploads\/usu825\/2022\/11\/enllac-4.jpg\" alt=\"\" width=\"773\" height=\"438\" srcset=\"https:\/\/agora.xtec.cat\/escolajave\/wp-content\/uploads\/usu825\/2022\/11\/enllac-4.jpg 945w, https:\/\/agora.xtec.cat\/escolajave\/wp-content\/uploads\/usu825\/2022\/11\/enllac-4-300x170.jpg 300w, https:\/\/agora.xtec.cat\/escolajave\/wp-content\/uploads\/usu825\/2022\/11\/enllac-4-768x436.jpg 768w\" sizes=\"auto, (max-width: 773px) 100vw, 773px\" \/><\/a><\/p>\n","protected":false},"excerpt":{"rendered":"<p>Un dels objectius estrat\u00e8gics del Departament d\u2019Educaci\u00f3 \u00e9s facilitar i promoure la implicaci\u00f3 de la fam\u00edlia en el seguiment de l\u2019evoluci\u00f3 acad\u00e8mica i personal dels seus fills i filles.<br \/>\nAmb aquesta finalitat, el Departament d\u2019Educaci\u00f3 posa a l\u2019abast dels centres el document i l\u2019aplicaci\u00f3 inform\u00e0tica \u201cEscola&hellip;  <a href=\"https:\/\/agora.xtec.cat\/escolajave\/projecte-educatiu\/escola-familia\/\" title=\"Read Escola de fam\u00edlies\">Llegeix m\u00e9s\u00bb<\/a><\/p>\n","protected":false},"author":1,"featured_media":0,"parent":64,"menu_order":0,"comment_status":"closed","ping_status":"closed","template":"","meta":{"_bbp_topic_count":0,"_bbp_reply_count":0,"_bbp_total_topic_count":0,"_bbp_total_reply_count":0,"_bbp_voice_count":0,"_bbp_anonymous_reply_count":0,"_bbp_topic_count_hidden":0,"_bbp_reply_count_hidden":0,"_bbp_forum_subforum_count":0,"footnotes":""},"class_list":["post-5034","page","type-page","status-publish","hentry"],"post_mailing_queue_ids":[],"_links":{"self":[{"href":"https:\/\/agora.xtec.cat\/escolajave\/wp-json\/wp\/v2\/pages\/5034","targetHints":{"allow":["GET"]}}],"collection":[{"href":"https:\/\/agora.xtec.cat\/escolajave\/wp-json\/wp\/v2\/pages"}],"about":[{"href":"https:\/\/agora.xtec.cat\/escolajave\/wp-json\/wp\/v2\/types\/page"}],"author":[{"embeddable":true,"href":"https:\/\/agora.xtec.cat\/escolajave\/wp-json\/wp\/v2\/users\/1"}],"replies":[{"embeddable":true,"href":"https:\/\/agora.xtec.cat\/escolajave\/wp-json\/wp\/v2\/comments?post=5034"}],"version-history":[{"count":5,"href":"https:\/\/agora.xtec.cat\/escolajave\/wp-json\/wp\/v2\/pages\/5034\/revisions"}],"predecessor-version":[{"id":5626,"href":"https:\/\/agora.xtec.cat\/escolajave\/wp-json\/wp\/v2\/pages\/5034\/revisions\/5626"}],"up":[{"embeddable":true,"href":"https:\/\/agora.xtec.cat\/escolajave\/wp-json\/wp\/v2\/pages\/64"}],"wp:attachment":[{"href":"https:\/\/agora.xtec.cat\/escolajave\/wp-json\/wp\/v2\/media?parent=5034"}],"curies":[{"name":"wp","href":"https:\/\/api.w.org\/{rel}","templated":true}]}}