{"id":28,"date":"2014-09-18T12:29:35","date_gmt":"2014-09-18T11:29:35","guid":{"rendered":"http:\/\/agora.xtec.cat\/escolajave\/?page_id=28"},"modified":"2025-10-16T17:10:00","modified_gmt":"2025-10-16T15:10:00","slug":"consell-escolar","status":"publish","type":"page","link":"https:\/\/agora.xtec.cat\/escolajave\/lescola\/consell-escolar\/","title":{"rendered":"Consell escolar"},"content":{"rendered":"<h4>Qu\u00e8 \u00e9s i quines funcions fa?<\/h4>\n<p>El Consell Escolar del centre \u00e9s l\u2019<strong>\u00f2rgan col\u00b7legiat de participaci\u00f3<\/strong> de la comunitat escolar en el govern del centre. En el Consell Escolar hi ha representats tots els col\u00b7lectius que intervenen en la comunitat educativa: director\/a, professorat, representants de l\u2019AFA, personal d\u2019administraci\u00f3 i serveis, etc.<\/p>\n<p>En els centres p\u00fablics, la funci\u00f3 principal del Consell Escolar \u00e9s\u00a0<strong>participar en la presa de decisions en relaci\u00f3 amb aquells temes importants per al funcionament i l\u2019organitzaci\u00f3 del centre<\/strong>: el projecte educatiu de centre (PEC), la programaci\u00f3 general, la gesti\u00f3 econ\u00f2mica, etc.<\/p>\n<p>Els membres del consell escolar s\u00f3n elegits per un per\u00edode de quatre anys i es renoven per meitats cada dos anys.<\/p>\n<p>Si voleu saber m\u00e9s detalls de la normativa que regeix els Consells Escolars, podeu fer clic\u00a0<a href=\"http:\/\/ensenyament.gencat.cat\/ca\/arees-actuacio\/centres-serveis-educatius\/centres\/consells-escolars-centres\/normativa\/\">aqu\u00ed<\/a>\u00a0;).<\/p>\n<p>&nbsp;<\/p>\n<h4>Com s\u2019organitza el Consell Escolar de la nostra escola?<\/h4>\n<h6>Hi ha\u00a0<strong>representants<\/strong>\u00a0dels diferents sectors\u00a0que conformen la comunitat educativa:<\/h6>\n<ul>\n<li>Equip Directiu<\/li>\n<li>Representants del claustre<\/li>\n<li>Representant de l\u2019AFA<\/li>\n<li>Representants de les fam\u00edlies<\/li>\n<li>Representant del PAS (personal d\u2019administraci\u00f3 i serveis)<\/li>\n<li>Representant de l\u2019Ajuntament<\/li>\n<\/ul>\n<p>A m\u00e9s, el Consell Escolar tamb\u00e9 s\u2019organitza en\u00a0<strong>comissions espec\u00edfiques<\/strong>, convocades pel President del Consell,\u00a0en qu\u00e8 es tracten temes relacionats amb l\u2019escola. Es poden constituir noves comissions per treballar algun tema concret que aix\u00ed ho precisi.<\/p>\n<p>Tots els membres de les Comissions han de ser del Consell Escolar i s\u00f3n escollits per aquest \u00f2rgan. En cada reuni\u00f3, EL secretari aixeca una acta que recull tots els punts tractats.<\/p>\n<p><strong>Actualment, les comissions s\u00f3n les seg\u00fcents:<\/strong><\/p>\n<ul>\n<li><strong>Comissi\u00f3 econ\u00f2mica<\/strong>, formada per l\u2019Equip Directiu, un o una mestre\/a i un membre Sector Fam\u00edlies. Les seves funcions seran supervisar el Pressupost Anual del Centre i la liquidaci\u00f3 dels comptes.<\/li>\n<li><strong>Comissi\u00f3 permanent<\/strong>, <strong>de conviv\u00e8ncia i coeducaci\u00f3<\/strong> formada per l&#8217;Equip Directiu, un\u00a0 membre Sector Fam\u00edlies (pare a infantil i prim\u00e0ria) i un o una mestre\/a (en jornada sencera, poder convocar en qualsevol moment del dia si \u00e9s necessari).La seva funci\u00f3 ser\u00e0 actuar en casos d\u2019emerg\u00e8ncia i\u00a0vetllar pel compliment dels drets i deures de l\u2019alumnat del Centre.<\/li>\n<li><strong>Comissi\u00f3 pedag\u00f2gica<\/strong> formada pel cap d&#8217;estudis, un membre Sector Fam\u00edlies i dos mestres( un d&#8217;educaci\u00f3 infantil i un de prim\u00e0ria).<\/li>\n<li><strong>Comissi\u00f3 escola verda i sostenible<\/strong> formada per la Secret\u00e0ria, dos membres Sector Fam\u00edlies (1 d\u2019ells \u00e9s AFA), un o una mestre\/a i una\u00a0 persona representant de l\u2019Ajuntament.<\/li>\n<\/ul>\n<h4><\/h4>\n<h4>Membres del Consell Escolar<\/h4>\n<p>A continuaci\u00f3 us informem sobre els membres que conformen el nostre Consell Escolar, aix\u00ed com la comissi\u00f3 a la qual pertanyen:<\/p>\n<ul>\n<li><strong>Equip directiu<\/strong>: Marga Sans, L\u00eddia Delgado i Al\u00e8xia Navarro.<\/li>\n<li><strong>Representants del claustre<\/strong>: David P\u00e9rez, Eva D\u00edaz i Jos\u00e9 Pach\u00e9s.<\/li>\n<li><strong>Representant de l\u2019AFA<\/strong>: Octavi Rodriguez<\/li>\n<li><strong>Representants de les fam\u00edlies<\/strong>: Albert Cat\u00e0, Carles S\u00e1nchez, \u00c0ngels Guilamany, Alba Oll\u00e9.<\/li>\n<li><strong style=\"font-family: inherit; font-size: 1em;\">Representant del PAS: <\/strong>Cinta P\u00e9rez.<\/li>\n<li><strong>Representant de l\u2019Ajuntament<\/strong>: Montse D\u00edaz.<\/li>\n<\/ul>\n<h4><strong>\u00a0<\/strong><\/h4>\n<h4><strong>Comissions<\/strong><\/h4>\n<ul>\n<li><strong>Comissi\u00f3 pedag\u00f2gica: <\/strong>Al\u00e8xia Navarro,<\/li>\n<li><strong>Comissi\u00f3 econ\u00f2mica: <\/strong>Marga Sans, Al\u00e8xia Navarro, L\u00eddia Delgado, Octavi Rodr\u00edguez i Montse D\u00edaz.<\/li>\n<li><strong>Comissi\u00f3 permanent, de conviv\u00e8ncia i coeducaci\u00f3:\u00a0<\/strong><\/li>\n<li><strong>Comissi\u00f3 escola verda i sostenible:<\/strong> L\u00eddia Deglado, Jos\u00e9 Carlos Pach\u00e9s,<\/li>\n<\/ul>\n<h4>Cada quan es convoquen reunions?<\/h4>\n<p>No hi ha dies fixes ja que les convocat\u00f2ries depenen de molts factors, sovint externs a l\u2019escola. Per\u00f2 generalment, el Consell Escolar es reuneix m\u00ednim 4 vegades al curs.<\/p>\n<p>A m\u00e9s, cada dos anys hi ha renovaci\u00f3 parcial de membres del Consell Escolar.<\/p>\n","protected":false},"excerpt":{"rendered":"<p>Qu\u00e8 \u00e9s i quines funcions fa?<br \/>\nEl Consell Escolar del centre \u00e9s l\u2019\u00f2rgan col\u00b7legiat de participaci\u00f3 de la comunitat escolar en el govern del centre. En el Consell Escolar hi ha representats tots els col\u00b7lectius que intervenen en la comunitat educativa: director\/a, professorat, representants de l\u2019AFA,&hellip;  <a href=\"https:\/\/agora.xtec.cat\/escolajave\/lescola\/consell-escolar\/\" title=\"Read Consell escolar\">Llegeix m\u00e9s\u00bb<\/a><\/p>\n","protected":false},"author":1,"featured_media":0,"parent":22,"menu_order":5,"comment_status":"closed","ping_status":"closed","template":"page-templates\/side-menu.php","meta":{"_bbp_topic_count":0,"_bbp_reply_count":0,"_bbp_total_topic_count":0,"_bbp_total_reply_count":0,"_bbp_voice_count":0,"_bbp_anonymous_reply_count":0,"_bbp_topic_count_hidden":0,"_bbp_reply_count_hidden":0,"_bbp_forum_subforum_count":0,"footnotes":""},"class_list":["post-28","page","type-page","status-publish","hentry"],"post_mailing_queue_ids":[],"_links":{"self":[{"href":"https:\/\/agora.xtec.cat\/escolajave\/wp-json\/wp\/v2\/pages\/28","targetHints":{"allow":["GET"]}}],"collection":[{"href":"https:\/\/agora.xtec.cat\/escolajave\/wp-json\/wp\/v2\/pages"}],"about":[{"href":"https:\/\/agora.xtec.cat\/escolajave\/wp-json\/wp\/v2\/types\/page"}],"author":[{"embeddable":true,"href":"https:\/\/agora.xtec.cat\/escolajave\/wp-json\/wp\/v2\/users\/1"}],"replies":[{"embeddable":true,"href":"https:\/\/agora.xtec.cat\/escolajave\/wp-json\/wp\/v2\/comments?post=28"}],"version-history":[{"count":6,"href":"https:\/\/agora.xtec.cat\/escolajave\/wp-json\/wp\/v2\/pages\/28\/revisions"}],"predecessor-version":[{"id":5930,"href":"https:\/\/agora.xtec.cat\/escolajave\/wp-json\/wp\/v2\/pages\/28\/revisions\/5930"}],"up":[{"embeddable":true,"href":"https:\/\/agora.xtec.cat\/escolajave\/wp-json\/wp\/v2\/pages\/22"}],"wp:attachment":[{"href":"https:\/\/agora.xtec.cat\/escolajave\/wp-json\/wp\/v2\/media?parent=28"}],"curies":[{"name":"wp","href":"https:\/\/api.w.org\/{rel}","templated":true}]}}