{"id":24,"date":"2014-09-18T12:23:15","date_gmt":"2014-09-18T11:23:15","guid":{"rendered":"http:\/\/agora.xtec.cat\/escolajave\/?page_id=24"},"modified":"2024-09-17T09:15:59","modified_gmt":"2024-09-17T07:15:59","slug":"on-som","status":"publish","type":"page","link":"https:\/\/agora.xtec.cat\/escolajave\/lescola\/on-som\/","title":{"rendered":"On som?"},"content":{"rendered":"<p style=\"color: #666666;\"><strong>Escola Jacint Verdaguer<br \/>\n<\/strong>C\/Jacint Verdaguer, 43. 08792 La Granada.<strong><br \/>\n<\/strong>Tel\/fax: 938974326 e-mail: a8017682@xtec.cat<\/p>\n<p>&nbsp;<\/p>\n<p><iframe loading=\"lazy\" src=\"https:\/\/www.google.com\/maps\/embed?pb=!1m18!1m12!1m3!1d2993.856236358508!2d1.7192546154254693!3d41.37720807926514!2m3!1f0!2f0!3f0!3m2!1i1024!2i768!4f13.1!3m3!1m2!1s0x12a47bb1c710eda1%3A0xc8e3351796e7761a!2sEscola+Public+Jacint+Verdaguer!5e0!3m2!1sca!2ses!4v1475489827423\" width=\"600\" height=\"450\" frameborder=\"0\"><\/iframe><\/p>\n<p>L\u2019escola Jacint Verdaguer es troba situada al carrer Jacint Verdaguer,43 a la poblaci\u00f3 de La Granada.<\/p>\n<p>El municipi de La Granada es troba situat a la part central de l\u2019Alt Pened\u00e8s. Limita al nord amb Santa Fe del Pened\u00e8s, a llevant limita amb Avinyonet del Pened\u00e8s i Sant Cugat Sesgarrigues, al sud limita amb Vilafranca i a l\u2019est amb les Cabanyes, Vilob\u00ed i Font-Rub\u00ed.<\/p>\n<p><strong>Com arribar-hi:<\/strong><\/p>\n<p><strong>Tren:<\/strong> Estaci\u00f3 Renfe La Granada\u00a0 L\u00ednia R4<\/p>\n","protected":false},"excerpt":{"rendered":"<p>Escola Jacint Verdaguer<br \/>\nC\/Jacint Verdaguer, 43. 08792 La Granada.<br \/>\nTel\/fax: 938974326 e-mail: a8017682@xtec.cat<br \/>\n&nbsp;<\/p>\n<p>L\u2019escola Jacint Verdaguer es troba situada al carrer Jacint Verdaguer,43 a la poblaci\u00f3 de La Granada.<br \/>\nEl municipi de La Granada es troba situat a la part central de l\u2019Alt Pened\u00e8s. Limita al nord amb Santa&hellip;  <a href=\"https:\/\/agora.xtec.cat\/escolajave\/lescola\/on-som\/\" title=\"Read On som?\">Llegeix m\u00e9s\u00bb<\/a><\/p>\n","protected":false},"author":1,"featured_media":0,"parent":22,"menu_order":1,"comment_status":"closed","ping_status":"closed","template":"page-templates\/side-menu.php","meta":{"_bbp_topic_count":0,"_bbp_reply_count":0,"_bbp_total_topic_count":0,"_bbp_total_reply_count":0,"_bbp_voice_count":0,"_bbp_anonymous_reply_count":0,"_bbp_topic_count_hidden":0,"_bbp_reply_count_hidden":0,"_bbp_forum_subforum_count":0,"footnotes":""},"class_list":["post-24","page","type-page","status-publish","hentry"],"post_mailing_queue_ids":[],"_links":{"self":[{"href":"https:\/\/agora.xtec.cat\/escolajave\/wp-json\/wp\/v2\/pages\/24","targetHints":{"allow":["GET"]}}],"collection":[{"href":"https:\/\/agora.xtec.cat\/escolajave\/wp-json\/wp\/v2\/pages"}],"about":[{"href":"https:\/\/agora.xtec.cat\/escolajave\/wp-json\/wp\/v2\/types\/page"}],"author":[{"embeddable":true,"href":"https:\/\/agora.xtec.cat\/escolajave\/wp-json\/wp\/v2\/users\/1"}],"replies":[{"embeddable":true,"href":"https:\/\/agora.xtec.cat\/escolajave\/wp-json\/wp\/v2\/comments?post=24"}],"version-history":[{"count":5,"href":"https:\/\/agora.xtec.cat\/escolajave\/wp-json\/wp\/v2\/pages\/24\/revisions"}],"predecessor-version":[{"id":5747,"href":"https:\/\/agora.xtec.cat\/escolajave\/wp-json\/wp\/v2\/pages\/24\/revisions\/5747"}],"up":[{"embeddable":true,"href":"https:\/\/agora.xtec.cat\/escolajave\/wp-json\/wp\/v2\/pages\/22"}],"wp:attachment":[{"href":"https:\/\/agora.xtec.cat\/escolajave\/wp-json\/wp\/v2\/media?parent=24"}],"curies":[{"name":"wp","href":"https:\/\/api.w.org\/{rel}","templated":true}]}}