{"id":22,"date":"2014-09-18T12:19:57","date_gmt":"2014-09-18T11:19:57","guid":{"rendered":"http:\/\/agora.xtec.cat\/escolajave\/?page_id=22"},"modified":"2017-11-08T13:28:08","modified_gmt":"2017-11-08T12:28:08","slug":"lescola","status":"publish","type":"page","link":"https:\/\/agora.xtec.cat\/escolajave\/lescola\/","title":{"rendered":"L&#8217;escola"},"content":{"rendered":"<p>En aquesta secci\u00f3 trobareu tot el referent a la nostra ubicaci\u00f3 i hist\u00f2ria, les nostres instal.lacions, informaci\u00f3 de les reunions del Consell Escolar, el calendari del curs, l\u2019horari d\u2019atenci\u00f3 al p\u00fablic i la desc\u00e0rrega de documents d\u2019\u00fas quotidi\u00e0 (autoritzacions).<\/p>\n","protected":false},"excerpt":{"rendered":"<p>En aquesta secci\u00f3 trobareu tot el referent a la nostra ubicaci\u00f3 i hist\u00f2ria, les nostres instal.lacions, informaci\u00f3 de les reunions del Consell Escolar, el calendari del curs, l\u2019horari d\u2019atenci\u00f3 al p\u00fablic i la desc\u00e0rrega de documents d\u2019\u00fas quotidi\u00e0 (autoritzacions).<\/p>\n","protected":false},"author":1,"featured_media":0,"parent":0,"menu_order":0,"comment_status":"closed","ping_status":"closed","template":"page-templates\/side-menu.php","meta":{"_bbp_topic_count":0,"_bbp_reply_count":0,"_bbp_total_topic_count":0,"_bbp_total_reply_count":0,"_bbp_voice_count":0,"_bbp_anonymous_reply_count":0,"_bbp_topic_count_hidden":0,"_bbp_reply_count_hidden":0,"_bbp_forum_subforum_count":0,"footnotes":""},"class_list":["post-22","page","type-page","status-publish","hentry"],"post_mailing_queue_ids":[],"_links":{"self":[{"href":"https:\/\/agora.xtec.cat\/escolajave\/wp-json\/wp\/v2\/pages\/22","targetHints":{"allow":["GET"]}}],"collection":[{"href":"https:\/\/agora.xtec.cat\/escolajave\/wp-json\/wp\/v2\/pages"}],"about":[{"href":"https:\/\/agora.xtec.cat\/escolajave\/wp-json\/wp\/v2\/types\/page"}],"author":[{"embeddable":true,"href":"https:\/\/agora.xtec.cat\/escolajave\/wp-json\/wp\/v2\/users\/1"}],"replies":[{"embeddable":true,"href":"https:\/\/agora.xtec.cat\/escolajave\/wp-json\/wp\/v2\/comments?post=22"}],"version-history":[{"count":3,"href":"https:\/\/agora.xtec.cat\/escolajave\/wp-json\/wp\/v2\/pages\/22\/revisions"}],"predecessor-version":[{"id":1153,"href":"https:\/\/agora.xtec.cat\/escolajave\/wp-json\/wp\/v2\/pages\/22\/revisions\/1153"}],"wp:attachment":[{"href":"https:\/\/agora.xtec.cat\/escolajave\/wp-json\/wp\/v2\/media?parent=22"}],"curies":[{"name":"wp","href":"https:\/\/api.w.org\/{rel}","templated":true}]}}