{"id":2018,"date":"2018-11-09T13:29:30","date_gmt":"2018-11-09T12:29:30","guid":{"rendered":"http:\/\/agora.xtec.cat\/escolajave\/?page_id=2018"},"modified":"2023-10-16T12:57:30","modified_gmt":"2023-10-16T10:57:30","slug":"documetns-ampa","status":"publish","type":"page","link":"https:\/\/agora.xtec.cat\/escolajave\/serveis\/documetns-ampa\/","title":{"rendered":"Documents AFA"},"content":{"rendered":"<p><strong>ESTATUTS DE L&#8217;AFA<\/strong><\/p>\n<p><iframe loading=\"lazy\" src=\"https:\/\/drive.google.com\/file\/d\/1almhLOH7vuBJ-MTGFsO_UXBVwDtL_Ndx\/preview\" width=\"350\" height=\"350\"><\/iframe><\/p>\n<p><strong>Resoluci\u00f3 per la qual s\u2019inscriu la modificaci\u00f3 dels estatuts de l\u2019entitat denominada Associaci\u00f3 de Mares i Pares d&#8217;Alumnes de l&#8217;Escola P\u00fablica Jacint Verdaguer de la Granada (n\u00fam. 4168) en el Registre d\u2019associacions de la Generalitat de Catalunya <\/strong><\/p>\n<p><iframe loading=\"lazy\" src=\"https:\/\/drive.google.com\/file\/d\/1z4vp5a1txDvO8aETWwB-enMi1dtUo6os\/preview\" width=\"350\" height=\"350\"><\/iframe><\/p>\n","protected":false},"excerpt":{"rendered":"<p>ESTATUTS DE L&#8217;AFA<\/p>\n<p>Resoluci\u00f3 per la qual s\u2019inscriu la modificaci\u00f3 dels estatuts de l\u2019entitat denominada Associaci\u00f3 de Mares i Pares d&#8217;Alumnes de l&#8217;Escola P\u00fablica Jacint Verdaguer de la Granada (n\u00fam. 4168) en el Registre d\u2019associacions de la Generalitat de Catalunya <\/p>\n","protected":false},"author":1,"featured_media":0,"parent":66,"menu_order":10,"comment_status":"closed","ping_status":"closed","template":"","meta":{"_bbp_topic_count":0,"_bbp_reply_count":0,"_bbp_total_topic_count":0,"_bbp_total_reply_count":0,"_bbp_voice_count":0,"_bbp_anonymous_reply_count":0,"_bbp_topic_count_hidden":0,"_bbp_reply_count_hidden":0,"_bbp_forum_subforum_count":0,"footnotes":""},"class_list":["post-2018","page","type-page","status-publish","hentry"],"post_mailing_queue_ids":[],"_links":{"self":[{"href":"https:\/\/agora.xtec.cat\/escolajave\/wp-json\/wp\/v2\/pages\/2018","targetHints":{"allow":["GET"]}}],"collection":[{"href":"https:\/\/agora.xtec.cat\/escolajave\/wp-json\/wp\/v2\/pages"}],"about":[{"href":"https:\/\/agora.xtec.cat\/escolajave\/wp-json\/wp\/v2\/types\/page"}],"author":[{"embeddable":true,"href":"https:\/\/agora.xtec.cat\/escolajave\/wp-json\/wp\/v2\/users\/1"}],"replies":[{"embeddable":true,"href":"https:\/\/agora.xtec.cat\/escolajave\/wp-json\/wp\/v2\/comments?post=2018"}],"version-history":[{"count":5,"href":"https:\/\/agora.xtec.cat\/escolajave\/wp-json\/wp\/v2\/pages\/2018\/revisions"}],"predecessor-version":[{"id":5419,"href":"https:\/\/agora.xtec.cat\/escolajave\/wp-json\/wp\/v2\/pages\/2018\/revisions\/5419"}],"up":[{"embeddable":true,"href":"https:\/\/agora.xtec.cat\/escolajave\/wp-json\/wp\/v2\/pages\/66"}],"wp:attachment":[{"href":"https:\/\/agora.xtec.cat\/escolajave\/wp-json\/wp\/v2\/media?parent=2018"}],"curies":[{"name":"wp","href":"https:\/\/api.w.org\/{rel}","templated":true}]}}