{"id":2,"date":"2014-09-12T11:10:47","date_gmt":"2014-09-12T09:10:47","guid":{"rendered":"http:\/\/agora.xtec.cat\/escolajave\/?page_id=2"},"modified":"2026-03-04T10:48:15","modified_gmt":"2026-03-04T09:48:15","slug":"pagina-exemple","status":"publish","type":"page","link":"https:\/\/agora.xtec.cat\/escolajave\/","title":{"rendered":"PREINSCRIPCI\u00d3 2026-2027"},"content":{"rendered":"<p><img loading=\"lazy\" decoding=\"async\" class=\"aligncenter size-full wp-image-6005\" src=\"https:\/\/agora.xtec.cat\/escolajave\/wp-content\/uploads\/usu825\/2026\/03\/PREINSCRIPCIO.jpg\" alt=\"\" width=\"201\" height=\"251\" \/><\/p>\n<p><a href=\"https:\/\/agora.xtec.cat\/escolajave\/wp-content\/uploads\/usu825\/2026\/03\/INFORME_OFERTA_OME_INFORME_OFERTA.pdf\">INFORME_OFERTA_OME_INFORME_OFERTA<\/a><\/p>\n<p>&nbsp;<\/p>\n<p><img loading=\"lazy\" decoding=\"async\" class=\"aligncenter size-medium wp-image-5969\" src=\"https:\/\/agora.xtec.cat\/escolajave\/wp-content\/uploads\/usu825\/2026\/01\/PORTES-OBERTES-1-300x300.png\" alt=\"\" width=\"300\" height=\"300\" srcset=\"https:\/\/agora.xtec.cat\/escolajave\/wp-content\/uploads\/usu825\/2026\/01\/PORTES-OBERTES-1-300x300.png 300w, https:\/\/agora.xtec.cat\/escolajave\/wp-content\/uploads\/usu825\/2026\/01\/PORTES-OBERTES-1-1024x1024.png 1024w, https:\/\/agora.xtec.cat\/escolajave\/wp-content\/uploads\/usu825\/2026\/01\/PORTES-OBERTES-1-150x150.png 150w, https:\/\/agora.xtec.cat\/escolajave\/wp-content\/uploads\/usu825\/2026\/01\/PORTES-OBERTES-1-768x768.png 768w, https:\/\/agora.xtec.cat\/escolajave\/wp-content\/uploads\/usu825\/2026\/01\/PORTES-OBERTES-1.png 1080w\" sizes=\"auto, (max-width: 300px) 100vw, 300px\" \/><\/p>\n<p>&nbsp;<\/p>\n<p>Ahir vam realitzar la Jornada de Portes Obertes i va ser tot un \u00e8xit. Pengem el canva explicatiu que vam presentar. Moltes gr\u00e0cies a totes les fam\u00edlies que vau mostrar inter\u00e8s per el nostre projecte educatiu. Esperem retrobar-nos aviat!<\/p>\n<p><a href=\"https:\/\/agora.xtec.cat\/escolajave\/wp-content\/uploads\/usu825\/2026\/02\/Portes-Obertes-2026-web-2.pdf\">Portes Obertes 2026 web<\/a><\/p>\n","protected":false},"excerpt":{"rendered":"<p><a href=\"https:\/\/agora.xtec.cat\/escolajave\/wp-content\/uploads\/usu825\/2026\/03\/INFORME_OFERTA_OME_INFORME_OFERTA.pdf\">INFORME_OFERTA_OME_INFORME_OFERTA<\/a><br \/>\n&nbsp;<\/p>\n<p>&nbsp;<br \/>\nAhir vam realitzar la Jornada de Portes Obertes i va ser tot un \u00e8xit. Pengem el canva explicatiu que vam presentar. Moltes gr\u00e0cies a totes les fam\u00edlies que vau mostrar inter\u00e8s per el nostre projecte educatiu. Esperem retrobar-nos aviat!<br \/>\n<a href=\"https:\/\/agora.xtec.cat\/escolajave\/wp-content\/uploads\/usu825\/2026\/02\/Portes-Obertes-2026-web-2.pdf\">Portes Obertes 2026 web<\/a><\/p>\n","protected":false},"author":1,"featured_media":0,"parent":0,"menu_order":0,"comment_status":"closed","ping_status":"closed","template":"","meta":{"_bbp_topic_count":0,"_bbp_reply_count":0,"_bbp_total_topic_count":0,"_bbp_total_reply_count":0,"_bbp_voice_count":0,"_bbp_anonymous_reply_count":0,"_bbp_topic_count_hidden":0,"_bbp_reply_count_hidden":0,"_bbp_forum_subforum_count":0,"footnotes":""},"class_list":["post-2","page","type-page","status-publish","hentry"],"post_mailing_queue_ids":[],"_links":{"self":[{"href":"https:\/\/agora.xtec.cat\/escolajave\/wp-json\/wp\/v2\/pages\/2","targetHints":{"allow":["GET"]}}],"collection":[{"href":"https:\/\/agora.xtec.cat\/escolajave\/wp-json\/wp\/v2\/pages"}],"about":[{"href":"https:\/\/agora.xtec.cat\/escolajave\/wp-json\/wp\/v2\/types\/page"}],"author":[{"embeddable":true,"href":"https:\/\/agora.xtec.cat\/escolajave\/wp-json\/wp\/v2\/users\/1"}],"replies":[{"embeddable":true,"href":"https:\/\/agora.xtec.cat\/escolajave\/wp-json\/wp\/v2\/comments?post=2"}],"version-history":[{"count":6,"href":"https:\/\/agora.xtec.cat\/escolajave\/wp-json\/wp\/v2\/pages\/2\/revisions"}],"predecessor-version":[{"id":6011,"href":"https:\/\/agora.xtec.cat\/escolajave\/wp-json\/wp\/v2\/pages\/2\/revisions\/6011"}],"wp:attachment":[{"href":"https:\/\/agora.xtec.cat\/escolajave\/wp-json\/wp\/v2\/media?parent=2"}],"curies":[{"name":"wp","href":"https:\/\/api.w.org\/{rel}","templated":true}]}}