{"id":84,"date":"2014-09-18T14:11:31","date_gmt":"2014-09-18T13:11:31","guid":{"rendered":"http:\/\/agora.xtec.cat\/escolajaumemiret\/?page_id=84"},"modified":"2024-11-26T09:32:48","modified_gmt":"2024-11-26T08:32:48","slug":"activitats-extraescolars","status":"publish","type":"page","link":"https:\/\/agora.xtec.cat\/escolajaumemiret\/ampa\/activitats-extraescolars\/","title":{"rendered":"Activitats extraescolars"},"content":{"rendered":"<h6>L\u2019AMPA organitza per a infants de I3 a 6\u00e8 de prim\u00e0ria diferents activitats extraescolars que complementen la franja hor\u00e0ria del migdia i d\u2019algunes tardes.<\/h6>\n<h6>Totes les activitats es realitzen a la mateixa escola.<\/h6>\n<h4><\/h4>\n<h4>Franja hor\u00e0ria migdia<\/h4>\n<ul>\n<li>\n<div>Angl\u00e8s Punt Estudi (3er, 4art, 5\u00e8 i 6\u00e8)<\/div>\n<\/li>\n<li>\n<div>Angl\u00e8s Kangaroo Point (I5, 1r i 2n)<\/div>\n<\/li>\n<li>\n<div>Escacs<\/div>\n<\/li>\n<li>\n<div>Info-Flash &#8211; Mecanografia i Inform\u00e0tica &#8211; (4art, 5\u00e8 i 6\u00e8)<\/div>\n<\/li>\n<\/ul>\n<h4>Franja hor\u00e0ria tarda<\/h4>\n<ul>\n<li>\n<div>Belluga\u2019t + Teatre (I3, I4, I5 i 1er)<\/div>\n<\/li>\n<li>\n<div>Som uns artistes<\/div>\n<\/li>\n<li>Tecnorob\u00f2tica (3er, 4art, 5\u00e8 i 6\u00e8)<\/li>\n<\/ul>\n","protected":false},"excerpt":{"rendered":"<p>L\u2019AMPA organitza per a infants de I3 a 6\u00e8 de prim\u00e0ria diferents activitats extraescolars que complementen la franja hor\u00e0ria del migdia i d\u2019algunes tardes.<br \/>\nTotes les activitats es realitzen a la mateixa escola.<\/p>\n<p>Franja hor\u00e0ria migdia<\/p>\n<ul>\n<li>\nAngl\u00e8s Punt Estudi (3er, 4art, 5\u00e8 i 6\u00e8)\n<\/li>\n<li>\nAngl\u00e8s Kangaroo Point (I5, 1r&hellip;  <a href=\"https:\/\/agora.xtec.cat\/escolajaumemiret\/ampa\/activitats-extraescolars\/\" title=\"Read Activitats extraescolars\">Llegeix m\u00e9s\u00bb<\/a><\/p>\n","protected":false},"author":1,"featured_media":0,"parent":684,"menu_order":60,"comment_status":"closed","ping_status":"closed","template":"page-templates\/side-menu.php","meta":{"_bbp_topic_count":0,"_bbp_reply_count":0,"_bbp_total_topic_count":0,"_bbp_total_reply_count":0,"_bbp_voice_count":0,"_bbp_anonymous_reply_count":0,"_bbp_topic_count_hidden":0,"_bbp_reply_count_hidden":0,"_bbp_forum_subforum_count":0,"footnotes":""},"class_list":["post-84","page","type-page","status-publish","hentry"],"post_mailing_queue_ids":[],"_links":{"self":[{"href":"https:\/\/agora.xtec.cat\/escolajaumemiret\/wp-json\/wp\/v2\/pages\/84","targetHints":{"allow":["GET"]}}],"collection":[{"href":"https:\/\/agora.xtec.cat\/escolajaumemiret\/wp-json\/wp\/v2\/pages"}],"about":[{"href":"https:\/\/agora.xtec.cat\/escolajaumemiret\/wp-json\/wp\/v2\/types\/page"}],"author":[{"embeddable":true,"href":"https:\/\/agora.xtec.cat\/escolajaumemiret\/wp-json\/wp\/v2\/users\/1"}],"replies":[{"embeddable":true,"href":"https:\/\/agora.xtec.cat\/escolajaumemiret\/wp-json\/wp\/v2\/comments?post=84"}],"version-history":[{"count":6,"href":"https:\/\/agora.xtec.cat\/escolajaumemiret\/wp-json\/wp\/v2\/pages\/84\/revisions"}],"predecessor-version":[{"id":16691,"href":"https:\/\/agora.xtec.cat\/escolajaumemiret\/wp-json\/wp\/v2\/pages\/84\/revisions\/16691"}],"up":[{"embeddable":true,"href":"https:\/\/agora.xtec.cat\/escolajaumemiret\/wp-json\/wp\/v2\/pages\/684"}],"wp:attachment":[{"href":"https:\/\/agora.xtec.cat\/escolajaumemiret\/wp-json\/wp\/v2\/media?parent=84"}],"curies":[{"name":"wp","href":"https:\/\/api.w.org\/{rel}","templated":true}]}}