{"id":8256,"date":"2020-03-23T14:18:12","date_gmt":"2020-03-23T13:18:12","guid":{"rendered":"http:\/\/agora.xtec.cat\/escolajaumemiret\/?page_id=8256"},"modified":"2020-03-29T20:19:00","modified_gmt":"2020-03-29T18:19:00","slug":"racons","status":"publish","type":"page","link":"https:\/\/agora.xtec.cat\/escolajaumemiret\/projectes\/racons\/","title":{"rendered":"Racons"},"content":{"rendered":"<p>El treball per racons \u00e9s una proposta metodol\u00f2gica que proposa delimitar, dintre de l\u2019aula, diferents espais on els nostres alumnes puguin realitzar de manera simult\u00e0nia diferents activitats de tipus cognitiu, manipulatiu i simb\u00f2lic. La manera d\u2019organitzar la classe \u00e9s oferir una gran varietat de propostes a les quals les nenes i els nens poden accedir d\u2019una forma oberta. Els infants poden realitzar activitats aut\u00f2nomament, amb d\u2019altres companys o amb l\u2019adult.<\/p>\n<p>Els objectius del treball per racons son els seg\u00fcents:<span class=\"Apple-converted-space\">\u00a0<\/span><\/p>\n<ul>\n<li>Atendre a cada infant de manera individual, respectant els seus interessos i ritme d\u2019aprenentatge.<\/li>\n<li>Potenciar l\u2019\u00fas dels diferents llenguatges: matem\u00e0tic, ling\u00fc\u00edstic, pl\u00e0stic, musical&#8230;<span class=\"Apple-converted-space\">\u00a0<\/span><\/li>\n<li>Afavorir l\u2019autonomia i capacitat d\u2019organitzaci\u00f3 dels infants.<\/li>\n<li>Afavorir ritmes de treball i d\u2019ordre.<span class=\"Apple-converted-space\">\u00a0<\/span><\/li>\n<li>Educar les persones perqu\u00e8 tinguin criteri propi.<\/li>\n<li>Potenciar les interrelacions.<\/li>\n<li>Crear espais per aconseguir que totes les nenes i nens tinguin les mateixes oportunitats i manipulin i coneguin els diferents materials disponibles.<\/li>\n<li>Considerar l\u2019infant com un \u00e9sser actiu que realitza els seus aprenentatges a trav\u00e9s dels sentits i la manipulaci\u00f3.<\/li>\n<li>Atendre de manera ajustada els alumnes amb necessitats educatives especials.<\/li>\n<\/ul>\n","protected":false},"excerpt":{"rendered":"<p>El treball per racons \u00e9s una proposta metodol\u00f2gica que proposa delimitar, dintre de l\u2019aula, diferents espais on els nostres alumnes puguin realitzar de manera simult\u00e0nia diferents activitats de tipus cognitiu, manipulatiu i simb\u00f2lic. La manera d\u2019organitzar la classe \u00e9s oferir una gran varietat de propostes&hellip;  <a href=\"https:\/\/agora.xtec.cat\/escolajaumemiret\/projectes\/racons\/\" title=\"Read Racons\">Llegeix m\u00e9s\u00bb<\/a><\/p>\n","protected":false},"author":6,"featured_media":0,"parent":66,"menu_order":41,"comment_status":"closed","ping_status":"closed","template":"page-templates\/side-menu.php","meta":{"_bbp_topic_count":0,"_bbp_reply_count":0,"_bbp_total_topic_count":0,"_bbp_total_reply_count":0,"_bbp_voice_count":0,"_bbp_anonymous_reply_count":0,"_bbp_topic_count_hidden":0,"_bbp_reply_count_hidden":0,"_bbp_forum_subforum_count":0,"footnotes":""},"class_list":["post-8256","page","type-page","status-publish","hentry"],"post_mailing_queue_ids":[],"_links":{"self":[{"href":"https:\/\/agora.xtec.cat\/escolajaumemiret\/wp-json\/wp\/v2\/pages\/8256","targetHints":{"allow":["GET"]}}],"collection":[{"href":"https:\/\/agora.xtec.cat\/escolajaumemiret\/wp-json\/wp\/v2\/pages"}],"about":[{"href":"https:\/\/agora.xtec.cat\/escolajaumemiret\/wp-json\/wp\/v2\/types\/page"}],"author":[{"embeddable":true,"href":"https:\/\/agora.xtec.cat\/escolajaumemiret\/wp-json\/wp\/v2\/users\/6"}],"replies":[{"embeddable":true,"href":"https:\/\/agora.xtec.cat\/escolajaumemiret\/wp-json\/wp\/v2\/comments?post=8256"}],"version-history":[{"count":3,"href":"https:\/\/agora.xtec.cat\/escolajaumemiret\/wp-json\/wp\/v2\/pages\/8256\/revisions"}],"predecessor-version":[{"id":8596,"href":"https:\/\/agora.xtec.cat\/escolajaumemiret\/wp-json\/wp\/v2\/pages\/8256\/revisions\/8596"}],"up":[{"embeddable":true,"href":"https:\/\/agora.xtec.cat\/escolajaumemiret\/wp-json\/wp\/v2\/pages\/66"}],"wp:attachment":[{"href":"https:\/\/agora.xtec.cat\/escolajaumemiret\/wp-json\/wp\/v2\/media?parent=8256"}],"curies":[{"name":"wp","href":"https:\/\/api.w.org\/{rel}","templated":true}]}}