{"id":82,"date":"2014-09-18T14:10:51","date_gmt":"2014-09-18T13:10:51","guid":{"rendered":"http:\/\/agora.xtec.cat\/escolajaumemiret\/?page_id=82"},"modified":"2024-11-26T09:31:01","modified_gmt":"2024-11-26T08:31:01","slug":"menjador","status":"publish","type":"page","link":"https:\/\/agora.xtec.cat\/escolajaumemiret\/ampa\/menjador\/","title":{"rendered":"SERVEIS"},"content":{"rendered":"<h3>MENJADOR<\/h3>\n<p>El servei de menjador el realitza l\u2019empresa <strong>SERCODAGA<\/strong>, qui factura directament a les fam\u00edlies dels alumnes.<\/p>\n<p>SERCODAGA ofereix un servei de c\u00e0tering de l\u00ednia calenta, amb productes frescos, ecol\u00f2gics i de proximitat.<\/p>\n<p>Per consultar el men\u00fa mensual i les diferents not\u00edcies relacionades amb el menjador dels nostres fills\/filles, accediu a la intranet SERCODAGA:<\/p>\n<ul>\n<li>Preu menjador fixe: 6,91 \u20ac\/men\u00fa<\/li>\n<li>Preu menjador espor\u00e0dic: 7,83 \u20ac\/men\u00fa<\/li>\n<\/ul>\n<p><a href=\"http:\/\/www.sercodaga.com\/ca\/catering\/sercodaga\/jaume-miret\/escola-jaume-miret\/183403.html\" target=\"_blank\" rel=\"noopener noreferrer\">MEN\u00da SERCODAGA<\/a><\/p>\n<p><a href=\"https:\/\/agora.xtec.cat\/escolajaumemiret\/ampa\/menjador\/attachment\/pla-de-menjador-3\/\" target=\"_blank\" rel=\"attachment noopener wp-att-16108\">PLA DE MENJADOR<\/a><\/p>\n<p>&nbsp;<\/p>\n<h3>ACOLLIDA<\/h3>\n<p>Per tal de conciliar els horaris laborals amb l\u2019horari escolar, l\u2019AMPA posa a disposici\u00f3 de les fam\u00edlies un servei d\u2019acollida amb monitors qualificats que permet portar els alumnes a l\u2019escola abans de l\u2019inici de l\u2019horari lectiu i al migdia.<\/p>\n<h6>Modalitats i quotes<\/h6>\n<ul>\n<li>Acollida Matinal: 08.00h a 09.00h<\/li>\n<\/ul>\n<p>Preus: 3\u20ac\/dia \u2013 25\u20ac\/mes<\/p>\n<p>A partir de 2 germans 20\u20ac\/mes<\/p>\n<ul>\n<li>Acollida Migdia: 12.30h a 13.30h<\/li>\n<\/ul>\n<p>Preus: 3\u20ac\/dia \u2013 25\u20ac\/mes<\/p>\n<p>A partir de 2 germans 20\u20ac\/mes<\/p>\n","protected":false},"excerpt":{"rendered":"<p>MENJADOR<br \/>\nEl servei de menjador el realitza l\u2019empresa SERCODAGA, qui factura directament a les fam\u00edlies dels alumnes.<br \/>\nSERCODAGA ofereix un servei de c\u00e0tering de l\u00ednia calenta, amb productes frescos, ecol\u00f2gics i de proximitat.<br \/>\nPer consultar el men\u00fa mensual i les diferents not\u00edcies relacionades amb el menjador dels nostres&hellip;  <a href=\"https:\/\/agora.xtec.cat\/escolajaumemiret\/ampa\/menjador\/\" title=\"Read SERVEIS\">Llegeix m\u00e9s\u00bb<\/a><\/p>\n","protected":false},"author":1,"featured_media":0,"parent":684,"menu_order":50,"comment_status":"closed","ping_status":"closed","template":"page-templates\/side-menu.php","meta":{"_bbp_topic_count":0,"_bbp_reply_count":0,"_bbp_total_topic_count":0,"_bbp_total_reply_count":0,"_bbp_voice_count":0,"_bbp_anonymous_reply_count":0,"_bbp_topic_count_hidden":0,"_bbp_reply_count_hidden":0,"_bbp_forum_subforum_count":0,"footnotes":""},"class_list":["post-82","page","type-page","status-publish","hentry"],"post_mailing_queue_ids":[],"_links":{"self":[{"href":"https:\/\/agora.xtec.cat\/escolajaumemiret\/wp-json\/wp\/v2\/pages\/82","targetHints":{"allow":["GET"]}}],"collection":[{"href":"https:\/\/agora.xtec.cat\/escolajaumemiret\/wp-json\/wp\/v2\/pages"}],"about":[{"href":"https:\/\/agora.xtec.cat\/escolajaumemiret\/wp-json\/wp\/v2\/types\/page"}],"author":[{"embeddable":true,"href":"https:\/\/agora.xtec.cat\/escolajaumemiret\/wp-json\/wp\/v2\/users\/1"}],"replies":[{"embeddable":true,"href":"https:\/\/agora.xtec.cat\/escolajaumemiret\/wp-json\/wp\/v2\/comments?post=82"}],"version-history":[{"count":9,"href":"https:\/\/agora.xtec.cat\/escolajaumemiret\/wp-json\/wp\/v2\/pages\/82\/revisions"}],"predecessor-version":[{"id":16690,"href":"https:\/\/agora.xtec.cat\/escolajaumemiret\/wp-json\/wp\/v2\/pages\/82\/revisions\/16690"}],"up":[{"embeddable":true,"href":"https:\/\/agora.xtec.cat\/escolajaumemiret\/wp-json\/wp\/v2\/pages\/684"}],"wp:attachment":[{"href":"https:\/\/agora.xtec.cat\/escolajaumemiret\/wp-json\/wp\/v2\/media?parent=82"}],"curies":[{"name":"wp","href":"https:\/\/api.w.org\/{rel}","templated":true}]}}