{"id":73,"date":"2014-09-18T14:01:51","date_gmt":"2014-09-18T12:01:51","guid":{"rendered":"http:\/\/agora.xtec.cat\/escolajaumemiret\/?page_id=73"},"modified":"2025-03-20T10:27:44","modified_gmt":"2025-03-20T09:27:44","slug":"projectes-interdisciplinar","status":"publish","type":"page","link":"https:\/\/agora.xtec.cat\/escolajaumemiret\/projectes\/projectes-interdisciplinar\/","title":{"rendered":"METODOLOGIA"},"content":{"rendered":"<p>La societat canvia constantment i de manera molt r\u00e0pida. \u00c9s per aquest motiu que es fa necessari, cada vegada, m\u00e9s preparar els infants per donar respostes innovadores a aquests canvis. El treball per projectes \u00e9s una metodologia globalitzadora que afavoreix que l\u2019aprenentatge escolar sigui \u00fatil per a formar ciutadans i ciutadanes cr\u00edtics, amb opini\u00f3 pr\u00f2pia, aut\u00f2noms i que siguin capa\u00e7os de resoldre els nous reptes en cooperaci\u00f3 amb els altres.<\/p>\n<p>El treball per projectes \u00e9s una metodologia que es caracteritza per:<\/p>\n<ul>\n<li>Partir d&#8217;un tema, problema o centre d&#8217;inter\u00e8s negociat amb l&#8217;alumnat.<\/li>\n<li>Fer protagonista l&#8217;alumnat en la construcci\u00f3 del propi coneixement, ja que focalitza el desig de saber coses noves, la formulaci\u00f3 de preguntes, la reflexi\u00f3 sobre el propi saber, la recerca de nous coneixements i la reflexi\u00f3 sobre el propi proc\u00e9s d\u2019aprenentatge.<\/li>\n<li>Donar import\u00e0ncia al treball cooperatiu. S\u2019elaboren preguntes o hip\u00f2tesis, es prenen decisions sobre el repartiment de tasques i es posa en com\u00fa el resultat de les tasques individuals i s\u2019elabora col\u00b7lectivament el resultat.<\/li>\n<li>Incentivar processos d\u2019investigaci\u00f3 que suposen cercar, seleccionar i interpretar informaci\u00f3 a trav\u00e9s de fonts diverses, formular nous dubtes i noves preguntes i establir relacions amb altres problemes.<\/li>\n<li>Transferir estrat\u00e8gies per aprendre: es representa el proc\u00e9s de construcci\u00f3 de coneixement, s\u2019avalua el que s&#8217;ha apr\u00e8s i com s\u2019ha apr\u00e8s.<\/li>\n<li>Activar la comunicaci\u00f3, el di\u00e0leg i la discussi\u00f3 en petit i gran grup per construir coneixement de forma compartida.<\/li>\n<\/ul>\n<p><b>Avantatges de treballar per projectes:<\/b><\/p>\n<ol>\n<li><b>Fomenta l\u2019autonomia<\/b>\u00a0de l\u2019alumnat. Aprenen a ser competents i resoldre els reptes que se\u2019ls plantegen.<\/li>\n<li>Els infants s\u00f3n\u00a0<b>actius en el seu proc\u00e9s d\u2019aprenentatge<\/b>. S\u2019impliquen en el que estan treballant i s\u00f3n ells els que guien el seu propi aprenentatge.<\/li>\n<li>Afavoreix l\u2019<b>aprenentatge significatiu<\/b>. Els infants\u00a0van encaixant els continguts\u00a0<b>formant una xarxa\u00a0<\/b>de coneixements.<b>\u00a0<\/b><\/li>\n<li>Propicia\u00a0el\u00a0<b>treball\u00a0interdisciplinari,\u00a0<\/b>ja que permet connectar i adquirir coneixements de les diferents \u00e0rees educatives.<\/li>\n<li>Permet<b>\u00a0atendre la\u00a0diversitat\u00a0<\/b>que trobem a les aules: flexibilitat en el ritme de treball, en les metodologies, els continguts, \u2026<\/li>\n<li>Utilitza les\u00a0<b>noves tecnologies<\/b>. Fent recerca de la informaci\u00f3 milloren molt \u00a0la seva compet\u00e8ncia digital.<\/li>\n<li>Propicia crear un\u00a0ambient d\u2019aula en el qual\u00a0es<b>\u00a0treballen valors<\/b>\u00a0molt importants com el respecte,\u00a0la toler\u00e0ncia, la solidaritat i\u00a0el treball en\u00a0equip.<\/li>\n<li>Professorat i infants\u00a0<b>treballen conjuntament<\/b>\u00a0formant un equip per resoldre els reptes\u00a0que se\u2019ls van plantejant. Milloren capacitats com la resoluci\u00f3 de problemes i l\u2019organitzaci\u00f3 de les tasques.<\/li>\n<li>Afavoreix l\u2019<b>aprenentatge cooperatiu.\u00a0<\/b>Es dona\u00a0molta import\u00e0ncia al treball en grup i a la col\u00b7laboraci\u00f3, ja que \u00e9s en aquestes situacions d\u2019aprenentatge on els infants poden aprendre els uns dels altres.<\/li>\n<li>Les nenes i els nens estan\u00a0<b>motivats,<\/b>\u00a0ja que\u00a0aquesta metodologia dona l\u2019oportunitat que\u00a0ells mateixos escullin qu\u00e8 volen treballar i qu\u00e8 els interessa. Aix\u00f2 fa que tot el que aprenen sigui significatiu per a ells i elles.<\/li>\n<li>Permet que l\u2019alumnat\u00a0<b>connecti amb la realitat<\/b>,\u00a0m\u00e9s enll\u00e0 dels llibres de text o de les classes magistrals. Els preparen per a la vida real.<\/li>\n<li>L\u2019infant\u00a0<b>apr\u00e8n a pensar<\/b>, cercar informaci\u00f3 i investigar. No ha de memoritzar i adquirir de forma mec\u00e0nica uns continguts determinats.<\/li>\n<li>Potencia\u00a0<b>habilitats socials<\/b>\u00a0com saber estar, saber esperar, saber escoltar, saber debatre, saber relacionar-se amb els altres, <b>\u2026<\/b><\/li>\n<li>Afavoreix la<b>\u00a0confian\u00e7a i l\u2019autoestima<\/b>\u00a0dels infants, se senten orgullosos en veure que han superat un repte.<\/li>\n<li>Exerciten el\u00a0<b>m\u00e8tode cient\u00edfic,<\/b>\u00a0ja que fan hip\u00f2tesis, les contrasten i finalment n\u2019extreuen les conclusions.<\/li>\n<\/ol>\n","protected":false},"excerpt":{"rendered":"<p>La societat canvia constantment i de manera molt r\u00e0pida. \u00c9s per aquest motiu que es fa necessari, cada vegada, m\u00e9s preparar els infants per donar respostes innovadores a aquests canvis. El treball per projectes \u00e9s una metodologia globalitzadora que afavoreix que l\u2019aprenentatge escolar sigui \u00fatil&hellip;  <a href=\"https:\/\/agora.xtec.cat\/escolajaumemiret\/projectes\/projectes-interdisciplinar\/\" title=\"Read METODOLOGIA\">Llegeix m\u00e9s\u00bb<\/a><\/p>\n","protected":false},"author":1,"featured_media":0,"parent":66,"menu_order":30,"comment_status":"closed","ping_status":"closed","template":"page-templates\/side-menu.php","meta":{"_bbp_topic_count":0,"_bbp_reply_count":0,"_bbp_total_topic_count":0,"_bbp_total_reply_count":0,"_bbp_voice_count":0,"_bbp_anonymous_reply_count":0,"_bbp_topic_count_hidden":0,"_bbp_reply_count_hidden":0,"_bbp_forum_subforum_count":0,"footnotes":""},"class_list":["post-73","page","type-page","status-publish","hentry"],"post_mailing_queue_ids":[],"_links":{"self":[{"href":"https:\/\/agora.xtec.cat\/escolajaumemiret\/wp-json\/wp\/v2\/pages\/73","targetHints":{"allow":["GET"]}}],"collection":[{"href":"https:\/\/agora.xtec.cat\/escolajaumemiret\/wp-json\/wp\/v2\/pages"}],"about":[{"href":"https:\/\/agora.xtec.cat\/escolajaumemiret\/wp-json\/wp\/v2\/types\/page"}],"author":[{"embeddable":true,"href":"https:\/\/agora.xtec.cat\/escolajaumemiret\/wp-json\/wp\/v2\/users\/1"}],"replies":[{"embeddable":true,"href":"https:\/\/agora.xtec.cat\/escolajaumemiret\/wp-json\/wp\/v2\/comments?post=73"}],"version-history":[{"count":4,"href":"https:\/\/agora.xtec.cat\/escolajaumemiret\/wp-json\/wp\/v2\/pages\/73\/revisions"}],"predecessor-version":[{"id":16945,"href":"https:\/\/agora.xtec.cat\/escolajaumemiret\/wp-json\/wp\/v2\/pages\/73\/revisions\/16945"}],"up":[{"embeddable":true,"href":"https:\/\/agora.xtec.cat\/escolajaumemiret\/wp-json\/wp\/v2\/pages\/66"}],"wp:attachment":[{"href":"https:\/\/agora.xtec.cat\/escolajaumemiret\/wp-json\/wp\/v2\/media?parent=73"}],"curies":[{"name":"wp","href":"https:\/\/api.w.org\/{rel}","templated":true}]}}