{"id":28,"date":"2014-09-18T12:29:35","date_gmt":"2014-09-18T11:29:35","guid":{"rendered":"http:\/\/agora.xtec.cat\/escolajaumemiret\/?page_id=28"},"modified":"2020-09-15T18:53:04","modified_gmt":"2020-09-15T16:53:04","slug":"com-treballem","status":"publish","type":"page","link":"https:\/\/agora.xtec.cat\/escolajaumemiret\/lescola\/com-treballem\/","title":{"rendered":"Com aprenem"},"content":{"rendered":"<h4>Escoltar a l\u2019altre, raonar, dialogar, argumentar, compartir el que sabem, pensar junts, arriscar-se a decidir, acceptar l&#8217;error quan la decisi\u00f3 no ha estat l&#8217;encertada,&#8230;\u00a0S\u00f3n situacions que ajuden a formar-nos com a persones responsables, aut\u00f2nomes, lliures i democr\u00e0tiques, potenciant\u00a0el desenvolupament integral i estimulant al m\u00e0xim, les pr\u00f2pies capacitats personals, afectives, intel\u00b7lectuals i socials.<\/h4>\n<h4>\u00c9s per aix\u00f2, creiem en situacions d&#8217;aprenentatge significatives i funcionals, que permetin aprendre d\u2019una manera global. Vinculem les propostes educatives a l\u2019entorn, perqu\u00e8 entenem que aprenem a tot arreu i al llarg de la vida. Les metodologies que emprem consisteixen en:<\/h4>\n<ul>\n<li style=\"list-style-type: none;\">\n<ul>\n<li>\n<h4>RACONS<\/h4>\n<\/li>\n<li>\n<h4>TREBALL COOPERATIU<\/h4>\n<\/li>\n<li>\n<h4>TREBALL PER PROJECTES<\/h4>\n<\/li>\n<li>\n<h4>TALLERS DE CI\u00c8NCIES<\/h4>\n<\/li>\n<li>\n<h4>ESPAIS a Educaci\u00f3 Infantil<\/h4>\n<\/li>\n<\/ul>\n<\/li>\n<\/ul>\n","protected":false},"excerpt":{"rendered":"<p>Escoltar a l\u2019altre, raonar, dialogar, argumentar, compartir el que sabem, pensar junts, arriscar-se a decidir, acceptar l&#8217;error quan la decisi\u00f3 no ha estat l&#8217;encertada,&#8230;\u00a0S\u00f3n situacions que ajuden a formar-nos com a persones responsables, aut\u00f2nomes, lliures i democr\u00e0tiques, potenciant\u00a0el desenvolupament integral i estimulant al m\u00e0xim, les&hellip;  <a href=\"https:\/\/agora.xtec.cat\/escolajaumemiret\/lescola\/com-treballem\/\" title=\"Read Com aprenem\">Llegeix m\u00e9s\u00bb<\/a><\/p>\n","protected":false},"author":1,"featured_media":0,"parent":22,"menu_order":30,"comment_status":"closed","ping_status":"closed","template":"page-templates\/side-menu.php","meta":{"_bbp_topic_count":0,"_bbp_reply_count":0,"_bbp_total_topic_count":0,"_bbp_total_reply_count":0,"_bbp_voice_count":0,"_bbp_anonymous_reply_count":0,"_bbp_topic_count_hidden":0,"_bbp_reply_count_hidden":0,"_bbp_forum_subforum_count":0,"footnotes":""},"class_list":["post-28","page","type-page","status-publish","hentry"],"post_mailing_queue_ids":[],"_links":{"self":[{"href":"https:\/\/agora.xtec.cat\/escolajaumemiret\/wp-json\/wp\/v2\/pages\/28","targetHints":{"allow":["GET"]}}],"collection":[{"href":"https:\/\/agora.xtec.cat\/escolajaumemiret\/wp-json\/wp\/v2\/pages"}],"about":[{"href":"https:\/\/agora.xtec.cat\/escolajaumemiret\/wp-json\/wp\/v2\/types\/page"}],"author":[{"embeddable":true,"href":"https:\/\/agora.xtec.cat\/escolajaumemiret\/wp-json\/wp\/v2\/users\/1"}],"replies":[{"embeddable":true,"href":"https:\/\/agora.xtec.cat\/escolajaumemiret\/wp-json\/wp\/v2\/comments?post=28"}],"version-history":[{"count":3,"href":"https:\/\/agora.xtec.cat\/escolajaumemiret\/wp-json\/wp\/v2\/pages\/28\/revisions"}],"predecessor-version":[{"id":10882,"href":"https:\/\/agora.xtec.cat\/escolajaumemiret\/wp-json\/wp\/v2\/pages\/28\/revisions\/10882"}],"up":[{"embeddable":true,"href":"https:\/\/agora.xtec.cat\/escolajaumemiret\/wp-json\/wp\/v2\/pages\/22"}],"wp:attachment":[{"href":"https:\/\/agora.xtec.cat\/escolajaumemiret\/wp-json\/wp\/v2\/media?parent=28"}],"curies":[{"name":"wp","href":"https:\/\/api.w.org\/{rel}","templated":true}]}}