{"id":26,"date":"2014-09-18T12:24:32","date_gmt":"2014-09-18T11:24:32","guid":{"rendered":"http:\/\/agora.xtec.cat\/escolajaumemiret\/?page_id=26"},"modified":"2020-09-15T18:53:51","modified_gmt":"2020-09-15T16:53:51","slug":"quisom","status":"publish","type":"page","link":"https:\/\/agora.xtec.cat\/escolajaumemiret\/lescola\/quisom\/","title":{"rendered":"Qui som"},"content":{"rendered":"<h4>Som l\u2019escola del poble de Soses. Treballem per l\u2019educaci\u00f3 dels infants de 3 a 12 anys amb la voluntat que esdevinguin\u00a0persones aut\u00f2nomes, responsables, compromeses amb la societat i el medi ambient, cr\u00edtics i h\u00e0bils en l\u2019\u00fas de valors democr\u00e0tics.<\/h4>\n<h4>El m\u00e9s important per nosaltres s\u00f3n les persones, per aix\u00f2 ens proposem atendre la diversitat d\u2019interessos i ritmes d\u2019aprenentatge de l\u2019alumnat, la formaci\u00f3 integral de cada una o cada un d\u2019ells, el respecte a la seva idiosincr\u00e0sia i la de les seves fam\u00edlies. Treballem per aconseguir que l\u2019alumnat vagi assolint les capacitats i compet\u00e8ncies b\u00e0siques per tal de millorar el seu rendiment en l\u2019aprenentatge, partint sempre de la seva diversitat i acompanyant el seu desenvolupament personal, i utilitzant el catal\u00e0 com a llengua vehicular de l\u2019ensenyament i l\u2019aprenentatge. A l\u2019hora, vetllem per la salut f\u00edsica, ps\u00edquica, afectiva i social de l&#8217;alumnat, tot estimulant conductes de prevenci\u00f3.<\/h4>\n<h4>Volem crear una l\u00ednia d\u2019escola i generar un bon clima de treball, incorporant a l\u2019equip els i les professionals que arriben de nou, i obrint les portes del centre a les persones de tots els sectors de la comunitat que hi vulguin participar.<\/h4>\n","protected":false},"excerpt":{"rendered":"<p>Som l\u2019escola del poble de Soses. Treballem per l\u2019educaci\u00f3 dels infants de 3 a 12 anys amb la voluntat que esdevinguin\u00a0persones aut\u00f2nomes, responsables, compromeses amb la societat i el medi ambient, cr\u00edtics i h\u00e0bils en l\u2019\u00fas de valors democr\u00e0tics.<br \/>\nEl m\u00e9s important per nosaltres s\u00f3n les&hellip;  <a href=\"https:\/\/agora.xtec.cat\/escolajaumemiret\/lescola\/quisom\/\" title=\"Read Qui som\">Llegeix m\u00e9s\u00bb<\/a><\/p>\n","protected":false},"author":1,"featured_media":0,"parent":22,"menu_order":20,"comment_status":"closed","ping_status":"closed","template":"page-templates\/side-menu.php","meta":{"_bbp_topic_count":0,"_bbp_reply_count":0,"_bbp_total_topic_count":0,"_bbp_total_reply_count":0,"_bbp_voice_count":0,"_bbp_anonymous_reply_count":0,"_bbp_topic_count_hidden":0,"_bbp_reply_count_hidden":0,"_bbp_forum_subforum_count":0,"footnotes":""},"class_list":["post-26","page","type-page","status-publish","hentry"],"post_mailing_queue_ids":[],"_links":{"self":[{"href":"https:\/\/agora.xtec.cat\/escolajaumemiret\/wp-json\/wp\/v2\/pages\/26","targetHints":{"allow":["GET"]}}],"collection":[{"href":"https:\/\/agora.xtec.cat\/escolajaumemiret\/wp-json\/wp\/v2\/pages"}],"about":[{"href":"https:\/\/agora.xtec.cat\/escolajaumemiret\/wp-json\/wp\/v2\/types\/page"}],"author":[{"embeddable":true,"href":"https:\/\/agora.xtec.cat\/escolajaumemiret\/wp-json\/wp\/v2\/users\/1"}],"replies":[{"embeddable":true,"href":"https:\/\/agora.xtec.cat\/escolajaumemiret\/wp-json\/wp\/v2\/comments?post=26"}],"version-history":[{"count":3,"href":"https:\/\/agora.xtec.cat\/escolajaumemiret\/wp-json\/wp\/v2\/pages\/26\/revisions"}],"predecessor-version":[{"id":10883,"href":"https:\/\/agora.xtec.cat\/escolajaumemiret\/wp-json\/wp\/v2\/pages\/26\/revisions\/10883"}],"up":[{"embeddable":true,"href":"https:\/\/agora.xtec.cat\/escolajaumemiret\/wp-json\/wp\/v2\/pages\/22"}],"wp:attachment":[{"href":"https:\/\/agora.xtec.cat\/escolajaumemiret\/wp-json\/wp\/v2\/media?parent=26"}],"curies":[{"name":"wp","href":"https:\/\/api.w.org\/{rel}","templated":true}]}}