{"id":24,"date":"2014-09-18T12:23:15","date_gmt":"2014-09-18T11:23:15","guid":{"rendered":"http:\/\/agora.xtec.cat\/escolajaumemiret\/?page_id=24"},"modified":"2020-12-05T07:09:33","modified_gmt":"2020-12-05T06:09:33","slug":"on-som","status":"publish","type":"page","link":"https:\/\/agora.xtec.cat\/escolajaumemiret\/lescola\/on-som\/","title":{"rendered":"On som"},"content":{"rendered":"<p style=\"color: #666666;\"><strong>Escola Jaume Miret<\/strong><br \/>\nc\/ Sindicat s\/n<br \/>\n25181 Soses<\/p>\n<p><a href=\"https:\/\/goo.gl\/maps\/o4gPiJjXgrC2\">https:\/\/goo.gl\/maps\/o4gPiJjXgrC2<\/a><\/p>\n<p><a href=\"https:\/\/agora.xtec.cat\/escolajaumemiret\/wp-content\/uploads\/usu1799\/2020\/03\/\u00cdcono_Tel\u00e9fono_-_telefon\u00eda.jpg\"><img loading=\"lazy\" decoding=\"async\" class=\"alignnone wp-image-8385\" src=\"https:\/\/agora.xtec.cat\/escolajaumemiret\/wp-content\/uploads\/usu1799\/2020\/03\/\u00cdcono_Tel\u00e9fono_-_telefon\u00eda-1024x1024.jpg\" alt=\"\" width=\"33\" height=\"33\" srcset=\"https:\/\/agora.xtec.cat\/escolajaumemiret\/wp-content\/uploads\/usu1799\/2020\/03\/\u00cdcono_Tel\u00e9fono_-_telefon\u00eda-1024x1024.jpg 1024w, https:\/\/agora.xtec.cat\/escolajaumemiret\/wp-content\/uploads\/usu1799\/2020\/03\/\u00cdcono_Tel\u00e9fono_-_telefon\u00eda-150x150.jpg 150w, https:\/\/agora.xtec.cat\/escolajaumemiret\/wp-content\/uploads\/usu1799\/2020\/03\/\u00cdcono_Tel\u00e9fono_-_telefon\u00eda-300x300.jpg 300w, https:\/\/agora.xtec.cat\/escolajaumemiret\/wp-content\/uploads\/usu1799\/2020\/03\/\u00cdcono_Tel\u00e9fono_-_telefon\u00eda-768x768.jpg 768w, https:\/\/agora.xtec.cat\/escolajaumemiret\/wp-content\/uploads\/usu1799\/2020\/03\/\u00cdcono_Tel\u00e9fono_-_telefon\u00eda.jpg 1181w\" sizes=\"auto, (max-width: 33px) 100vw, 33px\" \/><\/a>\u00a0 \u00a0 \u00a0 \u00a0 \u00a0 \u00a0 973 79 73 15<\/p>\n<p><a href=\"https:\/\/agora.xtec.cat\/escolajaumemiret\/wp-content\/uploads\/usu1799\/2020\/03\/img_como_recuperar_mi_correo_electronico_19484_600.jpg\"><img loading=\"lazy\" decoding=\"async\" class=\"alignnone wp-image-8383\" src=\"https:\/\/agora.xtec.cat\/escolajaumemiret\/wp-content\/uploads\/usu1799\/2020\/03\/img_como_recuperar_mi_correo_electronico_19484_600.jpg\" alt=\"\" width=\"41\" height=\"41\" srcset=\"https:\/\/agora.xtec.cat\/escolajaumemiret\/wp-content\/uploads\/usu1799\/2020\/03\/img_como_recuperar_mi_correo_electronico_19484_600.jpg 600w, https:\/\/agora.xtec.cat\/escolajaumemiret\/wp-content\/uploads\/usu1799\/2020\/03\/img_como_recuperar_mi_correo_electronico_19484_600-150x150.jpg 150w, https:\/\/agora.xtec.cat\/escolajaumemiret\/wp-content\/uploads\/usu1799\/2020\/03\/img_como_recuperar_mi_correo_electronico_19484_600-300x300.jpg 300w\" sizes=\"auto, (max-width: 41px) 100vw, 41px\" \/> \u00a0<\/a>\u00a0escolajaumemiret<span class=\"\">@xtec.cat<\/span><\/p>\n<p><a href=\"https:\/\/agora.xtec.cat\/escolajaumemiret\/wp-content\/uploads\/usu1799\/2020\/03\/unnamed-2.jpg\">\u00a0\u00a0<img loading=\"lazy\" decoding=\"async\" class=\"alignnone wp-image-8384\" src=\"https:\/\/agora.xtec.cat\/escolajaumemiret\/wp-content\/uploads\/usu1799\/2020\/03\/unnamed-2.jpg\" alt=\"\" width=\"34\" height=\"34\" srcset=\"https:\/\/agora.xtec.cat\/escolajaumemiret\/wp-content\/uploads\/usu1799\/2020\/03\/unnamed-2.jpg 300w, https:\/\/agora.xtec.cat\/escolajaumemiret\/wp-content\/uploads\/usu1799\/2020\/03\/unnamed-2-150x150.jpg 150w\" sizes=\"auto, (max-width: 34px) 100vw, 34px\" \/><\/a>\u00a0 \u00a0 Descarrega l&#8217;App de l&#8217;Escola (\u00a0<a href=\"https:\/\/youtu.be\/ZYGYWcsuwGU\" target=\"_blank\" rel=\"noopener noreferrer\">Com descarregar l&#8217;APP?<\/a> )<\/p>\n<p><a href=\"https:\/\/play.google.com\/store\/apps\/details?id=com.dumainteractiva.comunicapp&amp;hl=es\" target=\"_blank\" rel=\"noopener noreferrer\">App GooglePlay<\/a><\/p>\n<p><a href=\"https:\/\/apps.apple.com\/es\/app\/comunicapp-edu\/id888324091\" target=\"_blank\" rel=\"noopener noreferrer\">App AppleStore<\/a><\/p>\n<p>&nbsp;<\/p>\n<p>&nbsp;<\/p>\n","protected":false},"excerpt":{"rendered":"<p>Escola Jaume Miret<br \/>\nc\/ Sindicat s\/n<br \/>\n25181 Soses<br \/>\n<a href=\"https:\/\/goo.gl\/maps\/o4gPiJjXgrC2\">https:\/\/goo.gl\/maps\/o4gPiJjXgrC2<\/a><br \/>\n<a href=\"https:\/\/agora.xtec.cat\/escolajaumemiret\/wp-content\/uploads\/usu1799\/2020\/03\/\u00cdcono_Tel\u00e9fono_-_telefon\u00eda.jpg\"><\/a>\u00a0 \u00a0 \u00a0 \u00a0 \u00a0 \u00a0 973 79 73 15<br \/>\n<a href=\"https:\/\/agora.xtec.cat\/escolajaumemiret\/wp-content\/uploads\/usu1799\/2020\/03\/img_como_recuperar_mi_correo_electronico_19484_600.jpg\"> \u00a0<\/a>\u00a0escolajaumemiret@xtec.cat<br \/>\n<a href=\"https:\/\/agora.xtec.cat\/escolajaumemiret\/wp-content\/uploads\/usu1799\/2020\/03\/unnamed-2.jpg\">\u00a0\u00a0<\/a>\u00a0 \u00a0 Descarrega l&#8217;App de l&#8217;Escola (\u00a0<a href=\"https:\/\/youtu.be\/ZYGYWcsuwGU\" target=\"_blank\" rel=\"noopener noreferrer\">Com descarregar l&#8217;APP?<\/a> )<br \/>\n<a href=\"https:\/\/play.google.com\/store\/apps\/details?id=com.dumainteractiva.comunicapp&amp;hl=es\" target=\"_blank\" rel=\"noopener noreferrer\">App GooglePlay<\/a><br \/>\n<a href=\"https:\/\/apps.apple.com\/es\/app\/comunicapp-edu\/id888324091\" target=\"_blank\" rel=\"noopener noreferrer\">App AppleStore<\/a><br \/>\n&nbsp;<br \/>\n&nbsp;<\/p>\n","protected":false},"author":1,"featured_media":0,"parent":22,"menu_order":10,"comment_status":"closed","ping_status":"closed","template":"page-templates\/side-menu.php","meta":{"_bbp_topic_count":0,"_bbp_reply_count":0,"_bbp_total_topic_count":0,"_bbp_total_reply_count":0,"_bbp_voice_count":0,"_bbp_anonymous_reply_count":0,"_bbp_topic_count_hidden":0,"_bbp_reply_count_hidden":0,"_bbp_forum_subforum_count":0,"footnotes":""},"class_list":["post-24","page","type-page","status-publish","hentry"],"post_mailing_queue_ids":[],"_links":{"self":[{"href":"https:\/\/agora.xtec.cat\/escolajaumemiret\/wp-json\/wp\/v2\/pages\/24","targetHints":{"allow":["GET"]}}],"collection":[{"href":"https:\/\/agora.xtec.cat\/escolajaumemiret\/wp-json\/wp\/v2\/pages"}],"about":[{"href":"https:\/\/agora.xtec.cat\/escolajaumemiret\/wp-json\/wp\/v2\/types\/page"}],"author":[{"embeddable":true,"href":"https:\/\/agora.xtec.cat\/escolajaumemiret\/wp-json\/wp\/v2\/users\/1"}],"replies":[{"embeddable":true,"href":"https:\/\/agora.xtec.cat\/escolajaumemiret\/wp-json\/wp\/v2\/comments?post=24"}],"version-history":[{"count":3,"href":"https:\/\/agora.xtec.cat\/escolajaumemiret\/wp-json\/wp\/v2\/pages\/24\/revisions"}],"predecessor-version":[{"id":11610,"href":"https:\/\/agora.xtec.cat\/escolajaumemiret\/wp-json\/wp\/v2\/pages\/24\/revisions\/11610"}],"up":[{"embeddable":true,"href":"https:\/\/agora.xtec.cat\/escolajaumemiret\/wp-json\/wp\/v2\/pages\/22"}],"wp:attachment":[{"href":"https:\/\/agora.xtec.cat\/escolajaumemiret\/wp-json\/wp\/v2\/media?parent=24"}],"curies":[{"name":"wp","href":"https:\/\/api.w.org\/{rel}","templated":true}]}}