{"id":16468,"date":"2024-07-01T20:24:08","date_gmt":"2024-07-01T18:24:08","guid":{"rendered":"https:\/\/agora.xtec.cat\/escolajaumemiret\/?page_id=16468"},"modified":"2025-03-24T13:33:07","modified_gmt":"2025-03-24T12:33:07","slug":"noticies","status":"publish","type":"page","link":"https:\/\/agora.xtec.cat\/escolajaumemiret\/ampa\/noticies\/","title":{"rendered":"Not\u00edcies"},"content":{"rendered":"<p>CURS 2024-2025<\/p>\n<p style=\"text-align: center;\"><strong>Ajut atorgat per la Diputaci\u00f3 de Lleida \u00c0rea d\u2019Igualtat anualitat 2024<\/strong><\/p>\n<p>S\u2019informa que s\u2019ha atorgat a l&#8217;<strong>AMPA ESCOLA JAUME MIRET DE SOSES\u00a0<\/strong>un ajut de 762,50 euros per a Ajuts per a sufragar les despeses del \u201cProjecte eclosi\u00f3 sexualitat a l&#8217;aula de l&#8217;Escola de Soses\u201d, segons convocatoria d\u2019ajut de l\u2019\u00c0rea d\u2019Igualtat de la Diputaci\u00f3 de Lleida\u00a0en l\u2019\u00e0mbit de la promoci\u00f3 de les pol\u00edtiques d\u2019igualtat d\u2019oportunitats, la incorporaci\u00f3 de la perspectiva de g\u00e8nere i dels drets de no discriminaci\u00f3 de les persones LGTBI,\u00a0per a l\u2019any 2024.<\/p>\n<p>&nbsp;<\/p>\n<p><img decoding=\"async\" src=\"https:\/\/mail.google.com\/mail\/u\/0?ui=2&amp;ik=0d775aae03&amp;attid=0.1&amp;permmsgid=msg-f:1827465942139660073&amp;th=195c7697905be729&amp;view=fimg&amp;fur=ip&amp;permmsgid=msg-f:1827465942139660073&amp;sz=s0-l75-ft&amp;attbid=ANGjdJ9PPbT3ei9oviw3C8g8N0XOZejHBS6fQPDC3ZYf-t_wRTRIRhgdrkAIk6NRu5sOqCxGp_mdTR1q0d0qEXc9Yno8cOOI-pVS2wHIuBMkqWcT_lr90L4VoK4eUgI&amp;disp=emb&amp;realattid=ii_195c767ab54cb971f161&amp;zw\" alt=\"image.png\" \/><\/p>\n<h4><\/h4>\n<h4><\/h4>\n<h4><\/h4>\n<h4><\/h4>\n<h4><\/h4>\n<h4><\/h4>\n<h4><\/h4>\n<h4><\/h4>\n<h4>CURS 2023-2024<\/h4>\n<h4><\/h4>\n<h4 style=\"text-align: center;\"><strong>Ajut atorgat per l\u2019Institut d\u2019Estudis Ilerdencs de Lleida anualitat 2023<\/strong><\/h4>\n<p>&nbsp;<\/p>\n<h6>S\u2019informa que es va atorgar a l&#8217;<b>ASSOCIACIO MARES I PARES ALUMNES CEIP JAUME MIRET <\/b>un ajut de 774,00 euros per a Ajuts per a Projectes Culturals 2023, amb motiu de Confer\u00e8ncies, danses i trobada de cloenda de germanor, de l\u2019Institut d\u2019Estudis Ilerdencs de Lleida per a l\u2019any 2023.<\/h6>\n<p>&nbsp;<\/p>\n<p><a href=\"https:\/\/agora.xtec.cat\/escolajaumemiret\/noticies\/attachment\/image-2\/\" rel=\"attachment wp-att-16469\"><img loading=\"lazy\" decoding=\"async\" class=\"size-full wp-image-16469 alignleft\" src=\"https:\/\/agora.xtec.cat\/escolajaumemiret\/wp-content\/uploads\/usu1799\/2024\/07\/image-2.png\" alt=\"\" width=\"313\" height=\"159\" srcset=\"https:\/\/agora.xtec.cat\/escolajaumemiret\/wp-content\/uploads\/usu1799\/2024\/07\/image-2.png 313w, https:\/\/agora.xtec.cat\/escolajaumemiret\/wp-content\/uploads\/usu1799\/2024\/07\/image-2-300x152.png 300w\" sizes=\"auto, (max-width: 313px) 100vw, 313px\" \/><\/a> <a href=\"https:\/\/agora.xtec.cat\/escolajaumemiret\/noticies\/attachment\/image-3\/\" rel=\"attachment wp-att-16470\"><img loading=\"lazy\" decoding=\"async\" class=\"size-full wp-image-16470 alignright\" src=\"https:\/\/agora.xtec.cat\/escolajaumemiret\/wp-content\/uploads\/usu1799\/2024\/07\/image.png\" alt=\"\" width=\"398\" height=\"266\" srcset=\"https:\/\/agora.xtec.cat\/escolajaumemiret\/wp-content\/uploads\/usu1799\/2024\/07\/image.png 398w, https:\/\/agora.xtec.cat\/escolajaumemiret\/wp-content\/uploads\/usu1799\/2024\/07\/image-300x201.png 300w\" sizes=\"auto, (max-width: 398px) 100vw, 398px\" \/><\/a><\/p>\n","protected":false},"excerpt":{"rendered":"<p>CURS 2024-2025<br \/>\nAjut atorgat per la Diputaci\u00f3 de Lleida \u00c0rea d\u2019Igualtat anualitat 2024<br \/>\nS\u2019informa que s\u2019ha atorgat a l&#8217;AMPA ESCOLA JAUME MIRET DE SOSES\u00a0un ajut de 762,50 euros per a Ajuts per a sufragar les despeses del \u201cProjecte eclosi\u00f3 sexualitat a l&#8217;aula de l&#8217;Escola de Soses\u201d, segons&hellip;  <a href=\"https:\/\/agora.xtec.cat\/escolajaumemiret\/ampa\/noticies\/\" title=\"Read Not\u00edcies\">Llegeix m\u00e9s\u00bb<\/a><\/p>\n","protected":false},"author":6,"featured_media":0,"parent":684,"menu_order":0,"comment_status":"closed","ping_status":"closed","template":"","meta":{"_bbp_topic_count":0,"_bbp_reply_count":0,"_bbp_total_topic_count":0,"_bbp_total_reply_count":0,"_bbp_voice_count":0,"_bbp_anonymous_reply_count":0,"_bbp_topic_count_hidden":0,"_bbp_reply_count_hidden":0,"_bbp_forum_subforum_count":0,"footnotes":""},"class_list":["post-16468","page","type-page","status-publish","hentry"],"post_mailing_queue_ids":[],"_links":{"self":[{"href":"https:\/\/agora.xtec.cat\/escolajaumemiret\/wp-json\/wp\/v2\/pages\/16468","targetHints":{"allow":["GET"]}}],"collection":[{"href":"https:\/\/agora.xtec.cat\/escolajaumemiret\/wp-json\/wp\/v2\/pages"}],"about":[{"href":"https:\/\/agora.xtec.cat\/escolajaumemiret\/wp-json\/wp\/v2\/types\/page"}],"author":[{"embeddable":true,"href":"https:\/\/agora.xtec.cat\/escolajaumemiret\/wp-json\/wp\/v2\/users\/6"}],"replies":[{"embeddable":true,"href":"https:\/\/agora.xtec.cat\/escolajaumemiret\/wp-json\/wp\/v2\/comments?post=16468"}],"version-history":[{"count":4,"href":"https:\/\/agora.xtec.cat\/escolajaumemiret\/wp-json\/wp\/v2\/pages\/16468\/revisions"}],"predecessor-version":[{"id":16979,"href":"https:\/\/agora.xtec.cat\/escolajaumemiret\/wp-json\/wp\/v2\/pages\/16468\/revisions\/16979"}],"up":[{"embeddable":true,"href":"https:\/\/agora.xtec.cat\/escolajaumemiret\/wp-json\/wp\/v2\/pages\/684"}],"wp:attachment":[{"href":"https:\/\/agora.xtec.cat\/escolajaumemiret\/wp-json\/wp\/v2\/media?parent=16468"}],"curies":[{"name":"wp","href":"https:\/\/api.w.org\/{rel}","templated":true}]}}