{"id":882,"date":"2021-01-21T11:34:26","date_gmt":"2021-01-21T10:34:26","guid":{"rendered":"https:\/\/agora.xtec.cat\/escolajaumellull\/?page_id=882"},"modified":"2021-02-05T09:37:18","modified_gmt":"2021-02-05T08:37:18","slug":"relacio-de-lalumnat-amb-lentorn","status":"publish","type":"page","link":"https:\/\/agora.xtec.cat\/escolajaumellull\/projecte-educatiu\/relacio-de-lalumnat-amb-lentorn\/","title":{"rendered":"Relaci\u00f3 de l&#8217;alumnat amb l&#8217;entorn"},"content":{"rendered":"<p>Com a escola participem a un conjunt d\u2019activitats que ens acosten al poble i al seu entorn:<\/p>\n<ul>\n<li><strong>Mostra liter\u00e0ria<\/strong> de Llavaneres.<\/li>\n<li>Participem amb els nostres representants al <strong>Consell escolar d\u2019infants.<\/strong><\/li>\n<li>Visita a les diferents exposicions del <strong>Museu Arxiu<\/strong>.<\/li>\n<li>Participaci\u00f3 en la <strong>festa del P\u00e8sol<\/strong>.<\/li>\n<li>Gaudim dels diferents<strong> parcs municipals<\/strong> a les activitats de la castanyada, dijous llarder i Llavaenglish day.<\/li>\n<li>Ens acostem a la cultura municipal per mitj\u00e0 dels <strong>gegants de Llavaneres<\/strong> i portant a terme la<strong> passejada hist\u00f2rica<\/strong> del poble.<\/li>\n<li>Coneixem <strong>com funciona<\/strong> el nostre <strong>poble<\/strong> entrevistant al <strong>sr. Alcalde<\/strong>.<\/li>\n<li>Fomentem la lectura a l\u2019espai de la <strong>Biblioteca Municipa<\/strong>l.<\/li>\n<li>Per mitj\u00e0 <strong>d\u2019activitats conjuntes<\/strong> ens acostem a altres realitats educatives de la vila: <strong>escoles bressol i institut<\/strong>.<\/li>\n<li>Coneixement de <strong>l\u2019entorn m\u00e9s proper<\/strong> per mitj\u00e0 de les activitats curriculars que ens proposa <strong>L\u2019Escola de Natura del Corredor.<\/strong><\/li>\n<li>Treball de la conviv\u00e8ncia i aspectes curriculars per mitj\u00e0 de les <strong>col\u00f2nies escolars a P5, 2n i 4t i el viatge de fi de curs de 6\u00e8.<\/strong><\/li>\n<\/ul>\n","protected":false},"excerpt":{"rendered":"<p>Com a escola participem a un conjunt d\u2019activitats que ens acosten al poble i al seu entorn: Mostra liter\u00e0ria de Llavaneres. Participem amb els nostres representants al Consell escolar d\u2019infants. Visita a les diferents exposicions del Museu Arxiu. Participaci\u00f3 en la festa del P\u00e8sol. Gaudim dels diferents parcs municipals a les activitats de la castanyada, [&hellip;]<\/p>\n","protected":false},"author":4,"featured_media":0,"parent":64,"menu_order":0,"comment_status":"closed","ping_status":"closed","template":"","meta":{"_bbp_topic_count":0,"_bbp_reply_count":0,"_bbp_total_topic_count":0,"_bbp_total_reply_count":0,"_bbp_voice_count":0,"_bbp_anonymous_reply_count":0,"_bbp_topic_count_hidden":0,"_bbp_reply_count_hidden":0,"_bbp_forum_subforum_count":0,"site-sidebar-layout":"default","site-content-layout":"","ast-site-content-layout":"","site-content-style":"default","site-sidebar-style":"default","ast-global-header-display":"","ast-banner-title-visibility":"","ast-main-header-display":"","ast-hfb-above-header-display":"","ast-hfb-below-header-display":"","ast-hfb-mobile-header-display":"","site-post-title":"","ast-breadcrumbs-content":"","ast-featured-img":"","footer-sml-layout":"","theme-transparent-header-meta":"","adv-header-id-meta":"","stick-header-meta":"","header-above-stick-meta":"","header-main-stick-meta":"","header-below-stick-meta":"","astra-migrate-meta-layouts":"default","ast-page-background-enabled":"default","ast-page-background-meta":{"desktop":{"background-color":"var(--ast-global-color-4)","background-image":"","background-repeat":"repeat","background-position":"center center","background-size":"auto","background-attachment":"scroll","background-type":"","background-media":"","overlay-type":"","overlay-color":"","overlay-opacity":"","overlay-gradient":""},"tablet":{"background-color":"","background-image":"","background-repeat":"repeat","background-position":"center center","background-size":"auto","background-attachment":"scroll","background-type":"","background-media":"","overlay-type":"","overlay-color":"","overlay-opacity":"","overlay-gradient":""},"mobile":{"background-color":"","background-image":"","background-repeat":"repeat","background-position":"center center","background-size":"auto","background-attachment":"scroll","background-type":"","background-media":"","overlay-type":"","overlay-color":"","overlay-opacity":"","overlay-gradient":""}},"ast-content-background-meta":{"desktop":{"background-color":"var(--ast-global-color-5)","background-image":"","background-repeat":"repeat","background-position":"center center","background-size":"auto","background-attachment":"scroll","background-type":"","background-media":"","overlay-type":"","overlay-color":"","overlay-opacity":"","overlay-gradient":""},"tablet":{"background-color":"var(--ast-global-color-5)","background-image":"","background-repeat":"repeat","background-position":"center center","background-size":"auto","background-attachment":"scroll","background-type":"","background-media":"","overlay-type":"","overlay-color":"","overlay-opacity":"","overlay-gradient":""},"mobile":{"background-color":"var(--ast-global-color-5)","background-image":"","background-repeat":"repeat","background-position":"center center","background-size":"auto","background-attachment":"scroll","background-type":"","background-media":"","overlay-type":"","overlay-color":"","overlay-opacity":"","overlay-gradient":""}},"footnotes":""},"class_list":["post-882","page","type-page","status-publish","hentry"],"post_mailing_queue_ids":[],"_links":{"self":[{"href":"https:\/\/agora.xtec.cat\/escolajaumellull\/wp-json\/wp\/v2\/pages\/882","targetHints":{"allow":["GET"]}}],"collection":[{"href":"https:\/\/agora.xtec.cat\/escolajaumellull\/wp-json\/wp\/v2\/pages"}],"about":[{"href":"https:\/\/agora.xtec.cat\/escolajaumellull\/wp-json\/wp\/v2\/types\/page"}],"author":[{"embeddable":true,"href":"https:\/\/agora.xtec.cat\/escolajaumellull\/wp-json\/wp\/v2\/users\/4"}],"replies":[{"embeddable":true,"href":"https:\/\/agora.xtec.cat\/escolajaumellull\/wp-json\/wp\/v2\/comments?post=882"}],"version-history":[{"count":1,"href":"https:\/\/agora.xtec.cat\/escolajaumellull\/wp-json\/wp\/v2\/pages\/882\/revisions"}],"predecessor-version":[{"id":883,"href":"https:\/\/agora.xtec.cat\/escolajaumellull\/wp-json\/wp\/v2\/pages\/882\/revisions\/883"}],"up":[{"embeddable":true,"href":"https:\/\/agora.xtec.cat\/escolajaumellull\/wp-json\/wp\/v2\/pages\/64"}],"wp:attachment":[{"href":"https:\/\/agora.xtec.cat\/escolajaumellull\/wp-json\/wp\/v2\/media?parent=882"}],"curies":[{"name":"wp","href":"https:\/\/api.w.org\/{rel}","templated":true}]}}