{"id":693,"date":"2017-01-31T18:43:25","date_gmt":"2017-01-31T17:43:25","guid":{"rendered":"http:\/\/agora.xtec.cat\/escolajaumeferraniclua\/?page_id=693"},"modified":"2019-11-18T12:24:53","modified_gmt":"2019-11-18T11:24:53","slug":"pat-pla-accio-tutorial","status":"publish","type":"page","link":"https:\/\/agora.xtec.cat\/escolajaumeferraniclua\/projecte-educatiu\/pat-pla-accio-tutorial\/","title":{"rendered":"Pla d&#8217;Acci\u00f3 Tutorial. PAT (Projecte de Conviv\u00e8ncia)"},"content":{"rendered":"<p style=\"text-align: center;\"><a href=\"http:\/\/patferranclua.blogspot.com.es\" target=\"_blank\" rel=\"noopener noreferrer\">Visiteu enlla\u00e7<\/a><\/p>\n<p>L&#8217;acci\u00f3 tutorial compr\u00e8n el conjunt d\u2019accions educatives que, en col\u00b7laboraci\u00f3 amb les fam\u00edlies, contribueixen a assolir les compet\u00e8ncies personals, emocionals i socials de l\u2019alumne que s\u00f3n necess\u00e0ries per poder desenvolupar el seu projecte personal i acad\u00e8mic.<\/p>\n<p>S&#8217;exerceix de forma compartida per part de tot el professorat en tant que l&#8217;activitat docent implica, a m\u00e9s de la dinamitzaci\u00f3 dels ensenyaments propis de l&#8217;\u00e0rea, el seguiment i l&#8217;orientaci\u00f3 del proc\u00e9s d&#8217;aprenentatge dels alumnes i l&#8217;adaptaci\u00f3 dels ensenyaments a la diversitat de necessitats educatives que presenten.<\/p>\n<p>Els objectius generals que guien la nostra acci\u00f3 tutorial s\u00f3n:<\/p>\n<p><strong>En relaci\u00f3 a l&#8217;alumnat<\/strong><\/p>\n<p>&#8211; Fer el seguiment personalitzat del proc\u00e9s d&#8217;ensenyament aprenentatge de l&#8217;alumnat.<\/p>\n<p>&#8211; Facilitar una integraci\u00f3 plena tant en el centre com en el grup classe, tot desenvolupant un sentiment de pertinen\u00e7a, confian\u00e7a i respecte.<\/p>\n<p>&#8211; Dinamitzar el grup classe tot afavorint un clima de respecte mutu, comunicaci\u00f3 i cooperaci\u00f3 que possibiliti l&#8217;adquisici\u00f3 d&#8217;actituds de respecte i toler\u00e0ncia.<\/p>\n<p>&#8211; Potenciar el desenvolupament harm\u00f2nic i integral de l&#8217;alumnat tant a nivell f\u00edsic, ps\u00edquic, com emocional i en valors que el permeti comportar-se socialment amb maduresa i autonomia.<\/p>\n<p>&#8211; Afavorir l&#8217;adquisici\u00f3 i el domini de les t\u00e8cniques d&#8217;estudi que facilitin el seu proc\u00e9s d&#8217;aprenentatge i la participaci\u00f3 en el seu proc\u00e9s d&#8217;autoavaluaci\u00f3.<\/p>\n<p>&#8211; Participar en la detecci\u00f3 de problemes de l&#8217;alumnat, el seu diagn\u00f2stic i l&#8217;aplicaci\u00f3 de mesures a adoptar.<\/p>\n<p>&#8211; Con\u00e8ixer les aptituds, motivacions i interessos de l&#8217;alumnat a fi d\u2019informar-los i orientar-los m\u00e9s efica\u00e7ment en el seu proc\u00e9s d&#8217;aprenentatge i en els moments de prendre decisions davant les diferents opcions educatives i professionals.<\/p>\n<p>A l\u2019escola un cop per setmana realitzem sessions de tutoria on es proposen activitats referents a diferents \u00e0mbits:<\/p>\n<ul>\n<li>Din\u00e0mica de grups.<\/li>\n<li>Autoestima i autoconeixement.<\/li>\n<li>Emocions, valors i sentiments.<\/li>\n<li>Cohesi\u00f3 de grup.<\/li>\n<\/ul>\n<p><strong>En relaci\u00f3 a les fam\u00edlies<\/strong><\/p>\n<p>&#8211; Informar les fam\u00edlies del funcionament del centre i del grup (aspectes pedag\u00f2gics, metodol\u00f2gics, organitzatius, etc.).<\/p>\n<p>&#8211; Establir una bona alian\u00e7a amb les fam\u00edlies.<\/p>\n<p>&#8211; Fer de pont entre el centre i les fam\u00edlies mantenint una relaci\u00f3 flu\u00efda, de respecte mutu i de col\u00b7laboraci\u00f3 conjunta.<\/p>\n<p>&#8211; Col\u00b7laborar amb les fam\u00edlies (assessorar-les i orientar-les) en tots els aspectes que afecten l&#8217;educaci\u00f3 dels seus fills, ocupant el lloc que el correspon.<\/p>\n<p>&#8211; Informar-les de l&#8217;evoluci\u00f3 del proc\u00e9s d&#8217;aprenentatge i integraci\u00f3 al centre dels seus fills i filles a partir de la informaci\u00f3 que li transmetin la resta de professorat de l&#8217;equip docent.<\/p>\n","protected":false},"excerpt":{"rendered":"<p><a href=\"http:\/\/patferranclua.blogspot.com.es\" target=\"_blank\" rel=\"noopener noreferrer\">Visiteu enlla\u00e7<\/a><br \/>\nL&#8217;acci\u00f3 tutorial compr\u00e8n el conjunt d\u2019accions educatives que, en col\u00b7laboraci\u00f3 amb les fam\u00edlies, contribueixen a assolir les compet\u00e8ncies personals, emocionals i socials de l\u2019alumne que s\u00f3n necess\u00e0ries per poder desenvolupar el seu projecte personal i acad\u00e8mic.<br \/>\nS&#8217;exerceix de forma compartida per&hellip;  <a href=\"https:\/\/agora.xtec.cat\/escolajaumeferraniclua\/projecte-educatiu\/pat-pla-accio-tutorial\/\" title=\"Read Pla d&#8217;Acci\u00f3 Tutorial. PAT (Projecte de Conviv\u00e8ncia)\">Llegeix m\u00e9s\u00bb<\/a><\/p>\n","protected":false},"author":1,"featured_media":0,"parent":64,"menu_order":0,"comment_status":"closed","ping_status":"closed","template":"","meta":{"_bbp_topic_count":0,"_bbp_reply_count":0,"_bbp_total_topic_count":0,"_bbp_total_reply_count":0,"_bbp_voice_count":0,"_bbp_anonymous_reply_count":0,"_bbp_topic_count_hidden":0,"_bbp_reply_count_hidden":0,"_bbp_forum_subforum_count":0,"footnotes":""},"class_list":["post-693","page","type-page","status-publish","hentry"],"post_mailing_queue_ids":[],"_links":{"self":[{"href":"https:\/\/agora.xtec.cat\/escolajaumeferraniclua\/wp-json\/wp\/v2\/pages\/693","targetHints":{"allow":["GET"]}}],"collection":[{"href":"https:\/\/agora.xtec.cat\/escolajaumeferraniclua\/wp-json\/wp\/v2\/pages"}],"about":[{"href":"https:\/\/agora.xtec.cat\/escolajaumeferraniclua\/wp-json\/wp\/v2\/types\/page"}],"author":[{"embeddable":true,"href":"https:\/\/agora.xtec.cat\/escolajaumeferraniclua\/wp-json\/wp\/v2\/users\/1"}],"replies":[{"embeddable":true,"href":"https:\/\/agora.xtec.cat\/escolajaumeferraniclua\/wp-json\/wp\/v2\/comments?post=693"}],"version-history":[{"count":4,"href":"https:\/\/agora.xtec.cat\/escolajaumeferraniclua\/wp-json\/wp\/v2\/pages\/693\/revisions"}],"predecessor-version":[{"id":2744,"href":"https:\/\/agora.xtec.cat\/escolajaumeferraniclua\/wp-json\/wp\/v2\/pages\/693\/revisions\/2744"}],"up":[{"embeddable":true,"href":"https:\/\/agora.xtec.cat\/escolajaumeferraniclua\/wp-json\/wp\/v2\/pages\/64"}],"wp:attachment":[{"href":"https:\/\/agora.xtec.cat\/escolajaumeferraniclua\/wp-json\/wp\/v2\/media?parent=693"}],"curies":[{"name":"wp","href":"https:\/\/api.w.org\/{rel}","templated":true}]}}