{"id":686,"date":"2017-01-31T18:33:42","date_gmt":"2017-01-31T17:33:42","guid":{"rendered":"http:\/\/agora.xtec.cat\/escolajaumeferraniclua\/?page_id=686"},"modified":"2018-09-21T08:53:57","modified_gmt":"2018-09-21T06:53:57","slug":"jornada-juguem-hi-tots","status":"publish","type":"page","link":"https:\/\/agora.xtec.cat\/escolajaumeferraniclua\/projecte-educatiu\/jornada-juguem-hi-tots\/","title":{"rendered":"Jornada &#8220;Juguem-hi tots&#8221;"},"content":{"rendered":"<p style=\"text-align: justify;\"><strong>Aprenent a conviure a trav\u00e9s del joc.<\/strong><\/p>\n<p style=\"text-align: justify;\">Des de fa alguns cursos, a l&#8217;escola organitzem la diada <strong>Juguem-hi junts, <\/strong>un espai on a part de donar a con\u00e8ixer 20 jocs d\u2019 arreu del m\u00f3n, permet a l\u2019alumnat del centre una aproximaci\u00f3 a din\u00e0miques entre alumnes i a la coneixen\u00e7a de l\u2019activitat per part de mestres nous i pares i mares col\u00b7laboradors.<\/p>\n<p style=\"text-align: justify;\">El divendres 24 de maig els patis de l\u2019escola gran es van omplir amb grups de 9 nois, noies, nens i nenes. N\u2019hi havia un de cada nivell que capitanejats per alumnes de sis\u00e8 i cinqu\u00e8 havien d\u2019anar plegats a fer els jocs que explicaven els adults.<\/p>\n<p style=\"text-align: justify;\">La import\u00e0ncia de saber moure\u2019s en grup, de saber decidir, d\u2019ajudar als m\u00e9s menuts va donar una dosis on l\u2019esfor\u00e7, el respecte i l\u2019escoltar permetia fer activitats que motivaven als alumnes des de P3 fins als grans.<\/p>\n<p style=\"text-align: justify;\">Fins a l\u2019hora d\u2019esmorzar, que va servir l\u2019empresa de menjador, el grups eren de totes les edats. Ja per q\u00fcestions de din\u00e0miques i cansament, a partir de quarts de 12 nom\u00e9s els de prim\u00e0ria anaven d\u2019aqu\u00ed cap all\u00e0 pel pat\u00ed.<\/p>\n<p style=\"text-align: justify;\">Jocs d\u2019aigua, de c\u00f3rrer, d\u2019observar, de despertar els sentits, d\u2019enginy, de pilotes, de mocadors, de punteria, etc&#8230;. feien que els equips s\u2019ajudessin i col\u00b7laboressin per tal que ho entenguin tots, sempre des de l\u2019esperit solidari i cooperatiu.<\/p>\n<p style=\"text-align: justify;\">Ja fa gaireb\u00e9 10 anys que la festa es fa i la comunitat escolar la valora molt positivament.<\/p>\n<p style=\"text-align: center;\"><a href=\"https:\/\/drive.google.com\/file\/d\/0B5uzuvIvTGcMMjIxUjZpcUdOem8\/view?usp=sharing\">Juguem-hi 2016<\/a><\/p>\n<p style=\"text-align: center;\"><a href=\"https:\/\/drive.google.com\/open?id=0B5uzuvIvTGcMeFFmVi1TNWllQ3M\" target=\"_blank\" rel=\"noopener noreferrer\">Juguem-hi 2017<\/a><\/p>\n<p style=\"text-align: center;\"><a href=\"https:\/\/www.youtube.com\/watch?v=Ygw7Pulr7MI&amp;feature=youtu.be\" target=\"_blank\" rel=\"noopener\">Juguem-hi 2018<\/a><\/p>\n","protected":false},"excerpt":{"rendered":"<p>Aprenent a conviure a trav\u00e9s del joc.<br \/>\nDes de fa alguns cursos, a l&#8217;escola organitzem la diada Juguem-hi junts, un espai on a part de donar a con\u00e8ixer 20 jocs d\u2019 arreu del m\u00f3n, permet a l\u2019alumnat del centre una aproximaci\u00f3 a din\u00e0miques entre alumnes i&hellip;  <a href=\"https:\/\/agora.xtec.cat\/escolajaumeferraniclua\/projecte-educatiu\/jornada-juguem-hi-tots\/\" title=\"Read Jornada &#8220;Juguem-hi tots&#8221;\">Llegeix m\u00e9s\u00bb<\/a><\/p>\n","protected":false},"author":1,"featured_media":0,"parent":64,"menu_order":0,"comment_status":"closed","ping_status":"closed","template":"","meta":{"_bbp_topic_count":0,"_bbp_reply_count":0,"_bbp_total_topic_count":0,"_bbp_total_reply_count":0,"_bbp_voice_count":0,"_bbp_anonymous_reply_count":0,"_bbp_topic_count_hidden":0,"_bbp_reply_count_hidden":0,"_bbp_forum_subforum_count":0,"footnotes":""},"class_list":["post-686","page","type-page","status-publish","hentry"],"post_mailing_queue_ids":[],"_links":{"self":[{"href":"https:\/\/agora.xtec.cat\/escolajaumeferraniclua\/wp-json\/wp\/v2\/pages\/686","targetHints":{"allow":["GET"]}}],"collection":[{"href":"https:\/\/agora.xtec.cat\/escolajaumeferraniclua\/wp-json\/wp\/v2\/pages"}],"about":[{"href":"https:\/\/agora.xtec.cat\/escolajaumeferraniclua\/wp-json\/wp\/v2\/types\/page"}],"author":[{"embeddable":true,"href":"https:\/\/agora.xtec.cat\/escolajaumeferraniclua\/wp-json\/wp\/v2\/users\/1"}],"replies":[{"embeddable":true,"href":"https:\/\/agora.xtec.cat\/escolajaumeferraniclua\/wp-json\/wp\/v2\/comments?post=686"}],"version-history":[{"count":3,"href":"https:\/\/agora.xtec.cat\/escolajaumeferraniclua\/wp-json\/wp\/v2\/pages\/686\/revisions"}],"predecessor-version":[{"id":1974,"href":"https:\/\/agora.xtec.cat\/escolajaumeferraniclua\/wp-json\/wp\/v2\/pages\/686\/revisions\/1974"}],"up":[{"embeddable":true,"href":"https:\/\/agora.xtec.cat\/escolajaumeferraniclua\/wp-json\/wp\/v2\/pages\/64"}],"wp:attachment":[{"href":"https:\/\/agora.xtec.cat\/escolajaumeferraniclua\/wp-json\/wp\/v2\/media?parent=686"}],"curies":[{"name":"wp","href":"https:\/\/api.w.org\/{rel}","templated":true}]}}