{"id":665,"date":"2017-01-31T11:38:40","date_gmt":"2017-01-31T10:38:40","guid":{"rendered":"http:\/\/agora.xtec.cat\/escolajaumeferraniclua\/?page_id=665"},"modified":"2017-02-08T09:49:27","modified_gmt":"2017-02-08T08:49:27","slug":"aprenentatge-cooperatiu","status":"publish","type":"page","link":"https:\/\/agora.xtec.cat\/escolajaumeferraniclua\/projecte-educatiu\/aprenentatge-cooperatiu\/","title":{"rendered":"Aprenentatge Cooperatiu"},"content":{"rendered":"<p style=\"text-align: justify;\"><strong><em>\u2026\u201c<\/em><em>La cooperaci\u00f3 entre iguals que aprenen (nens, joves o adults), en una relaci\u00f3 m\u00e9s sim\u00e8trica, es tan important com la relaci\u00f3 m\u00e9s asim\u00e8trica entre aquests i el qui els ensenya. Des del punt de vista intel\u00b7lectual, aquesta relaci\u00f3 \u00e9s la m\u00e9s apta per afavorir el veritable intercanvi d\u2019idees i la discussi\u00f3, \u00e9s a dir, totes les conductes capaces d&#8217;educar la ment cr\u00edtica, l&#8217;objectivitat i la reflexi\u00f3 discursiva\u201d&#8230; <\/em><\/strong><\/p>\n<p style=\"text-align: justify;\"><strong>Piaget (1969) <\/strong><\/p>\n<p style=\"text-align: justify;\">L&#8217;<em>aprenentatge cooperatiu<\/em> \u00e9s utilitzar amb una finalitat did\u00e0ctica el treball en equips redu\u00efts d\u2019alumnes, tot utilitzant una estructura de l\u2019activitat que\u2026<\/p>\n<p style=\"text-align: justify;\">\u2026asseguri al m\u00e0xim la <strong><em>participaci\u00f3 igualit\u00e0ria<\/em><\/strong> (per tal que tots els membres de l&#8217;equip tinguin les mateixes oportunitats de participar)\u2026<\/p>\n<p style=\"text-align: justify;\">\u2026potenci\u00ef i aprofiti al m\u00e0xim la <strong><em>interacci\u00f3 simult\u00e0nia<\/em><\/strong> entre ells\u2026<\/p>\n<p style=\"text-align: justify;\">\u2026 amb la finalitat que tots els membres d\u2019un equip aprenguin els continguts escolars, cadasc\u00fa fins al m\u00e0xim de les seves possibilitats, i aprenguin, a m\u00e9s, a treballar en equip.<\/p>\n","protected":false},"excerpt":{"rendered":"<p>\u2026\u201cLa cooperaci\u00f3 entre iguals que aprenen (nens, joves o adults), en una relaci\u00f3 m\u00e9s sim\u00e8trica, es tan important com la relaci\u00f3 m\u00e9s asim\u00e8trica entre aquests i el qui els ensenya. Des del punt de vista intel\u00b7lectual, aquesta relaci\u00f3 \u00e9s la m\u00e9s apta per afavorir el&hellip;  <a href=\"https:\/\/agora.xtec.cat\/escolajaumeferraniclua\/projecte-educatiu\/aprenentatge-cooperatiu\/\" title=\"Read Aprenentatge Cooperatiu\">Llegeix m\u00e9s\u00bb<\/a><\/p>\n","protected":false},"author":1,"featured_media":0,"parent":64,"menu_order":0,"comment_status":"closed","ping_status":"closed","template":"","meta":{"_bbp_topic_count":0,"_bbp_reply_count":0,"_bbp_total_topic_count":0,"_bbp_total_reply_count":0,"_bbp_voice_count":0,"_bbp_anonymous_reply_count":0,"_bbp_topic_count_hidden":0,"_bbp_reply_count_hidden":0,"_bbp_forum_subforum_count":0,"footnotes":""},"class_list":["post-665","page","type-page","status-publish","hentry"],"post_mailing_queue_ids":[],"_links":{"self":[{"href":"https:\/\/agora.xtec.cat\/escolajaumeferraniclua\/wp-json\/wp\/v2\/pages\/665","targetHints":{"allow":["GET"]}}],"collection":[{"href":"https:\/\/agora.xtec.cat\/escolajaumeferraniclua\/wp-json\/wp\/v2\/pages"}],"about":[{"href":"https:\/\/agora.xtec.cat\/escolajaumeferraniclua\/wp-json\/wp\/v2\/types\/page"}],"author":[{"embeddable":true,"href":"https:\/\/agora.xtec.cat\/escolajaumeferraniclua\/wp-json\/wp\/v2\/users\/1"}],"replies":[{"embeddable":true,"href":"https:\/\/agora.xtec.cat\/escolajaumeferraniclua\/wp-json\/wp\/v2\/comments?post=665"}],"version-history":[{"count":3,"href":"https:\/\/agora.xtec.cat\/escolajaumeferraniclua\/wp-json\/wp\/v2\/pages\/665\/revisions"}],"predecessor-version":[{"id":734,"href":"https:\/\/agora.xtec.cat\/escolajaumeferraniclua\/wp-json\/wp\/v2\/pages\/665\/revisions\/734"}],"up":[{"embeddable":true,"href":"https:\/\/agora.xtec.cat\/escolajaumeferraniclua\/wp-json\/wp\/v2\/pages\/64"}],"wp:attachment":[{"href":"https:\/\/agora.xtec.cat\/escolajaumeferraniclua\/wp-json\/wp\/v2\/media?parent=665"}],"curies":[{"name":"wp","href":"https:\/\/api.w.org\/{rel}","templated":true}]}}