{"id":654,"date":"2017-01-31T11:19:15","date_gmt":"2017-01-31T10:19:15","guid":{"rendered":"http:\/\/agora.xtec.cat\/escolajaumeferraniclua\/?page_id=654"},"modified":"2025-09-24T16:26:49","modified_gmt":"2025-09-24T14:26:49","slug":"lhort-a-lescola","status":"publish","type":"page","link":"https:\/\/agora.xtec.cat\/escolajaumeferraniclua\/projecte-educatiu\/lhort-a-lescola\/","title":{"rendered":"L&#8217;hort a l&#8217;escola"},"content":{"rendered":"<p>&nbsp;<\/p>\n<p style=\"text-align: center;\"><strong>Projecte: L&#8217;hort a l&#8217;escola<\/strong><\/p>\n<p style=\"text-align: justify;\">El projecte de l&#8217;hort forma part del projecte de direcci\u00f3 de la nostra escola. Partim de l\u2019experi\u00e8ncia de cursos enrere on li hem donat molta import\u00e0ncia a l\u2019educaci\u00f3 sostenible al centre. Un pou d&#8217;experi\u00e8ncies, activitats \u00a0i treballs for\u00e7a engrescadors pels infants.<\/p>\n<p style=\"text-align: justify;\">Durant uns seguit d&#8217;anys els de tercers\u00a0 han \u00a0treballat la compet\u00e8ncia de coneixement i interacci\u00f3 amb el m\u00f3n f\u00edsic, sense deixar de banda els h\u00e0bits i els valors de respecte i col\u00b7laboraci\u00f3. Actualment, gr\u00e0cies al suport de l&#8217;AFA i amb l&#8217;ajut de la Clara hem pogut estendre el projecte a educaci\u00f3 infantil, cicle inicial i cicle mitj\u00e0. \u00a0Treballen sempre en petit grup, un cop per setmana, en els \u00a0diferents espais d&#8217;hort de l&#8217;escola.<\/p>\n<p style=\"text-align: justify;\">Hi ha una comissi\u00f3 de sostenibilitat de l&#8217;AFA que ens ha ajudat a ampliar l&#8217;hort principal situat al pati tancat, ens ha constru\u00eft taules per plantar a educaci\u00f3 infantil i ajudat a crear un nou espai davant del porxo de dalt.<\/p>\n<p style=\"text-align: justify;\">L&#8217;espai del pati tancat ha quedat \u00fatil, pr\u00e0ctic i preci\u00f3s. \u00c9s m\u00e9s ampli i protegit perqu\u00e8\u00a0 no ens el facin malb\u00e9 els caps de setmana i en vacances. T\u00e9 un armari on guardem tot el material, un banc\u00a0 per treballar i els bancals bastant estrets per poder tenir m\u00e9s espais i on tots els infants, quan hi participen, poden fer \u00a0el que la Clara els explica.<\/p>\n<p style=\"text-align: justify;\">Entre altres feines\u00a0 es dediquen\u00a0\u00a0 a treure males herbes, condicionar el terreny per plantar, posar canyes, saber l\u2019\u00fas de les eines i utilitzar-les, treballar les llavors, posar r\u00e8tols i consells, plantar i recollir, regar, veure malures i com tractar-les.<\/p>\n<p style=\"text-align: justify;\">Tenim una petita planta de compostatge. Podem regar amb aigua\u00a0 que ve dels dip\u00f2sits d&#8217;aig\u00fces pluvials.<\/p>\n<p style=\"text-align: justify;\">L&#8217;alumnat de i3 t\u00e9 un petit hort al costat de les aules i hi van un cop per setmana amb l&#8217;Esther. Al pati del petits de i4 i i5 hi ha 4 taules per plantar. Els infants van a plantar, regar i recollir bledes, enciams, maduixes&#8230;<\/p>\n<p style=\"text-align: justify;\">Els de cicle inicial s&#8217;ocupen \u00a0del que era l&#8217;antiga bassa que ara \u00e9s una zona que hi han posat moltes \u00a0plantes arom\u00e0tiques que han portat de casa. Fa goig com tot ho cuiden i ho fan seu. Se senten protagonistes. Tamb\u00e9 preparen planter i fan un taller de glans per veure com creixen les futures alzines.<\/p>\n<p style=\"text-align: justify;\">Poc a poc l&#8217;escola avan\u00e7a cap a idees de sensibilitzaci\u00f3 ambiental. Amb aquestes activitats treballem autonomia i iniciativa personal, de l&#8217;aprendre a aprendre i en els intercanvis i les ajudes tot el que \u00e9s la compet\u00e8ncia social. Mireu les fotos i us en fareu una idea.<\/p>\n<p style=\"text-align: justify;\">\n<p style=\"text-align: justify;\">\r\n\t<div class=\"slideshow_container slideshow_container_style-light\" style=\"height: 300px; \" data-slideshow-id=\"721\" data-style-name=\"style-light\" data-style-version=\"2.3.1\" >\r\n\r\n\t\t\t\t\t<div class=\"slideshow_loading_icon\"><\/div>\r\n\t\t\r\n\t\t<div class=\"slideshow_content\" style=\"display: none;\">\r\n\r\n\t\t\t<div class=\"slideshow_view\">\r\n\t\t\t\t<div class=\"slideshow_slide slideshow_slide_image\">\r\n\t\t\t\t\t\t\t\t\t\t\t<img src=\"https:\/\/agora.xtec.cat\/escolajaumeferraniclua\/wp-content\/uploads\/usu754\/2017\/02\/aromatica.jpg\" alt=\"aromatica\" width=\"4608\" height=\"3456\" \/>\r\n\t\t\t\t\t\t\t\t\t\t<div class=\"slideshow_description_box slideshow_transparent\">\r\n\t\t\t\t\t\t<div class=\"slideshow_title\">aromatica<\/div>\t\t\t\t\t\t\t\t\t\t\t<\/div>\r\n\t\t\t\t<\/div>\r\n\r\n\t\t\t\t\t\t<div style=\"clear: both;\"><\/div><\/div><div class=\"slideshow_view\">\r\n\t\t\t\t<div class=\"slideshow_slide slideshow_slide_image\">\r\n\t\t\t\t\t\t\t\t\t\t\t<img src=\"https:\/\/agora.xtec.cat\/escolajaumeferraniclua\/wp-content\/uploads\/usu754\/2017\/02\/planter.jpg\" alt=\"planter\" width=\"4000\" height=\"3000\" \/>\r\n\t\t\t\t\t\t\t\t\t\t<div class=\"slideshow_description_box slideshow_transparent\">\r\n\t\t\t\t\t\t<div class=\"slideshow_title\">planter<\/div>\t\t\t\t\t\t\t\t\t\t\t<\/div>\r\n\t\t\t\t<\/div>\r\n\r\n\t\t\t\t\t\t<div style=\"clear: both;\"><\/div><\/div><div class=\"slideshow_view\">\r\n\t\t\t\t<div class=\"slideshow_slide slideshow_slide_image\">\r\n\t\t\t\t\t\t\t\t\t\t\t<img src=\"https:\/\/agora.xtec.cat\/escolajaumeferraniclua\/wp-content\/uploads\/usu754\/2017\/02\/hort-menjador.jpg\" alt=\"hort-menjador\" width=\"4608\" height=\"3456\" \/>\r\n\t\t\t\t\t\t\t\t\t\t<div class=\"slideshow_description_box slideshow_transparent\">\r\n\t\t\t\t\t\t<div class=\"slideshow_title\">hort-menjador<\/div>\t\t\t\t\t\t\t\t\t\t\t<\/div>\r\n\t\t\t\t<\/div>\r\n\r\n\t\t\t\t\t\t<div style=\"clear: both;\"><\/div><\/div><div class=\"slideshow_view\">\r\n\t\t\t\t<div class=\"slideshow_slide slideshow_slide_image\">\r\n\t\t\t\t\t\t\t\t\t\t\t<img src=\"https:\/\/agora.xtec.cat\/escolajaumeferraniclua\/wp-content\/uploads\/usu754\/2017\/02\/hort-nou.jpg\" alt=\"hort-nou\" width=\"3264\" height=\"2448\" \/>\r\n\t\t\t\t\t\t\t\t\t\t<div class=\"slideshow_description_box slideshow_transparent\">\r\n\t\t\t\t\t\t<div class=\"slideshow_title\">hort-nou<\/div>\t\t\t\t\t\t\t\t\t\t\t<\/div>\r\n\t\t\t\t<\/div>\r\n\r\n\t\t\t\t\t\t<div style=\"clear: both;\"><\/div><\/div><div class=\"slideshow_view\">\r\n\t\t\t\t<div class=\"slideshow_slide slideshow_slide_image\">\r\n\t\t\t\t\t\t\t\t\t\t\t<img src=\"https:\/\/agora.xtec.cat\/escolajaumeferraniclua\/wp-content\/uploads\/usu754\/2017\/02\/hortei.jpg\" alt=\"hortei\" width=\"4608\" height=\"3456\" \/>\r\n\t\t\t\t\t\t\t\t\t\t<div class=\"slideshow_description_box slideshow_transparent\">\r\n\t\t\t\t\t\t<div class=\"slideshow_title\">hortei<\/div>\t\t\t\t\t\t\t\t\t\t\t<\/div>\r\n\t\t\t\t<\/div>\r\n\r\n\t\t\t\t\t\t<div style=\"clear: both;\"><\/div><\/div>\r\n\t\t<\/div>\r\n\r\n\t\t<div class=\"slideshow_controlPanel slideshow_transparent\" style=\"display: none;\"><ul><li class=\"slideshow_togglePlay\" data-play-text=\"Visualitza\" data-pause-text=\"Pausa\"><\/li><\/ul><\/div>\r\n\r\n\t\t<div class=\"slideshow_button slideshow_previous slideshow_transparent\" role=\"button\" data-previous-text=\"Anterior\" style=\"display: none;\"><\/div>\r\n\t\t<div class=\"slideshow_button slideshow_next slideshow_transparent\" role=\"button\" data-next-text=\"Seg\u00fcent\" style=\"display: none;\"><\/div>\r\n\r\n\t\t<div class=\"slideshow_pagination\" style=\"display: none;\" data-go-to-text=\"V\u00e9s a la diapositiva\"><div class=\"slideshow_pagination_center\"><\/div><\/div>\r\n\r\n\t\t<!-- WordPress Slideshow Version 2.3.1 -->\r\n\r\n\t\t\t<\/div>\r\n\r\n<\/p>\n<p>&nbsp;<\/p>\n","protected":false},"excerpt":{"rendered":"<p>&nbsp;<br \/>\nProjecte: L&#8217;hort a l&#8217;escola<br \/>\nEl projecte de l&#8217;hort forma part del projecte de direcci\u00f3 de la nostra escola. Partim de l\u2019experi\u00e8ncia de cursos enrere on li hem donat molta import\u00e0ncia a l\u2019educaci\u00f3 sostenible al centre. Un pou d&#8217;experi\u00e8ncies, activitats \u00a0i treballs for\u00e7a engrescadors pels infants.<br \/>\nDurant uns&hellip;  <a href=\"https:\/\/agora.xtec.cat\/escolajaumeferraniclua\/projecte-educatiu\/lhort-a-lescola\/\" title=\"Read L&#8217;hort a l&#8217;escola\">Llegeix m\u00e9s\u00bb<\/a><\/p>\n","protected":false},"author":1,"featured_media":0,"parent":64,"menu_order":0,"comment_status":"closed","ping_status":"closed","template":"","meta":{"_bbp_topic_count":0,"_bbp_reply_count":0,"_bbp_total_topic_count":0,"_bbp_total_reply_count":0,"_bbp_voice_count":0,"_bbp_anonymous_reply_count":0,"_bbp_topic_count_hidden":0,"_bbp_reply_count_hidden":0,"_bbp_forum_subforum_count":0,"footnotes":""},"class_list":["post-654","page","type-page","status-publish","hentry"],"post_mailing_queue_ids":[],"_links":{"self":[{"href":"https:\/\/agora.xtec.cat\/escolajaumeferraniclua\/wp-json\/wp\/v2\/pages\/654","targetHints":{"allow":["GET"]}}],"collection":[{"href":"https:\/\/agora.xtec.cat\/escolajaumeferraniclua\/wp-json\/wp\/v2\/pages"}],"about":[{"href":"https:\/\/agora.xtec.cat\/escolajaumeferraniclua\/wp-json\/wp\/v2\/types\/page"}],"author":[{"embeddable":true,"href":"https:\/\/agora.xtec.cat\/escolajaumeferraniclua\/wp-json\/wp\/v2\/users\/1"}],"replies":[{"embeddable":true,"href":"https:\/\/agora.xtec.cat\/escolajaumeferraniclua\/wp-json\/wp\/v2\/comments?post=654"}],"version-history":[{"count":5,"href":"https:\/\/agora.xtec.cat\/escolajaumeferraniclua\/wp-json\/wp\/v2\/pages\/654\/revisions"}],"predecessor-version":[{"id":7125,"href":"https:\/\/agora.xtec.cat\/escolajaumeferraniclua\/wp-json\/wp\/v2\/pages\/654\/revisions\/7125"}],"up":[{"embeddable":true,"href":"https:\/\/agora.xtec.cat\/escolajaumeferraniclua\/wp-json\/wp\/v2\/pages\/64"}],"wp:attachment":[{"href":"https:\/\/agora.xtec.cat\/escolajaumeferraniclua\/wp-json\/wp\/v2\/media?parent=654"}],"curies":[{"name":"wp","href":"https:\/\/api.w.org\/{rel}","templated":true}]}}