{"id":651,"date":"2017-01-31T11:16:30","date_gmt":"2017-01-31T10:16:30","guid":{"rendered":"http:\/\/agora.xtec.cat\/escolajaumeferraniclua\/?page_id=651"},"modified":"2019-10-24T12:21:58","modified_gmt":"2019-10-24T10:21:58","slug":"comparteix","status":"publish","type":"page","link":"https:\/\/agora.xtec.cat\/escolajaumeferraniclua\/projecte-educatiu\/comparteix\/","title":{"rendered":"Comparteix"},"content":{"rendered":"<p style=\"text-align: center;\">&#8211; QU\u00c8 VOL DIR COMPARTIR?<\/p>\n<p style=\"text-align: center;\">&#8211; QUINES COSES COMPARTIU A CASA?<\/p>\n<p style=\"text-align: center;\">&#8211; QUINES COSES COMPARTIU A L&#8217;ESCOLA?<\/p>\n<p style=\"text-align: justify;\">En algunes mat\u00e8ries utilitzem, entre d&#8217;altres recursos, llibres de text (catal\u00e0, castell\u00e0 i angl\u00e8s ) que s\u00f3n per compartir.<\/p>\n<p style=\"text-align: justify;\">Aix\u00f2 vol dir que aquest curs els utilitzareu vosaltres i el curs vinent seran per un altre nen o nena, el que tingui el mateix n\u00famero de llista que vosaltres.<\/p>\n<p style=\"text-align: justify;\">Al final, curs rera curs, el faran servir quatre alumnes de l&#8217;escola !!<\/p>\n<p style=\"text-align: justify;\"><strong>\u00c9S MOLT IMPORTANT TRACTAR MOLT B\u00c9 AQUESTS LLIBRES, JA QUE CAL RESPECTAR EL LLIBRE EN SI I AL COMPANY QUE EL REBR\u00c0 EL CURS VINENT.<\/strong><\/p>\n<p style=\"text-align: justify;\">NO ES PODEN GUIXAR, NI DOBLEGAR LES P\u00c0GINES!&#8230;I CAL ANAR EN COMPTE DE QUE NO S&#8217;ESTRIPIN NI S&#8217;ARRUGUIN !!<\/p>\n<p style=\"text-align: justify;\">Us demanem que pareu atenci\u00f3 en especial quan els guardeu a les lleixes i a dins les carteres.<\/p>\n<p style=\"text-align: justify;\">A la classe teniu els fulls d&#8217;incid\u00e8ncies per avisar de seguida si s\u2019ha malm\u00e8s el llibre.<\/p>\n","protected":false},"excerpt":{"rendered":"<p>&#8211; QU\u00c8 VOL DIR COMPARTIR?<br \/>\n&#8211; QUINES COSES COMPARTIU A CASA?<br \/>\n&#8211; QUINES COSES COMPARTIU A L&#8217;ESCOLA?<br \/>\nEn algunes mat\u00e8ries utilitzem, entre d&#8217;altres recursos, llibres de text (catal\u00e0, castell\u00e0 i angl\u00e8s ) que s\u00f3n per compartir.<br \/>\nAix\u00f2 vol dir que aquest curs els utilitzareu vosaltres i el curs vinent&hellip;  <a href=\"https:\/\/agora.xtec.cat\/escolajaumeferraniclua\/projecte-educatiu\/comparteix\/\" title=\"Read Comparteix\">Llegeix m\u00e9s\u00bb<\/a><\/p>\n","protected":false},"author":1,"featured_media":0,"parent":64,"menu_order":0,"comment_status":"closed","ping_status":"closed","template":"","meta":{"_bbp_topic_count":0,"_bbp_reply_count":0,"_bbp_total_topic_count":0,"_bbp_total_reply_count":0,"_bbp_voice_count":0,"_bbp_anonymous_reply_count":0,"_bbp_topic_count_hidden":0,"_bbp_reply_count_hidden":0,"_bbp_forum_subforum_count":0,"footnotes":""},"class_list":["post-651","page","type-page","status-publish","hentry"],"post_mailing_queue_ids":[],"_links":{"self":[{"href":"https:\/\/agora.xtec.cat\/escolajaumeferraniclua\/wp-json\/wp\/v2\/pages\/651","targetHints":{"allow":["GET"]}}],"collection":[{"href":"https:\/\/agora.xtec.cat\/escolajaumeferraniclua\/wp-json\/wp\/v2\/pages"}],"about":[{"href":"https:\/\/agora.xtec.cat\/escolajaumeferraniclua\/wp-json\/wp\/v2\/types\/page"}],"author":[{"embeddable":true,"href":"https:\/\/agora.xtec.cat\/escolajaumeferraniclua\/wp-json\/wp\/v2\/users\/1"}],"replies":[{"embeddable":true,"href":"https:\/\/agora.xtec.cat\/escolajaumeferraniclua\/wp-json\/wp\/v2\/comments?post=651"}],"version-history":[{"count":2,"href":"https:\/\/agora.xtec.cat\/escolajaumeferraniclua\/wp-json\/wp\/v2\/pages\/651\/revisions"}],"predecessor-version":[{"id":2675,"href":"https:\/\/agora.xtec.cat\/escolajaumeferraniclua\/wp-json\/wp\/v2\/pages\/651\/revisions\/2675"}],"up":[{"embeddable":true,"href":"https:\/\/agora.xtec.cat\/escolajaumeferraniclua\/wp-json\/wp\/v2\/pages\/64"}],"wp:attachment":[{"href":"https:\/\/agora.xtec.cat\/escolajaumeferraniclua\/wp-json\/wp\/v2\/media?parent=651"}],"curies":[{"name":"wp","href":"https:\/\/api.w.org\/{rel}","templated":true}]}}