{"id":644,"date":"2017-01-31T11:09:13","date_gmt":"2017-01-31T10:09:13","guid":{"rendered":"http:\/\/agora.xtec.cat\/escolajaumeferraniclua\/?page_id=644"},"modified":"2017-11-16T17:29:47","modified_gmt":"2017-11-16T16:29:47","slug":"les-tac-a-lescola","status":"publish","type":"page","link":"https:\/\/agora.xtec.cat\/escolajaumeferraniclua\/projecte-educatiu\/les-tac-a-lescola\/","title":{"rendered":"Les TAC a l&#8217;escola"},"content":{"rendered":"<p>Les noves tecnologies s&#8217;estan obrint pas i ja podem dir que els alumnes ja no aprenen solament d&#8217;una manera formal amb els llibres de text sin\u00f3 amb els recursos inform\u00e0tics que tenim. A m\u00e9s, aquests recursos els ajuden a saber buscar i utilitzar la informaci\u00f3 que necessiten d&#8217;una altra manera. Llegir i escriure avui dia vol dir usar la llengua de manera diferent.<\/p>\n<p>Com sabeu, a l&#8217;escola tenim ordinadors a les classes, una aula d&#8217;ordinadors al pis de dalt i una segona aula pels m\u00e9s petits al pis de baix.<\/p>\n<p>Tamb\u00e9 disposem de canons port\u00e0tils amb les seves pantalles, ordinadors port\u00e0tils i una pissarra digital d&#8217;\u00faltima tecnologia a cada classe.<\/p>\n","protected":false},"excerpt":{"rendered":"<p>Les noves tecnologies s&#8217;estan obrint pas i ja podem dir que els alumnes ja no aprenen solament d&#8217;una manera formal amb els llibres de text sin\u00f3 amb els recursos inform\u00e0tics que tenim. A m\u00e9s, aquests recursos els ajuden a saber buscar i utilitzar la informaci\u00f3&hellip;  <a href=\"https:\/\/agora.xtec.cat\/escolajaumeferraniclua\/projecte-educatiu\/les-tac-a-lescola\/\" title=\"Read Les TAC a l&#8217;escola\">Llegeix m\u00e9s\u00bb<\/a><\/p>\n","protected":false},"author":1,"featured_media":0,"parent":64,"menu_order":0,"comment_status":"closed","ping_status":"closed","template":"","meta":{"_bbp_topic_count":0,"_bbp_reply_count":0,"_bbp_total_topic_count":0,"_bbp_total_reply_count":0,"_bbp_voice_count":0,"_bbp_anonymous_reply_count":0,"_bbp_topic_count_hidden":0,"_bbp_reply_count_hidden":0,"_bbp_forum_subforum_count":0,"footnotes":""},"class_list":["post-644","page","type-page","status-publish","hentry"],"post_mailing_queue_ids":[],"_links":{"self":[{"href":"https:\/\/agora.xtec.cat\/escolajaumeferraniclua\/wp-json\/wp\/v2\/pages\/644","targetHints":{"allow":["GET"]}}],"collection":[{"href":"https:\/\/agora.xtec.cat\/escolajaumeferraniclua\/wp-json\/wp\/v2\/pages"}],"about":[{"href":"https:\/\/agora.xtec.cat\/escolajaumeferraniclua\/wp-json\/wp\/v2\/types\/page"}],"author":[{"embeddable":true,"href":"https:\/\/agora.xtec.cat\/escolajaumeferraniclua\/wp-json\/wp\/v2\/users\/1"}],"replies":[{"embeddable":true,"href":"https:\/\/agora.xtec.cat\/escolajaumeferraniclua\/wp-json\/wp\/v2\/comments?post=644"}],"version-history":[{"count":2,"href":"https:\/\/agora.xtec.cat\/escolajaumeferraniclua\/wp-json\/wp\/v2\/pages\/644\/revisions"}],"predecessor-version":[{"id":1334,"href":"https:\/\/agora.xtec.cat\/escolajaumeferraniclua\/wp-json\/wp\/v2\/pages\/644\/revisions\/1334"}],"up":[{"embeddable":true,"href":"https:\/\/agora.xtec.cat\/escolajaumeferraniclua\/wp-json\/wp\/v2\/pages\/64"}],"wp:attachment":[{"href":"https:\/\/agora.xtec.cat\/escolajaumeferraniclua\/wp-json\/wp\/v2\/media?parent=644"}],"curies":[{"name":"wp","href":"https:\/\/api.w.org\/{rel}","templated":true}]}}