{"id":64,"date":"2014-09-18T12:39:08","date_gmt":"2014-09-18T11:39:08","guid":{"rendered":"http:\/\/agora.xtec.cat\/escolajaumeferraniclua\/?page_id=64"},"modified":"2023-01-26T13:35:50","modified_gmt":"2023-01-26T12:35:50","slug":"projecte-educatiu","status":"publish","type":"page","link":"https:\/\/agora.xtec.cat\/escolajaumeferraniclua\/projecte-educatiu\/","title":{"rendered":"Projecte Educatiu"},"content":{"rendered":"<p style=\"text-align: justify;\">Som una escola p\u00fablica, catalana i arrelada al medi. La llengua vehicular \u00e9s el catal\u00e0.<\/p>\n<p style=\"text-align: justify;\">Abordem el creixement integral de l\u2019alumne amb el prop\u00f2sit d\u2019aprendre a ser, aprendre a con\u00e8ixer, aprendre a fer i aprendre a conviure.<\/p>\n<p style=\"text-align: justify;\">Tenim com objectiu desvetllar, despertar i estimular l\u2019inter\u00e8s de l\u2019infant pel m\u00f3n, desenvolupant l\u2019esperit cr\u00edtic, la capacitat de dialogar i de prendre les pr\u00f2pies decisions.<\/p>\n<p style=\"text-align: justify;\">Donar elements per tal que els infants construeixin i redefineixin els propis coneixements, procediments i habilitats.<\/p>\n<p style=\"text-align: justify;\">Prioritzem els desdoblaments del grup classe per treballar a partir de la singularitat de cada alumne i potenciar el pluriling\u00fcisme.<\/p>\n<p style=\"text-align: justify;\">Incorporem la llengua anglesa en l\u2019\u00e0rea d\u2019educaci\u00f3 art\u00edstica: \u201cVisual Arts and Music\u201d. Des d\u2019on els alumnes creen produccions tant pl\u00e0stiques com musicals que ajuden a desvetllar el gust per l\u2019expressi\u00f3 de l\u2019art i desenvolupar la sensibilitat art\u00edstica i on l\u2019\u00fas de l\u2019angl\u00e8s es pot fer de forma molt competencial i funcional.<\/p>\n<p style=\"text-align: justify;\">Tenim molta cura en la creaci\u00f3\u00a0 d\u2019espais d\u2019aprenentatge, especialment a Educaci\u00f3 Infantil, on per ells mateixos ofereixin elements que permeten el desenvolupament de les diferents capacitats pr\u00f2pies de l\u2019etapa. La circulaci\u00f3 lliure dels alumnes per aquests espais, dins i fora de l\u2019aula, els permet desenvolupar un alt grau d\u2019autonomia, de capacitat de cooperaci\u00f3, responsabilitat i respecte per la diversitat.<\/p>\n<p style=\"text-align: justify;\">A tota l\u2019escolaritat, a banda dels continguts que fan refer\u00e8ncia estrictament al curr\u00edculum, es treballa di\u00e0riament amb els alumnes les relacions interpersonals, aix\u00ed com es potencia la voluntat d\u2019acci\u00f3 en comunitat, la solidaritat, la cohesi\u00f3 social, la resoluci\u00f3 de conflictes, l&#8217;autoestima i el treball en bona harmonia i confian\u00e7a.<\/p>\n<p style=\"text-align: justify;\">Fomentem els valors, la gesti\u00f3 de les emocions i la resoluci\u00f3 de conflictes amb projectes com: Escolta\u2019m, la Tutoria Entre Iguals i el Pla d&#8217;Acci\u00f3 Tutorial, posant \u00e8mfasi en el respecte i\u00a0 la cohesi\u00f3 de grup. Tasques que fem amb la col\u00b7laboraci\u00f3 de tota la comunitat educativa.<\/p>\n<p style=\"text-align: justify;\">Realitzem al llarg del curs diferents tipus d&#8217;activitats escolars on tot l&#8217;alumnat participa conjuntament barrejant totes les edats (Juguem-hi tots!, Postals de Nadal. Tothom per Tothom&#8230;). S\u00f3n activitats cooperatives i transversals on es fan grups d&#8217;alumnes des de I3 a 6\u00e8. Els grans s\u00f3n els responsables del funcionament,\u00a0 acompanyament i motivaci\u00f3 dels petits.<\/p>\n<p style=\"text-align: justify;\">En el seu moment vam implementar un Pla d&#8217;Innovaci\u00f3 centrat en el tractament competencial de les matem\u00e0tiques que ens va fer millorar notablement els nostres resultats en aquest aspecte.<\/p>\n<p style=\"text-align: justify;\">V\u00e0rem ser capdavanters en\u00a0 anar incorporant les TIC al curr\u00edculum, amb l&#8217;\u00fas de PDI a totes les aules i la possibilitat de treballar tant\u00a0 amb ordinadors port\u00e0tils com amb PC\u2019s de sobretaula a la biblioteca i a diferents aules d&#8217;inform\u00e0tica.<\/p>\n<p style=\"text-align: justify;\">\u00a0Actualment, despr\u00e9s d&#8217;analitzar diferents indicadors, ens estem\u00a0 centrant en millorar la compet\u00e8ncia d\u2019expressi\u00f3 escrita dels nostres alumnes. Potenciant l&#8217;organitzaci\u00f3 en grups redu\u00efts per tal d&#8217;oferir una atenci\u00f3 m\u00e9s personalitzada.<\/p>\n<p style=\"text-align: justify;\">Comptem amb una biblioteca de la qual ens sentim molt orgullosos, un espai agradable i acollidor de lectura, d&#8217;aprenentatge i recerca. On els alumnes troben tot tipus de lectures recreatives que fomenten el gust per llegir i compartir hist\u00f2ries amb els companys. Alhora que tenen a l&#8217;abast informaci\u00f3 en diferents suports, que els permet desenvolupar la seva capacitat de cerca i tractament de la informaci\u00f3.<\/p>\n<p style=\"text-align: justify;\">Estem realitzant una aposta important per l&#8217;espai d&#8217;Hort a l&#8217;escola. El treball de l&#8217;hort ecol\u00f2gic a l&#8217;escola, \u00e9s una bona manera d&#8217;oferir als nostres alumnes una educaci\u00f3 mediambiental, basada en la cura, respecte i defensa de la natura.<\/p>\n<p style=\"text-align: justify;\">En definitiva, aquest centre educatiu \u00e9s un espai en el qual els alumnes aprenen a conviure a partir del respecte i la toler\u00e0ncia els uns amb els altres, tenint en consideraci\u00f3 els valors humans i el treball cooperatiu dins de l&#8217;aula.<\/p>\n<h3><a href=\"https:\/\/agora.xtec.cat\/escolajaumeferraniclua\/wp-content\/uploads\/usu754\/2023\/01\/PROJECTE-EDUCATIU.-Jaume-Ferran-i-Clua.pdf\">PROJECTE EDUCATIU. Jaume Ferran i Clua<\/a><\/h3>\n","protected":false},"excerpt":{"rendered":"<p>Som una escola p\u00fablica, catalana i arrelada al medi. La llengua vehicular \u00e9s el catal\u00e0.<br \/>\nAbordem el creixement integral de l\u2019alumne amb el prop\u00f2sit d\u2019aprendre a ser, aprendre a con\u00e8ixer, aprendre a fer i aprendre a conviure.<br \/>\nTenim com objectiu desvetllar, despertar i estimular l\u2019inter\u00e8s de l\u2019infant&hellip;  <a href=\"https:\/\/agora.xtec.cat\/escolajaumeferraniclua\/projecte-educatiu\/\" title=\"Read Projecte Educatiu\">Llegeix m\u00e9s\u00bb<\/a><\/p>\n","protected":false},"author":1,"featured_media":0,"parent":0,"menu_order":0,"comment_status":"closed","ping_status":"closed","template":"","meta":{"_bbp_topic_count":0,"_bbp_reply_count":0,"_bbp_total_topic_count":0,"_bbp_total_reply_count":0,"_bbp_voice_count":0,"_bbp_anonymous_reply_count":0,"_bbp_topic_count_hidden":0,"_bbp_reply_count_hidden":0,"_bbp_forum_subforum_count":0,"footnotes":""},"class_list":["post-64","page","type-page","status-publish","hentry"],"post_mailing_queue_ids":[],"_links":{"self":[{"href":"https:\/\/agora.xtec.cat\/escolajaumeferraniclua\/wp-json\/wp\/v2\/pages\/64","targetHints":{"allow":["GET"]}}],"collection":[{"href":"https:\/\/agora.xtec.cat\/escolajaumeferraniclua\/wp-json\/wp\/v2\/pages"}],"about":[{"href":"https:\/\/agora.xtec.cat\/escolajaumeferraniclua\/wp-json\/wp\/v2\/types\/page"}],"author":[{"embeddable":true,"href":"https:\/\/agora.xtec.cat\/escolajaumeferraniclua\/wp-json\/wp\/v2\/users\/1"}],"replies":[{"embeddable":true,"href":"https:\/\/agora.xtec.cat\/escolajaumeferraniclua\/wp-json\/wp\/v2\/comments?post=64"}],"version-history":[{"count":3,"href":"https:\/\/agora.xtec.cat\/escolajaumeferraniclua\/wp-json\/wp\/v2\/pages\/64\/revisions"}],"predecessor-version":[{"id":5594,"href":"https:\/\/agora.xtec.cat\/escolajaumeferraniclua\/wp-json\/wp\/v2\/pages\/64\/revisions\/5594"}],"wp:attachment":[{"href":"https:\/\/agora.xtec.cat\/escolajaumeferraniclua\/wp-json\/wp\/v2\/media?parent=64"}],"curies":[{"name":"wp","href":"https:\/\/api.w.org\/{rel}","templated":true}]}}