{"id":26,"date":"2016-11-04T15:52:32","date_gmt":"2016-11-04T14:52:32","guid":{"rendered":"http:\/\/agora.xtec.cat\/escolajaumeferraniclua\/?page_id=26"},"modified":"2023-01-24T11:59:08","modified_gmt":"2023-01-24T10:59:08","slug":"historia","status":"publish","type":"page","link":"https:\/\/agora.xtec.cat\/escolajaumeferraniclua\/lescola\/historia\/","title":{"rendered":"Hist\u00f2ria"},"content":{"rendered":"<p style=\"text-align: justify;\">HIST\u00d2RIA.<\/p>\n<p style=\"text-align: justify;\">La nostra escola va ser inaugurada l\u2019any 1975 seguint models de construcci\u00f3 id\u00e8ntics als que el \u201cMinisterio de Educaci\u00f3n\u201d constru\u00efa en aquelles d\u00e8cades fruit del creixement demogr\u00e0fic que es produ\u00efa al pa\u00eds.<\/p>\n<p style=\"text-align: justify;\">Porta el nom del Doctor Jaume Ferran i Clua; va n\u00e9ixer a Corbera d\u2019Ebre el 1852 i va morir a Barcelona el 1929.<br \/>\nMetge i bacteri\u00f2leg, va desenvolupar la vacuna contra el c\u00f2lera i tamb\u00e9 va investigar sobre la r\u00e0bia i el tifus. Gran part de la seva vida la va passar a Valldoreix, i \u00e9s per aix\u00f2 que l\u2019escola porta el seu nom.<\/p>\n<p style=\"text-align: justify;\">Es troba al peu dels turons de la serra de Collserola al municipi de Sant Cugat i m\u00e9s concretament a Valldoreix, amb EMD (Entitat Municipal Descentralitzada) depenent de Sant Cugat del Vall\u00e8s. Tenim una situaci\u00f3 privilegiada a la vora del bosc.<\/p>\n<p style=\"text-align: justify;\">En l\u2019actualitat hi ha escolaritzats prop de 450 alumnes distribu\u00efts en 18 grups-classe: 6 d\u2019educaci\u00f3 infantil i 12 d\u2019educaci\u00f3 prim\u00e0ria.<\/p>\n<p style=\"text-align: justify;\">Des d\u2019un principi ha tingut dos edificis que amb el pas del temps s\u2019ha hagut d\u2019anar adaptant a les necessitats pedag\u00f2giques que imposen les noves lleis educatives i els nous aven\u00e7os pedag\u00f2gics.<br \/>\nEn un s\u2019ubica i4 i i5 amb el seu propi pati i en l\u2019altre edifici totes les altres instal\u00b7lacions.<\/p>\n<p style=\"text-align: justify;\">\u00c9s una escola p\u00fablica, catalana, plural, democr\u00e0tica i arrelada al medi. Participativa a trav\u00e9s dels diferents \u00f2rgans col\u00b7legiats. Una escola que vol potenciar el desenvolupament afectiu, intel\u00b7lectual i f\u00edsic de l\u2019alumnat. Garantir la formaci\u00f3 integral dels nens i les nenes respectant la seva diversitat. Fomentar l\u2019autonomia, la responsabilitat i la capacitat de cooperaci\u00f3.<br \/>\nL\u2019escola durant molts anys ha matriculat alumnes del centre i districtes de Sant Cugat del Vall\u00e8s at\u00e8s que no s\u2019omplia amb fam\u00edlies de la zona. Amb els anys hi ha hagut una tend\u00e8ncia clara a absorbir cada vegada m\u00e9s fam\u00edlies del barri ja que Valldoreix ha tingut un creixement gradual important.<\/p>\n","protected":false},"excerpt":{"rendered":"<p>HIST\u00d2RIA.<br \/>\nLa nostra escola va ser inaugurada l\u2019any 1975 seguint models de construcci\u00f3 id\u00e8ntics als que el \u201cMinisterio de Educaci\u00f3n\u201d constru\u00efa en aquelles d\u00e8cades fruit del creixement demogr\u00e0fic que es produ\u00efa al pa\u00eds.<br \/>\nPorta el nom del Doctor Jaume Ferran i Clua; va n\u00e9ixer a Corbera d\u2019Ebre&hellip;  <a href=\"https:\/\/agora.xtec.cat\/escolajaumeferraniclua\/lescola\/historia\/\" title=\"Read Hist\u00f2ria\">Llegeix m\u00e9s\u00bb<\/a><\/p>\n","protected":false},"author":1,"featured_media":0,"parent":22,"menu_order":20,"comment_status":"closed","ping_status":"closed","template":"page-templates\/side-menu.php","meta":{"_bbp_topic_count":0,"_bbp_reply_count":0,"_bbp_total_topic_count":0,"_bbp_total_reply_count":0,"_bbp_voice_count":0,"_bbp_anonymous_reply_count":0,"_bbp_topic_count_hidden":0,"_bbp_reply_count_hidden":0,"_bbp_forum_subforum_count":0,"footnotes":""},"class_list":["post-26","page","type-page","status-publish","hentry"],"post_mailing_queue_ids":[],"_links":{"self":[{"href":"https:\/\/agora.xtec.cat\/escolajaumeferraniclua\/wp-json\/wp\/v2\/pages\/26","targetHints":{"allow":["GET"]}}],"collection":[{"href":"https:\/\/agora.xtec.cat\/escolajaumeferraniclua\/wp-json\/wp\/v2\/pages"}],"about":[{"href":"https:\/\/agora.xtec.cat\/escolajaumeferraniclua\/wp-json\/wp\/v2\/types\/page"}],"author":[{"embeddable":true,"href":"https:\/\/agora.xtec.cat\/escolajaumeferraniclua\/wp-json\/wp\/v2\/users\/1"}],"replies":[{"embeddable":true,"href":"https:\/\/agora.xtec.cat\/escolajaumeferraniclua\/wp-json\/wp\/v2\/comments?post=26"}],"version-history":[{"count":3,"href":"https:\/\/agora.xtec.cat\/escolajaumeferraniclua\/wp-json\/wp\/v2\/pages\/26\/revisions"}],"predecessor-version":[{"id":5582,"href":"https:\/\/agora.xtec.cat\/escolajaumeferraniclua\/wp-json\/wp\/v2\/pages\/26\/revisions\/5582"}],"up":[{"embeddable":true,"href":"https:\/\/agora.xtec.cat\/escolajaumeferraniclua\/wp-json\/wp\/v2\/pages\/22"}],"wp:attachment":[{"href":"https:\/\/agora.xtec.cat\/escolajaumeferraniclua\/wp-json\/wp\/v2\/media?parent=26"}],"curies":[{"name":"wp","href":"https:\/\/api.w.org\/{rel}","templated":true}]}}