{"id":971,"date":"2018-03-13T10:47:42","date_gmt":"2018-03-13T09:47:42","guid":{"rendered":"http:\/\/agora.xtec.cat\/escolajaumebalmes\/?page_id=971"},"modified":"2026-02-24T11:53:40","modified_gmt":"2026-02-24T10:53:40","slug":"ampa-p","status":"publish","type":"page","link":"https:\/\/agora.xtec.cat\/escolajaumebalmes\/ampa-p\/","title":{"rendered":"AFA"},"content":{"rendered":"<p><img loading=\"lazy\" decoding=\"async\" class=\"\" src=\"https:\/\/agora.xtec.cat\/escolajaumebalmes\/wp-content\/uploads\/usu872\/2024\/01\/Logo-AFA.jpg\" width=\"190\" height=\"183\" \/><\/p>\n<h5 style=\"text-align: right;\">\u00a0 \u00a0 \u00a0 \u00a0 \u00a0 \u00a0 \u00a0 \u00a0 \u00a0 \u00a0 \u00a0 \u00a0 \u00a0\u00a0<a href=\"http:\/\/agora.xtec.cat\/escolajaumebalmes\/categoria\/ampa\/noticies-ampa\/\"><img loading=\"lazy\" decoding=\"async\" class=\"wp-image-1188 alignnone\" src=\"http:\/\/agora.xtec.cat\/escolajaumebalmes\/wp-content\/uploads\/usu872\/2018\/06\/mouse-click-stock-100622925-large-300x188.jpg\" alt=\"\" width=\"35\" height=\"22\" srcset=\"https:\/\/agora.xtec.cat\/escolajaumebalmes\/wp-content\/uploads\/usu872\/2018\/06\/mouse-click-stock-100622925-large-300x188.jpg 300w, https:\/\/agora.xtec.cat\/escolajaumebalmes\/wp-content\/uploads\/usu872\/2018\/06\/mouse-click-stock-100622925-large.jpg 580w\" sizes=\"auto, (max-width: 35px) 100vw, 35px\" \/><\/a><strong><a href=\"http:\/\/agora.xtec.cat\/escolajaumebalmes\/categoria\/ampa\/noticies-ampa\/\">NOT\u00cdCIES AFA<\/a><\/strong><\/h5>\n<p>L\u2019<strong>AFA \u00e9s l\u2019Associaci\u00f3 de Fam\u00edlies d&#8217;Alumnes<\/strong> de l\u2019escola. El seus objectius s\u00f3n:<\/p>\n<ul>\n<li><strong>Col\u00b7laborar<\/strong> amb tots els components de la comunitat escolar en tot all\u00f2 convenient per a l\u2019educaci\u00f3 dels nostres fills i filles. \u00c9s per aix\u00f2 que sempre intentem treballar de forma coordinada amb la direcci\u00f3 de l\u2019escola.<\/li>\n<li>Cooperar en les activitats educatives del centre, escoltant i informant el Consell <strong>Escolar<\/strong> de Centre pel que fa a l\u2019establiment de criteris per a la participaci\u00f3 en activitats culturals, esportives i recreatives, aix\u00ed com en les accions assistencials que es puguin prestar.<\/li>\n<li><strong>Presentar<\/strong> i proposar al Consell Escolar programes d\u2019activitats complement\u00e0ries, menjador etc.<\/li>\n<li><strong>Programar<\/strong> i realitzar activitats pr\u00f2pies de l\u2019associaci\u00f3, aix\u00ed com organitzar l\u2019adquisici\u00f3 col\u00b7lectiva i, en el seu cas, la distribuci\u00f3, dels mitjans necessaris per a l\u2019educaci\u00f3 que estiguin a c\u00e0rrec dels pares, sense perjudici de continuar exigint la total gratu\u00eftat de l\u2019ensenyament.<\/li>\n<li><strong>Informar<\/strong> als membres de l\u2019associaci\u00f3 de tot all\u00f2 relacionat amb aquesta i l\u2019escola.<\/li>\n<li><strong>Fer d\u2019uni\u00f3<\/strong> entre l\u2019escola, fam\u00edlia i el seu entorn (ajuntament, entitats,&#8230;).<\/li>\n<li><strong>\u00c9s una associaci\u00f3 sense \u00e0nim de lucre<\/strong>.<\/li>\n<\/ul>\n<p><strong>QU\u00c8 FEM?<\/strong><\/p>\n<p>Coordinem les activitats <strong>EXTRAESCOLARS:<\/strong><\/p>\n<ol>\n<li><strong>TEATRE<\/strong><\/li>\n<li><strong>ANGL\u00c8S<\/strong><\/li>\n<li><strong>EXPRESSI\u00d3 PL\u00c0STICA<\/strong><\/li>\n<li><strong>ROB\u00d2TICA<\/strong><\/li>\n<li><strong>CER\u00c0MICA<\/strong><\/li>\n<li><strong>TENNIS <\/strong><\/li>\n<li><strong>BALL MODERN<\/strong><\/li>\n<\/ol>\n<p><strong>Col\u00b7laborem en:<\/strong><\/p>\n<ol>\n<li style=\"list-style-type: none;\">\n<ol>\n<li>Material per a projectes concrets de l\u2019escola.<\/li>\n<li>\u00a0FESTES:\n<ul>\n<li>Castanyada amb les castanyes.<\/li>\n<li>Nadal amb l\u2019esmorzar.<\/li>\n<li>Sant Jordi amb les manualitats i tallers.<\/li>\n<li>La Mona amb les garlandes.<\/li>\n<li>El dia da l\u2019esport amb el berenar al castell.<\/li>\n<li>Festa de final de curs.<\/li>\n<\/ul>\n<\/li>\n<\/ol>\n<\/li>\n<\/ol>\n<p><strong>Organitzem les \u00a0COL\u00d2NIES<\/strong><\/p>\n<h2><strong>ORGANIGRAMA:<\/strong><\/h2>\n<h3><span style=\"text-decoration: underline;\"><strong>Presidenta<\/strong><\/span>: Eva Mogas<\/h3>\n<h3><strong><span style=\"text-decoration: underline;\">Secret\u00e0ria<\/span><\/strong>: Judit Fanlo<\/h3>\n<h3><strong><span style=\"text-decoration: underline;\">Tresorera<\/span><\/strong>: Eva Caralt\u00f3<\/h3>\n<h3><strong><span style=\"text-decoration: underline;\">Vocals<\/span><\/strong>: Marc Vilanova &#8211; Gl\u00f2ria Amela &#8211; Xavier Sol\u00e9 &#8211; S\u00edlvia Ruiz<\/h3>\n<p><strong style=\"font-family: inherit; font-size: 1em;\">COMISSIONS<\/strong><\/p>\n<p>Un dels objectius de la nova junta de l\u2019AFA \u00e9s crear comissions transversals en diferents \u00e0mbits relacionats amb l\u2019escola amb la intenci\u00f3 d\u2019apropar i integrar les fam\u00edlies a la comunitat escolar. La idea \u00e9s que aquestes comissions estiguin integrades per un o m\u00e9s membres de la junta de l\u2019AFA i pares\/mares\/avis\/\u00e0vies, etc. que tinguin ganes de col\u00b7laborar en \u00e0mbits i ocasions concretes.<\/p>\n<p>Les comissions proposades s\u00f3n aquestes:<\/p>\n<ul>\n<li><strong>Comissi\u00f3 de festes<\/strong>: col\u00b7laborar en l\u2019organitzaci\u00f3 de les festes de Sant Jordi i fi de curs.<\/li>\n<li><strong>Renovaci\u00f3 d\u2019estatut<\/strong>s: aquesta ser\u00e0 una comissi\u00f3 puntual d\u2019aquest any que pret\u00e9n renovar els estatuts de l\u2019AMPA que actualment s\u00f3n obsolets.<\/li>\n<li><strong>Formaci\u00f3\/xerrades<\/strong>: organitzar i promoure xerrades, cursos formatius, etc. sobre diversos temes d\u2019inter\u00e8s i actualitat.<\/li>\n<li><strong>Recursos\/material<\/strong>: en el cas que l\u2019escola detect\u00e9s necessitat d\u2019algun material en concret demanaria ajuda a aquesta comissi\u00f3 que s\u2019encarregaria de gestionar-ho buscant sempre la soluci\u00f3 dins la pr\u00f2pia comunitat escolar. \u00c9s a dir, si per exemple es necessiten llibres de lectura per a nens de cicle inicial, aquesta comissi\u00f3 demanaria a les fam\u00edlies que tinguin llibres d\u2019aquesta edat, i que ja no fan servir, de cedir-los a l\u2019escola.<\/li>\n<\/ul>\n<p><a href=\"http:\/\/agora.xtec.cat\/escolajaumebalmes\/wp-content\/uploads\/usu872\/2018\/03\/AMPA-email.jpg\"><img loading=\"lazy\" decoding=\"async\" class=\"alignnone size-full wp-image-986\" src=\"http:\/\/agora.xtec.cat\/escolajaumebalmes\/wp-content\/uploads\/usu872\/2018\/03\/AMPA-email.jpg\" alt=\"\" width=\"576\" height=\"412\" srcset=\"https:\/\/agora.xtec.cat\/escolajaumebalmes\/wp-content\/uploads\/usu872\/2018\/03\/AMPA-email.jpg 576w, https:\/\/agora.xtec.cat\/escolajaumebalmes\/wp-content\/uploads\/usu872\/2018\/03\/AMPA-email-300x215.jpg 300w\" sizes=\"auto, (max-width: 576px) 100vw, 576px\" \/><\/a><\/p>\n<p>Instagram: <a href=\"https:\/\/www.instagram.com\/ampa_jaumebalmes\/\">@ampa_jaumeblames<\/a><\/p>\n","protected":false},"excerpt":{"rendered":"<p>\u00a0 \u00a0 \u00a0 \u00a0 \u00a0 \u00a0 \u00a0 \u00a0 \u00a0 \u00a0 \u00a0 \u00a0 \u00a0\u00a0NOT\u00cdCIES AFA L\u2019AFA \u00e9s l\u2019Associaci\u00f3 de Fam\u00edlies d&#8217;Alumnes de l\u2019escola. El seus objectius s\u00f3n: Col\u00b7laborar amb tots els components de la comunitat escolar en tot all\u00f2 convenient per a l\u2019educaci\u00f3 dels nostres fills i filles. \u00c9s per aix\u00f2 que sempre intentem treballar de [&hellip;]<\/p>\n","protected":false},"author":1,"featured_media":0,"parent":0,"menu_order":0,"comment_status":"closed","ping_status":"closed","template":"","meta":{"_bbp_topic_count":0,"_bbp_reply_count":0,"_bbp_total_topic_count":0,"_bbp_total_reply_count":0,"_bbp_voice_count":0,"_bbp_anonymous_reply_count":0,"_bbp_topic_count_hidden":0,"_bbp_reply_count_hidden":0,"_bbp_forum_subforum_count":0,"site-sidebar-layout":"default","site-content-layout":"","ast-site-content-layout":"default","site-content-style":"default","site-sidebar-style":"default","ast-global-header-display":"","ast-banner-title-visibility":"","ast-main-header-display":"","ast-hfb-above-header-display":"","ast-hfb-below-header-display":"","ast-hfb-mobile-header-display":"","site-post-title":"","ast-breadcrumbs-content":"","ast-featured-img":"","footer-sml-layout":"","theme-transparent-header-meta":"","adv-header-id-meta":"","stick-header-meta":"","header-above-stick-meta":"","header-main-stick-meta":"","header-below-stick-meta":"","astra-migrate-meta-layouts":"set","ast-page-background-enabled":"default","ast-page-background-meta":{"desktop":{"background-color":"var(--ast-global-color-4)","background-image":"","background-repeat":"repeat","background-position":"center center","background-size":"auto","background-attachment":"scroll","background-type":"","background-media":"","overlay-type":"","overlay-color":"","overlay-opacity":"","overlay-gradient":""},"tablet":{"background-color":"","background-image":"","background-repeat":"repeat","background-position":"center center","background-size":"auto","background-attachment":"scroll","background-type":"","background-media":"","overlay-type":"","overlay-color":"","overlay-opacity":"","overlay-gradient":""},"mobile":{"background-color":"","background-image":"","background-repeat":"repeat","background-position":"center center","background-size":"auto","background-attachment":"scroll","background-type":"","background-media":"","overlay-type":"","overlay-color":"","overlay-opacity":"","overlay-gradient":""}},"ast-content-background-meta":{"desktop":{"background-color":"var(--ast-global-color-5)","background-image":"","background-repeat":"repeat","background-position":"center center","background-size":"auto","background-attachment":"scroll","background-type":"","background-media":"","overlay-type":"","overlay-color":"","overlay-opacity":"","overlay-gradient":""},"tablet":{"background-color":"var(--ast-global-color-5)","background-image":"","background-repeat":"repeat","background-position":"center center","background-size":"auto","background-attachment":"scroll","background-type":"","background-media":"","overlay-type":"","overlay-color":"","overlay-opacity":"","overlay-gradient":""},"mobile":{"background-color":"var(--ast-global-color-5)","background-image":"","background-repeat":"repeat","background-position":"center center","background-size":"auto","background-attachment":"scroll","background-type":"","background-media":"","overlay-type":"","overlay-color":"","overlay-opacity":"","overlay-gradient":""}},"footnotes":""},"class_list":["post-971","page","type-page","status-publish","hentry"],"post_mailing_queue_ids":[],"_links":{"self":[{"href":"https:\/\/agora.xtec.cat\/escolajaumebalmes\/wp-json\/wp\/v2\/pages\/971","targetHints":{"allow":["GET"]}}],"collection":[{"href":"https:\/\/agora.xtec.cat\/escolajaumebalmes\/wp-json\/wp\/v2\/pages"}],"about":[{"href":"https:\/\/agora.xtec.cat\/escolajaumebalmes\/wp-json\/wp\/v2\/types\/page"}],"author":[{"embeddable":true,"href":"https:\/\/agora.xtec.cat\/escolajaumebalmes\/wp-json\/wp\/v2\/users\/1"}],"replies":[{"embeddable":true,"href":"https:\/\/agora.xtec.cat\/escolajaumebalmes\/wp-json\/wp\/v2\/comments?post=971"}],"version-history":[{"count":6,"href":"https:\/\/agora.xtec.cat\/escolajaumebalmes\/wp-json\/wp\/v2\/pages\/971\/revisions"}],"predecessor-version":[{"id":6930,"href":"https:\/\/agora.xtec.cat\/escolajaumebalmes\/wp-json\/wp\/v2\/pages\/971\/revisions\/6930"}],"wp:attachment":[{"href":"https:\/\/agora.xtec.cat\/escolajaumebalmes\/wp-json\/wp\/v2\/media?parent=971"}],"curies":[{"name":"wp","href":"https:\/\/api.w.org\/{rel}","templated":true}]}}