{"id":6516,"date":"2026-01-23T09:39:43","date_gmt":"2026-01-23T08:39:43","guid":{"rendered":"https:\/\/agora.xtec.cat\/escolajaumebalmes\/?page_id=6516"},"modified":"2026-02-24T11:42:57","modified_gmt":"2026-02-24T10:42:57","slug":"projecte-de-la-fruita","status":"publish","type":"page","link":"https:\/\/agora.xtec.cat\/escolajaumebalmes\/projecte-de-la-fruita\/","title":{"rendered":"Pla de Consum de Fruita"},"content":{"rendered":"<p><span style=\"text-decoration: underline;\"><strong>Pla de Consum de Fruita<\/strong><\/span><\/p>\n<p>Cada any es posa en marca el pla de consum de fruita a les escoles, una iniciativa conjunta amb la Uni\u00f3 Europea.<\/p>\n<p>Aquest pla t\u00e9 com a objectiu potenciar els h\u00e0bits alimentaris que afavoreixen la salut dels infants, per aix\u00f2, durant el curs escolar, una setmana cada mes es distribueix fruita seleccionada en funci\u00f3 de l&#8217;estaci\u00f3 de l&#8217;any, la proximitat de producci\u00f3 i la qualitat.<\/p>\n<p>Sota el lema &#8220;A l&#8217;escola, la fruita entra sola&#8221;, la Generalitat ha creat un joc per a ordinador i una aplicaci\u00f3 per a m\u00f2bils.<\/p>\n<p>Visiteu aquest enlla\u00e7!!<\/p>\n<p><a href=\"http:\/\/agricultura.gencat.cat\/ca\/ambits\/alimentacio\/promocio-agroalimentaria\/fruita-llet-escoles\/fruita-escoles\/\">Pla de consum de fruita a les escoles<\/a><\/p>\n","protected":false},"excerpt":{"rendered":"<p>Pla de Consum de Fruita Cada any es posa en marca el pla de consum de fruita a les escoles, una iniciativa conjunta amb la Uni\u00f3 Europea. Aquest pla t\u00e9 com a objectiu potenciar els h\u00e0bits alimentaris que afavoreixen la salut dels infants, per aix\u00f2, durant el curs escolar, una setmana cada mes es distribueix [&hellip;]<\/p>\n","protected":false},"author":1,"featured_media":0,"parent":0,"menu_order":0,"comment_status":"closed","ping_status":"closed","template":"","meta":{"_bbp_topic_count":0,"_bbp_reply_count":0,"_bbp_total_topic_count":0,"_bbp_total_reply_count":0,"_bbp_voice_count":0,"_bbp_anonymous_reply_count":0,"_bbp_topic_count_hidden":0,"_bbp_reply_count_hidden":0,"_bbp_forum_subforum_count":0,"site-sidebar-layout":"default","site-content-layout":"","ast-site-content-layout":"default","site-content-style":"default","site-sidebar-style":"default","ast-global-header-display":"","ast-banner-title-visibility":"","ast-main-header-display":"","ast-hfb-above-header-display":"","ast-hfb-below-header-display":"","ast-hfb-mobile-header-display":"","site-post-title":"","ast-breadcrumbs-content":"","ast-featured-img":"","footer-sml-layout":"","theme-transparent-header-meta":"","adv-header-id-meta":"","stick-header-meta":"","header-above-stick-meta":"","header-main-stick-meta":"","header-below-stick-meta":"","astra-migrate-meta-layouts":"set","ast-page-background-enabled":"default","ast-page-background-meta":{"desktop":{"background-color":"var(--ast-global-color-4)","background-image":"","background-repeat":"repeat","background-position":"center center","background-size":"auto","background-attachment":"scroll","background-type":"","background-media":"","overlay-type":"","overlay-color":"","overlay-opacity":"","overlay-gradient":""},"tablet":{"background-color":"","background-image":"","background-repeat":"repeat","background-position":"center center","background-size":"auto","background-attachment":"scroll","background-type":"","background-media":"","overlay-type":"","overlay-color":"","overlay-opacity":"","overlay-gradient":""},"mobile":{"background-color":"","background-image":"","background-repeat":"repeat","background-position":"center center","background-size":"auto","background-attachment":"scroll","background-type":"","background-media":"","overlay-type":"","overlay-color":"","overlay-opacity":"","overlay-gradient":""}},"ast-content-background-meta":{"desktop":{"background-color":"var(--ast-global-color-5)","background-image":"","background-repeat":"repeat","background-position":"center center","background-size":"auto","background-attachment":"scroll","background-type":"","background-media":"","overlay-type":"","overlay-color":"","overlay-opacity":"","overlay-gradient":""},"tablet":{"background-color":"var(--ast-global-color-5)","background-image":"","background-repeat":"repeat","background-position":"center center","background-size":"auto","background-attachment":"scroll","background-type":"","background-media":"","overlay-type":"","overlay-color":"","overlay-opacity":"","overlay-gradient":""},"mobile":{"background-color":"var(--ast-global-color-5)","background-image":"","background-repeat":"repeat","background-position":"center center","background-size":"auto","background-attachment":"scroll","background-type":"","background-media":"","overlay-type":"","overlay-color":"","overlay-opacity":"","overlay-gradient":""}},"footnotes":""},"class_list":["post-6516","page","type-page","status-publish","hentry"],"post_mailing_queue_ids":[],"_links":{"self":[{"href":"https:\/\/agora.xtec.cat\/escolajaumebalmes\/wp-json\/wp\/v2\/pages\/6516","targetHints":{"allow":["GET"]}}],"collection":[{"href":"https:\/\/agora.xtec.cat\/escolajaumebalmes\/wp-json\/wp\/v2\/pages"}],"about":[{"href":"https:\/\/agora.xtec.cat\/escolajaumebalmes\/wp-json\/wp\/v2\/types\/page"}],"author":[{"embeddable":true,"href":"https:\/\/agora.xtec.cat\/escolajaumebalmes\/wp-json\/wp\/v2\/users\/1"}],"replies":[{"embeddable":true,"href":"https:\/\/agora.xtec.cat\/escolajaumebalmes\/wp-json\/wp\/v2\/comments?post=6516"}],"version-history":[{"count":5,"href":"https:\/\/agora.xtec.cat\/escolajaumebalmes\/wp-json\/wp\/v2\/pages\/6516\/revisions"}],"predecessor-version":[{"id":6926,"href":"https:\/\/agora.xtec.cat\/escolajaumebalmes\/wp-json\/wp\/v2\/pages\/6516\/revisions\/6926"}],"wp:attachment":[{"href":"https:\/\/agora.xtec.cat\/escolajaumebalmes\/wp-json\/wp\/v2\/media?parent=6516"}],"curies":[{"name":"wp","href":"https:\/\/api.w.org\/{rel}","templated":true}]}}