{"id":5227,"date":"2022-12-15T12:19:13","date_gmt":"2022-12-15T11:19:13","guid":{"rendered":"https:\/\/agora.xtec.cat\/escolajaumebalmes\/?page_id=5227"},"modified":"2024-10-01T13:24:52","modified_gmt":"2024-10-01T11:24:52","slug":"sarroca-news-curs-21-22","status":"publish","type":"page","link":"https:\/\/agora.xtec.cat\/escolajaumebalmes\/sarroca-news-curs-21-22\/","title":{"rendered":"Sarroca News &#8211; Curs 2021-2022"},"content":{"rendered":"<p style=\"text-align: center;\"><a href=\"https:\/\/agora.xtec.cat\/escolajaumebalmes\/projecte-educatiu\/sarroca-news\/\"><img loading=\"lazy\" decoding=\"async\" class=\"size-full wp-image-4955 aligncenter\" src=\"https:\/\/agora.xtec.cat\/escolajaumebalmes\/wp-content\/uploads\/usu872\/2022\/04\/Logo-Sarroca-News.jpg\" alt=\"\" width=\"267\" height=\"60\" \/><\/a><\/p>\n<p>&nbsp;<\/p>\n<table style=\"width: 895px; height: 911px;\" width=\"718\">\n<tbody>\n<tr>\n<td style=\"width: 200.783px;\">\n<p style=\"text-align: center;\"><a href=\"http:\/\/agora.xtec.cat\/escolajaumebalmes\/wp-content\/uploads\/usu872\/2016\/03\/FOTO-NOTICIA-INFANTIL.jpg\"><img loading=\"lazy\" decoding=\"async\" class=\"aligncenter size-full wp-image-314\" src=\"http:\/\/agora.xtec.cat\/escolajaumebalmes\/wp-content\/uploads\/usu872\/2016\/03\/FOTO-NOTICIA-INFANTIL.jpg\" alt=\"foto-noticia-infantil\" width=\"230\" height=\"172\" srcset=\"https:\/\/agora.xtec.cat\/escolajaumebalmes\/wp-content\/uploads\/usu872\/2016\/03\/FOTO-NOTICIA-INFANTIL.jpg 230w, https:\/\/agora.xtec.cat\/escolajaumebalmes\/wp-content\/uploads\/usu872\/2016\/03\/FOTO-NOTICIA-INFANTIL-200x150.jpg 200w\" sizes=\"auto, (max-width: 230px) 100vw, 230px\" \/><\/a><\/p>\n<h4><\/h4>\n<h4 style=\"text-align: center;\"><span style=\"text-decoration: underline;\">NOT\u00cdCIES DE LA CLASSE<\/span><\/h4>\n<h4>* <a href=\"https:\/\/agora.xtec.cat\/escolajaumebalmes\/wp-content\/uploads\/usu872\/2021\/12\/El-tio.pdf\">1r trim. INF<\/a><\/h4>\n<h4>* <a href=\"https:\/\/agora.xtec.cat\/escolajaumebalmes\/wp-content\/uploads\/usu872\/2022\/04\/Infantil.pdf\">2n trim. INF<\/a><\/h4>\n<h4>* <a href=\"https:\/\/agora.xtec.cat\/escolajaumebalmes\/wp-content\/uploads\/usu872\/2022\/06\/INF-Sortida-al-circ.pdf\">3r trim. INF<\/a><\/h4>\n<\/td>\n<td style=\"width: 216px;\">\n<h4 style=\"text-align: center;\"><a href=\"https:\/\/agora.xtec.cat\/escolajaumebalmes\/wp-content\/uploads\/usu872\/2022\/04\/2-LOGO-ESCOLA-COLOR-scaled.jpg\"><img loading=\"lazy\" decoding=\"async\" class=\"alignright size-full wp-image-4940\" src=\"https:\/\/agora.xtec.cat\/escolajaumebalmes\/wp-content\/uploads\/usu872\/2022\/04\/2-LOGO-ESCOLA-COLOR-scaled.jpg\" alt=\"\" width=\"2560\" height=\"1862\" srcset=\"https:\/\/agora.xtec.cat\/escolajaumebalmes\/wp-content\/uploads\/usu872\/2022\/04\/2-LOGO-ESCOLA-COLOR-scaled.jpg 2560w, https:\/\/agora.xtec.cat\/escolajaumebalmes\/wp-content\/uploads\/usu872\/2022\/04\/2-LOGO-ESCOLA-COLOR-scaled-300x218.jpg 300w, https:\/\/agora.xtec.cat\/escolajaumebalmes\/wp-content\/uploads\/usu872\/2022\/04\/2-LOGO-ESCOLA-COLOR-scaled-1024x745.jpg 1024w, https:\/\/agora.xtec.cat\/escolajaumebalmes\/wp-content\/uploads\/usu872\/2022\/04\/2-LOGO-ESCOLA-COLOR-scaled-768x559.jpg 768w, https:\/\/agora.xtec.cat\/escolajaumebalmes\/wp-content\/uploads\/usu872\/2022\/04\/2-LOGO-ESCOLA-COLOR-scaled-1536x1117.jpg 1536w, https:\/\/agora.xtec.cat\/escolajaumebalmes\/wp-content\/uploads\/usu872\/2022\/04\/2-LOGO-ESCOLA-COLOR-scaled-2048x1490.jpg 2048w, https:\/\/agora.xtec.cat\/escolajaumebalmes\/wp-content\/uploads\/usu872\/2022\/04\/2-LOGO-ESCOLA-COLOR-scaled-200x145.jpg 200w\" sizes=\"auto, (max-width: 2560px) 100vw, 2560px\" \/><\/a><\/h4>\n<p>&nbsp;<\/p>\n<h4><\/h4>\n<h4><\/h4>\n<h4><\/h4>\n<h4><\/h4>\n<h4 style=\"text-align: center;\"><span style=\"text-decoration: underline;\">NOT\u00cdCIES DE L&#8217;ESCOLA<\/span><\/h4>\n<h4>* <a href=\"https:\/\/agora.xtec.cat\/escolajaumebalmes\/wp-content\/uploads\/usu872\/2021\/12\/1r-Noticies-de-lescola.pdf\">1r trim. 1r<\/a><\/h4>\n<h4>* <a href=\"https:\/\/agora.xtec.cat\/escolajaumebalmes\/wp-content\/uploads\/usu872\/2022\/04\/4t-Noticies-escola.pdf\">2n trim. 4t<\/a><\/h4>\n<h4>* <a href=\"https:\/\/agora.xtec.cat\/escolajaumebalmes\/wp-content\/uploads\/usu872\/2022\/06\/3r-noticies-escola.pdf\">3r trim. 3r<\/a><\/h4>\n<\/td>\n<td style=\"width: 219.95px;\">\n<h2><a href=\"http:\/\/agora.xtec.cat\/escolajaumebalmes\/wp-content\/uploads\/usu872\/2014\/09\/poble3.jpg\"><img loading=\"lazy\" decoding=\"async\" class=\"aligncenter size-medium wp-image-291\" src=\"http:\/\/agora.xtec.cat\/escolajaumebalmes\/wp-content\/uploads\/usu872\/2014\/09\/poble3-300x225.jpg\" alt=\"poble3\" width=\"300\" height=\"225\" srcset=\"https:\/\/agora.xtec.cat\/escolajaumebalmes\/wp-content\/uploads\/usu872\/2014\/09\/poble3-300x225.jpg 300w, https:\/\/agora.xtec.cat\/escolajaumebalmes\/wp-content\/uploads\/usu872\/2014\/09\/poble3-200x150.jpg 200w, https:\/\/agora.xtec.cat\/escolajaumebalmes\/wp-content\/uploads\/usu872\/2014\/09\/poble3.jpg 640w\" sizes=\"auto, (max-width: 300px) 100vw, 300px\" \/><\/a><\/h2>\n<h4 style=\"text-align: center;\"><span style=\"text-decoration: underline;\">NOT\u00cdCIES DEL POBLE<\/span><\/h4>\n<h4>* <a href=\"https:\/\/agora.xtec.cat\/escolajaumebalmes\/wp-content\/uploads\/usu872\/2021\/12\/2n-Notices-del-Poble.pdf\">1r trim. 2n<\/a><\/h4>\n<h4>* <a href=\"https:\/\/agora.xtec.cat\/escolajaumebalmes\/wp-content\/uploads\/usu872\/2022\/04\/5e-noticies-poble.pdf\">2n trim. 5\u00e8<\/a><\/h4>\n<h4>* <a href=\"https:\/\/agora.xtec.cat\/escolajaumebalmes\/wp-content\/uploads\/usu872\/2022\/06\/1r-Biblioteca-a-Sant-Marti.pdf\">3r trim. 1r<\/a><\/h4>\n<\/td>\n<td style=\"width: 246.267px;\"><a href=\"http:\/\/agora.xtec.cat\/escolajaumebalmes\/wp-content\/uploads\/usu872\/2016\/03\/MON.jpg\"><img loading=\"lazy\" decoding=\"async\" class=\"aligncenter wp-image-315\" src=\"http:\/\/agora.xtec.cat\/escolajaumebalmes\/wp-content\/uploads\/usu872\/2016\/03\/MON-300x242.jpg\" alt=\"mon\" width=\"159\" height=\"128\" srcset=\"https:\/\/agora.xtec.cat\/escolajaumebalmes\/wp-content\/uploads\/usu872\/2016\/03\/MON-300x242.jpg 300w, https:\/\/agora.xtec.cat\/escolajaumebalmes\/wp-content\/uploads\/usu872\/2016\/03\/MON-768x619.jpg 768w, https:\/\/agora.xtec.cat\/escolajaumebalmes\/wp-content\/uploads\/usu872\/2016\/03\/MON-1024x826.jpg 1024w, https:\/\/agora.xtec.cat\/escolajaumebalmes\/wp-content\/uploads\/usu872\/2016\/03\/MON.jpg 1600w\" sizes=\"auto, (max-width: 159px) 100vw, 159px\" \/><\/a><\/p>\n<h4><\/h4>\n<h4 style=\"text-align: center;\"><span style=\"text-decoration: underline;\">NOT\u00cdCIES DEL M\u00d3N<\/span><\/h4>\n<h4>* <a href=\"https:\/\/agora.xtec.cat\/escolajaumebalmes\/wp-content\/uploads\/usu872\/2021\/12\/3r-Noticies-del-mon.pdf\">1r trim. 3r<\/a><\/h4>\n<h4>* <a href=\"https:\/\/agora.xtec.cat\/escolajaumebalmes\/wp-content\/uploads\/usu872\/2022\/04\/6e-Noticies-mon.pdf\">2n trim. 6\u00e8<\/a><\/h4>\n<h4>* <a href=\"https:\/\/agora.xtec.cat\/escolajaumebalmes\/wp-content\/uploads\/usu872\/2022\/06\/2n-Noticies-del-mon.pdf\">3r trim. 2n<\/a><\/h4>\n<\/td>\n<\/tr>\n<tr>\n<td style=\"width: 200.783px;\">\n<h2><a href=\"http:\/\/agora.xtec.cat\/escolajaumebalmes\/wp-content\/uploads\/usu872\/2016\/03\/entrevista.jpg\"><img loading=\"lazy\" decoding=\"async\" class=\"aligncenter size-medium wp-image-316\" src=\"http:\/\/agora.xtec.cat\/escolajaumebalmes\/wp-content\/uploads\/usu872\/2016\/03\/entrevista-300x240.jpg\" alt=\"entrevista\" width=\"300\" height=\"240\" srcset=\"https:\/\/agora.xtec.cat\/escolajaumebalmes\/wp-content\/uploads\/usu872\/2016\/03\/entrevista-300x240.jpg 300w, https:\/\/agora.xtec.cat\/escolajaumebalmes\/wp-content\/uploads\/usu872\/2016\/03\/entrevista-768x615.jpg 768w, https:\/\/agora.xtec.cat\/escolajaumebalmes\/wp-content\/uploads\/usu872\/2016\/03\/entrevista-1024x820.jpg 1024w, https:\/\/agora.xtec.cat\/escolajaumebalmes\/wp-content\/uploads\/usu872\/2016\/03\/entrevista.jpg 1333w\" sizes=\"auto, (max-width: 300px) 100vw, 300px\" \/><\/a><\/h2>\n<h4><\/h4>\n<h4 style=\"text-align: center;\"><span style=\"text-decoration: underline;\">ENTREVISTES<\/span><\/h4>\n<h4>* <a href=\"https:\/\/agora.xtec.cat\/escolajaumebalmes\/wp-content\/uploads\/usu872\/2021\/12\/4t-Entrevista.pdf\">1r trim. 4t<\/a><\/h4>\n<h4>* <a href=\"https:\/\/agora.xtec.cat\/escolajaumebalmes\/wp-content\/uploads\/usu872\/2022\/04\/1r-Entrevistes.pdf\">2n trim. 1r<\/a><\/h4>\n<h4>* <a href=\"https:\/\/agora.xtec.cat\/escolajaumebalmes\/wp-content\/uploads\/usu872\/2022\/06\/5e-Entrevista.pdf\">3r trim. 5\u00e8<\/a><\/h4>\n<\/td>\n<td style=\"width: 216px;\"><a href=\"http:\/\/agora.xtec.cat\/escolajaumebalmes\/wp-content\/uploads\/usu872\/2016\/03\/01-Microfono.jpg\"><img loading=\"lazy\" decoding=\"async\" class=\"aligncenter size-medium wp-image-317\" src=\"http:\/\/agora.xtec.cat\/escolajaumebalmes\/wp-content\/uploads\/usu872\/2016\/03\/01-Microfono-300x152.jpg\" alt=\"01-microfono\" width=\"300\" height=\"152\" srcset=\"https:\/\/agora.xtec.cat\/escolajaumebalmes\/wp-content\/uploads\/usu872\/2016\/03\/01-Microfono-300x152.jpg 300w, https:\/\/agora.xtec.cat\/escolajaumebalmes\/wp-content\/uploads\/usu872\/2016\/03\/01-Microfono.jpg 496w\" sizes=\"auto, (max-width: 300px) 100vw, 300px\" \/><\/a><\/p>\n<h4><\/h4>\n<h4><\/h4>\n<h4 style=\"text-align: center;\"><span style=\"text-decoration: underline;\">ARTICLE D&#8217;OPINI\u00d3<\/span><\/h4>\n<h4>* <a href=\"https:\/\/agora.xtec.cat\/escolajaumebalmes\/wp-content\/uploads\/usu872\/2021\/12\/5e-Article-opinio.pdf\">1r trim. 5\u00e8<\/a><\/h4>\n<h4>* <a href=\"https:\/\/agora.xtec.cat\/escolajaumebalmes\/wp-content\/uploads\/usu872\/2022\/04\/3r-Article-OpinioFOTO.pdf\">2n trim. 3r<\/a><\/h4>\n<h4>* <a href=\"https:\/\/agora.xtec.cat\/escolajaumebalmes\/wp-content\/uploads\/usu872\/2022\/06\/6e-Article-opinio.pdf\">3r trim. 6\u00e8<\/a><\/h4>\n<\/td>\n<td style=\"width: 219.95px;\"><a href=\"http:\/\/agora.xtec.cat\/escolajaumebalmes\/wp-content\/uploads\/usu872\/2016\/03\/Imagen-animada-Escritor-05.gif\"><img loading=\"lazy\" decoding=\"async\" class=\"aligncenter size-medium wp-image-318\" src=\"http:\/\/agora.xtec.cat\/escolajaumebalmes\/wp-content\/uploads\/usu872\/2016\/03\/Imagen-animada-Escritor-05-300x250.gif\" alt=\"imagen-animada-escritor-05\" width=\"300\" height=\"250\" \/><\/a><\/p>\n<h4 style=\"text-align: center;\"><span style=\"text-decoration: underline;\">SECCI\u00d3 LITER\u00c0RIA<\/span><\/h4>\n<h4>* <a href=\"https:\/\/agora.xtec.cat\/escolajaumebalmes\/wp-content\/uploads\/usu872\/2021\/12\/6e-Seccio-literaria.pdf\">1r trim. 6\u00e8<\/a><\/h4>\n<h4>* <a href=\"https:\/\/agora.xtec.cat\/escolajaumebalmes\/wp-content\/uploads\/usu872\/2022\/04\/2n-Seccio-literaria.pdf\">2n trim. 2n<\/a><\/h4>\n<h4>* <a href=\"https:\/\/agora.xtec.cat\/escolajaumebalmes\/wp-content\/uploads\/usu872\/2022\/06\/4t-Seccio-literaria.pdf\">3r trim. 4t<\/a><\/h4>\n<\/td>\n<td style=\"width: 246.267px;\">\n<h2 style=\"text-align: center;\"><em>SECCIONS<\/em><\/h2>\n<h2 style=\"text-align: center;\"><em>SARROCA<\/em><\/h2>\n<h2 style=\"text-align: center;\"><em>\u00a0 NEWS <\/em><\/h2>\n<h2 style=\"text-align: center;\"><em>CURS<\/em><\/h2>\n<h2 style=\"text-align: center;\"><em>2021-2022<\/em><\/h2>\n<\/td>\n<\/tr>\n<\/tbody>\n<\/table>\n","protected":false},"excerpt":{"rendered":"<p>&nbsp; NOT\u00cdCIES DE LA CLASSE * 1r trim. INF * 2n trim. INF * 3r trim. INF &nbsp; NOT\u00cdCIES DE L&#8217;ESCOLA * 1r trim. 1r * 2n trim. 4t * 3r trim. 3r NOT\u00cdCIES DEL POBLE * 1r trim. 2n * 2n trim. 5\u00e8 * 3r trim. 1r NOT\u00cdCIES DEL M\u00d3N * 1r trim. 3r [&hellip;]<\/p>\n","protected":false},"author":1,"featured_media":0,"parent":0,"menu_order":0,"comment_status":"closed","ping_status":"closed","template":"","meta":{"_bbp_topic_count":0,"_bbp_reply_count":0,"_bbp_total_topic_count":0,"_bbp_total_reply_count":0,"_bbp_voice_count":0,"_bbp_anonymous_reply_count":0,"_bbp_topic_count_hidden":0,"_bbp_reply_count_hidden":0,"_bbp_forum_subforum_count":0,"site-sidebar-layout":"default","site-content-layout":"","ast-site-content-layout":"","site-content-style":"default","site-sidebar-style":"default","ast-global-header-display":"","ast-banner-title-visibility":"","ast-main-header-display":"","ast-hfb-above-header-display":"","ast-hfb-below-header-display":"","ast-hfb-mobile-header-display":"","site-post-title":"","ast-breadcrumbs-content":"","ast-featured-img":"","footer-sml-layout":"","theme-transparent-header-meta":"","adv-header-id-meta":"","stick-header-meta":"","header-above-stick-meta":"","header-main-stick-meta":"","header-below-stick-meta":"","astra-migrate-meta-layouts":"default","ast-page-background-enabled":"default","ast-page-background-meta":{"desktop":{"background-color":"var(--ast-global-color-4)","background-image":"","background-repeat":"repeat","background-position":"center center","background-size":"auto","background-attachment":"scroll","background-type":"","background-media":"","overlay-type":"","overlay-color":"","overlay-opacity":"","overlay-gradient":""},"tablet":{"background-color":"","background-image":"","background-repeat":"repeat","background-position":"center center","background-size":"auto","background-attachment":"scroll","background-type":"","background-media":"","overlay-type":"","overlay-color":"","overlay-opacity":"","overlay-gradient":""},"mobile":{"background-color":"","background-image":"","background-repeat":"repeat","background-position":"center center","background-size":"auto","background-attachment":"scroll","background-type":"","background-media":"","overlay-type":"","overlay-color":"","overlay-opacity":"","overlay-gradient":""}},"ast-content-background-meta":{"desktop":{"background-color":"var(--ast-global-color-5)","background-image":"","background-repeat":"repeat","background-position":"center center","background-size":"auto","background-attachment":"scroll","background-type":"","background-media":"","overlay-type":"","overlay-color":"","overlay-opacity":"","overlay-gradient":""},"tablet":{"background-color":"var(--ast-global-color-5)","background-image":"","background-repeat":"repeat","background-position":"center center","background-size":"auto","background-attachment":"scroll","background-type":"","background-media":"","overlay-type":"","overlay-color":"","overlay-opacity":"","overlay-gradient":""},"mobile":{"background-color":"var(--ast-global-color-5)","background-image":"","background-repeat":"repeat","background-position":"center center","background-size":"auto","background-attachment":"scroll","background-type":"","background-media":"","overlay-type":"","overlay-color":"","overlay-opacity":"","overlay-gradient":""}},"footnotes":""},"class_list":["post-5227","page","type-page","status-publish","hentry"],"post_mailing_queue_ids":[],"_links":{"self":[{"href":"https:\/\/agora.xtec.cat\/escolajaumebalmes\/wp-json\/wp\/v2\/pages\/5227","targetHints":{"allow":["GET"]}}],"collection":[{"href":"https:\/\/agora.xtec.cat\/escolajaumebalmes\/wp-json\/wp\/v2\/pages"}],"about":[{"href":"https:\/\/agora.xtec.cat\/escolajaumebalmes\/wp-json\/wp\/v2\/types\/page"}],"author":[{"embeddable":true,"href":"https:\/\/agora.xtec.cat\/escolajaumebalmes\/wp-json\/wp\/v2\/users\/1"}],"replies":[{"embeddable":true,"href":"https:\/\/agora.xtec.cat\/escolajaumebalmes\/wp-json\/wp\/v2\/comments?post=5227"}],"version-history":[{"count":4,"href":"https:\/\/agora.xtec.cat\/escolajaumebalmes\/wp-json\/wp\/v2\/pages\/5227\/revisions"}],"predecessor-version":[{"id":5981,"href":"https:\/\/agora.xtec.cat\/escolajaumebalmes\/wp-json\/wp\/v2\/pages\/5227\/revisions\/5981"}],"wp:attachment":[{"href":"https:\/\/agora.xtec.cat\/escolajaumebalmes\/wp-json\/wp\/v2\/media?parent=5227"}],"curies":[{"name":"wp","href":"https:\/\/api.w.org\/{rel}","templated":true}]}}