{"id":4807,"date":"2022-02-21T12:32:35","date_gmt":"2022-02-21T11:32:35","guid":{"rendered":"https:\/\/agora.xtec.cat\/escolajaumebalmes\/?page_id=4807"},"modified":"2025-07-22T09:11:52","modified_gmt":"2025-07-22T07:11:52","slug":"erasmus","status":"publish","type":"page","link":"https:\/\/agora.xtec.cat\/escolajaumebalmes\/projecte-educatiu\/erasmus\/","title":{"rendered":"Erasmus+"},"content":{"rendered":"<p>El curs 2021-22 vam iniciar un nou projecte a l&#8217;escola: un projecte Europeu anomenat <strong>Erasmus+ KA122<\/strong>.<\/p>\n<p>Un projecte Erasmus \u00e9s un projecte de cooperaci\u00f3 entre diferents escoles de pa\u00efsos Europeus per organitzar diverses activitats de mobilitat de l&#8217;alumnat i personal docent. S\u00f3n subvencionats per la Comunitat Europea i tenen com a objectius principals la dimensi\u00f3 Europea de l&#8217;aprenentatge, millorar les habilitats en llengua anglesa entre l&#8217;alumnat i <span style=\"font-family: inherit; font-size: 1em;\">Incrementar la qualitat de l&#8217;educaci\u00f3.<\/span><\/p>\n<p>En el nostre primer Projecte Erasmus <strong>Primary School Musical 2021-23<\/strong> els protagonistes s\u00f3n els alumnes de que el curs passat feien 5\u00e8 de prim\u00e0ria i actualment 6\u00e8. Juntament amb escoles de Portugal i Pol\u00f2nia hem anat elaborant un musical conjunt d&#8217;aquests dos cursos escolars per poder representar-lo tots junts durant les mobilitats que tindran lloc al final d&#8217;aquest curs 2022-23.<\/p>\n<p>Podeu anar consultant les novetats del projecte a la portada de l&#8217;espai web i en aquest <a href=\"https:\/\/agora.xtec.cat\/escolajaumebalmes\/categoria\/erasmus\/primary-school-musical\/\">enlla\u00e7<\/a>.<\/p>\n<p>Aquest curs, hem iniciat el segon projecte Erasmus, <strong>Together for the Planet 2022-24<\/strong>. Els alumnes de 5\u00e8 ja han comen\u00e7at a treballar en aquest projecte i a con\u00e8ixer als seus nous companys d&#8217;aventura. Podeu segui les novetats en aquest <a href=\"https:\/\/agora.xtec.cat\/escolajaumebalmes\/erasmus\/together-for-the-planet\/nou-projecte-erasmus\/\">enlla\u00e7<\/a>.<strong>Together for the Planet 2022-24<br \/>\nPainting the world with green 2023-25<br \/>\nHarry Potter meets European friends 2024-26<\/strong><\/p>\n","protected":false},"excerpt":{"rendered":"<p>El curs 2021-22 vam iniciar un nou projecte a l&#8217;escola: un projecte Europeu anomenat Erasmus+ KA122. Un projecte Erasmus \u00e9s un projecte de cooperaci\u00f3 entre diferents escoles de pa\u00efsos Europeus per organitzar diverses activitats de mobilitat de l&#8217;alumnat i personal docent. S\u00f3n subvencionats per la Comunitat Europea i tenen com a objectius principals la dimensi\u00f3 [&hellip;]<\/p>\n","protected":false},"author":27,"featured_media":0,"parent":64,"menu_order":0,"comment_status":"closed","ping_status":"closed","template":"","meta":{"_bbp_topic_count":0,"_bbp_reply_count":0,"_bbp_total_topic_count":0,"_bbp_total_reply_count":0,"_bbp_voice_count":0,"_bbp_anonymous_reply_count":0,"_bbp_topic_count_hidden":0,"_bbp_reply_count_hidden":0,"_bbp_forum_subforum_count":0,"site-sidebar-layout":"default","site-content-layout":"","ast-site-content-layout":"","site-content-style":"default","site-sidebar-style":"default","ast-global-header-display":"","ast-banner-title-visibility":"","ast-main-header-display":"","ast-hfb-above-header-display":"","ast-hfb-below-header-display":"","ast-hfb-mobile-header-display":"","site-post-title":"","ast-breadcrumbs-content":"","ast-featured-img":"","footer-sml-layout":"","theme-transparent-header-meta":"","adv-header-id-meta":"","stick-header-meta":"","header-above-stick-meta":"","header-main-stick-meta":"","header-below-stick-meta":"","astra-migrate-meta-layouts":"default","ast-page-background-enabled":"default","ast-page-background-meta":{"desktop":{"background-color":"var(--ast-global-color-4)","background-image":"","background-repeat":"repeat","background-position":"center center","background-size":"auto","background-attachment":"scroll","background-type":"","background-media":"","overlay-type":"","overlay-color":"","overlay-opacity":"","overlay-gradient":""},"tablet":{"background-color":"","background-image":"","background-repeat":"repeat","background-position":"center center","background-size":"auto","background-attachment":"scroll","background-type":"","background-media":"","overlay-type":"","overlay-color":"","overlay-opacity":"","overlay-gradient":""},"mobile":{"background-color":"","background-image":"","background-repeat":"repeat","background-position":"center center","background-size":"auto","background-attachment":"scroll","background-type":"","background-media":"","overlay-type":"","overlay-color":"","overlay-opacity":"","overlay-gradient":""}},"ast-content-background-meta":{"desktop":{"background-color":"var(--ast-global-color-5)","background-image":"","background-repeat":"repeat","background-position":"center center","background-size":"auto","background-attachment":"scroll","background-type":"","background-media":"","overlay-type":"","overlay-color":"","overlay-opacity":"","overlay-gradient":""},"tablet":{"background-color":"var(--ast-global-color-5)","background-image":"","background-repeat":"repeat","background-position":"center center","background-size":"auto","background-attachment":"scroll","background-type":"","background-media":"","overlay-type":"","overlay-color":"","overlay-opacity":"","overlay-gradient":""},"mobile":{"background-color":"var(--ast-global-color-5)","background-image":"","background-repeat":"repeat","background-position":"center center","background-size":"auto","background-attachment":"scroll","background-type":"","background-media":"","overlay-type":"","overlay-color":"","overlay-opacity":"","overlay-gradient":""}},"footnotes":""},"class_list":["post-4807","page","type-page","status-publish","hentry"],"post_mailing_queue_ids":[],"_links":{"self":[{"href":"https:\/\/agora.xtec.cat\/escolajaumebalmes\/wp-json\/wp\/v2\/pages\/4807","targetHints":{"allow":["GET"]}}],"collection":[{"href":"https:\/\/agora.xtec.cat\/escolajaumebalmes\/wp-json\/wp\/v2\/pages"}],"about":[{"href":"https:\/\/agora.xtec.cat\/escolajaumebalmes\/wp-json\/wp\/v2\/types\/page"}],"author":[{"embeddable":true,"href":"https:\/\/agora.xtec.cat\/escolajaumebalmes\/wp-json\/wp\/v2\/users\/27"}],"replies":[{"embeddable":true,"href":"https:\/\/agora.xtec.cat\/escolajaumebalmes\/wp-json\/wp\/v2\/comments?post=4807"}],"version-history":[{"count":5,"href":"https:\/\/agora.xtec.cat\/escolajaumebalmes\/wp-json\/wp\/v2\/pages\/4807\/revisions"}],"predecessor-version":[{"id":6294,"href":"https:\/\/agora.xtec.cat\/escolajaumebalmes\/wp-json\/wp\/v2\/pages\/4807\/revisions\/6294"}],"up":[{"embeddable":true,"href":"https:\/\/agora.xtec.cat\/escolajaumebalmes\/wp-json\/wp\/v2\/pages\/64"}],"wp:attachment":[{"href":"https:\/\/agora.xtec.cat\/escolajaumebalmes\/wp-json\/wp\/v2\/media?parent=4807"}],"curies":[{"name":"wp","href":"https:\/\/api.w.org\/{rel}","templated":true}]}}