{"id":38,"date":"2014-09-18T12:34:08","date_gmt":"2014-09-18T11:34:08","guid":{"rendered":"http:\/\/agora.xtec.cat\/escolajaumebalmes\/?page_id=38"},"modified":"2026-01-23T09:45:48","modified_gmt":"2026-01-23T08:45:48","slug":"salut","status":"publish","type":"page","link":"https:\/\/agora.xtec.cat\/escolajaumebalmes\/lescola\/salut\/","title":{"rendered":"Autoritzacions"},"content":{"rendered":"<p><span style=\"text-decoration: underline;\"><strong>AUTORITZACIONS:<\/strong><\/span><\/p>\n<p><strong><span style=\"text-decoration: underline;\">SORTIDES<\/span><\/strong><\/p>\n<p><a href=\"https:\/\/agora.xtec.cat\/escolajaumebalmes\/wp-content\/uploads\/usu872\/2026\/01\/Autoritzacio-recollida-C.-Superior.pdf\">Autoritzaci\u00f3 per tal que els i les\u00a0 alumnes de 5\u00e8 i 6\u00e8 pugin sortir sols\/es de l&#8217;escola<\/a><\/p>\n<p><span style=\"text-decoration: underline;\"><strong>RECOLLIDA<\/strong><\/span><\/p>\n<p><a href=\"https:\/\/agora.xtec.cat\/escolajaumebalmes\/wp-content\/uploads\/usu872\/2026\/01\/Autoritzacio-recollida-nens-es-23-24.pdf\">(Autoritzaci\u00f3 perqu\u00e8 diferent a l&#8217;habitual pugui recollir a un\/a alumne\/a)<\/a><\/p>\n<p><span style=\"text-decoration: underline;\"><strong>MEDICAMENTS<\/strong><\/span><\/p>\n<p>Els alumnes que estiguin malalts amb febre o que puguin contagiar algun tipus de malaltia a la resta d\u2019alumnes, s\u2019avisar\u00e0 a la fam\u00edlia que el vingui a recollir al centre. En cap cas, un nen o nena malalt amb perill de contagiar als companys ha d\u2019assistir a l\u2019escola.<\/p>\n<p>No es podr\u00e0 donar cap tipus de medicament\u00a0 als alumnes sense la recepta m\u00e8dica, on s\u2019indiqui la dosi i la periodicitat.<\/p>\n<p><a href=\"https:\/\/agora.xtec.cat\/escolajaumebalmes\/wp-content\/uploads\/usu872\/2025\/12\/medicaments-1.jpg\">Autoritzaci\u00f3 medicaments<\/a><\/p>\n<p><span style=\"text-decoration: underline;\"><strong>AL\u00b7L\u00c8RGIES<\/strong><\/span><\/p>\n<p>En cas que algun alumne\/a tingui alguna al\u00b7l\u00e8rgia, l&#8217;ha de justificar presentant a la direcci\u00f3 de l&#8217;escola el preceptiu informe m\u00e8dic.<\/p>\n<p><strong><span style=\"text-decoration: underline;\">POLLS<br \/>\n<\/span><\/strong><\/p>\n<p>Us recordem que els nens\/es que tinguin polls s&#8217;han de quedar a casa fins a finalitzar el tractament pertinent. Quan tornin a l\u2019escola, han d\u2019estar lliures de ll\u00e9menes (ous); en cas contrari hauran de tornar a casa.<\/p>\n","protected":false},"excerpt":{"rendered":"<p>AUTORITZACIONS: SORTIDES Autoritzaci\u00f3 per tal que els i les\u00a0 alumnes de 5\u00e8 i 6\u00e8 pugin sortir sols\/es de l&#8217;escola RECOLLIDA (Autoritzaci\u00f3 perqu\u00e8 diferent a l&#8217;habitual pugui recollir a un\/a alumne\/a) MEDICAMENTS Els alumnes que estiguin malalts amb febre o que puguin contagiar algun tipus de malaltia a la resta d\u2019alumnes, s\u2019avisar\u00e0 a la fam\u00edlia que [&hellip;]<\/p>\n","protected":false},"author":1,"featured_media":0,"parent":22,"menu_order":80,"comment_status":"closed","ping_status":"closed","template":"page-templates\/side-menu.php","meta":{"_bbp_topic_count":0,"_bbp_reply_count":0,"_bbp_total_topic_count":0,"_bbp_total_reply_count":0,"_bbp_voice_count":0,"_bbp_anonymous_reply_count":0,"_bbp_topic_count_hidden":0,"_bbp_reply_count_hidden":0,"_bbp_forum_subforum_count":0,"site-sidebar-layout":"default","site-content-layout":"","ast-site-content-layout":"","site-content-style":"default","site-sidebar-style":"default","ast-global-header-display":"","ast-banner-title-visibility":"","ast-main-header-display":"","ast-hfb-above-header-display":"","ast-hfb-below-header-display":"","ast-hfb-mobile-header-display":"","site-post-title":"","ast-breadcrumbs-content":"","ast-featured-img":"","footer-sml-layout":"","theme-transparent-header-meta":"","adv-header-id-meta":"","stick-header-meta":"","header-above-stick-meta":"","header-main-stick-meta":"","header-below-stick-meta":"","astra-migrate-meta-layouts":"default","ast-page-background-enabled":"default","ast-page-background-meta":{"desktop":{"background-color":"var(--ast-global-color-4)","background-image":"","background-repeat":"repeat","background-position":"center center","background-size":"auto","background-attachment":"scroll","background-type":"","background-media":"","overlay-type":"","overlay-color":"","overlay-opacity":"","overlay-gradient":""},"tablet":{"background-color":"","background-image":"","background-repeat":"repeat","background-position":"center center","background-size":"auto","background-attachment":"scroll","background-type":"","background-media":"","overlay-type":"","overlay-color":"","overlay-opacity":"","overlay-gradient":""},"mobile":{"background-color":"","background-image":"","background-repeat":"repeat","background-position":"center center","background-size":"auto","background-attachment":"scroll","background-type":"","background-media":"","overlay-type":"","overlay-color":"","overlay-opacity":"","overlay-gradient":""}},"ast-content-background-meta":{"desktop":{"background-color":"var(--ast-global-color-5)","background-image":"","background-repeat":"repeat","background-position":"center center","background-size":"auto","background-attachment":"scroll","background-type":"","background-media":"","overlay-type":"","overlay-color":"","overlay-opacity":"","overlay-gradient":""},"tablet":{"background-color":"var(--ast-global-color-5)","background-image":"","background-repeat":"repeat","background-position":"center center","background-size":"auto","background-attachment":"scroll","background-type":"","background-media":"","overlay-type":"","overlay-color":"","overlay-opacity":"","overlay-gradient":""},"mobile":{"background-color":"var(--ast-global-color-5)","background-image":"","background-repeat":"repeat","background-position":"center center","background-size":"auto","background-attachment":"scroll","background-type":"","background-media":"","overlay-type":"","overlay-color":"","overlay-opacity":"","overlay-gradient":""}},"footnotes":""},"class_list":["post-38","page","type-page","status-publish","hentry"],"post_mailing_queue_ids":[],"_links":{"self":[{"href":"https:\/\/agora.xtec.cat\/escolajaumebalmes\/wp-json\/wp\/v2\/pages\/38","targetHints":{"allow":["GET"]}}],"collection":[{"href":"https:\/\/agora.xtec.cat\/escolajaumebalmes\/wp-json\/wp\/v2\/pages"}],"about":[{"href":"https:\/\/agora.xtec.cat\/escolajaumebalmes\/wp-json\/wp\/v2\/types\/page"}],"author":[{"embeddable":true,"href":"https:\/\/agora.xtec.cat\/escolajaumebalmes\/wp-json\/wp\/v2\/users\/1"}],"replies":[{"embeddable":true,"href":"https:\/\/agora.xtec.cat\/escolajaumebalmes\/wp-json\/wp\/v2\/comments?post=38"}],"version-history":[{"count":6,"href":"https:\/\/agora.xtec.cat\/escolajaumebalmes\/wp-json\/wp\/v2\/pages\/38\/revisions"}],"predecessor-version":[{"id":6521,"href":"https:\/\/agora.xtec.cat\/escolajaumebalmes\/wp-json\/wp\/v2\/pages\/38\/revisions\/6521"}],"up":[{"embeddable":true,"href":"https:\/\/agora.xtec.cat\/escolajaumebalmes\/wp-json\/wp\/v2\/pages\/22"}],"wp:attachment":[{"href":"https:\/\/agora.xtec.cat\/escolajaumebalmes\/wp-json\/wp\/v2\/media?parent=38"}],"curies":[{"name":"wp","href":"https:\/\/api.w.org\/{rel}","templated":true}]}}