{"id":28,"date":"2014-09-18T12:29:35","date_gmt":"2014-09-18T11:29:35","guid":{"rendered":"http:\/\/agora.xtec.cat\/escolajaumebalmes\/?page_id=28"},"modified":"2026-02-24T11:46:28","modified_gmt":"2026-02-24T10:46:28","slug":"consell-escolar","status":"publish","type":"page","link":"https:\/\/agora.xtec.cat\/escolajaumebalmes\/lescola\/consell-escolar\/","title":{"rendered":"Consell Escolar"},"content":{"rendered":"<div class=\"fpca_descripciopagina\">\n<div class=\"basic_text_peq pd-15 pd-30\">\n<h3>Qu\u00e8 \u00e9s i quines funcions fa ??<\/h3>\n<p>El Consell Escolar del centre \u00e9s l&#8217;<strong>\u00d2rgan Col\u00b7legiat de Participaci\u00f3<\/strong> de la comunitat escolar en el govern del centre. En el Consell Escolar hi ha representats tots els col\u00b7lectius que intervenen en la comunitat educativa: Direcci\u00f3, Professorat, Personal d&#8217;Administraci\u00f3 i Serveis,\u00a0 Ajuntament i Fam\u00edlies<\/p>\n<p>En els centres p\u00fablics, la funci\u00f3 principal del Consell Escolar \u00e9s participar en la presa de decisions en relaci\u00f3 amb aquells temes importants per al funcionament i l&#8217;organitzaci\u00f3 del centre: el projecte educatiu, la programaci\u00f3 general, la gesti\u00f3 econ\u00f2mica, etc. En el cas dels centres privats concertats, el consell escolar debat, avalua, analitza i pren decisions sobre els temes proposats pel titular del centre.<\/p>\n<p>Els membres del Consell Escolar s\u00f3n elegits per un per\u00edode de quatre anys i es renoven per meitats cada dos anys.<\/p>\n<h3>Membres del Consell Escolar<\/h3>\n<p><em>(despr\u00e9s de les eleccions del 19-20 de novembre de 2025)<\/em><\/p>\n<\/div>\n<\/div>\n<div class=\"fpca_descripciopagina\">\n<div class=\"basic_text_peq pd-15 pd-30\">\n<table style=\"height: 340px; width: 81.3504%;\" border=\"0\" width=\"596\" cellspacing=\"1\" cellpadding=\"3\">\n<tbody>\n<tr style=\"height: 48px; background-color: #f2dada;\">\n<td style=\"height: 48px; width: 196px;\" align=\"center\" bgcolor=\"#379750\"><strong><span style=\"color: #ffff99; font-family: Verdana; font-size: small;\">Sector mestres<br \/>\n<\/span><\/strong><\/td>\n<td style=\"height: 48px; width: 196px;\" align=\"center\" bgcolor=\"#379750\"><strong><span style=\"color: #ffff99; font-family: Verdana; font-size: small;\">Equip Directiu<\/span><\/strong><\/td>\n<td style=\"height: 48px; width: 198px;\" align=\"center\" bgcolor=\"#379750\"><strong><span style=\"color: #ffff99; font-family: Verdana; font-size: small;\">Sector pares<\/span><\/strong><\/td>\n<\/tr>\n<tr style=\"height: 33px;\">\n<td style=\"background-color: #9dd485; width: 196px; height: 33px;\" bgcolor=\"#c0e9cb\">\n<h6><span style=\"font-family: Verdana; font-size: small;\">Vict\u00f2ria Fern\u00e1ndez<\/span><\/h6>\n<\/td>\n<td style=\"background-color: #9dd485; width: 196px; height: 33px;\" bgcolor=\"#49bc66\">\n<h6><span style=\"font-family: Verdana; font-size: small;\">Helena Torres<br \/>\n<\/span><\/h6>\n<\/td>\n<td style=\"background-color: #9dd485; width: 198px; height: 33px;\" bgcolor=\"#49bc66\">\n<h6><span style=\"font-family: Verdana; font-size: small;\">Marta Fernandez<\/span><\/h6>\n<\/td>\n<\/tr>\n<tr style=\"height: 31px;\">\n<td style=\"background-color: #9dd485; width: 196px; height: 31px;\" bgcolor=\"#c0e9cb\" height=\"11\">\n<h6><span style=\"font-family: Verdana; font-size: small;\">Helena Canela<br \/>\n<\/span><\/h6>\n<\/td>\n<td style=\"background-color: #9dd485; width: 196px; height: 31px;\" bgcolor=\"#49bc66\" height=\"11\">\n<h6><span style=\"font-family: Verdana; font-size: small;\">Dolors Sol\u00e0<br \/>\n<\/span><\/h6>\n<\/td>\n<td style=\"background-color: #9dd485; width: 198px; height: 31px;\" bgcolor=\"#49bc66\" height=\"11\">\n<h6><span style=\"font-family: Verdana; font-size: small;\">Antoni Ventura<\/span><\/h6>\n<\/td>\n<\/tr>\n<tr style=\"height: 73px;\">\n<td style=\"background-color: #9dd485; width: 196px; height: 10px;\" bgcolor=\"#c0e9cb\">\n<h6><span style=\"font-family: Verdana; font-size: small;\">Cristina Torrents<\/span><\/h6>\n<\/td>\n<td style=\"background-color: #9dd485; width: 196px; height: 10px;\" bgcolor=\"#49bc66\">\n<h6><span style=\"font-family: Verdana; font-size: small;\">Carlos Camp\u00e1n<br \/>\n<\/span><\/h6>\n<\/td>\n<td style=\"background-color: #9dd485; width: 198px; height: 10px;\" bgcolor=\"#49bc66\">\n<h6><span style=\"font-family: Verdana; font-size: small;\">Montserrat Ramos<\/span><\/h6>\n<\/td>\n<\/tr>\n<tr style=\"height: 33px;\">\n<td style=\"background-color: #9dd485; width: 196px; height: 33px;\" bgcolor=\"#c0e9cb\">\n<h6><span style=\"font-family: Verdana; font-size: small;\">Joan-Josep Rico<\/span><\/h6>\n<\/td>\n<td style=\"background-color: #9dd485; width: 196px; height: 33px;\" bgcolor=\"#96d8a7\">\n<h6><\/h6>\n<\/td>\n<td style=\"background-color: #9dd485; width: 198px; height: 33px;\" bgcolor=\"#49bc66\">\n<h6><span style=\"font-family: Verdana; font-size: small;\">Judit Fanlo<\/span><\/h6>\n<\/td>\n<\/tr>\n<tr style=\"height: 34px;\">\n<td style=\"background-color: #9dd485; width: 196px; height: 34px;\" bgcolor=\"#c0e9cb\">\n<h6><span style=\"font-family: Verdana; font-size: small;\">Montse Rubio<\/span><\/h6>\n<\/td>\n<td style=\"background-color: #9dd485; width: 196px; height: 34px;\" bgcolor=\"#96d8a7\">\n<h6><\/h6>\n<\/td>\n<td style=\"background-color: #9dd485; width: 198px; height: 34px;\" bgcolor=\"#49bc66\">\n<h6><span style=\"font-family: Verdana; font-size: small;\">Genis Raventos<\/span><\/h6>\n<\/td>\n<\/tr>\n<tr style=\"height: 34px;\">\n<td style=\"background-color: #9dd485; width: 196px; height: 34px;\" bgcolor=\"#c0e9cb\">\n<h6><span style=\"font-family: Verdana; font-size: small;\">Monte Sebasti\u00e0<\/span><\/h6>\n<\/td>\n<td style=\"background-color: #9dd485; width: 196px; height: 34px;\" bgcolor=\"#96d8a7\">\n<h6><\/h6>\n<\/td>\n<td style=\"background-color: #9dd485; width: 198px; height: 34px;\" bgcolor=\"#49bc66\">\n<h6><\/h6>\n<\/td>\n<\/tr>\n<tr style=\"height: 34px;\">\n<td style=\"height: 34px; width: 196px;\"><\/td>\n<td style=\"height: 34px; width: 196px;\"><\/td>\n<td style=\"height: 34px; width: 198px;\"><\/td>\n<\/tr>\n<tr style=\"height: 49px;\">\n<td style=\"height: 49px; width: 196px;\" align=\"center\" bgcolor=\"#678921\"><strong><span style=\"color: #ffff99; font-family: Verdana; font-size: small;\">Representant AFA<\/span><\/strong><\/td>\n<td style=\"height: 49px; width: 196px;\" align=\"center\" bgcolor=\"#678921\"><strong><span style=\"color: #ffff99; font-family: Verdana; font-size: small;\">Representant PAS<\/span><\/strong><\/td>\n<td style=\"height: 49px; width: 198px;\" align=\"center\" bgcolor=\"#678921\"><strong><span style=\"color: #ffff99; font-family: Verdana; font-size: small;\">Representant Ajuntament<\/span><\/strong><\/td>\n<\/tr>\n<tr style=\"height: 34px;\">\n<td style=\"height: 34px; width: 196px;\" bgcolor=\"#cee79a\">\n<h6><span style=\"font-family: Verdana; font-size: small;\">Eva Mogas<\/span><\/h6>\n<\/td>\n<td style=\"height: 34px; width: 196px;\" bgcolor=\"#cee79a\">\n<h6><span style=\"font-family: Verdana; font-size: small;\">Antoni Godino<\/span><\/h6>\n<\/td>\n<td style=\"height: 34px; width: 198px;\" bgcolor=\"#cee79a\">\n<h6><span style=\"font-family: Verdana; font-size: small;\">S\u00f2nia Jans\u00e0<br \/>\n<\/span><\/h6>\n<\/td>\n<\/tr>\n<\/tbody>\n<\/table>\n<h3>Comissions<\/h3>\n<p>A m\u00e9s, el Consell Escolar tamb\u00e9 s\u2019organitza en\u00a0<strong>comissions espec\u00edfiques<\/strong>, convocades per la\u00a0 Presidenta del Consell, en qu\u00e8 es tracten temes relacionats amb l\u2019escola. Si s&#8217;escau, es poden constituir noves comissions per treballar algun tema concret.<\/p>\n<p>Tots els membres de les Comissions han de ser del Consell Escolar i s\u00f3n escollits per aquest \u00f2rgan. En cada reuni\u00f3, el secretari aixeca una acta que recull tots els punts tractats.<\/p>\n<ul>\n<li><strong>Comissi\u00f3 de Conviv\u00e8ncia: <\/strong>Les seves funcions seran vetllar pel compliment dels drets i deures de l\u2019alumnat del Centre. Est\u00e0 formada per un membre de l&#8217;Equip Directiu, <strong><br \/>\n<\/strong><\/li>\n<li><strong>Comissi\u00f3 Econ\u00f2mica: <\/strong>Les seves funcions seran supervisar el Pressupost Anual del Centre i la liquidaci\u00f3 dels comptes.<\/li>\n<li><strong>Comissi\u00f3 Permanent: <\/strong>La seva funci\u00f3 ser\u00e0 actuar en casos d\u2019emerg\u00e8ncia.<strong><br \/>\n<\/strong><\/li>\n<\/ul>\n<table style=\"height: 410px; width: 46.5455%;\" border=\"0\" width=\"482\" cellspacing=\"1\" cellpadding=\"3\">\n<tbody>\n<tr style=\"height: 61px;\">\n<td style=\"height: 61px; width: 34.5101%;\" align=\"center\" bgcolor=\"#379750\" width=\"126\"><strong><span style=\"color: #ffff99; font-family: Verdana; font-size: small;\">Conviv\u00e8ncia<br \/>\n<\/span><\/strong><\/td>\n<td style=\"height: 61px; width: 34.6845%;\" align=\"center\" bgcolor=\"#379750\" width=\"120\"><strong><span style=\"color: #ffff99; font-family: Verdana; font-size: small;\">Permanent<\/span><\/strong><\/td>\n<td style=\"height: 61px; width: 80.3258%;\" align=\"center\" bgcolor=\"#379750\" width=\"120\"><strong><span style=\"color: #ffff99; font-family: Verdana; font-size: small;\">Econ\u00f2mica<\/span><\/strong><\/td>\n<\/tr>\n<tr style=\"height: 61px;\">\n<td style=\"background-color: #81ebc2; width: 34.5101%; height: 61px;\" bgcolor=\"#c0e9cb\" width=\"126\"><span style=\"font-family: Verdana; font-size: small;\">Helena Torres<\/span><\/td>\n<td style=\"background-color: #81ebc2; width: 34.6845%; height: 61px;\" bgcolor=\"#49bc66\" width=\"120\"><span style=\"font-family: Verdana; font-size: small;\">Helena Torres<br \/>\n<\/span><\/td>\n<td style=\"background-color: #81ebc2; width: 80.3258%; height: 61px;\" bgcolor=\"#49bc66\" width=\"120\"><span style=\"font-family: Verdana; font-size: small;\">Helena Torres<\/span><\/td>\n<\/tr>\n<tr style=\"height: 48px;\">\n<td style=\"background-color: #81ebc2; width: 34.5101%; height: 48px;\" bgcolor=\"#c0e9cb\" width=\"126\" height=\"11\"><span style=\"font-family: Verdana; font-size: small;\">Dolors Sol\u00e0<\/span><\/td>\n<td style=\"background-color: #81ebc2; width: 34.6845%; height: 48px;\" bgcolor=\"#49bc66\" width=\"120\" height=\"11\"><span style=\"font-family: Verdana; font-size: small;\">Dolors Sol\u00e0<\/span><\/td>\n<td style=\"background-color: #81ebc2; width: 80.3258%; height: 48px;\" bgcolor=\"#49bc66\" width=\"120\" height=\"11\"><span style=\"font-family: Verdana; font-size: small;\">Carlos Camp\u00e1n<\/span><\/td>\n<\/tr>\n<tr style=\"height: 61px;\">\n<td style=\"background-color: #81ebc2; width: 34.5101%; height: 61px;\" bgcolor=\"#c0e9cb\" width=\"126\"><span style=\"font-family: Verdana; font-size: small;\">Helena Canela<\/span><\/td>\n<td style=\"background-color: #81ebc2; width: 34.6845%; height: 61px;\" bgcolor=\"#49bc66\" width=\"120\"><span style=\"font-family: Verdana; font-size: small;\">Joan-Josep Rico<\/span><\/td>\n<td style=\"background-color: #81ebc2; width: 80.3258%; height: 61px;\" bgcolor=\"#49bc66\" width=\"120\"><span style=\"font-family: Verdana; font-size: small;\">Marta Fernandez<\/span><\/td>\n<\/tr>\n<tr style=\"height: 61px;\">\n<td style=\"background-color: #81ebc2; width: 34.5101%; height: 61px;\" bgcolor=\"#c0e9cb\" width=\"126\"><span style=\"font-family: Verdana; font-size: small;\">Montse Sebasti\u00e0\u00a0<\/span><\/td>\n<td style=\"background-color: #81ebc2; width: 34.6845%; height: 61px;\" bgcolor=\"#96d8a7\" width=\"114\"><span style=\"font-family: Verdana; font-size: small;\">Toni Ventura<\/span><\/td>\n<td style=\"background-color: #81ebc2; width: 80.3258%; height: 61px;\" bgcolor=\"#49bc66\" width=\"120\"><span style=\"font-family: Verdana; font-size: small;\">S\u00f2nia Jans\u00e0<\/span><\/td>\n<\/tr>\n<tr style=\"height: 59px;\">\n<td style=\"background-color: #81ebc2; width: 34.5101%; height: 59px;\" bgcolor=\"#c0e9cb\" width=\"126\"><span style=\"font-family: Verdana; font-size: small;\">Judit Fanlo<\/span><\/td>\n<td style=\"background-color: #81ebc2; width: 34.6845%; height: 59px;\" bgcolor=\"#96d8a7\" width=\"114\"><\/td>\n<td style=\"background-color: #81ebc2; width: 80.3258%; height: 59px;\" bgcolor=\"#49bc66\" width=\"120\"><span style=\"font-family: Verdana; font-size: small;\">Montse Rubio<\/span><\/td>\n<\/tr>\n<tr style=\"height: 59px;\">\n<td style=\"background-color: #81ebc2; width: 34.5101%; height: 59px;\" bgcolor=\"#c0e9cb\" width=\"126\"><\/td>\n<td style=\"background-color: #81ebc2; width: 34.6845%; height: 59px;\" bgcolor=\"#96d8a7\" width=\"114\"><\/td>\n<td style=\"background-color: #81ebc2; width: 80.3258%; height: 59px;\" bgcolor=\"#49bc66\" width=\"120\"><\/td>\n<\/tr>\n<\/tbody>\n<\/table>\n<\/div>\n<\/div>\n","protected":false},"excerpt":{"rendered":"<p>Qu\u00e8 \u00e9s i quines funcions fa ?? El Consell Escolar del centre \u00e9s l&#8217;\u00d2rgan Col\u00b7legiat de Participaci\u00f3 de la comunitat escolar en el govern del centre. En el Consell Escolar hi ha representats tots els col\u00b7lectius que intervenen en la comunitat educativa: Direcci\u00f3, Professorat, Personal d&#8217;Administraci\u00f3 i Serveis,\u00a0 Ajuntament i Fam\u00edlies En els centres p\u00fablics, [&hellip;]<\/p>\n","protected":false},"author":1,"featured_media":0,"parent":22,"menu_order":30,"comment_status":"closed","ping_status":"closed","template":"","meta":{"_bbp_topic_count":0,"_bbp_reply_count":0,"_bbp_total_topic_count":0,"_bbp_total_reply_count":0,"_bbp_voice_count":0,"_bbp_anonymous_reply_count":0,"_bbp_topic_count_hidden":0,"_bbp_reply_count_hidden":0,"_bbp_forum_subforum_count":0,"site-sidebar-layout":"default","site-content-layout":"","ast-site-content-layout":"default","site-content-style":"default","site-sidebar-style":"default","ast-global-header-display":"","ast-banner-title-visibility":"","ast-main-header-display":"","ast-hfb-above-header-display":"","ast-hfb-below-header-display":"","ast-hfb-mobile-header-display":"","site-post-title":"","ast-breadcrumbs-content":"","ast-featured-img":"","footer-sml-layout":"","theme-transparent-header-meta":"","adv-header-id-meta":"","stick-header-meta":"","header-above-stick-meta":"","header-main-stick-meta":"","header-below-stick-meta":"","astra-migrate-meta-layouts":"set","ast-page-background-enabled":"default","ast-page-background-meta":{"desktop":{"background-color":"var(--ast-global-color-4)","background-image":"","background-repeat":"repeat","background-position":"center center","background-size":"auto","background-attachment":"scroll","background-type":"","background-media":"","overlay-type":"","overlay-color":"","overlay-opacity":"","overlay-gradient":""},"tablet":{"background-color":"","background-image":"","background-repeat":"repeat","background-position":"center center","background-size":"auto","background-attachment":"scroll","background-type":"","background-media":"","overlay-type":"","overlay-color":"","overlay-opacity":"","overlay-gradient":""},"mobile":{"background-color":"","background-image":"","background-repeat":"repeat","background-position":"center center","background-size":"auto","background-attachment":"scroll","background-type":"","background-media":"","overlay-type":"","overlay-color":"","overlay-opacity":"","overlay-gradient":""}},"ast-content-background-meta":{"desktop":{"background-color":"var(--ast-global-color-5)","background-image":"","background-repeat":"repeat","background-position":"center center","background-size":"auto","background-attachment":"scroll","background-type":"","background-media":"","overlay-type":"","overlay-color":"","overlay-opacity":"","overlay-gradient":""},"tablet":{"background-color":"var(--ast-global-color-5)","background-image":"","background-repeat":"repeat","background-position":"center center","background-size":"auto","background-attachment":"scroll","background-type":"","background-media":"","overlay-type":"","overlay-color":"","overlay-opacity":"","overlay-gradient":""},"mobile":{"background-color":"var(--ast-global-color-5)","background-image":"","background-repeat":"repeat","background-position":"center center","background-size":"auto","background-attachment":"scroll","background-type":"","background-media":"","overlay-type":"","overlay-color":"","overlay-opacity":"","overlay-gradient":""}},"footnotes":""},"class_list":["post-28","page","type-page","status-publish","hentry"],"post_mailing_queue_ids":[],"_links":{"self":[{"href":"https:\/\/agora.xtec.cat\/escolajaumebalmes\/wp-json\/wp\/v2\/pages\/28","targetHints":{"allow":["GET"]}}],"collection":[{"href":"https:\/\/agora.xtec.cat\/escolajaumebalmes\/wp-json\/wp\/v2\/pages"}],"about":[{"href":"https:\/\/agora.xtec.cat\/escolajaumebalmes\/wp-json\/wp\/v2\/types\/page"}],"author":[{"embeddable":true,"href":"https:\/\/agora.xtec.cat\/escolajaumebalmes\/wp-json\/wp\/v2\/users\/1"}],"replies":[{"embeddable":true,"href":"https:\/\/agora.xtec.cat\/escolajaumebalmes\/wp-json\/wp\/v2\/comments?post=28"}],"version-history":[{"count":6,"href":"https:\/\/agora.xtec.cat\/escolajaumebalmes\/wp-json\/wp\/v2\/pages\/28\/revisions"}],"predecessor-version":[{"id":6927,"href":"https:\/\/agora.xtec.cat\/escolajaumebalmes\/wp-json\/wp\/v2\/pages\/28\/revisions\/6927"}],"up":[{"embeddable":true,"href":"https:\/\/agora.xtec.cat\/escolajaumebalmes\/wp-json\/wp\/v2\/pages\/22"}],"wp:attachment":[{"href":"https:\/\/agora.xtec.cat\/escolajaumebalmes\/wp-json\/wp\/v2\/media?parent=28"}],"curies":[{"name":"wp","href":"https:\/\/api.w.org\/{rel}","templated":true}]}}