{"id":26,"date":"2014-09-18T12:24:32","date_gmt":"2014-09-18T11:24:32","guid":{"rendered":"http:\/\/agora.xtec.cat\/escolajaumebalmes\/?page_id=26"},"modified":"2026-02-24T09:52:46","modified_gmt":"2026-02-24T08:52:46","slug":"historia","status":"publish","type":"page","link":"https:\/\/agora.xtec.cat\/escolajaumebalmes\/lescola\/historia\/","title":{"rendered":"El nostre poble"},"content":{"rendered":"<p class=\"Text\"><span style=\"color: #000000; font-family: Verdana;\">La nostra escola est\u00e0 situada a la Comarca de l\u2019<em><a href=\"https:\/\/www.ccapenedes.cat\/la-comarca-i-els-municipis\">Alt Pened\u00e8s<\/a><\/em>, al municipi de <em><a href=\"https:\/\/www.santmartisarroca.cat\/\">Sant Mart\u00ed Sarroca<\/a><\/em>.<\/span><\/p>\n<p class=\"Text Estilo1\"><span style=\"color: #000000; font-family: Verdana;\">El cens del nostre municipi \u00e9s d\u2019uns 3.476 habitants repartits entre el nucli urb\u00e0 i els diferents barris. Aquests barris s\u00f3n:<\/span><\/p>\n<p class=\"Text Estilo1\"><span style=\"color: #000000; font-family: Verdana;\">\u00b7 La Rovira Roja<br \/>\n\u00b7 La Bleda<br \/>\n\u00b7 Els Hostalets<br \/>\n\u00b7 Cal Sis Plau<br \/>\n\u00b7 Can Croset<\/span><span style=\"color: #000000; font-family: Verdana;\"><br \/>\n\u00b7 Roman\u00ed<br \/>\n\u00b7 La Serra de Dalt<br \/>\n\u00b7 La Serra de Baix<br \/>\n\u00b7 La Torre<br \/>\n\u00b7 Cal Miret<br \/>\n\u00b7 Brugueres<\/span><\/p>\n<p class=\"Text Estilo1\"><span style=\"color: #000000; font-family: Verdana;\">Dins del municipi cal destacar el <span style=\"text-decoration: underline;\"><em><a href=\"https:\/\/www.santmartisarroca.cat\/el-municipi\/informacio-del-municipi\/historia\">conjunt hist\u00f2ric monumental<\/a><\/em><\/span> format per l\u2019esgl\u00e9sia rom\u00e0nica i el castell (podeu consultar <em><a href=\"https:\/\/www.santmartisarroca.cat\/turisme\/conjunt-monumental\">horaris de visites<\/a><\/em>). Les sales del castell s\u2019utilitzen per exposicions i diferents tipus d&#8217;activitats.<\/span><\/p>\n<p class=\"Text Estilo1\"><a href=\"http:\/\/agora.xtec.cat\/escolajaumebalmes\/wp-content\/uploads\/usu872\/2014\/09\/poble3.jpg\"><img loading=\"lazy\" decoding=\"async\" class=\"wp-image-291 aligncenter\" src=\"http:\/\/agora.xtec.cat\/escolajaumebalmes\/wp-content\/uploads\/usu872\/2014\/09\/poble3-300x225.jpg\" alt=\"poble3\" width=\"590\" height=\"442\" srcset=\"https:\/\/agora.xtec.cat\/escolajaumebalmes\/wp-content\/uploads\/usu872\/2014\/09\/poble3-300x225.jpg 300w, https:\/\/agora.xtec.cat\/escolajaumebalmes\/wp-content\/uploads\/usu872\/2014\/09\/poble3-200x150.jpg 200w, https:\/\/agora.xtec.cat\/escolajaumebalmes\/wp-content\/uploads\/usu872\/2014\/09\/poble3.jpg 640w\" sizes=\"auto, (max-width: 590px) 100vw, 590px\" \/><\/a><\/p>\n<p class=\"Text Estilo1\">\n","protected":false},"excerpt":{"rendered":"<p>La nostra escola est\u00e0 situada a la Comarca de l\u2019Alt Pened\u00e8s, al municipi de Sant Mart\u00ed Sarroca. El cens del nostre municipi \u00e9s d\u2019uns 3.476 habitants repartits entre el nucli urb\u00e0 i els diferents barris. Aquests barris s\u00f3n: \u00b7 La Rovira Roja \u00b7 La Bleda \u00b7 Els Hostalets \u00b7 Cal Sis Plau \u00b7 Can Croset [&hellip;]<\/p>\n","protected":false},"author":1,"featured_media":0,"parent":22,"menu_order":20,"comment_status":"closed","ping_status":"closed","template":"","meta":{"_bbp_topic_count":0,"_bbp_reply_count":0,"_bbp_total_topic_count":0,"_bbp_total_reply_count":0,"_bbp_voice_count":0,"_bbp_anonymous_reply_count":0,"_bbp_topic_count_hidden":0,"_bbp_reply_count_hidden":0,"_bbp_forum_subforum_count":0,"site-sidebar-layout":"default","site-content-layout":"","ast-site-content-layout":"default","site-content-style":"default","site-sidebar-style":"default","ast-global-header-display":"","ast-banner-title-visibility":"","ast-main-header-display":"","ast-hfb-above-header-display":"","ast-hfb-below-header-display":"","ast-hfb-mobile-header-display":"","site-post-title":"","ast-breadcrumbs-content":"","ast-featured-img":"","footer-sml-layout":"","theme-transparent-header-meta":"","adv-header-id-meta":"","stick-header-meta":"","header-above-stick-meta":"","header-main-stick-meta":"","header-below-stick-meta":"","astra-migrate-meta-layouts":"set","ast-page-background-enabled":"default","ast-page-background-meta":{"desktop":{"background-color":"var(--ast-global-color-4)","background-image":"","background-repeat":"repeat","background-position":"center center","background-size":"auto","background-attachment":"scroll","background-type":"","background-media":"","overlay-type":"","overlay-color":"","overlay-opacity":"","overlay-gradient":""},"tablet":{"background-color":"","background-image":"","background-repeat":"repeat","background-position":"center center","background-size":"auto","background-attachment":"scroll","background-type":"","background-media":"","overlay-type":"","overlay-color":"","overlay-opacity":"","overlay-gradient":""},"mobile":{"background-color":"","background-image":"","background-repeat":"repeat","background-position":"center center","background-size":"auto","background-attachment":"scroll","background-type":"","background-media":"","overlay-type":"","overlay-color":"","overlay-opacity":"","overlay-gradient":""}},"ast-content-background-meta":{"desktop":{"background-color":"var(--ast-global-color-5)","background-image":"","background-repeat":"repeat","background-position":"center center","background-size":"auto","background-attachment":"scroll","background-type":"","background-media":"","overlay-type":"","overlay-color":"","overlay-opacity":"","overlay-gradient":""},"tablet":{"background-color":"var(--ast-global-color-5)","background-image":"","background-repeat":"repeat","background-position":"center center","background-size":"auto","background-attachment":"scroll","background-type":"","background-media":"","overlay-type":"","overlay-color":"","overlay-opacity":"","overlay-gradient":""},"mobile":{"background-color":"var(--ast-global-color-5)","background-image":"","background-repeat":"repeat","background-position":"center center","background-size":"auto","background-attachment":"scroll","background-type":"","background-media":"","overlay-type":"","overlay-color":"","overlay-opacity":"","overlay-gradient":""}},"footnotes":""},"class_list":["post-26","page","type-page","status-publish","hentry"],"post_mailing_queue_ids":[],"_links":{"self":[{"href":"https:\/\/agora.xtec.cat\/escolajaumebalmes\/wp-json\/wp\/v2\/pages\/26","targetHints":{"allow":["GET"]}}],"collection":[{"href":"https:\/\/agora.xtec.cat\/escolajaumebalmes\/wp-json\/wp\/v2\/pages"}],"about":[{"href":"https:\/\/agora.xtec.cat\/escolajaumebalmes\/wp-json\/wp\/v2\/types\/page"}],"author":[{"embeddable":true,"href":"https:\/\/agora.xtec.cat\/escolajaumebalmes\/wp-json\/wp\/v2\/users\/1"}],"replies":[{"embeddable":true,"href":"https:\/\/agora.xtec.cat\/escolajaumebalmes\/wp-json\/wp\/v2\/comments?post=26"}],"version-history":[{"count":6,"href":"https:\/\/agora.xtec.cat\/escolajaumebalmes\/wp-json\/wp\/v2\/pages\/26\/revisions"}],"predecessor-version":[{"id":6914,"href":"https:\/\/agora.xtec.cat\/escolajaumebalmes\/wp-json\/wp\/v2\/pages\/26\/revisions\/6914"}],"up":[{"embeddable":true,"href":"https:\/\/agora.xtec.cat\/escolajaumebalmes\/wp-json\/wp\/v2\/pages\/22"}],"wp:attachment":[{"href":"https:\/\/agora.xtec.cat\/escolajaumebalmes\/wp-json\/wp\/v2\/media?parent=26"}],"curies":[{"name":"wp","href":"https:\/\/api.w.org\/{rel}","templated":true}]}}