{"id":208,"date":"2016-03-14T12:55:02","date_gmt":"2016-03-14T11:55:02","guid":{"rendered":"http:\/\/agora.xtec.cat\/escolajaumebalmes\/?page_id=208"},"modified":"2026-03-23T15:54:10","modified_gmt":"2026-03-23T14:54:10","slug":"sarroca-news","status":"publish","type":"page","link":"https:\/\/agora.xtec.cat\/escolajaumebalmes\/projecte-educatiu\/sarroca-news\/","title":{"rendered":"Sarroca News"},"content":{"rendered":"<h3 style=\"text-align: center;\"><img loading=\"lazy\" decoding=\"async\" class=\"size-full wp-image-4955 aligncenter\" src=\"https:\/\/agora.xtec.cat\/escolajaumebalmes\/wp-content\/uploads\/usu872\/2022\/04\/Logo-Sarroca-News.jpg\" alt=\"\" width=\"267\" height=\"60\" \/><\/h3>\n<h4 style=\"text-align: justify;\">La revista digital Sarroca-News \u00e9s una producci\u00f3 escrita i elaborada per tots els nens i nenes de l&#8217;escola. L&#8217;objectiu principal \u00e9s la millora de l\u2019expressi\u00f3 dels alumnes de l\u2019escola i informar a la comunitat educativa dels afers del centre, del municipi i del m\u00f3n. Us convidem a visitar aquests treballs !!<\/h4>\n<h5><a href=\"http:\/\/agora.xtec.cat\/escolajaumebalmes\/general\/sarroca-news-articles-2019-2020\/\"><em><strong>\u00b7 <\/strong><\/em><span style=\"text-decoration: underline;\"><em><strong>CURS 2019-2020:<\/strong><\/em><\/span><\/a><\/h5>\n<h5><a href=\"https:\/\/agora.xtec.cat\/escolajaumebalmes\/general\/sarroca-news-curs-2020-2021\/\"><em><strong>\u00b7 <span style=\"text-decoration: underline;\">CURS 2020-2021:<\/span><\/strong><\/em><\/a><\/h5>\n<h5><a href=\"https:\/\/agora.xtec.cat\/escolajaumebalmes\/sarroca-news-curs-21-22\/\"><em><strong>\u00b7 <span style=\"text-decoration: underline;\">CURS 2021-2022:<\/span><\/strong><\/em><\/a><\/h5>\n<h5><a href=\"https:\/\/agora.xtec.cat\/escolajaumebalmes\/general\/sarroca-news-curs-2022-2023\/\"><em><strong>\u00b7 <span style=\"text-decoration: underline;\">CURS 2022-2023:<\/span><\/strong><\/em><\/a><\/h5>\n<h5><a href=\"https:\/\/agora.xtec.cat\/escolajaumebalmes\/general\/sarroca-news-curs-2023-2024\/\"><em><strong>\u00b7 <span style=\"text-decoration: underline;\">CURS 2023-2024:<\/span><\/strong><\/em><\/a><\/h5>\n<h5><a href=\"https:\/\/agora.xtec.cat\/escolajaumebalmes\/general\/sarroca-news-curs-2024-2025\/\"><em>\u00b7 <span style=\"text-decoration: underline;\"><strong>CURS 2024-2025:<\/strong><\/span><\/em><\/a><\/h5>\n<h1><em>\u00b7 <\/em><span style=\"text-decoration: underline;\"><em>Curs 2025-2026<\/em><\/span><\/h1>\n<table style=\"border-collapse: collapse; width: 100%;\">\n<tbody>\n<tr>\n<td style=\"width: 25%;\"><img decoding=\"async\" class=\"aligncenter\" src=\"http:\/\/agora.xtec.cat\/escolajaumebalmes\/wp-content\/uploads\/usu872\/2016\/03\/FOTO-NOTICIA-INFANTIL.jpg\" alt=\"foto-noticia-infantil\" \/><\/td>\n<td style=\"width: 25%;\"><img loading=\"lazy\" decoding=\"async\" class=\"aligncenter\" src=\"https:\/\/agora.xtec.cat\/escolajaumebalmes\/wp-content\/uploads\/usu872\/2022\/04\/2-LOGO-ESCOLA-COLOR-scaled.jpg\" width=\"256\" height=\"186\" \/><\/td>\n<td style=\"width: 25%;\"><img loading=\"lazy\" decoding=\"async\" class=\"aligncenter\" src=\"http:\/\/agora.xtec.cat\/escolajaumebalmes\/wp-content\/uploads\/usu872\/2014\/09\/poble3-300x225.jpg\" alt=\"poble3\" width=\"277\" height=\"208\" \/><\/td>\n<td style=\"width: 25%;\"><img loading=\"lazy\" decoding=\"async\" class=\"aligncenter\" src=\"http:\/\/agora.xtec.cat\/escolajaumebalmes\/wp-content\/uploads\/usu872\/2016\/03\/MON-300x242.jpg\" alt=\"mon\" width=\"267\" height=\"215\" \/><\/td>\n<\/tr>\n<tr>\n<td style=\"width: 25%;\">\n<h4 style=\"text-align: center;\"><span style=\"text-decoration: underline;\">NOT\u00cdCIES DE LA CLASSE<\/span><\/h4>\n<h4>* <a href=\"https:\/\/agora.xtec.cat\/escolajaumebalmes\/wp-content\/uploads\/usu872\/2025\/12\/Sarroca-News-1r-trimestre-infantil.pdf\">1r trim. INF<\/a><\/h4>\n<h4>* 2n trim. INF<\/h4>\n<h4>* 3r trim. INF<\/h4>\n<\/td>\n<td style=\"width: 25%;\">\n<h4 style=\"text-align: center;\"><span style=\"text-decoration: underline;\">NOT\u00cdCIES DE L&#8217;ESCOLA<\/span><\/h4>\n<h4>* 1r trim. 1r<\/h4>\n<h4>* 2n trim. 4t<\/h4>\n<h4>* 3r trim. 3r<\/h4>\n<\/td>\n<td style=\"width: 25%;\">\n<h4 style=\"text-align: center;\"><span style=\"text-decoration: underline;\">NOT\u00cdCIES DEL POBLE<\/span><\/h4>\n<h4>* <a href=\"https:\/\/agora.xtec.cat\/escolajaumebalmes\/wp-content\/uploads\/usu872\/2025\/12\/2n-Noticies-del-poble.pdf\">1r trim. 2n<\/a><\/h4>\n<h4>* 2n trim. 5\u00e8<\/h4>\n<h4>* 3r trim. 1r<\/h4>\n<\/td>\n<td style=\"width: 25%;\">\n<h4 style=\"text-align: center;\"><span style=\"text-decoration: underline;\">NOT\u00cdCIES DEL M\u00d3N<\/span><\/h4>\n<h4>* <a href=\"https:\/\/agora.xtec.cat\/escolajaumebalmes\/wp-content\/uploads\/usu872\/2025\/12\/3rA-Noticies-del-mon.pdf\">1r trim. 3r<\/a><\/h4>\n<h4>* 2n trim. 6\u00e8<\/h4>\n<h4>* 3r trim. 2n<\/h4>\n<\/td>\n<\/tr>\n<tr>\n<td style=\"width: 25%;\"><img loading=\"lazy\" decoding=\"async\" class=\"aligncenter\" src=\"http:\/\/agora.xtec.cat\/escolajaumebalmes\/wp-content\/uploads\/usu872\/2016\/03\/entrevista-300x240.jpg\" alt=\"entrevista\" width=\"251\" height=\"201\" \/><\/td>\n<td style=\"width: 25%;\"><img decoding=\"async\" class=\"aligncenter\" src=\"http:\/\/agora.xtec.cat\/escolajaumebalmes\/wp-content\/uploads\/usu872\/2016\/03\/01-Microfono-300x152.jpg\" alt=\"01-microfono\" \/><\/td>\n<td style=\"width: 25%;\"><img loading=\"lazy\" decoding=\"async\" class=\"aligncenter\" src=\"http:\/\/agora.xtec.cat\/escolajaumebalmes\/wp-content\/uploads\/usu872\/2016\/03\/Imagen-animada-Escritor-05-300x250.gif\" alt=\"imagen-animada-escritor-05\" width=\"274\" height=\"228\" \/><\/td>\n<td style=\"width: 25%;\">\n<h2 style=\"text-align: center;\"><em>SECCIONS<\/em><\/h2>\n<h2 style=\"text-align: center;\"><em>SARROCA<\/em><\/h2>\n<h2 style=\"text-align: center;\"><em>\u00a0 NEWS <\/em><\/h2>\n<h2 style=\"text-align: center;\"><em>CURS<\/em><\/h2>\n<h2 style=\"text-align: center;\"><em>2025-2026<\/em><\/h2>\n<\/td>\n<\/tr>\n<tr>\n<td style=\"width: 25%;\">\n<h4 style=\"text-align: center;\"><span style=\"text-decoration: underline;\">ENTREVISTES<\/span><\/h4>\n<h4>* 1r trim. 4t<\/h4>\n<h4>* 2n trim. 1r<\/h4>\n<h4>* 3r trim. 5\u00e8<\/h4>\n<\/td>\n<td style=\"width: 25%;\">\n<h4 style=\"text-align: center;\"><span style=\"text-decoration: underline;\">ARTICLE D&#8217;OPINI\u00d3<\/span><\/h4>\n<h4>* <a href=\"https:\/\/agora.xtec.cat\/escolajaumebalmes\/wp-content\/uploads\/usu872\/2025\/12\/5e-article-dopinio-Sarroca-News.pdf\">1r trim. 5\u00e8<\/a><\/h4>\n<h4>* 2n trim. 3r<\/h4>\n<h4>* 3r trim. 6\u00e8<\/h4>\n<\/td>\n<td style=\"width: 25%;\">\n<h4 style=\"text-align: center;\"><span style=\"text-decoration: underline;\">SECCI\u00d3 LITER\u00c0RIA<\/span><\/h4>\n<h4>* 1r trim. 6\u00e8<\/h4>\n<h4>* 2n trim. 2n<\/h4>\n<h4>* 3r trim. 4t<\/h4>\n<\/td>\n<td style=\"width: 25%;\"><\/td>\n<\/tr>\n<\/tbody>\n<\/table>\n","protected":false},"excerpt":{"rendered":"<p>La revista digital Sarroca-News \u00e9s una producci\u00f3 escrita i elaborada per tots els nens i nenes de l&#8217;escola. L&#8217;objectiu principal \u00e9s la millora de l\u2019expressi\u00f3 dels alumnes de l\u2019escola i informar a la comunitat educativa dels afers del centre, del municipi i del m\u00f3n. Us convidem a visitar aquests treballs !! \u00b7 CURS 2019-2020: \u00b7 [&hellip;]<\/p>\n","protected":false},"author":1,"featured_media":0,"parent":64,"menu_order":0,"comment_status":"closed","ping_status":"closed","template":"","meta":{"_bbp_topic_count":0,"_bbp_reply_count":0,"_bbp_total_topic_count":0,"_bbp_total_reply_count":0,"_bbp_voice_count":0,"_bbp_anonymous_reply_count":0,"_bbp_topic_count_hidden":0,"_bbp_reply_count_hidden":0,"_bbp_forum_subforum_count":0,"site-sidebar-layout":"default","site-content-layout":"","ast-site-content-layout":"default","site-content-style":"default","site-sidebar-style":"default","ast-global-header-display":"","ast-banner-title-visibility":"","ast-main-header-display":"","ast-hfb-above-header-display":"","ast-hfb-below-header-display":"","ast-hfb-mobile-header-display":"","site-post-title":"","ast-breadcrumbs-content":"","ast-featured-img":"","footer-sml-layout":"","theme-transparent-header-meta":"","adv-header-id-meta":"","stick-header-meta":"","header-above-stick-meta":"","header-main-stick-meta":"","header-below-stick-meta":"","astra-migrate-meta-layouts":"set","ast-page-background-enabled":"default","ast-page-background-meta":{"desktop":{"background-color":"var(--ast-global-color-4)","background-image":"","background-repeat":"repeat","background-position":"center center","background-size":"auto","background-attachment":"scroll","background-type":"","background-media":"","overlay-type":"","overlay-color":"","overlay-opacity":"","overlay-gradient":""},"tablet":{"background-color":"","background-image":"","background-repeat":"repeat","background-position":"center center","background-size":"auto","background-attachment":"scroll","background-type":"","background-media":"","overlay-type":"","overlay-color":"","overlay-opacity":"","overlay-gradient":""},"mobile":{"background-color":"","background-image":"","background-repeat":"repeat","background-position":"center center","background-size":"auto","background-attachment":"scroll","background-type":"","background-media":"","overlay-type":"","overlay-color":"","overlay-opacity":"","overlay-gradient":""}},"ast-content-background-meta":{"desktop":{"background-color":"var(--ast-global-color-5)","background-image":"","background-repeat":"repeat","background-position":"center center","background-size":"auto","background-attachment":"scroll","background-type":"","background-media":"","overlay-type":"","overlay-color":"","overlay-opacity":"","overlay-gradient":""},"tablet":{"background-color":"var(--ast-global-color-5)","background-image":"","background-repeat":"repeat","background-position":"center center","background-size":"auto","background-attachment":"scroll","background-type":"","background-media":"","overlay-type":"","overlay-color":"","overlay-opacity":"","overlay-gradient":""},"mobile":{"background-color":"var(--ast-global-color-5)","background-image":"","background-repeat":"repeat","background-position":"center center","background-size":"auto","background-attachment":"scroll","background-type":"","background-media":"","overlay-type":"","overlay-color":"","overlay-opacity":"","overlay-gradient":""}},"footnotes":""},"class_list":["post-208","page","type-page","status-publish","hentry"],"post_mailing_queue_ids":[],"_links":{"self":[{"href":"https:\/\/agora.xtec.cat\/escolajaumebalmes\/wp-json\/wp\/v2\/pages\/208","targetHints":{"allow":["GET"]}}],"collection":[{"href":"https:\/\/agora.xtec.cat\/escolajaumebalmes\/wp-json\/wp\/v2\/pages"}],"about":[{"href":"https:\/\/agora.xtec.cat\/escolajaumebalmes\/wp-json\/wp\/v2\/types\/page"}],"author":[{"embeddable":true,"href":"https:\/\/agora.xtec.cat\/escolajaumebalmes\/wp-json\/wp\/v2\/users\/1"}],"replies":[{"embeddable":true,"href":"https:\/\/agora.xtec.cat\/escolajaumebalmes\/wp-json\/wp\/v2\/comments?post=208"}],"version-history":[{"count":6,"href":"https:\/\/agora.xtec.cat\/escolajaumebalmes\/wp-json\/wp\/v2\/pages\/208\/revisions"}],"predecessor-version":[{"id":7102,"href":"https:\/\/agora.xtec.cat\/escolajaumebalmes\/wp-json\/wp\/v2\/pages\/208\/revisions\/7102"}],"up":[{"embeddable":true,"href":"https:\/\/agora.xtec.cat\/escolajaumebalmes\/wp-json\/wp\/v2\/pages\/64"}],"wp:attachment":[{"href":"https:\/\/agora.xtec.cat\/escolajaumebalmes\/wp-json\/wp\/v2\/media?parent=208"}],"curies":[{"name":"wp","href":"https:\/\/api.w.org\/{rel}","templated":true}]}}